{"id":2864,"date":"2025-07-21T13:40:33","date_gmt":"2025-07-21T11:40:33","guid":{"rendered":"https:\/\/agora.xtec.cat\/zercomtearnau\/?page_id=2864"},"modified":"2025-10-14T13:16:50","modified_gmt":"2025-10-14T11:16:50","slug":"families","status":"publish","type":"page","link":"https:\/\/agora.xtec.cat\/zercomtearnau\/families\/","title":{"rendered":"FAM\u00cdLIES"},"content":{"rendered":"\n<p>Benvolgudes fam\u00edlies, <br>En aquesta p\u00e0gina podreu trobar informaci\u00f3, documents, enlla\u00e7os d&#8217;inter\u00e8s&#8230; Hem enfocat l&#8217;espai per donar-li un sentit pr\u00e0ctic i \u00fatil per vosaltres. <br><\/p>\n\n\n\n<p><strong>CALENDARI DEL CURS ESCOLAR DE LA ZER<\/strong><br><a href=\"https:\/\/docs.google.com\/spreadsheets\/d\/1fp2Hef04VEr458VEuz4w6gHxy4rnocvjBbF3oLl0PhU\/edit?usp=sharing\" data-type=\"link\" data-id=\"https:\/\/docs.google.com\/spreadsheets\/d\/1fp2Hef04VEr458VEuz4w6gHxy4rnocvjBbF3oLl0PhU\/edit?usp=sharing\">ENLLA\u00c7<\/a><\/p>\n\n\n\n<p><strong>GOOGLE CALENDAR D&#8217;ACTIVITATS I ESDEVENIMENTS<\/strong><br><a href=\"https:\/\/calendar.google.com\/calendar\/u\/4?cid=Y19lNXE1N29jaWJwN2w5dHQwcDltbHJnam80OEBncm91cC5jYWxlbmRhci5nb29nbGUuY29t\" data-type=\"link\" data-id=\"https:\/\/calendar.google.com\/calendar\/u\/4?cid=Y19lNXE1N29jaWJwN2w5dHQwcDltbHJnam80OEBncm91cC5jYWxlbmRhci5nb29nbGUuY29t\">ENLLA\u00c7<\/a><\/p>\n\n\n\n<p><strong>MENJADOR <\/strong><br>Per apuntar-vos al menjador o per sol\u00b7licitar un ajut o la gratu\u00eftat del menjador, accedir al seg\u00fcent <a href=\"https:\/\/ripolles.cat\/ensenyament\/\" data-type=\"link\" data-id=\"https:\/\/ripolles.cat\/ensenyament\/\">ENLLA\u00c7<\/a><br>Per saber quin \u00e9s el men\u00fa de menjador del mes actual, accedir al seg\u00fcent <a href=\"https:\/\/agora.xtec.cat\/zercomtearnau\/menjador-menu\/\" data-type=\"link\" data-id=\"https:\/\/agora.xtec.cat\/zercomtearnau\/menjador-menu\/\">ENLLA\u00c7<\/a><br><strong>Preus de menjador:<\/strong> el menjador est\u00e0 organitzat per l&#8217;empresa Bastiments Aventura.\u00a0El preu de l&#8217;alumnat que es queda\u00a0<strong>di\u00e0riament \u00e9s de 7,56\u20ac<\/strong>.\u00a0 Si es queda un dia de\u00a0<strong>manera espor\u00e0dica \u00e9s de 7,85\u20ac<\/strong>. En aquest preu hi ha incl\u00f2s el menjar i el servei de transport del menjar i el monitoratge. Una part del preu del menjador est\u00e0 subvencionat pel Consell Comarcal del Ripoll\u00e8s.<\/p>\n\n\n\n<p><strong>ACC\u00c9S A LES FOTOS DE LA ZER<\/strong> (restringit nom\u00e9s a les fam\u00edlies)<br><a href=\"https:\/\/drive.google.com\/drive\/folders\/1IqCKUR3tJaNShXu7Wemu85Yen0g0rdLr?usp=drive_link\" data-type=\"link\" data-id=\"https:\/\/drive.google.com\/drive\/folders\/1IqCKUR3tJaNShXu7Wemu85Yen0g0rdLr?usp=drive_link\">ENLLA\u00c7<\/a><\/p>\n\n\n\n<p><strong>Autoritzacions<\/strong><br>Per descarregar-vos el document, cliqueu sobre l\u2019enlla\u00e7:<br><a href=\"https:\/\/drive.google.com\/file\/d\/114Hrt7ic_rbEQlQKpPxAsTrPrp4UmqaC\/view?usp=drive_link\" data-type=\"link\" data-id=\"https:\/\/drive.google.com\/file\/d\/114Hrt7ic_rbEQlQKpPxAsTrPrp4UmqaC\/view?usp=drive_link\">Drets d\u2019imatge<br><\/a><a href=\"https:\/\/drive.google.com\/file\/d\/1A4A23R-z5EHTLEMhvQCQogw-BLIWjtDi\/view?usp=drive_link\" data-type=\"link\" data-id=\"https:\/\/drive.google.com\/file\/d\/1A4A23R-z5EHTLEMhvQCQogw-BLIWjtDi\/view?usp=drive_link\">Sortides terme municipal<br><\/a><a href=\"https:\/\/drive.google.com\/file\/d\/1f7rsUORSoIJMAvKV_yjV-0Vx6EkPXQrz\/view?usp=drive_link\" data-type=\"link\" data-id=\"https:\/\/drive.google.com\/file\/d\/1f7rsUORSoIJMAvKV_yjV-0Vx6EkPXQrz\/view?usp=drive_link\">Administraci\u00f3 de medicaments<br><\/a><a href=\"https:\/\/drive.google.com\/file\/d\/1-eUQyR1JcFp6c5TJtbNWuYWAf7bJOp8W\/view?usp=drive_link\" data-type=\"link\" data-id=\"https:\/\/drive.google.com\/file\/d\/1-eUQyR1JcFp6c5TJtbNWuYWAf7bJOp8W\/view?usp=drive_link\">Autoritzaci\u00f3 administraci\u00f3 paracetamol<br><\/a><a href=\"https:\/\/drive.google.com\/file\/d\/1D-D-f_LLD1YMSVfF7yMz7bUUnAudCilb\/view?usp=drive_link\" data-type=\"link\" data-id=\"https:\/\/drive.google.com\/file\/d\/1D-D-f_LLD1YMSVfF7yMz7bUUnAudCilb\/view?usp=drive_link\">Sortir sol \/ recollir germans<br><\/a><a href=\"https:\/\/drive.google.com\/file\/d\/1SnGYyXRjHeDWI7vMdgxYvx91d_k5kpeW\/view?usp=drive_link\" data-type=\"link\" data-id=\"https:\/\/drive.google.com\/file\/d\/1SnGYyXRjHeDWI7vMdgxYvx91d_k5kpeW\/view?usp=drive_link\">Recollida alumnat<\/a><a href=\"https:\/\/docs.google.com\/document\/d\/18ceoNLNx8z6B4WzNO4MTemhpzjkSv8uH2EbM5ptb8nQ\/edit?usp=sharing\" target=\"_blank\" rel=\"noreferrer noopener\">&nbsp;<\/a>(Altres persones)<\/p>\n\n\n\n<p><strong>Dades dels vostres fills\/es<\/strong><br><a href=\"https:\/\/drive.google.com\/file\/d\/1h75jtITdLqACiclFT31mxqY8z5FiGf0y\/view?usp=drive_link\" data-type=\"link\" data-id=\"https:\/\/drive.google.com\/file\/d\/1h75jtITdLqACiclFT31mxqY8z5FiGf0y\/view?usp=drive_link\">Dades de contacte<br><\/a><a href=\"https:\/\/drive.google.com\/file\/d\/1IZaoZ8Ie4Y6t-RdafZwINRdmKIHYLkCj\/view?usp=drive_link\">Fitxa de salut<\/a><\/p>\n\n\n\n<p>Vull apuntar el meu fill\/a a piscina. Quin \u00e9s l&#8217;enlla\u00e7?<br><a href=\"https:\/\/ceripolles.tpvescola.com\/\" data-type=\"link\" data-id=\"https:\/\/ceripolles.tpvescola.com\/\">ENLLA\u00c7<\/a><\/p>\n\n\n\n<p><strong>Necessito l&#8217;IDALU del meu fill\/a. On el puc trobar?<br><\/strong><a href=\"https:\/\/educacio.gencat.cat\/ca\/tramits\/tramits-temes\/identificador-alumne\" data-type=\"link\" data-id=\"https:\/\/educacio.gencat.cat\/ca\/tramits\/tramits-temes\/identificador-alumne\">ENLLA\u00c7 <\/a><a href=\"https:\/\/educacio.gencat.cat\/ca\/tramits\/tramits-temes\/identificador-alumne\" data-type=\"link\" data-id=\"https:\/\/educacio.gencat.cat\/ca\/tramits\/tramits-temes\/identificador-alumne\">IDALU<\/a><\/p>\n\n\n\n<p><strong>Quotes<\/strong><br>En aquest <a href=\"https:\/\/agora.xtec.cat\/zercomtearnau\/quotes-de-la-zer-comte-arnau\/\" data-type=\"link\" data-id=\"https:\/\/agora.xtec.cat\/zercomtearnau\/quotes-de-la-zer-comte-arnau\/\">ENLLA\u00c7<\/a> trobareu l&#8217;explicaci\u00f3 de les quotes que us demanem a principi de curs a la ZER Comte Arnau.<\/p>\n\n\n\n<p><strong>Altres despeses que podeu tenir al llarg del curs:<\/strong><br>Al llarg del curs fem diferents activitats i serveis que complementen i enriqueixen l&#8217;aprenentatge i l&#8217;experi\u00e8ncia educativa dels vostres fills\/es.<br>Clicant al seg\u00fcent <a href=\"https:\/\/agora.xtec.cat\/zercomtearnau\/altres-despeses-que-pot-tenir-una-familia-de-la-zer-al-llarg-del-curs\/\" data-type=\"link\" data-id=\"https:\/\/agora.xtec.cat\/zercomtearnau\/altres-despeses-que-pot-tenir-una-familia-de-la-zer-al-llarg-del-curs\/\">ENLLA\u00c7<\/a> teniu una explicaci\u00f3 del que poden costar aproximadament i en quines dates (tamb\u00e9 aproximades) podeu tenir aquestes despeses. <\/p>\n\n\n\n<p><strong>Acc\u00e9s al Classroom<\/strong><br><a href=\"https:\/\/classroom.google.com\/\">Enlla\u00e7<\/a><\/p>\n\n\n\n<p><strong>Acc\u00e9s a Innovamat<\/strong><br>Des de casa podeu seguir treballant les matem\u00e0tiques  a trav\u00e9s de la plataforma web que ofereix Innovamat. Si no sabeu o no podeu fer-ho, demaneu-ho a la tutora\/or del vostre fill\/a.  Per accedir heu de clicar a &#8220;Inicia sessi\u00f3&#8221; a dalt a la dreta. <br><a href=\"https:\/\/www.innovamat.com\/ca\/families\/\" data-type=\"link\" data-id=\"https:\/\/www.innovamat.com\/ca\/families\/\">Enlla\u00e7<\/a><\/p>\n","protected":false},"excerpt":{"rendered":"<p>Benvolgudes fam\u00edlies, En aquesta p\u00e0gina podreu trobar informaci\u00f3, documents, enlla\u00e7os d&#8217;inter\u00e8s&#8230; Hem enfocat l&#8217;espai per donar-li un sentit pr\u00e0ctic i \u00fatil per vosaltres. CALENDARI DEL CURS ESCOLAR DE LA ZERENLLA\u00c7 GOOGLE CALENDAR D&#8217;ACTIVITATS I ESDEVENIMENTSENLLA\u00c7 MENJADOR Per apuntar-vos al menjador o per sol\u00b7licitar un ajut o la gratu\u00eftat del menjador, accedir al seg\u00fcent ENLLA\u00c7Per saber [&hellip;]<\/p>\n","protected":false},"author":1,"featured_media":0,"parent":0,"menu_order":0,"comment_status":"closed","ping_status":"close","template":"","meta":{"_bbp_topic_count":0,"_bbp_reply_count":0,"_bbp_total_topic_count":0,"_bbp_total_reply_count":0,"_bbp_voice_count":0,"_bbp_anonymous_reply_count":0,"_bbp_topic_count_hidden":0,"_bbp_reply_count_hidden":0,"_bbp_forum_subforum_count":0,"site-sidebar-layout":"no-sidebar","site-content-layout":"","ast-site-content-layout":"default","site-content-style":"default","site-sidebar-style":"default","ast-global-header-display":"","ast-banner-title-visibility":"","ast-main-header-display":"","ast-hfb-above-header-display":"","ast-hfb-below-header-display":"","ast-hfb-mobile-header-display":"","site-post-title":"","ast-breadcrumbs-content":"","ast-featured-img":"","footer-sml-layout":"","theme-transparent-header-meta":"","adv-header-id-meta":"","stick-header-meta":"","header-above-stick-meta":"","header-main-stick-meta":"","header-below-stick-meta":"","astra-migrate-meta-layouts":"set","ast-page-background-enabled":"default","ast-page-background-meta":{"desktop":{"background-color":"var(--ast-global-color-4)","background-image":"","background-repeat":"repeat","background-position":"center center","background-size":"auto","background-attachment":"scroll","background-type":"","background-media":"","overlay-type":"","overlay-color":"","overlay-opacity":"","overlay-gradient":""},"tablet":{"background-color":"","background-image":"","background-repeat":"repeat","background-position":"center center","background-size":"auto","background-attachment":"scroll","background-type":"","background-media":"","overlay-type":"","overlay-color":"","overlay-opacity":"","overlay-gradient":""},"mobile":{"background-color":"","background-image":"","background-repeat":"repeat","background-position":"center center","background-size":"auto","background-attachment":"scroll","background-type":"","background-media":"","overlay-type":"","overlay-color":"","overlay-opacity":"","overlay-gradient":""}},"ast-content-background-meta":{"desktop":{"background-color":"var(--ast-global-color-5)","background-image":"","background-repeat":"repeat","background-position":"center center","background-size":"auto","background-attachment":"scroll","background-type":"","background-media":"","overlay-type":"","overlay-color":"","overlay-opacity":"","overlay-gradient":""},"tablet":{"background-color":"var(--ast-global-color-5)","background-image":"","background-repeat":"repeat","background-position":"center center","background-size":"auto","background-attachment":"scroll","background-type":"","background-media":"","overlay-type":"","overlay-color":"","overlay-opacity":"","overlay-gradient":""},"mobile":{"background-color":"var(--ast-global-color-5)","background-image":"","background-repeat":"repeat","background-position":"center center","background-size":"auto","background-attachment":"scroll","background-type":"","background-media":"","overlay-type":"","overlay-color":"","overlay-opacity":"","overlay-gradient":""}},"footnotes":""},"class_list":["post-2864","page","type-page","status-publish","hentry"],"post_mailing_queue_ids":[],"_links":{"self":[{"href":"https:\/\/agora.xtec.cat\/zercomtearnau\/wp-json\/wp\/v2\/pages\/2864","targetHints":{"allow":["GET"]}}],"collection":[{"href":"https:\/\/agora.xtec.cat\/zercomtearnau\/wp-json\/wp\/v2\/pages"}],"about":[{"href":"https:\/\/agora.xtec.cat\/zercomtearnau\/wp-json\/wp\/v2\/types\/page"}],"author":[{"embeddable":true,"href":"https:\/\/agora.xtec.cat\/zercomtearnau\/wp-json\/wp\/v2\/users\/1"}],"replies":[{"embeddable":true,"href":"https:\/\/agora.xtec.cat\/zercomtearnau\/wp-json\/wp\/v2\/comments?post=2864"}],"version-history":[{"count":6,"href":"https:\/\/agora.xtec.cat\/zercomtearnau\/wp-json\/wp\/v2\/pages\/2864\/revisions"}],"predecessor-version":[{"id":3071,"href":"https:\/\/agora.xtec.cat\/zercomtearnau\/wp-json\/wp\/v2\/pages\/2864\/revisions\/3071"}],"wp:attachment":[{"href":"https:\/\/agora.xtec.cat\/zercomtearnau\/wp-json\/wp\/v2\/media?parent=2864"}],"curies":[{"name":"wp","href":"https:\/\/api.w.org\/{rel}","templated":true}]}}