{"id":2758,"date":"2025-07-17T13:39:31","date_gmt":"2025-07-17T11:39:31","guid":{"rendered":"https:\/\/agora.xtec.cat\/zercomtearnau\/?page_id=2758"},"modified":"2025-07-23T12:40:12","modified_gmt":"2025-07-23T10:40:12","slug":"la-nostra-identitat","status":"publish","type":"page","link":"https:\/\/agora.xtec.cat\/zercomtearnau\/la-nostra-identitat\/","title":{"rendered":"La nostra identitat"},"content":{"rendered":"\n<div class=\"wp-block-getwid-section alignfull alignfull getwid-section-content-custom-width\"><div class=\"wp-block-getwid-section__wrapper getwid-padding-left-medium getwid-padding-right-medium\"><div class=\"wp-block-getwid-section__inner-wrapper\" style=\"max-width:1140px\"><div class=\"wp-block-getwid-section__background-holder\"><div class=\"wp-block-getwid-section__background\"><\/div><div class=\"wp-block-getwid-section__foreground\"><\/div><\/div><div class=\"wp-block-getwid-section__content\"><div class=\"wp-block-getwid-section__inner-content\">\n<div class=\"wp-block-columns has-2-columns are-vertically-aligned-center is-layout-flex wp-container-core-columns-is-layout-1 wp-block-columns-is-layout-flex\">\n<div class=\"wp-block-column is-vertically-aligned-center is-layout-flow wp-block-column-is-layout-flow\">\n<p>La ZER Comte Arnau som una comunitat educativa rural, arrelada al territori i oberta al m\u00f3n. Est\u00e0 composada per dues escoles: L&#8217;escola de Vallfogona de Ripoll\u00e8s i l&#8217;Escola N\u00faria Morer i Pi (Planoles). Ens uneix una visi\u00f3 pedag\u00f2gica que posa al centre l\u2019alumnat com a protagonista del seu propi aprenentatge, respectant els seus ritmes i necessitats, per\u00f2 sempre amb l&#8217;horitz\u00f3 present d&#8217;ajudar-lo a treure el millor de si mateix.<\/p>\n\n\n\n<p>Ens defineixen valors com la inclusi\u00f3, la coeducaci\u00f3, el respecte per la diversitat i el comprom\u00eds amb el medi ambient. Creiem en una educaci\u00f3 significativa i vivencial, que parteix de l\u2019entorn natural i social per aprendre de manera connectada a la realitat i a la comunitat.<\/p>\n\n\n\n<p>El fet de ser escoles petites i amb grups multinivell ens permet una atenci\u00f3 molt propera i personalitzada. Treballem perqu\u00e8 cada alumne pugui cr\u00e9ixer tant acad\u00e8micament com personalment, i per fomentar vincles positius entre generacions, fam\u00edlies, escola i municipi.<\/p>\n\n\n\n<p>Som escola perqu\u00e8 som poble: col\u00b7laborem amb les fam\u00edlies, l\u2019Ajuntament i les entitats locals per crear una comunitat educativa cohesionada, participativa i rica en experi\u00e8ncies compartides. Creiem que l\u2019escola rural \u00e9s un espai privilegiat per aprendre a conviure, a respectar, a estimar el lloc on vivim i a preparar-nos per al futur.<\/p>\n<\/div>\n\n\n\n<div class=\"wp-block-column is-vertically-aligned-center is-layout-flow wp-block-column-is-layout-flow\">\n<figure class=\"wp-block-gallery has-nested-images columns-default is-cropped wp-block-gallery-1 is-layout-flex wp-block-gallery-is-layout-flex\">\n<figure class=\"wp-block-image size-large\"><a href=\"https:\/\/agora.xtec.cat\/zercomtearnau\/wp-content\/uploads\/usu1967\/2025\/07\/Post-Instagram-Frase-Primavera-Collage-Aesthetic-Minimalista-.png\"><img loading=\"lazy\" decoding=\"async\" width=\"1024\" height=\"1024\" src=\"https:\/\/agora.xtec.cat\/zercomtearnau\/wp-content\/uploads\/usu1967\/2025\/07\/Post-Instagram-Frase-Primavera-Collage-Aesthetic-Minimalista--1024x1024.png\" alt=\"\" class=\"wp-image-2894\" srcset=\"https:\/\/agora.xtec.cat\/zercomtearnau\/wp-content\/uploads\/usu1967\/2025\/07\/Post-Instagram-Frase-Primavera-Collage-Aesthetic-Minimalista--1024x1024.png 1024w, https:\/\/agora.xtec.cat\/zercomtearnau\/wp-content\/uploads\/usu1967\/2025\/07\/Post-Instagram-Frase-Primavera-Collage-Aesthetic-Minimalista--300x300.png 300w, https:\/\/agora.xtec.cat\/zercomtearnau\/wp-content\/uploads\/usu1967\/2025\/07\/Post-Instagram-Frase-Primavera-Collage-Aesthetic-Minimalista--150x150.png 150w, https:\/\/agora.xtec.cat\/zercomtearnau\/wp-content\/uploads\/usu1967\/2025\/07\/Post-Instagram-Frase-Primavera-Collage-Aesthetic-Minimalista--768x768.png 768w, https:\/\/agora.xtec.cat\/zercomtearnau\/wp-content\/uploads\/usu1967\/2025\/07\/Post-Instagram-Frase-Primavera-Collage-Aesthetic-Minimalista-.png 1080w\" sizes=\"auto, (max-width: 1024px) 100vw, 1024px\" \/><\/a><\/figure>\n<\/figure>\n<\/div>\n<\/div>\n<\/div><\/div><\/div><\/div><\/div>\n","protected":false},"excerpt":{"rendered":"","protected":false},"author":1,"featured_media":0,"parent":0,"menu_order":0,"comment_status":"closed","ping_status":"close","template":"","meta":{"_bbp_topic_count":0,"_bbp_reply_count":0,"_bbp_total_topic_count":0,"_bbp_total_reply_count":0,"_bbp_voice_count":0,"_bbp_anonymous_reply_count":0,"_bbp_topic_count_hidden":0,"_bbp_reply_count_hidden":0,"_bbp_forum_subforum_count":0,"site-sidebar-layout":"no-sidebar","site-content-layout":"","ast-site-content-layout":"default","site-content-style":"default","site-sidebar-style":"default","ast-global-header-display":"","ast-banner-title-visibility":"","ast-main-header-display":"","ast-hfb-above-header-display":"","ast-hfb-below-header-display":"","ast-hfb-mobile-header-display":"","site-post-title":"","ast-breadcrumbs-content":"","ast-featured-img":"","footer-sml-layout":"","theme-transparent-header-meta":"","adv-header-id-meta":"","stick-header-meta":"","header-above-stick-meta":"","header-main-stick-meta":"","header-below-stick-meta":"","astra-migrate-meta-layouts":"set","ast-page-background-enabled":"default","ast-page-background-meta":{"desktop":{"background-color":"var(--ast-global-color-4)","background-image":"","background-repeat":"repeat","background-position":"center center","background-size":"auto","background-attachment":"scroll","background-type":"","background-media":"","overlay-type":"","overlay-color":"","overlay-opacity":"","overlay-gradient":""},"tablet":{"background-color":"","background-image":"","background-repeat":"repeat","background-position":"center center","background-size":"auto","background-attachment":"scroll","background-type":"","background-media":"","overlay-type":"","overlay-color":"","overlay-opacity":"","overlay-gradient":""},"mobile":{"background-color":"","background-image":"","background-repeat":"repeat","background-position":"center center","background-size":"auto","background-attachment":"scroll","background-type":"","background-media":"","overlay-type":"","overlay-color":"","overlay-opacity":"","overlay-gradient":""}},"ast-content-background-meta":{"desktop":{"background-color":"var(--ast-global-color-5)","background-image":"","background-repeat":"repeat","background-position":"center center","background-size":"auto","background-attachment":"scroll","background-type":"","background-media":"","overlay-type":"","overlay-color":"","overlay-opacity":"","overlay-gradient":""},"tablet":{"background-color":"var(--ast-global-color-5)","background-image":"","background-repeat":"repeat","background-position":"center center","background-size":"auto","background-attachment":"scroll","background-type":"","background-media":"","overlay-type":"","overlay-color":"","overlay-opacity":"","overlay-gradient":""},"mobile":{"background-color":"var(--ast-global-color-5)","background-image":"","background-repeat":"repeat","background-position":"center center","background-size":"auto","background-attachment":"scroll","background-type":"","background-media":"","overlay-type":"","overlay-color":"","overlay-opacity":"","overlay-gradient":""}},"footnotes":""},"class_list":["post-2758","page","type-page","status-publish","hentry"],"post_mailing_queue_ids":[],"_links":{"self":[{"href":"https:\/\/agora.xtec.cat\/zercomtearnau\/wp-json\/wp\/v2\/pages\/2758","targetHints":{"allow":["GET"]}}],"collection":[{"href":"https:\/\/agora.xtec.cat\/zercomtearnau\/wp-json\/wp\/v2\/pages"}],"about":[{"href":"https:\/\/agora.xtec.cat\/zercomtearnau\/wp-json\/wp\/v2\/types\/page"}],"author":[{"embeddable":true,"href":"https:\/\/agora.xtec.cat\/zercomtearnau\/wp-json\/wp\/v2\/users\/1"}],"replies":[{"embeddable":true,"href":"https:\/\/agora.xtec.cat\/zercomtearnau\/wp-json\/wp\/v2\/comments?post=2758"}],"version-history":[{"count":6,"href":"https:\/\/agora.xtec.cat\/zercomtearnau\/wp-json\/wp\/v2\/pages\/2758\/revisions"}],"predecessor-version":[{"id":2934,"href":"https:\/\/agora.xtec.cat\/zercomtearnau\/wp-json\/wp\/v2\/pages\/2758\/revisions\/2934"}],"wp:attachment":[{"href":"https:\/\/agora.xtec.cat\/zercomtearnau\/wp-json\/wp\/v2\/media?parent=2758"}],"curies":[{"name":"wp","href":"https:\/\/api.w.org\/{rel}","templated":true}]}}