{"id":679,"date":"2020-11-13T14:13:34","date_gmt":"2020-11-13T13:13:34","guid":{"rendered":"https:\/\/agora.xtec.cat\/zercepdesis\/?page_id=679"},"modified":"2025-09-26T14:34:59","modified_gmt":"2025-09-26T12:34:59","slug":"lequip-de-mestres","status":"publish","type":"page","link":"https:\/\/agora.xtec.cat\/zercepdesis\/presentacio\/lequip-de-mestres\/","title":{"rendered":"L&#8217;EQUIP DE MESTRES"},"content":{"rendered":"<table style=\"height: 487px; width: 96.9092%; border-color: #65f0a8;\">\n<tbody>\n<tr style=\"height: 17px;\">\n<td style=\"width: 51.75%; height: 41px;\" colspan=\"2\">\n<h2 style=\"text-align: center;\"><strong><span style=\"color: #99cc00;\">SANTA FE<\/span><\/strong><\/h2>\n<\/td>\n<td style=\"width: 46.75%; height: 41px;\" colspan=\"2\">\n<h2 style=\"text-align: center;\"><span style=\"color: #33cccc;\"><strong>PUIGD\u00c0LBER<\/strong><\/span><\/h2>\n<\/td>\n<\/tr>\n<tr style=\"height: 41px;\">\n<td style=\"width: 19.125%; height: 41px; text-align: left;\"><strong><span style=\"background-color: #f9f9f9; color: #99cc00;\">Equip directiu<\/span><\/strong><\/td>\n<td style=\"width: 32.625%; height: 41px;\"><span style=\"background-color: #f9f9f9;\">N\u00faria Hurtado i Cec\u00edlia Padull\u00e9s<\/span><\/td>\n<td style=\"width: 18.25%; height: 41px;\"><strong><span style=\"background-color: #f9f9f9; color: #33cccc;\">Equip directiu\u00a0<\/span><\/strong><\/td>\n<td style=\"width: 28.5%; height: 41px;\"><span style=\"background-color: #f9f9f9;\">Patr\u00edcia Vidal i N\u00faria P\u00e9rez<\/span><\/td>\n<\/tr>\n<tr style=\"height: 41px;\">\n<td style=\"width: 19.125%; height: 41px; text-align: left;\"><strong><span style=\"background-color: #f9f9f9; color: #99cc00;\">Tutora P3 i P4<\/span><\/strong><\/td>\n<td style=\"width: 32.625%; height: 41px;\"><span style=\"background-color: #f9f9f9;\">Marta Fos i N\u00faria Hurtado<\/span><\/td>\n<td style=\"width: 18.25%; height: 41px;\"><strong><span style=\"background-color: #f9f9f9; color: #33cccc;\">Tutora P3 i P4\u00a0<\/span><\/strong><\/td>\n<td style=\"width: 28.5%; height: 41px;\"><span style=\"background-color: #f9f9f9;\">N\u00faria P\u00e9rez\u00a0<\/span><\/td>\n<\/tr>\n<tr style=\"height: 41px;\">\n<td style=\"width: 19.125%; height: 41px; text-align: left;\"><strong><span style=\"background-color: #ffffff; color: #99cc00;\">Tutora P5 i 1r<\/span><\/strong><\/td>\n<td style=\"width: 32.625%; height: 41px;\"><span style=\"background-color: #ffffff;\">Gemma Sales<br \/>\n<\/span><\/td>\n<td style=\"width: 18.25%; height: 41px;\"><strong><span style=\"background-color: #ffffff; color: #33cccc;\">Tutora P5 i 1r<\/span><\/strong><\/td>\n<td style=\"width: 28.5%; height: 41px;\"><span style=\"background-color: #ffffff;\">Maria Escobedo<\/span><\/td>\n<\/tr>\n<tr style=\"height: 41px;\">\n<td style=\"width: 19.125%; height: 41px; text-align: left;\"><strong><span style=\"background-color: #f9f9f9; color: #99cc00;\">Tutora 2n i 3r<\/span><\/strong><\/td>\n<td style=\"width: 32.625%; height: 41px;\">Zulema G\u00f3mez<\/td>\n<td style=\"width: 18.25%; height: 41px;\"><strong><span style=\"background-color: #f9f9f9; color: #33cccc;\">Tutora 2n i 3r<\/span><\/strong><\/td>\n<td style=\"width: 28.5%; height: 41px;\">Alba Cornell\u00e0<\/td>\n<\/tr>\n<tr style=\"height: 41px;\">\n<td style=\"width: 19.125%; height: 41px; text-align: left;\"><strong><span style=\"background-color: #ffffff; color: #99cc00;\">Tutora 4t, 5\u00e8 i 6\u00e8<\/span><\/strong><\/td>\n<td style=\"width: 32.625%; height: 41px;\"><span style=\"background-color: #ffffff;\">Cec\u00edlia Padull\u00e9s<\/span><\/td>\n<td style=\"width: 18.25%; height: 41px;\"><strong><span style=\"background-color: #ffffff; color: #33cccc;\">Tutora 4t, 5\u00e8 i 6\u00e8<\/span><\/strong><\/td>\n<td style=\"width: 28.5%; height: 41px;\"><span style=\"background-color: #ffffff;\">Alba G\u00f2mez<\/span><\/td>\n<\/tr>\n<tr>\n<td style=\"width: 19.125%; text-align: left;\"><strong><span style=\"background-color: #ffffff; color: #99cc00;\">Matem\u00e0tiques<\/span><\/strong><\/td>\n<td style=\"width: 32.625%;\">M. Jes\u00fas Rodr\u00edguez<span style=\"background-color: #ffffff;\"><br \/>\n<\/span><\/td>\n<td style=\"width: 18.25%;\"><strong><span style=\"background-color: #ffffff; color: #33cccc;\">Matem\u00e0tiques<\/span><\/strong><\/td>\n<td style=\"width: 28.5%;\"><span style=\"background-color: #ffffff;\">Patr\u00edcia Vidal<\/span><\/td>\n<\/tr>\n<tr style=\"height: 41px;\">\n<td style=\"width: 19.125%; height: 41px; text-align: left;\"><strong><span style=\"color: #99cc00;\">Llengua castellana<\/span><\/strong><\/td>\n<td style=\"width: 32.625%; height: 41px;\">Jordi Mu\u00f1oz<\/td>\n<td style=\"width: 18.25%; height: 41px;\"><strong><span style=\"color: #33cccc;\">Llengua castellana<\/span><\/strong><\/td>\n<td style=\"width: 28.5%; height: 41px;\">Alba Cornell\u00e0, Alba G\u00f3mez i Patr\u00edcia Vidal<\/td>\n<\/tr>\n<tr style=\"height: 41px;\">\n<td style=\"width: 19.125%; height: 41px; text-align: left;\"><strong><span style=\"color: #99cc00;\">Llengua anglesa<\/span><\/strong><\/td>\n<td style=\"width: 32.625%; height: 41px;\">S\u00f2nia Estrada<\/td>\n<td style=\"width: 18.25%; height: 41px;\"><strong><span style=\"color: #33cccc;\">Llengua anglesa<\/span><\/strong><\/td>\n<td style=\"width: 28.5%; height: 41px;\">Maria Aiguad\u00e9<\/td>\n<\/tr>\n<tr style=\"height: 41px;\">\n<td style=\"width: 19.125%; height: 41px; text-align: left;\"><strong><span style=\"color: #99cc00;\">Educaci\u00f3 especial<\/span><\/strong><\/td>\n<td style=\"width: 32.625%; height: 41px;\">Zulema G\u00f3mez<\/td>\n<td style=\"width: 18.25%; height: 41px;\"><strong><span style=\"color: #33cccc;\">Educaci\u00f3 especial<\/span><\/strong><\/td>\n<td style=\"width: 28.5%; height: 41px;\">Patricia Vidal<\/td>\n<\/tr>\n<tr style=\"height: 33px;\">\n<td style=\"width: 19.125%; text-align: left; height: 33px;\"><\/td>\n<td style=\"width: 32.625%; height: 33px;\"><\/td>\n<td style=\"width: 18.25%; height: 33px;\"><strong><span style=\"color: #33cccc;\">Refor\u00e7 EI\/prim\u00e0ria<\/span><\/strong><\/td>\n<td style=\"width: 28.5%; height: 33px;\">Montse Pons<\/td>\n<\/tr>\n<tr style=\"height: 41px;\">\n<td style=\"width: 19.125%; height: 41px; text-align: left;\"><strong><span style=\"color: #99cc00; background-color: #f9f9f9;\">Educaci\u00f3<\/span>\u00a0<span style=\"color: #33cccc;\">f\u00edsica<\/span><\/strong><\/td>\n<td style=\"width: 79.375%; height: 41px;\" colspan=\"3\">Jordi Mu\u00f1oz<\/td>\n<\/tr>\n<tr style=\"height: 44px;\">\n<td style=\"width: 19.125%; height: 44px; text-align: left;\"><strong><span style=\"color: #99cc00;\">Educaci\u00f3<\/span> <span style=\"color: #33cccc;\">musical<\/span><\/strong><\/td>\n<td style=\"width: 79.375%; height: 44px;\" colspan=\"3\">Marta Fos<\/td>\n<\/tr>\n<\/tbody>\n<\/table>\n","protected":false},"excerpt":{"rendered":"<p>SANTA FE<\/p>\n<p>PUIGD\u00c0LBER<\/p>\n<p>Equip directiu<br \/>\nN\u00faria Hurtado i Cec\u00edlia Padull\u00e9s<br \/>\nEquip directiu\u00a0<br \/>\nPatr\u00edcia Vidal i N\u00faria P\u00e9rez<\/p>\n<p>Tutora P3 i P4<br \/>\nMarta Fos i N\u00faria Hurtado<br \/>\nTutora P3 i P4\u00a0<br \/>\nN\u00faria P\u00e9rez\u00a0<\/p>\n<p>Tutora P5 i 1r<br \/>\nGemma Sales<\/p>\n<p>Tutora P5 i 1r<br \/>\nMaria Escobedo<\/p>\n<p>Tutora 2n i 3r<br \/>\nZulema G\u00f3mez<br \/>\nTutora 2n i 3r<br \/>\nAlba Cornell\u00e0<\/p>\n<p>Tutora 4t, 5\u00e8 i 6\u00e8<br \/>\nCec\u00edlia Padull\u00e9s<br \/>\nTutora 4t,&hellip;  <a href=\"https:\/\/agora.xtec.cat\/zercepdesis\/presentacio\/lequip-de-mestres\/\" title=\"Read L&#8217;EQUIP DE MESTRES\">Llegeix m\u00e9s\u00bb<\/a><\/p>\n","protected":false},"author":1,"featured_media":0,"parent":623,"menu_order":40,"comment_status":"closed","ping_status":"closed","template":"page-templates\/side-menu.php","meta":{"_bbp_topic_count":0,"_bbp_reply_count":0,"_bbp_total_topic_count":0,"_bbp_total_reply_count":0,"_bbp_voice_count":0,"_bbp_anonymous_reply_count":0,"_bbp_topic_count_hidden":0,"_bbp_reply_count_hidden":0,"_bbp_forum_subforum_count":0,"footnotes":""},"class_list":["post-679","page","type-page","status-publish","hentry"],"post_mailing_queue_ids":[],"_links":{"self":[{"href":"https:\/\/agora.xtec.cat\/zercepdesis\/wp-json\/wp\/v2\/pages\/679","targetHints":{"allow":["GET"]}}],"collection":[{"href":"https:\/\/agora.xtec.cat\/zercepdesis\/wp-json\/wp\/v2\/pages"}],"about":[{"href":"https:\/\/agora.xtec.cat\/zercepdesis\/wp-json\/wp\/v2\/types\/page"}],"author":[{"embeddable":true,"href":"https:\/\/agora.xtec.cat\/zercepdesis\/wp-json\/wp\/v2\/users\/1"}],"replies":[{"embeddable":true,"href":"https:\/\/agora.xtec.cat\/zercepdesis\/wp-json\/wp\/v2\/comments?post=679"}],"version-history":[{"count":5,"href":"https:\/\/agora.xtec.cat\/zercepdesis\/wp-json\/wp\/v2\/pages\/679\/revisions"}],"predecessor-version":[{"id":3435,"href":"https:\/\/agora.xtec.cat\/zercepdesis\/wp-json\/wp\/v2\/pages\/679\/revisions\/3435"}],"up":[{"embeddable":true,"href":"https:\/\/agora.xtec.cat\/zercepdesis\/wp-json\/wp\/v2\/pages\/623"}],"wp:attachment":[{"href":"https:\/\/agora.xtec.cat\/zercepdesis\/wp-json\/wp\/v2\/media?parent=679"}],"curies":[{"name":"wp","href":"https:\/\/api.w.org\/{rel}","templated":true}]}}