{"id":1802,"date":"2021-03-07T11:18:23","date_gmt":"2021-03-07T10:18:23","guid":{"rendered":"https:\/\/agora.xtec.cat\/zercepdesis\/?page_id=1802"},"modified":"2021-03-21T12:58:45","modified_gmt":"2021-03-21T11:58:45","slug":"matematiques-montessori","status":"publish","type":"page","link":"https:\/\/agora.xtec.cat\/zercepdesis\/projectes-educatius\/matematiques-montessori\/","title":{"rendered":"Matem\u00e0tiques Montessori"},"content":{"rendered":"<p>Durant dos cursos escolars, els docents de la ZER van dur a terme un curset de Montessori on vam aprendre diferents estrat\u00e8gies per tal d&#8217;ensenyar les matem\u00e0tiques de manera vivencial i fent que sigui el m\u00e9s manipulativa possible, per a poder comprendre els conceptes matem\u00e0tics relacionats amb la numeraci\u00f3, operacions amb diversos materials&#8230;<\/p>\n<p><a href=\"https:\/\/agora.xtec.cat\/zercepdesis\/wp-content\/uploads\/usu2412\/2021\/03\/1-4.jpg\"><img loading=\"lazy\" decoding=\"async\" class=\"wp-image-1941 aligncenter\" src=\"https:\/\/agora.xtec.cat\/zercepdesis\/wp-content\/uploads\/usu2412\/2021\/03\/1-4-1024x727.jpg\" alt=\"\" width=\"700\" height=\"497\" srcset=\"https:\/\/agora.xtec.cat\/zercepdesis\/wp-content\/uploads\/usu2412\/2021\/03\/1-4-1024x727.jpg 1024w, https:\/\/agora.xtec.cat\/zercepdesis\/wp-content\/uploads\/usu2412\/2021\/03\/1-4-300x213.jpg 300w, https:\/\/agora.xtec.cat\/zercepdesis\/wp-content\/uploads\/usu2412\/2021\/03\/1-4-768x545.jpg 768w, https:\/\/agora.xtec.cat\/zercepdesis\/wp-content\/uploads\/usu2412\/2021\/03\/1-4.jpg 1747w\" sizes=\"auto, (max-width: 700px) 100vw, 700px\" \/><\/a><\/p>\n<p>A continuaci\u00f3 us presentem activitats i propostes que duem a terme:<\/p>\n<p><a href=\"https:\/\/agora.xtec.cat\/zercepdesis\/wp-content\/uploads\/usu2412\/2021\/03\/2-4.jpg\"><img loading=\"lazy\" decoding=\"async\" class=\"wp-image-1942 aligncenter\" src=\"https:\/\/agora.xtec.cat\/zercepdesis\/wp-content\/uploads\/usu2412\/2021\/03\/2-4-1024x727.jpg\" alt=\"\" width=\"698\" height=\"496\" srcset=\"https:\/\/agora.xtec.cat\/zercepdesis\/wp-content\/uploads\/usu2412\/2021\/03\/2-4-1024x727.jpg 1024w, https:\/\/agora.xtec.cat\/zercepdesis\/wp-content\/uploads\/usu2412\/2021\/03\/2-4-300x213.jpg 300w, https:\/\/agora.xtec.cat\/zercepdesis\/wp-content\/uploads\/usu2412\/2021\/03\/2-4-768x545.jpg 768w, https:\/\/agora.xtec.cat\/zercepdesis\/wp-content\/uploads\/usu2412\/2021\/03\/2-4.jpg 1747w\" sizes=\"auto, (max-width: 698px) 100vw, 698px\" \/><\/a><\/p>\n<p>A m\u00e9s tamb\u00e9 ens van fer una aproximaci\u00f3 aspectes relacionats amb la Pedagogia Montessori:<\/p>\n<ul>\n<li><strong>La import\u00e0ncia de la vida pr\u00e0ctica segons Montessori (2-6 anys)<\/strong><\/li>\n<li><strong>Projectes<\/strong><\/li>\n<\/ul>\n","protected":false},"excerpt":{"rendered":"<p>Durant dos cursos escolars, els docents de la ZER van dur a terme un curset de Montessori on vam aprendre diferents estrat\u00e8gies per tal d&#8217;ensenyar les matem\u00e0tiques de manera vivencial i fent que sigui el m\u00e9s manipulativa possible, per a poder comprendre els conceptes matem\u00e0tics&hellip;  <a href=\"https:\/\/agora.xtec.cat\/zercepdesis\/projectes-educatius\/matematiques-montessori\/\" title=\"Read Matem\u00e0tiques Montessori\">Llegeix m\u00e9s\u00bb<\/a><\/p>\n","protected":false},"author":1,"featured_media":0,"parent":1758,"menu_order":20,"comment_status":"closed","ping_status":"closed","template":"","meta":{"_bbp_topic_count":0,"_bbp_reply_count":0,"_bbp_total_topic_count":0,"_bbp_total_reply_count":0,"_bbp_voice_count":0,"_bbp_anonymous_reply_count":0,"_bbp_topic_count_hidden":0,"_bbp_reply_count_hidden":0,"_bbp_forum_subforum_count":0,"footnotes":""},"class_list":["post-1802","page","type-page","status-publish","hentry"],"post_mailing_queue_ids":[],"_links":{"self":[{"href":"https:\/\/agora.xtec.cat\/zercepdesis\/wp-json\/wp\/v2\/pages\/1802","targetHints":{"allow":["GET"]}}],"collection":[{"href":"https:\/\/agora.xtec.cat\/zercepdesis\/wp-json\/wp\/v2\/pages"}],"about":[{"href":"https:\/\/agora.xtec.cat\/zercepdesis\/wp-json\/wp\/v2\/types\/page"}],"author":[{"embeddable":true,"href":"https:\/\/agora.xtec.cat\/zercepdesis\/wp-json\/wp\/v2\/users\/1"}],"replies":[{"embeddable":true,"href":"https:\/\/agora.xtec.cat\/zercepdesis\/wp-json\/wp\/v2\/comments?post=1802"}],"version-history":[{"count":4,"href":"https:\/\/agora.xtec.cat\/zercepdesis\/wp-json\/wp\/v2\/pages\/1802\/revisions"}],"predecessor-version":[{"id":1952,"href":"https:\/\/agora.xtec.cat\/zercepdesis\/wp-json\/wp\/v2\/pages\/1802\/revisions\/1952"}],"up":[{"embeddable":true,"href":"https:\/\/agora.xtec.cat\/zercepdesis\/wp-json\/wp\/v2\/pages\/1758"}],"wp:attachment":[{"href":"https:\/\/agora.xtec.cat\/zercepdesis\/wp-json\/wp\/v2\/media?parent=1802"}],"curies":[{"name":"wp","href":"https:\/\/api.w.org\/{rel}","templated":true}]}}