{"id":2095,"date":"2020-10-28T18:52:08","date_gmt":"2020-10-28T17:52:08","guid":{"rendered":"http:\/\/agora.xtec.cat\/zerbenmir\/?page_id=2095"},"modified":"2025-10-14T12:15:29","modified_gmt":"2025-10-14T10:15:29","slug":"eva","status":"publish","type":"page","link":"https:\/\/agora.xtec.cat\/zerbenmir\/zer\/eva\/","title":{"rendered":"EVA"},"content":{"rendered":"<p>Els Entorns Virtuals d\u2019Aprenenatge de la ZER facilitaran un aprenentatge h\u00edbrid, \u00e9s a dir, a m\u00e9s a m\u00e9s d\u2019aprendre a l\u2019aula (presencialment) ara tamb\u00e9 ho farem en un entorn virtual al que podrem accedir des de qualsevol ubicaci\u00f3 connectada a Internet.<\/p>\n<p>Els entorns virtuals d&#8217;aprenentatge s\u00f3n espais de trobada i comunicaci\u00f3 a Internet on t\u00e9 lloc l\u2019ensenyament i l\u2019aprenentatge. Aquests entorns contenen tot un seguit de funcionalitats que es poden utilitzar de manera coordinada.<\/p>\n<ul>\n<li>A\u00a0<strong>Educaci\u00f3 Infantil<\/strong>\u00a0(P3, P4 i P5) i a\u00a0<strong>Cicle Inicial<\/strong> (1r i 2n) utilitzem Correu electr\u00f2nic i Telegram per comunicar-nos amb les fam\u00edlies.<\/li>\n<li>A\u00a0<strong>Cicle Mitj\u00e0\u00a0<\/strong>(3r i 4t) \u00a0i a\u00a0<strong>Cicle Superior\u00a0<\/strong>(5\u00e8 i 6\u00e8) d\u2019Educaci\u00f3 Prim\u00e0ria utilitzem l\u2019Entorn Virtual d\u2019Aprenentatge <strong>CLASSROOM\u00a0<\/strong>de treball amb els alumnes.<\/li>\n<\/ul>\n<p><a href=\"https:\/\/agora.xtec.cat\/escmarcelidomingotivissa\/wp-content\/uploads\/usu1054\/2020\/09\/google-classroom-1024x556_2.jpg\"><img loading=\"lazy\" decoding=\"async\" class=\"aligncenter wp-image-2489 size-medium\" src=\"https:\/\/agora.xtec.cat\/escmarcelidomingotivissa\/wp-content\/uploads\/usu1054\/2020\/09\/google-classroom-1024x556_2-300x163.jpg\" sizes=\"auto, (max-width: 300px) 100vw, 300px\" srcset=\"https:\/\/agora.xtec.cat\/escmarcelidomingotivissa\/wp-content\/uploads\/usu1054\/2020\/09\/google-classroom-1024x556_2-300x163.jpg 300w, https:\/\/agora.xtec.cat\/escmarcelidomingotivissa\/wp-content\/uploads\/usu1054\/2020\/09\/google-classroom-1024x556_2-768x417.jpg 768w, https:\/\/agora.xtec.cat\/escmarcelidomingotivissa\/wp-content\/uploads\/usu1054\/2020\/09\/google-classroom-1024x556_2.jpg 1024w\" alt=\"\" width=\"300\" height=\"163\" \/><\/a><\/p>\n<p>&nbsp;<\/p>\n","protected":false},"excerpt":{"rendered":"<p>Els Entorns Virtuals d\u2019Aprenenatge de la ZER facilitaran un aprenentatge h\u00edbrid, \u00e9s a dir, a m\u00e9s a m\u00e9s d\u2019aprendre a l\u2019aula (presencialment) ara tamb\u00e9 ho farem en un entorn virtual al que podrem accedir des de qualsevol ubicaci\u00f3 connectada a Internet. Els entorns virtuals d&#8217;aprenentatge s\u00f3n espais de trobada i comunicaci\u00f3 a Internet on t\u00e9 [&hellip;]<\/p>\n","protected":false},"author":1,"featured_media":0,"parent":19,"menu_order":0,"comment_status":"closed","ping_status":"closed","template":"","meta":{"_bbp_topic_count":0,"_bbp_reply_count":0,"_bbp_total_topic_count":0,"_bbp_total_reply_count":0,"_bbp_voice_count":0,"_bbp_anonymous_reply_count":0,"_bbp_topic_count_hidden":0,"_bbp_reply_count_hidden":0,"_bbp_forum_subforum_count":0,"site-sidebar-layout":"default","site-content-layout":"","ast-site-content-layout":"","site-content-style":"default","site-sidebar-style":"default","ast-global-header-display":"","ast-banner-title-visibility":"","ast-main-header-display":"","ast-hfb-above-header-display":"","ast-hfb-below-header-display":"","ast-hfb-mobile-header-display":"","site-post-title":"","ast-breadcrumbs-content":"","ast-featured-img":"","footer-sml-layout":"","theme-transparent-header-meta":"","adv-header-id-meta":"","stick-header-meta":"","header-above-stick-meta":"","header-main-stick-meta":"","header-below-stick-meta":"","astra-migrate-meta-layouts":"default","ast-page-background-enabled":"default","ast-page-background-meta":{"desktop":{"background-color":"var(--ast-global-color-4)","background-image":"","background-repeat":"repeat","background-position":"center center","background-size":"auto","background-attachment":"scroll","background-type":"","background-media":"","overlay-type":"","overlay-color":"","overlay-opacity":"","overlay-gradient":""},"tablet":{"background-color":"","background-image":"","background-repeat":"repeat","background-position":"center center","background-size":"auto","background-attachment":"scroll","background-type":"","background-media":"","overlay-type":"","overlay-color":"","overlay-opacity":"","overlay-gradient":""},"mobile":{"background-color":"","background-image":"","background-repeat":"repeat","background-position":"center center","background-size":"auto","background-attachment":"scroll","background-type":"","background-media":"","overlay-type":"","overlay-color":"","overlay-opacity":"","overlay-gradient":""}},"ast-content-background-meta":{"desktop":{"background-color":"var(--ast-global-color-5)","background-image":"","background-repeat":"repeat","background-position":"center center","background-size":"auto","background-attachment":"scroll","background-type":"","background-media":"","overlay-type":"","overlay-color":"","overlay-opacity":"","overlay-gradient":""},"tablet":{"background-color":"var(--ast-global-color-5)","background-image":"","background-repeat":"repeat","background-position":"center center","background-size":"auto","background-attachment":"scroll","background-type":"","background-media":"","overlay-type":"","overlay-color":"","overlay-opacity":"","overlay-gradient":""},"mobile":{"background-color":"var(--ast-global-color-5)","background-image":"","background-repeat":"repeat","background-position":"center center","background-size":"auto","background-attachment":"scroll","background-type":"","background-media":"","overlay-type":"","overlay-color":"","overlay-opacity":"","overlay-gradient":""}},"footnotes":""},"class_list":["post-2095","page","type-page","status-publish","hentry"],"post_mailing_queue_ids":[],"_links":{"self":[{"href":"https:\/\/agora.xtec.cat\/zerbenmir\/wp-json\/wp\/v2\/pages\/2095","targetHints":{"allow":["GET"]}}],"collection":[{"href":"https:\/\/agora.xtec.cat\/zerbenmir\/wp-json\/wp\/v2\/pages"}],"about":[{"href":"https:\/\/agora.xtec.cat\/zerbenmir\/wp-json\/wp\/v2\/types\/page"}],"author":[{"embeddable":true,"href":"https:\/\/agora.xtec.cat\/zerbenmir\/wp-json\/wp\/v2\/users\/1"}],"replies":[{"embeddable":true,"href":"https:\/\/agora.xtec.cat\/zerbenmir\/wp-json\/wp\/v2\/comments?post=2095"}],"version-history":[{"count":2,"href":"https:\/\/agora.xtec.cat\/zerbenmir\/wp-json\/wp\/v2\/pages\/2095\/revisions"}],"predecessor-version":[{"id":3066,"href":"https:\/\/agora.xtec.cat\/zerbenmir\/wp-json\/wp\/v2\/pages\/2095\/revisions\/3066"}],"up":[{"embeddable":true,"href":"https:\/\/agora.xtec.cat\/zerbenmir\/wp-json\/wp\/v2\/pages\/19"}],"wp:attachment":[{"href":"https:\/\/agora.xtec.cat\/zerbenmir\/wp-json\/wp\/v2\/media?parent=2095"}],"curies":[{"name":"wp","href":"https:\/\/api.w.org\/{rel}","templated":true}]}}