{"id":63,"date":"2014-09-18T10:06:31","date_gmt":"2014-09-18T10:06:31","guid":{"rendered":"http:\/\/agora.xtec.cat\/zerbarida-batllia\/?page_id=63"},"modified":"2022-03-08T12:15:27","modified_gmt":"2022-03-08T11:15:27","slug":"serveis","status":"publish","type":"page","link":"https:\/\/agora.xtec.cat\/zerbarida-batllia\/zer\/serveis\/","title":{"rendered":"Serveis"},"content":{"rendered":"<p style=\"color: #444444;\">Secci\u00f3 amb els\u00a0serveis comuns que ofereix la ZER a les escoles que en formen part.<\/p>\n<ul>\n<li><strong>MENJADORS ESCOLARS<\/strong><\/li>\n<\/ul>\n<p>Aquest servei es duu a terme a trav\u00e9s del Consell Comarcal de Cerdanya i l&#8217;empresa Aramark.<\/p>\n<p>&nbsp;<\/p>\n<p><strong>*ASSEGURAN\u00c7A ESPORTIVA:<\/strong><\/p>\n<p>Aquesta asseguran\u00e7a es duu a terme a trav\u00e9s de Consell Esportiu de Cerdanya. L&#8217;empresa Asseguradora \u00e9s FIATC.<\/p>\n<p>Les fam\u00edlies paguen 7,05 \u20acuros per tot el curs.<\/p>\n<p>Cobreix tota activitat esportiva que es realitza sota l&#8217;empara de l&#8217;A.E.E ZER Barid\u00e0-Batllia.<\/p>\n<p>&nbsp;<\/p>\n","protected":false},"excerpt":{"rendered":"<p>Secci\u00f3 amb els\u00a0serveis comuns que ofereix la ZER a les escoles que en formen part.<\/p>\n<ul>\n<li>MENJADORS ESCOLARS<\/li>\n<\/ul>\n<p>Aquest servei es duu a terme a trav\u00e9s del Consell Comarcal de Cerdanya i l&#8217;empresa Aramark.<br \/>\n&nbsp;<br \/>\n*ASSEGURAN\u00c7A ESPORTIVA:<br \/>\nAquesta asseguran\u00e7a es duu a terme a trav\u00e9s de Consell Esportiu de Cerdanya. L&#8217;empresa&hellip;  <a href=\"https:\/\/agora.xtec.cat\/zerbarida-batllia\/zer\/serveis\/\" title=\"Read Serveis\">Llegeix m\u00e9s\u00bb<\/a><\/p>\n","protected":false},"author":1,"featured_media":0,"parent":19,"menu_order":80,"comment_status":"closed","ping_status":"closed","template":"page-templates\/side-menu.php","meta":{"_bbp_topic_count":0,"_bbp_reply_count":0,"_bbp_total_topic_count":0,"_bbp_total_reply_count":0,"_bbp_voice_count":0,"_bbp_anonymous_reply_count":0,"_bbp_topic_count_hidden":0,"_bbp_reply_count_hidden":0,"_bbp_forum_subforum_count":0,"footnotes":""},"class_list":["post-63","page","type-page","status-publish","hentry"],"post_mailing_queue_ids":[],"_links":{"self":[{"href":"https:\/\/agora.xtec.cat\/zerbarida-batllia\/wp-json\/wp\/v2\/pages\/63","targetHints":{"allow":["GET"]}}],"collection":[{"href":"https:\/\/agora.xtec.cat\/zerbarida-batllia\/wp-json\/wp\/v2\/pages"}],"about":[{"href":"https:\/\/agora.xtec.cat\/zerbarida-batllia\/wp-json\/wp\/v2\/types\/page"}],"author":[{"embeddable":true,"href":"https:\/\/agora.xtec.cat\/zerbarida-batllia\/wp-json\/wp\/v2\/users\/1"}],"replies":[{"embeddable":true,"href":"https:\/\/agora.xtec.cat\/zerbarida-batllia\/wp-json\/wp\/v2\/comments?post=63"}],"version-history":[{"count":3,"href":"https:\/\/agora.xtec.cat\/zerbarida-batllia\/wp-json\/wp\/v2\/pages\/63\/revisions"}],"predecessor-version":[{"id":1453,"href":"https:\/\/agora.xtec.cat\/zerbarida-batllia\/wp-json\/wp\/v2\/pages\/63\/revisions\/1453"}],"up":[{"embeddable":true,"href":"https:\/\/agora.xtec.cat\/zerbarida-batllia\/wp-json\/wp\/v2\/pages\/19"}],"wp:attachment":[{"href":"https:\/\/agora.xtec.cat\/zerbarida-batllia\/wp-json\/wp\/v2\/media?parent=63"}],"curies":[{"name":"wp","href":"https:\/\/api.w.org\/{rel}","templated":true}]}}