{"id":307,"date":"2015-07-20T13:44:32","date_gmt":"2015-07-20T12:44:32","guid":{"rendered":"http:\/\/agora.xtec.cat\/zerbarida-batllia\/?page_id=307"},"modified":"2019-11-04T18:11:41","modified_gmt":"2019-11-04T17:11:41","slug":"projecte-2","status":"publish","type":"page","link":"https:\/\/agora.xtec.cat\/zerbarida-batllia\/zer\/que-fem\/projecte-2\/","title":{"rendered":"Projecte 2: POSTDATA"},"content":{"rendered":"<h2>POSTDATA<\/h2>\n<p><em>CORRESPOND\u00c8NCIES D\u2019ARTISTA A L\u2019ESCOLA. PRIM\u00c0RIA<\/em><\/p>\n<p><em>POSTDATA<\/em>\u00a0\u00e9s un projecte d&#8217;art a les escoles format per un conjunt de cinc propostes d\u2019artista aut\u00f2nomes, que els centres rebran per correu postal de manera escalonada, al llarg d&#8217;un per\u00edode d&#8217;uns tres mesos. La intenci\u00f3 \u00e9s introduir l\u2019art contemporani a l\u2019escola sense domesticar-lo, i de generar estranyament, sorpresa i complicitat entre alumnat i mestres.<\/p>\n<p style=\"font-weight: 400;\">\n","protected":false},"excerpt":{"rendered":"<p>POSTDATA<br \/>\nCORRESPOND\u00c8NCIES D\u2019ARTISTA A L\u2019ESCOLA. PRIM\u00c0RIA<br \/>\nPOSTDATA\u00a0\u00e9s un projecte d&#8217;art a les escoles format per un conjunt de cinc propostes d\u2019artista aut\u00f2nomes, que els centres rebran per correu postal de manera escalonada, al llarg d&#8217;un per\u00edode d&#8217;uns tres mesos. La intenci\u00f3 \u00e9s introduir l\u2019art contemporani a l\u2019escola&hellip;  <a href=\"https:\/\/agora.xtec.cat\/zerbarida-batllia\/zer\/que-fem\/projecte-2\/\" title=\"Read Projecte 2: POSTDATA\">Llegeix m\u00e9s\u00bb<\/a><\/p>\n","protected":false},"author":1,"featured_media":0,"parent":297,"menu_order":40,"comment_status":"closed","ping_status":"closed","template":"page-templates\/side-menu.php","meta":{"_bbp_topic_count":0,"_bbp_reply_count":0,"_bbp_total_topic_count":0,"_bbp_total_reply_count":0,"_bbp_voice_count":0,"_bbp_anonymous_reply_count":0,"_bbp_topic_count_hidden":0,"_bbp_reply_count_hidden":0,"_bbp_forum_subforum_count":0,"footnotes":""},"class_list":["post-307","page","type-page","status-publish","hentry"],"post_mailing_queue_ids":[],"_links":{"self":[{"href":"https:\/\/agora.xtec.cat\/zerbarida-batllia\/wp-json\/wp\/v2\/pages\/307","targetHints":{"allow":["GET"]}}],"collection":[{"href":"https:\/\/agora.xtec.cat\/zerbarida-batllia\/wp-json\/wp\/v2\/pages"}],"about":[{"href":"https:\/\/agora.xtec.cat\/zerbarida-batllia\/wp-json\/wp\/v2\/types\/page"}],"author":[{"embeddable":true,"href":"https:\/\/agora.xtec.cat\/zerbarida-batllia\/wp-json\/wp\/v2\/users\/1"}],"replies":[{"embeddable":true,"href":"https:\/\/agora.xtec.cat\/zerbarida-batllia\/wp-json\/wp\/v2\/comments?post=307"}],"version-history":[{"count":2,"href":"https:\/\/agora.xtec.cat\/zerbarida-batllia\/wp-json\/wp\/v2\/pages\/307\/revisions"}],"predecessor-version":[{"id":914,"href":"https:\/\/agora.xtec.cat\/zerbarida-batllia\/wp-json\/wp\/v2\/pages\/307\/revisions\/914"}],"up":[{"embeddable":true,"href":"https:\/\/agora.xtec.cat\/zerbarida-batllia\/wp-json\/wp\/v2\/pages\/297"}],"wp:attachment":[{"href":"https:\/\/agora.xtec.cat\/zerbarida-batllia\/wp-json\/wp\/v2\/media?parent=307"}],"curies":[{"name":"wp","href":"https:\/\/api.w.org\/{rel}","templated":true}]}}