{"id":300,"date":"2015-07-20T13:43:11","date_gmt":"2015-07-20T12:43:11","guid":{"rendered":"http:\/\/agora.xtec.cat\/zerbarida-batllia\/?page_id=300"},"modified":"2022-09-20T11:42:49","modified_gmt":"2022-09-20T09:42:49","slug":"activitat-1","status":"publish","type":"page","link":"https:\/\/agora.xtec.cat\/zerbarida-batllia\/zer\/que-fem\/activitat-1\/","title":{"rendered":"Curr\u00edculum Com\u00fa a la ZER Barid\u00e0-Batllia"},"content":{"rendered":"<p>El <strong>Curr\u00edculum Com\u00fa<\/strong> \u00e9s un projecte que fa m\u00e9s de 15 anys que duem a terme i que \u00e9s caracter\u00edstic de la nostra ZER. \u00c9s una trobada setmanal de tot l&#8217;alumnat de la ZER on fem activitats i sortides conjuntes per cicles. Aquesta activitat es duu a terme gr\u00e0cies al Consell Comarcal de Cerdanya, el qual es fa c\u00e0rrec del transport entre les diferents poblacions.<\/p>\n<p>La pand\u00e8mia de la Covid19 ens va obligar a modificar aquesta proposta durant dos cursos i vam fer sortides comunes, per\u00f2 en dies diferents. Actualment, recuperem els dijous de Curr\u00edculum Com\u00fa i ho combinem tamb\u00e9 amb sortides d&#8217;escola a l&#8217;entorn m\u00e9s proper.<\/p>\n<p>L&#8217;any 2019 vam explicar el nostre projecte al\u00a0 <a href=\"http:\/\/agora.xtec.cat\/zerbarida-batllia\/general\/programar-tv3-comarques\/\">TV3 comarques<\/a> . Tamb\u00e9 vam fer unes documentacions per mostrar qu\u00e8 era el Curr\u00edculum Com\u00fa:<\/p>\n<p><a href=\"https:\/\/agora.xtec.cat\/zerbarida-batllia\/wp-content\/uploads\/usu726\/2021\/09\/curri\u0301culum-inf.jpg\"><img loading=\"lazy\" decoding=\"async\" class=\"alignnone size-large wp-image-1285\" src=\"https:\/\/agora.xtec.cat\/zerbarida-batllia\/wp-content\/uploads\/usu726\/2021\/09\/curri\u0301culum-inf-724x1024.jpg\" alt=\"\" width=\"724\" height=\"1024\" srcset=\"https:\/\/agora.xtec.cat\/zerbarida-batllia\/wp-content\/uploads\/usu726\/2021\/09\/curri\u0301culum-inf-724x1024.jpg 724w, https:\/\/agora.xtec.cat\/zerbarida-batllia\/wp-content\/uploads\/usu726\/2021\/09\/curri\u0301culum-inf-212x300.jpg 212w, https:\/\/agora.xtec.cat\/zerbarida-batllia\/wp-content\/uploads\/usu726\/2021\/09\/curri\u0301culum-inf-768x1086.jpg 768w, https:\/\/agora.xtec.cat\/zerbarida-batllia\/wp-content\/uploads\/usu726\/2021\/09\/curri\u0301culum-inf.jpg 794w\" sizes=\"auto, (max-width: 724px) 100vw, 724px\" \/><\/a><\/p>\n<p>Cicle inicial:<\/p>\n<p><img loading=\"lazy\" decoding=\"async\" class=\"alignnone size-large wp-image-1286\" src=\"https:\/\/agora.xtec.cat\/zerbarida-batllia\/wp-content\/uploads\/usu726\/2021\/09\/Captura-de-pantalla-2021-09-21-a-les-19.31.08-1024x668.png\" alt=\"\" width=\"1024\" height=\"668\" srcset=\"https:\/\/agora.xtec.cat\/zerbarida-batllia\/wp-content\/uploads\/usu726\/2021\/09\/Captura-de-pantalla-2021-09-21-a-les-19.31.08-1024x668.png 1024w, https:\/\/agora.xtec.cat\/zerbarida-batllia\/wp-content\/uploads\/usu726\/2021\/09\/Captura-de-pantalla-2021-09-21-a-les-19.31.08-300x196.png 300w, https:\/\/agora.xtec.cat\/zerbarida-batllia\/wp-content\/uploads\/usu726\/2021\/09\/Captura-de-pantalla-2021-09-21-a-les-19.31.08-768x501.png 768w, https:\/\/agora.xtec.cat\/zerbarida-batllia\/wp-content\/uploads\/usu726\/2021\/09\/Captura-de-pantalla-2021-09-21-a-les-19.31.08.png 1163w\" sizes=\"auto, (max-width: 1024px) 100vw, 1024px\" \/><\/p>\n<p><a href=\"https:\/\/agora.xtec.cat\/zerbarida-batllia\/wp-content\/uploads\/usu726\/2021\/09\/Captura-de-pantalla-2021-09-21-a-les-19.31.17.png\"><img loading=\"lazy\" decoding=\"async\" class=\"alignnone size-large wp-image-1287\" src=\"https:\/\/agora.xtec.cat\/zerbarida-batllia\/wp-content\/uploads\/usu726\/2021\/09\/Captura-de-pantalla-2021-09-21-a-les-19.31.17-1024x669.png\" alt=\"\" width=\"1024\" height=\"669\" srcset=\"https:\/\/agora.xtec.cat\/zerbarida-batllia\/wp-content\/uploads\/usu726\/2021\/09\/Captura-de-pantalla-2021-09-21-a-les-19.31.17-1024x669.png 1024w, https:\/\/agora.xtec.cat\/zerbarida-batllia\/wp-content\/uploads\/usu726\/2021\/09\/Captura-de-pantalla-2021-09-21-a-les-19.31.17-300x196.png 300w, https:\/\/agora.xtec.cat\/zerbarida-batllia\/wp-content\/uploads\/usu726\/2021\/09\/Captura-de-pantalla-2021-09-21-a-les-19.31.17-768x502.png 768w, https:\/\/agora.xtec.cat\/zerbarida-batllia\/wp-content\/uploads\/usu726\/2021\/09\/Captura-de-pantalla-2021-09-21-a-les-19.31.17.png 1164w\" sizes=\"auto, (max-width: 1024px) 100vw, 1024px\" \/><\/a><\/p>\n<p>Cicle Mitj\u00e0:<\/p>\n<p><a href=\"https:\/\/agora.xtec.cat\/zerbarida-batllia\/wp-content\/uploads\/usu726\/2021\/09\/Documentacio\u0301-orientacio\u0301.jpg\"><img loading=\"lazy\" decoding=\"async\" class=\"alignnone size-full wp-image-1288\" src=\"https:\/\/agora.xtec.cat\/zerbarida-batllia\/wp-content\/uploads\/usu726\/2021\/09\/Documentacio\u0301-orientacio\u0301.jpg\" alt=\"\" width=\"945\" height=\"756\" srcset=\"https:\/\/agora.xtec.cat\/zerbarida-batllia\/wp-content\/uploads\/usu726\/2021\/09\/Documentacio\u0301-orientacio\u0301.jpg 945w, https:\/\/agora.xtec.cat\/zerbarida-batllia\/wp-content\/uploads\/usu726\/2021\/09\/Documentacio\u0301-orientacio\u0301-300x240.jpg 300w, https:\/\/agora.xtec.cat\/zerbarida-batllia\/wp-content\/uploads\/usu726\/2021\/09\/Documentacio\u0301-orientacio\u0301-768x614.jpg 768w\" sizes=\"auto, (max-width: 945px) 100vw, 945px\" \/><\/a><\/p>\n<p>Cicle Superior:<\/p>\n<p><a href=\"https:\/\/agora.xtec.cat\/zerbarida-batllia\/wp-content\/uploads\/usu726\/2021\/09\/CS.png\"><img loading=\"lazy\" decoding=\"async\" class=\"alignnone size-full wp-image-1289\" src=\"https:\/\/agora.xtec.cat\/zerbarida-batllia\/wp-content\/uploads\/usu726\/2021\/09\/CS.png\" alt=\"\" width=\"547\" height=\"778\" srcset=\"https:\/\/agora.xtec.cat\/zerbarida-batllia\/wp-content\/uploads\/usu726\/2021\/09\/CS.png 547w, https:\/\/agora.xtec.cat\/zerbarida-batllia\/wp-content\/uploads\/usu726\/2021\/09\/CS-211x300.png 211w\" sizes=\"auto, (max-width: 547px) 100vw, 547px\" \/><\/a><\/p>\n","protected":false},"excerpt":{"rendered":"<p>El Curr\u00edculum Com\u00fa \u00e9s un projecte que fa m\u00e9s de 15 anys que duem a terme i que \u00e9s caracter\u00edstic de la nostra ZER. \u00c9s una trobada setmanal de tot l&#8217;alumnat de la ZER on fem activitats i sortides conjuntes per cicles. Aquesta activitat es&hellip;  <a href=\"https:\/\/agora.xtec.cat\/zerbarida-batllia\/zer\/que-fem\/activitat-1\/\" title=\"Read Curr\u00edculum Com\u00fa a la ZER Barid\u00e0-Batllia\">Llegeix m\u00e9s\u00bb<\/a><\/p>\n","protected":false},"author":1,"featured_media":0,"parent":297,"menu_order":10,"comment_status":"closed","ping_status":"closed","template":"page-templates\/side-menu.php","meta":{"_bbp_topic_count":0,"_bbp_reply_count":0,"_bbp_total_topic_count":0,"_bbp_total_reply_count":0,"_bbp_voice_count":0,"_bbp_anonymous_reply_count":0,"_bbp_topic_count_hidden":0,"_bbp_reply_count_hidden":0,"_bbp_forum_subforum_count":0,"footnotes":""},"class_list":["post-300","page","type-page","status-publish","hentry"],"post_mailing_queue_ids":[],"_links":{"self":[{"href":"https:\/\/agora.xtec.cat\/zerbarida-batllia\/wp-json\/wp\/v2\/pages\/300","targetHints":{"allow":["GET"]}}],"collection":[{"href":"https:\/\/agora.xtec.cat\/zerbarida-batllia\/wp-json\/wp\/v2\/pages"}],"about":[{"href":"https:\/\/agora.xtec.cat\/zerbarida-batllia\/wp-json\/wp\/v2\/types\/page"}],"author":[{"embeddable":true,"href":"https:\/\/agora.xtec.cat\/zerbarida-batllia\/wp-json\/wp\/v2\/users\/1"}],"replies":[{"embeddable":true,"href":"https:\/\/agora.xtec.cat\/zerbarida-batllia\/wp-json\/wp\/v2\/comments?post=300"}],"version-history":[{"count":3,"href":"https:\/\/agora.xtec.cat\/zerbarida-batllia\/wp-json\/wp\/v2\/pages\/300\/revisions"}],"predecessor-version":[{"id":1633,"href":"https:\/\/agora.xtec.cat\/zerbarida-batllia\/wp-json\/wp\/v2\/pages\/300\/revisions\/1633"}],"up":[{"embeddable":true,"href":"https:\/\/agora.xtec.cat\/zerbarida-batllia\/wp-json\/wp\/v2\/pages\/297"}],"wp:attachment":[{"href":"https:\/\/agora.xtec.cat\/zerbarida-batllia\/wp-json\/wp\/v2\/media?parent=300"}],"curies":[{"name":"wp","href":"https:\/\/api.w.org\/{rel}","templated":true}]}}