{"id":297,"date":"2015-07-20T13:42:10","date_gmt":"2015-07-20T12:42:10","guid":{"rendered":"http:\/\/agora.xtec.cat\/zerbarida-batllia\/?page_id=297"},"modified":"2021-09-21T19:19:09","modified_gmt":"2021-09-21T17:19:09","slug":"que-fem","status":"publish","type":"page","link":"https:\/\/agora.xtec.cat\/zerbarida-batllia\/zer\/que-fem\/","title":{"rendered":"Qu\u00e8 fem"},"content":{"rendered":"<p>Activitats i projectes significatius que s&#8217;han impulsat o dinamitzat des de la ZER.<\/p>\n<ul style=\"list-style-type: circle;\">\n<li><strong>Curr\u00edculum Com\u00fa<\/strong><\/li>\n<li><strong>Sortides comunes de ZER<\/strong><\/li>\n<li><strong>Celebracions<\/strong> <strong>(castanyada, dia del m\u00f3n, &#8230;)<\/strong><\/li>\n<li><strong>Esport Blanc Escolar (8 sessions per CM: esqu\u00ed de fons-alp\u00ed i snow)<\/strong><\/li>\n<li><strong>Piscina per EI i CI<\/strong><\/li>\n<li><strong>Cooperatives Escolars<\/strong><\/li>\n<li><strong>Participaci\u00f3 amb entitats i associacions del territori\u00a0 (Agents Rurals, Parc Natural del Cad\u00ed Moixer\u00f3, escola Folk d&#8217;Ars\u00e8guel, &#8230;)\u00a0<\/strong><\/li>\n<li><strong>Pla d&#8217;Esport a l&#8217;Escola<\/strong><\/li>\n<li><strong>Setmana Blanca<\/strong><\/li>\n<li><strong>Col\u00f2nies\u00a0<\/strong><\/li>\n<li><strong>Participaci\u00f3 en jornades organitzades pel CRP de Cerdanya juntament amb altres escoles de la comarca (Dia de les Lleng\u00fces, fira matem\u00e0tica, matinal art\u00edstica, &#8230;)<\/strong><\/li>\n<li><strong>Participaci\u00f3 en projectes d&#8217;escola, comarcals, auton\u00f2mics, nacionals i internacionals.<\/strong><\/li>\n<\/ul>\n","protected":false},"excerpt":{"rendered":"<p>Activitats i projectes significatius que s&#8217;han impulsat o dinamitzat des de la ZER.<\/p>\n<ul style=\"list-style-type: circle;\">\n<li>Curr\u00edculum Com\u00fa<\/li>\n<li>Sortides comunes de ZER<\/li>\n<li>Celebracions (castanyada, dia del m\u00f3n, &#8230;)<\/li>\n<li>Esport Blanc Escolar (8 sessions per CM: esqu\u00ed de fons-alp\u00ed i snow)<\/li>\n<li>Piscina per EI i CI<\/li>\n<li>Cooperatives Escolars<\/li>\n<li>Participaci\u00f3 amb entitats i associacions del&hellip;  <a href=\"https:\/\/agora.xtec.cat\/zerbarida-batllia\/zer\/que-fem\/\" title=\"Read Qu\u00e8 fem\">Llegeix m\u00e9s\u00bb<\/a><br \/>\n","protected":false},"author":1,"featured_media":0,"parent":19,"menu_order":40,"comment_status":"closed","ping_status":"closed","template":"page-templates\/side-menu.php","meta":{"_bbp_topic_count":0,"_bbp_reply_count":0,"_bbp_total_topic_count":0,"_bbp_total_reply_count":0,"_bbp_voice_count":0,"_bbp_anonymous_reply_count":0,"_bbp_topic_count_hidden":0,"_bbp_reply_count_hidden":0,"_bbp_forum_subforum_count":0,"footnotes":""},"class_list":["post-297","page","type-page","status-publish","hentry"],"post_mailing_queue_ids":[],"_links":{"self":[{"href":"https:\/\/agora.xtec.cat\/zerbarida-batllia\/wp-json\/wp\/v2\/pages\/297","targetHints":{"allow":["GET"]}}],"collection":[{"href":"https:\/\/agora.xtec.cat\/zerbarida-batllia\/wp-json\/wp\/v2\/pages"}],"about":[{"href":"https:\/\/agora.xtec.cat\/zerbarida-batllia\/wp-json\/wp\/v2\/types\/page"}],"author":[{"embeddable":true,"href":"https:\/\/agora.xtec.cat\/zerbarida-batllia\/wp-json\/wp\/v2\/users\/1"}],"replies":[{"embeddable":true,"href":"https:\/\/agora.xtec.cat\/zerbarida-batllia\/wp-json\/wp\/v2\/comments?post=297"}],"version-history":[{"count":4,"href":"https:\/\/agora.xtec.cat\/zerbarida-batllia\/wp-json\/wp\/v2\/pages\/297\/revisions"}],"predecessor-version":[{"id":1284,"href":"https:\/\/agora.xtec.cat\/zerbarida-batllia\/wp-json\/wp\/v2\/pages\/297\/revisions\/1284"}],"up":[{"embeddable":true,"href":"https:\/\/agora.xtec.cat\/zerbarida-batllia\/wp-json\/wp\/v2\/pages\/19"}],"wp:attachment":[{"href":"https:\/\/agora.xtec.cat\/zerbarida-batllia\/wp-json\/wp\/v2\/media?parent=297"}],"curies":[{"name":"wp","href":"https:\/\/api.w.org\/{rel}","templated":true}]}}