{"id":270,"date":"2015-07-20T13:09:47","date_gmt":"2015-07-20T12:09:47","guid":{"rendered":"http:\/\/agora.xtec.cat\/zerbarida-batllia\/?page_id=270"},"modified":"2023-05-03T15:14:28","modified_gmt":"2023-05-03T13:14:28","slug":"escola-epsilon","status":"publish","type":"page","link":"https:\/\/agora.xtec.cat\/zerbarida-batllia\/escola-epsilon\/","title":{"rendered":"ESCOLA PERE SARRET"},"content":{"rendered":"<p><strong><img decoding=\"async\" src=\"http:\/\/www.zerbaridabatllia.org\/images\/MARTINETPORTADA.png\" alt=\"MARTINETPORTADA\" \/><\/strong><\/p>\n<p><strong>EL POBLE;<\/strong><br \/>\nMartinet es troba situat a 950 metres a la dreta del riu Segre quan conflueix amb el riu de La Llosa. T\u00e9\u00a0\u00a0 500 habitants. Al llarg del riu Segre hi ha l&#8217;itinerari de la ll\u00fadriga i la casa del riu. Tamb\u00e9 hi ha l&#8217;itinerari dels b\u00fanquers.<\/p>\n<p><strong>L&#8217;ESCOLA:<\/strong><br \/>\nL&#8217;escola t\u00e9 dues aules. Tamb\u00e9 disposa d&#8217;una sala per representacions i una aula de desdoblament.<br \/>\nTenim servei de menjador.<\/p>\n<p><strong>CONTACTE:<\/strong><br \/>\n973 515154<br \/>\n<a href=\"mailto:C5003263@xtec.cat\">c5003263<span class=\"\">@xtec.cat<\/span><\/a><\/p>\n<p>Blog: https:\/\/sites.google.com\/xtec.cat\/escolaperesarret\/p%C3%A0gina-principal<\/p>\n<p><iframe loading=\"lazy\" style=\"border: 0;\" src=\"https:\/\/www.google.com\/maps\/embed?pb=!1m18!1m12!1m3!1d2948.2043372989738!2d1.6929771814497536!3d42.35948434313189!2m3!1f0!2f0!3f0!3m2!1i1024!2i768!4f13.1!3m3!1m2!1s0x12a59a95b2751d27%3A0x6d05fd9ee5d186f4!2sMartinet!5e0!3m2!1ses!2ses!4v1489097717788\" width=\"600\" height=\"450\" frameborder=\"0\" allowfullscreen=\"allowfullscreen\"><\/iframe><\/p>\n","protected":false},"excerpt":{"rendered":"<p>EL POBLE;<br \/>\nMartinet es troba situat a 950 metres a la dreta del riu Segre quan conflueix amb el riu de La Llosa. T\u00e9\u00a0\u00a0 500 habitants. Al llarg del riu Segre hi ha l&#8217;itinerari de la ll\u00fadriga i la casa del riu. Tamb\u00e9 hi ha l&#8217;itinerari&hellip;  <a href=\"https:\/\/agora.xtec.cat\/zerbarida-batllia\/escola-epsilon\/\" title=\"Read ESCOLA PERE SARRET\">Llegeix m\u00e9s\u00bb<\/a><\/p>\n","protected":false},"author":1,"featured_media":0,"parent":0,"menu_order":0,"comment_status":"closed","ping_status":"closed","template":"page-templates\/side-menu.php","meta":{"_bbp_topic_count":0,"_bbp_reply_count":0,"_bbp_total_topic_count":0,"_bbp_total_reply_count":0,"_bbp_voice_count":0,"_bbp_anonymous_reply_count":0,"_bbp_topic_count_hidden":0,"_bbp_reply_count_hidden":0,"_bbp_forum_subforum_count":0,"footnotes":""},"class_list":["post-270","page","type-page","status-publish","hentry"],"post_mailing_queue_ids":[],"_links":{"self":[{"href":"https:\/\/agora.xtec.cat\/zerbarida-batllia\/wp-json\/wp\/v2\/pages\/270","targetHints":{"allow":["GET"]}}],"collection":[{"href":"https:\/\/agora.xtec.cat\/zerbarida-batllia\/wp-json\/wp\/v2\/pages"}],"about":[{"href":"https:\/\/agora.xtec.cat\/zerbarida-batllia\/wp-json\/wp\/v2\/types\/page"}],"author":[{"embeddable":true,"href":"https:\/\/agora.xtec.cat\/zerbarida-batllia\/wp-json\/wp\/v2\/users\/1"}],"replies":[{"embeddable":true,"href":"https:\/\/agora.xtec.cat\/zerbarida-batllia\/wp-json\/wp\/v2\/comments?post=270"}],"version-history":[{"count":3,"href":"https:\/\/agora.xtec.cat\/zerbarida-batllia\/wp-json\/wp\/v2\/pages\/270\/revisions"}],"predecessor-version":[{"id":1865,"href":"https:\/\/agora.xtec.cat\/zerbarida-batllia\/wp-json\/wp\/v2\/pages\/270\/revisions\/1865"}],"wp:attachment":[{"href":"https:\/\/agora.xtec.cat\/zerbarida-batllia\/wp-json\/wp\/v2\/media?parent=270"}],"curies":[{"name":"wp","href":"https:\/\/api.w.org\/{rel}","templated":true}]}}