{"id":21,"date":"2014-09-17T16:14:14","date_gmt":"2014-09-17T16:14:14","guid":{"rendered":"http:\/\/agora.xtec.cat\/zerbarida-batllia\/?page_id=21"},"modified":"2024-05-02T18:55:31","modified_gmt":"2024-05-02T16:55:31","slug":"on-som","status":"publish","type":"page","link":"https:\/\/agora.xtec.cat\/zerbarida-batllia\/zer\/on-som\/","title":{"rendered":"On som"},"content":{"rendered":"<p style=\"color: #666666;\"><strong>ZER Barid\u00e0-Batllia<\/strong><br \/>\nPla\u00e7a Pere Sarret s\/n<br \/>\nc5007797@xtec.cat<\/p>\n<p>La seu de la ZER Barid\u00e0-Batllia es troba a Martinet, juntament amb l&#8217;escola Pere Sarret, per\u00f2 la conformen tamb\u00e9 les escoles El Puig de Prullans, Sant Serni de Prats i Portella Blanca de Lles.<\/p>\n<p><strong>Webs de les escoles adscrites a la ZER:<\/strong><\/p>\n<ul>\n<li><a href=\"https:\/\/agora.xtec.cat\/esc-peresarret\/\">Escola Pere Sarret (Martinet)<\/a><\/li>\n<li><a href=\"http:\/\/escolasantserniprats.blogspot.com\/\">Escola Sant Serni (Prats i Sansor)<\/a><\/li>\n<li><a href=\"http:\/\/escolaportellablanca.blogspot.com\/\">Escola Portella Blanca (Lles de Cerdanya)<\/a><\/li>\n<li><a href=\"https:\/\/sites.google.com\/xtec.cat\/escolaelpuig\/p%C3%A0gina-principal?authuser=0\">Escola El Puig (Prullans)<\/a><\/li>\n<\/ul>\n<p><a href=\"https:\/\/agora.xtec.cat\/zerbarida-batllia\/wp-content\/uploads\/usu726\/2024\/05\/mapa-escoles.jpeg\"><img loading=\"lazy\" decoding=\"async\" class=\"alignnone size-large wp-image-2223\" src=\"https:\/\/agora.xtec.cat\/zerbarida-batllia\/wp-content\/uploads\/usu726\/2024\/05\/mapa-escoles-1024x470.jpeg\" alt=\"\" width=\"1024\" height=\"470\" srcset=\"https:\/\/agora.xtec.cat\/zerbarida-batllia\/wp-content\/uploads\/usu726\/2024\/05\/mapa-escoles-1024x470.jpeg 1024w, https:\/\/agora.xtec.cat\/zerbarida-batllia\/wp-content\/uploads\/usu726\/2024\/05\/mapa-escoles-300x138.jpeg 300w, https:\/\/agora.xtec.cat\/zerbarida-batllia\/wp-content\/uploads\/usu726\/2024\/05\/mapa-escoles-768x353.jpeg 768w, https:\/\/agora.xtec.cat\/zerbarida-batllia\/wp-content\/uploads\/usu726\/2024\/05\/mapa-escoles.jpeg 1267w\" sizes=\"auto, (max-width: 1024px) 100vw, 1024px\" \/><\/a><\/p>\n<p><iframe loading=\"lazy\" style=\"border: 0;\" src=\"https:\/\/www.google.com\/maps\/embed?pb=!1m18!1m12!1m3!1d94319.06345805716!2d1.701639978687879!3d42.375117555828155!2m3!1f0!2f0!3f0!3m2!1i1024!2i768!4f13.1!3m3!1m2!1s0x12a59aeabfc6f20d%3A0x2b2e52b2e795a11a!2s25724+Martinet%2C+Lleida!5e0!3m2!1sca!2ses!4v1493718837910\" width=\"600\" height=\"450\" frameborder=\"0\" allowfullscreen=\"allowfullscreen\"><\/iframe><\/p>\n<p>&nbsp;<\/p>\n","protected":false},"excerpt":{"rendered":"<p>ZER Barid\u00e0-Batllia<br \/>\nPla\u00e7a Pere Sarret s\/n<br \/>\nc5007797@xtec.cat<br \/>\nLa seu de la ZER Barid\u00e0-Batllia es troba a Martinet, juntament amb l&#8217;escola Pere Sarret, per\u00f2 la conformen tamb\u00e9 les escoles El Puig de Prullans, Sant Serni de Prats i Portella Blanca de Lles.<br \/>\nWebs de les escoles adscrites a la ZER:<\/p>\n<ul>\n<li><a&hellip;  <a href=\"https:\/\/agora.xtec.cat\/zerbarida-batllia\/zer\/on-som\/\" title=\"Read On som\">Llegeix m\u00e9s\u00bb<\/a><br \/>\n","protected":false},"author":1,"featured_media":0,"parent":19,"menu_order":10,"comment_status":"closed","ping_status":"closed","template":"page-templates\/side-menu.php","meta":{"_bbp_topic_count":0,"_bbp_reply_count":0,"_bbp_total_topic_count":0,"_bbp_total_reply_count":0,"_bbp_voice_count":0,"_bbp_anonymous_reply_count":0,"_bbp_topic_count_hidden":0,"_bbp_reply_count_hidden":0,"_bbp_forum_subforum_count":0,"footnotes":""},"class_list":["post-21","page","type-page","status-publish","hentry"],"post_mailing_queue_ids":[],"_links":{"self":[{"href":"https:\/\/agora.xtec.cat\/zerbarida-batllia\/wp-json\/wp\/v2\/pages\/21","targetHints":{"allow":["GET"]}}],"collection":[{"href":"https:\/\/agora.xtec.cat\/zerbarida-batllia\/wp-json\/wp\/v2\/pages"}],"about":[{"href":"https:\/\/agora.xtec.cat\/zerbarida-batllia\/wp-json\/wp\/v2\/types\/page"}],"author":[{"embeddable":true,"href":"https:\/\/agora.xtec.cat\/zerbarida-batllia\/wp-json\/wp\/v2\/users\/1"}],"replies":[{"embeddable":true,"href":"https:\/\/agora.xtec.cat\/zerbarida-batllia\/wp-json\/wp\/v2\/comments?post=21"}],"version-history":[{"count":5,"href":"https:\/\/agora.xtec.cat\/zerbarida-batllia\/wp-json\/wp\/v2\/pages\/21\/revisions"}],"predecessor-version":[{"id":2224,"href":"https:\/\/agora.xtec.cat\/zerbarida-batllia\/wp-json\/wp\/v2\/pages\/21\/revisions\/2224"}],"up":[{"embeddable":true,"href":"https:\/\/agora.xtec.cat\/zerbarida-batllia\/wp-json\/wp\/v2\/pages\/19"}],"wp:attachment":[{"href":"https:\/\/agora.xtec.cat\/zerbarida-batllia\/wp-json\/wp\/v2\/media?parent=21"}],"curies":[{"name":"wp","href":"https:\/\/api.w.org\/{rel}","templated":true}]}}