{"id":1883,"date":"2023-05-08T15:11:14","date_gmt":"2023-05-08T13:11:14","guid":{"rendered":"https:\/\/agora.xtec.cat\/zerbarida-batllia\/?page_id=1883"},"modified":"2023-05-08T15:53:39","modified_gmt":"2023-05-08T13:53:39","slug":"estrategia-digital-de-centre-edc","status":"publish","type":"page","link":"https:\/\/agora.xtec.cat\/zerbarida-batllia\/estrategia-digital-de-centre-edc\/","title":{"rendered":"Estrat\u00e8gia Digital de Centre (EDC)"},"content":{"rendered":"<p dir=\"ltr\">L\u2019Estrat\u00e8gia Digital de Centre (EDC) \u00e9s un document que recull totes les accions que es realitzen en un centre, i les que es realitzaran a mitj\u00e0 termini, per aconseguir la m\u00e0xima compet\u00e8ncia digital de l\u2019alumnat, del professorat i del centre educatiu. Ha de tenir com a referent el Pla d\u2019educaci\u00f3 digital de Catalunya (PEDC), on s\u2019indica la necessitat d\u2019assolir la fita d\u2019una societat digitalment competent, fent \u00e8mfasi en l\u2019equitat i tenint en compte l\u2019evoluci\u00f3 del context social i tecnol\u00f2gic i, s&#8217;ha de complementar amb el PEC i el projecte de direcci\u00f3.<\/p>\n<p dir=\"ltr\"><strong>Podeu consultar<span style=\"color: #00ccff;\"> <a style=\"color: #00ccff;\" href=\"https:\/\/sites.google.com\/xtec.cat\/zerbaridabatllia\/inicio\">AQU\u00cd <\/a><\/span>tota la informaci\u00f3 relativa a l&#8217;Estrat\u00e8gia Digital de Centre elaborat per la Comisis\u00f3 digital de la ZER.\u00a0<\/strong><\/p>\n<p dir=\"ltr\"><a href=\"https:\/\/sites.google.com\/xtec.cat\/zerbaridabatllia\/inicio\"><img loading=\"lazy\" decoding=\"async\" class=\"alignnone size-large wp-image-1897\" src=\"https:\/\/agora.xtec.cat\/zerbarida-batllia\/wp-content\/uploads\/usu726\/2023\/05\/edc-1024x552.jpg\" alt=\"\" width=\"1024\" height=\"552\" srcset=\"https:\/\/agora.xtec.cat\/zerbarida-batllia\/wp-content\/uploads\/usu726\/2023\/05\/edc-1024x552.jpg 1024w, https:\/\/agora.xtec.cat\/zerbarida-batllia\/wp-content\/uploads\/usu726\/2023\/05\/edc-300x162.jpg 300w, https:\/\/agora.xtec.cat\/zerbarida-batllia\/wp-content\/uploads\/usu726\/2023\/05\/edc-768x414.jpg 768w, https:\/\/agora.xtec.cat\/zerbarida-batllia\/wp-content\/uploads\/usu726\/2023\/05\/edc-1536x828.jpg 1536w, https:\/\/agora.xtec.cat\/zerbarida-batllia\/wp-content\/uploads\/usu726\/2023\/05\/edc.jpg 1767w\" sizes=\"auto, (max-width: 1024px) 100vw, 1024px\" \/><\/a><\/p>\n","protected":false},"excerpt":{"rendered":"<p>L\u2019Estrat\u00e8gia Digital de Centre (EDC) \u00e9s un document que recull totes les accions que es realitzen en un centre, i les que es realitzaran a mitj\u00e0 termini, per aconseguir la m\u00e0xima compet\u00e8ncia digital de l\u2019alumnat, del professorat i del centre educatiu. Ha de tenir com&hellip;  <a href=\"https:\/\/agora.xtec.cat\/zerbarida-batllia\/estrategia-digital-de-centre-edc\/\" title=\"Read Estrat\u00e8gia Digital de Centre (EDC)\">Llegeix m\u00e9s\u00bb<\/a><\/p>\n","protected":false},"author":1,"featured_media":0,"parent":0,"menu_order":0,"comment_status":"closed","ping_status":"closed","template":"","meta":{"_bbp_topic_count":0,"_bbp_reply_count":0,"_bbp_total_topic_count":0,"_bbp_total_reply_count":0,"_bbp_voice_count":0,"_bbp_anonymous_reply_count":0,"_bbp_topic_count_hidden":0,"_bbp_reply_count_hidden":0,"_bbp_forum_subforum_count":0,"footnotes":""},"class_list":["post-1883","page","type-page","status-publish","hentry"],"post_mailing_queue_ids":[],"_links":{"self":[{"href":"https:\/\/agora.xtec.cat\/zerbarida-batllia\/wp-json\/wp\/v2\/pages\/1883","targetHints":{"allow":["GET"]}}],"collection":[{"href":"https:\/\/agora.xtec.cat\/zerbarida-batllia\/wp-json\/wp\/v2\/pages"}],"about":[{"href":"https:\/\/agora.xtec.cat\/zerbarida-batllia\/wp-json\/wp\/v2\/types\/page"}],"author":[{"embeddable":true,"href":"https:\/\/agora.xtec.cat\/zerbarida-batllia\/wp-json\/wp\/v2\/users\/1"}],"replies":[{"embeddable":true,"href":"https:\/\/agora.xtec.cat\/zerbarida-batllia\/wp-json\/wp\/v2\/comments?post=1883"}],"version-history":[{"count":3,"href":"https:\/\/agora.xtec.cat\/zerbarida-batllia\/wp-json\/wp\/v2\/pages\/1883\/revisions"}],"predecessor-version":[{"id":1898,"href":"https:\/\/agora.xtec.cat\/zerbarida-batllia\/wp-json\/wp\/v2\/pages\/1883\/revisions\/1898"}],"wp:attachment":[{"href":"https:\/\/agora.xtec.cat\/zerbarida-batllia\/wp-json\/wp\/v2\/media?parent=1883"}],"curies":[{"name":"wp","href":"https:\/\/api.w.org\/{rel}","templated":true}]}}