{"id":43,"date":"2014-09-17T16:45:07","date_gmt":"2014-09-17T16:45:07","guid":{"rendered":"http:\/\/agora.xtec.cat\/zerbaixpriorat\/?page_id=43"},"modified":"2025-12-03T10:57:01","modified_gmt":"2025-12-03T09:57:01","slug":"consell-escolar","status":"publish","type":"page","link":"https:\/\/agora.xtec.cat\/zerbaixpriorat\/zer\/consell-escolar\/","title":{"rendered":"Consell escolar"},"content":{"rendered":"<p>El consell escolar de ZER \u00e9s l\u2019\u00f2rgan col\u00b7legiat on es troba representat tota la comunitat educativa.<\/p>\n<h4>Composici\u00f3 del Consell Escolar de ZER<\/h4>\n<table style=\"width: 78.4964%; height: 431px;\">\n<tbody>\n<tr style=\"height: 32px;\">\n<td style=\"height: 32px; width: 57.4296%;\" width=\"288\">PRESIDENTA<\/td>\n<td style=\"height: 32px; width: 40.4796%;\" width=\"288\">Maria Pi Ventura<\/td>\n<\/tr>\n<tr style=\"height: 32px;\">\n<td style=\"height: 32px; width: 57.4296%;\" width=\"288\">CAP D\u2019ESTUDIS<\/td>\n<td style=\"height: 32px; width: 40.4796%;\" width=\"288\">Eva Perpi\u00f1\u00e1 Perpi\u00f1\u00e1<\/td>\n<\/tr>\n<tr style=\"height: 32px;\">\n<td style=\"height: 32px; width: 57.4296%;\" width=\"288\">SECRET\u00c0RIA<\/td>\n<td style=\"height: 32px; width: 40.4796%;\" width=\"288\">N\u00faria Ferrat\u00e9 Oll\u00e9<\/td>\n<\/tr>\n<tr>\n<td style=\"width: 57.4296%;\"><span style=\"background-color: #ffffff;\">REPRESENTANTS DE MESTRES<\/span><\/td>\n<td style=\"width: 40.4796%;\">&nbsp;<\/p>\n<p>Noelia Vidal Bell\u00e9s<\/p>\n<p><span style=\"background-color: #ffffff;\">Marina Ballar\u00e0 Espuga<\/span><\/td>\n<\/tr>\n<tr style=\"height: 32px;\">\n<td style=\"height: 32px; width: 57.4296%;\" width=\"288\"><strong>ESCOLA EL SARRA\u00cd<\/strong><\/td>\n<td style=\"height: 32px; width: 40.4796%;\" width=\"288\">Alba Roda Dom\u00e8nech (Directora)<\/td>\n<\/tr>\n<tr style=\"height: 48px;\">\n<td style=\"height: 48px; width: 57.4296%;\" width=\"288\">REPRESENTANT DE PARES Bellmunt del Priorat<\/td>\n<td style=\"height: 48px; width: 40.4796%;\" width=\"288\">Cristina D\u00edaz Tom\u00e0s<\/td>\n<\/tr>\n<tr style=\"height: 48px;\">\n<td style=\"height: 48px; width: 57.4296%;\" width=\"288\">REPRESENTANT AJUNTAMENT Bellmunt del Priorat<\/td>\n<td style=\"height: 48px; width: 40.4796%;\" width=\"288\">Anna Pallej\u00e0 Torn\u00e9<\/td>\n<\/tr>\n<tr style=\"height: 32px;\">\n<td style=\"height: 32px; width: 57.4296%;\" width=\"288\"><strong>ESCOLA ONZE DE SETEMBRE<\/strong><\/td>\n<td style=\"height: 32px; width: 40.4796%;\" width=\"288\">Eva Perpi\u00f1\u00e1 Perpi\u00f1\u00e1 (Directora)<\/td>\n<\/tr>\n<tr style=\"height: 32px;\">\n<td style=\"height: 32px; width: 57.4296%;\" width=\"288\">REPRESENTANT DE PARES El Masroig<\/td>\n<td style=\"height: 32px; width: 40.4796%;\" width=\"288\">Llu\u00efsa Corulla Folch<\/td>\n<\/tr>\n<tr style=\"height: 48px;\">\n<td style=\"height: 48px; width: 57.4296%;\" width=\"288\">REPRESENTANT AJUNTAMENT El Masroig<\/td>\n<td style=\"height: 48px; width: 40.4796%;\" width=\"288\">Teresa Guerola Vernet<\/td>\n<\/tr>\n<tr style=\"height: 32px;\">\n<td style=\"height: 32px; width: 57.4296%;\" width=\"288\"><strong>ESCOLA ROSSEND GIOL<\/strong><\/td>\n<td style=\"height: 32px; width: 40.4796%;\" width=\"288\">Dolors Ripoll Toledo (Directora)<\/td>\n<\/tr>\n<tr style=\"height: 32px;\">\n<td style=\"height: 32px; width: 57.4296%;\" width=\"288\">REPRESENTANT DE PARES Porrera<\/td>\n<td style=\"height: 32px; width: 40.4796%;\" width=\"288\">Paula Garc\u00eda Fern\u00e1ndez<\/td>\n<\/tr>\n<tr>\n<td style=\"width: 57.4296%;\">REPRESENTANT AJUNTAMENT Porrera<\/td>\n<td style=\"width: 40.4796%;\">Jos\u00e9 Ram\u00edrez Dur\u00e1n<\/td>\n<\/tr>\n<\/tbody>\n<\/table>\n<p>&nbsp;<\/p>\n","protected":false},"excerpt":{"rendered":"<p>El consell escolar de ZER \u00e9s l\u2019\u00f2rgan col\u00b7legiat on es troba representat tota la comunitat educativa. Composici\u00f3 del Consell Escolar de ZER PRESIDENTA Maria Pi Ventura CAP D\u2019ESTUDIS Eva Perpi\u00f1\u00e1 Perpi\u00f1\u00e1 SECRET\u00c0RIA N\u00faria Ferrat\u00e9 Oll\u00e9 REPRESENTANTS DE MESTRES &nbsp; Noelia Vidal Bell\u00e9s Marina Ballar\u00e0 Espuga ESCOLA EL SARRA\u00cd Alba Roda Dom\u00e8nech (Directora) REPRESENTANT DE PARES [&hellip;]<\/p>\n","protected":false},"author":1,"featured_media":0,"parent":19,"menu_order":60,"comment_status":"closed","ping_status":"closed","template":"","meta":{"_bbp_topic_count":0,"_bbp_reply_count":0,"_bbp_total_topic_count":0,"_bbp_total_reply_count":0,"_bbp_voice_count":0,"_bbp_anonymous_reply_count":0,"_bbp_topic_count_hidden":0,"_bbp_reply_count_hidden":0,"_bbp_forum_subforum_count":0,"site-sidebar-layout":"default","site-content-layout":"","ast-site-content-layout":"default","site-content-style":"default","site-sidebar-style":"default","ast-global-header-display":"","ast-banner-title-visibility":"","ast-main-header-display":"","ast-hfb-above-header-display":"","ast-hfb-below-header-display":"","ast-hfb-mobile-header-display":"","site-post-title":"","ast-breadcrumbs-content":"","ast-featured-img":"","footer-sml-layout":"","theme-transparent-header-meta":"default","adv-header-id-meta":"","stick-header-meta":"","header-above-stick-meta":"","header-main-stick-meta":"","header-below-stick-meta":"","astra-migrate-meta-layouts":"set","ast-page-background-enabled":"default","ast-page-background-meta":{"desktop":{"background-color":"var(--ast-global-color-5)","background-image":"","background-repeat":"repeat","background-position":"center center","background-size":"auto","background-attachment":"scroll","background-type":"","background-media":"","overlay-type":"","overlay-color":"","overlay-opacity":"","overlay-gradient":""},"tablet":{"background-color":"","background-image":"","background-repeat":"repeat","background-position":"center center","background-size":"auto","background-attachment":"scroll","background-type":"","background-media":"","overlay-type":"","overlay-color":"","overlay-opacity":"","overlay-gradient":""},"mobile":{"background-color":"","background-image":"","background-repeat":"repeat","background-position":"center center","background-size":"auto","background-attachment":"scroll","background-type":"","background-media":"","overlay-type":"","overlay-color":"","overlay-opacity":"","overlay-gradient":""}},"ast-content-background-meta":{"desktop":{"background-color":"var(--ast-global-color-4)","background-image":"","background-repeat":"repeat","background-position":"center center","background-size":"auto","background-attachment":"scroll","background-type":"","background-media":"","overlay-type":"","overlay-color":"","overlay-opacity":"","overlay-gradient":""},"tablet":{"background-color":"var(--ast-global-color-4)","background-image":"","background-repeat":"repeat","background-position":"center center","background-size":"auto","background-attachment":"scroll","background-type":"","background-media":"","overlay-type":"","overlay-color":"","overlay-opacity":"","overlay-gradient":""},"mobile":{"background-color":"var(--ast-global-color-4)","background-image":"","background-repeat":"repeat","background-position":"center center","background-size":"auto","background-attachment":"scroll","background-type":"","background-media":"","overlay-type":"","overlay-color":"","overlay-opacity":"","overlay-gradient":""}},"footnotes":""},"class_list":["post-43","page","type-page","status-publish","hentry"],"post_mailing_queue_ids":[],"_links":{"self":[{"href":"https:\/\/agora.xtec.cat\/zerbaixpriorat\/wp-json\/wp\/v2\/pages\/43","targetHints":{"allow":["GET"]}}],"collection":[{"href":"https:\/\/agora.xtec.cat\/zerbaixpriorat\/wp-json\/wp\/v2\/pages"}],"about":[{"href":"https:\/\/agora.xtec.cat\/zerbaixpriorat\/wp-json\/wp\/v2\/types\/page"}],"author":[{"embeddable":true,"href":"https:\/\/agora.xtec.cat\/zerbaixpriorat\/wp-json\/wp\/v2\/users\/1"}],"replies":[{"embeddable":true,"href":"https:\/\/agora.xtec.cat\/zerbaixpriorat\/wp-json\/wp\/v2\/comments?post=43"}],"version-history":[{"count":6,"href":"https:\/\/agora.xtec.cat\/zerbaixpriorat\/wp-json\/wp\/v2\/pages\/43\/revisions"}],"predecessor-version":[{"id":5573,"href":"https:\/\/agora.xtec.cat\/zerbaixpriorat\/wp-json\/wp\/v2\/pages\/43\/revisions\/5573"}],"up":[{"embeddable":true,"href":"https:\/\/agora.xtec.cat\/zerbaixpriorat\/wp-json\/wp\/v2\/pages\/19"}],"wp:attachment":[{"href":"https:\/\/agora.xtec.cat\/zerbaixpriorat\/wp-json\/wp\/v2\/media?parent=43"}],"curies":[{"name":"wp","href":"https:\/\/api.w.org\/{rel}","templated":true}]}}