{"id":303,"date":"2015-07-20T13:43:37","date_gmt":"2015-07-20T12:43:37","guid":{"rendered":"http:\/\/agora.xtec.cat\/zerbaixpriorat\/?page_id=303"},"modified":"2016-05-05T06:35:11","modified_gmt":"2016-05-05T05:35:11","slug":"activitat-2","status":"publish","type":"page","link":"https:\/\/agora.xtec.cat\/zerbaixpriorat\/zer\/que-fem\/activitat-2\/","title":{"rendered":"Col\u00f2nies"},"content":{"rendered":"<p>Realitzem les col\u00f2nies durant el segon trimestre. Programem la tem\u00e0tica i el lloc en relaci\u00f3 al projecte que es treballa. Es trasllada l\u2019activitat docent al lloc programat amb l\u2019objectiu d\u2019aprofundir els continguts del projecte i potenciar la conviv\u00e8ncia entre l\u2019alumnat i els mestres.<\/p>\n<p>Pensem que les col\u00f2nies escolars s\u00f3n importants perqu\u00e8\u00a0fomenten\u00a0l&#8217;autonomia personal, perqu\u00e8\u00a0donen a con\u00e8ixer els valors del territori, perqu\u00e8 s\u00f3n una eina educativa que posa a disponibilitat dels mestres un espai on promoure la curiositat innata les infants,\u00a0la descoberta experimental i vivencial, refor\u00e7ant totes les \u00e0rees curriculars del treball a l&#8217;aula. Perqu\u00e8\u00a0afavoreixen la cohesi\u00f3\u00a0del grup, el treball cooperatiu\u00a0dels infants i consolida\u00a0el treball en equip dels mestres.<\/p>\n","protected":false},"excerpt":{"rendered":"<p>Realitzem les col\u00f2nies durant el segon trimestre. Programem la tem\u00e0tica i el lloc en relaci\u00f3 al projecte que es treballa. Es trasllada l\u2019activitat docent al lloc programat amb l\u2019objectiu d\u2019aprofundir els continguts del projecte i potenciar la conviv\u00e8ncia entre l\u2019alumnat i els mestres. Pensem que les col\u00f2nies escolars s\u00f3n importants perqu\u00e8\u00a0fomenten\u00a0l&#8217;autonomia personal, perqu\u00e8\u00a0donen a con\u00e8ixer [&hellip;]<\/p>\n","protected":false},"author":1,"featured_media":0,"parent":297,"menu_order":20,"comment_status":"closed","ping_status":"closed","template":"page-templates\/side-menu.php","meta":{"_bbp_topic_count":0,"_bbp_reply_count":0,"_bbp_total_topic_count":0,"_bbp_total_reply_count":0,"_bbp_voice_count":0,"_bbp_anonymous_reply_count":0,"_bbp_topic_count_hidden":0,"_bbp_reply_count_hidden":0,"_bbp_forum_subforum_count":0,"site-sidebar-layout":"default","site-content-layout":"","ast-site-content-layout":"","site-content-style":"default","site-sidebar-style":"default","ast-global-header-display":"","ast-banner-title-visibility":"","ast-main-header-display":"","ast-hfb-above-header-display":"","ast-hfb-below-header-display":"","ast-hfb-mobile-header-display":"","site-post-title":"","ast-breadcrumbs-content":"","ast-featured-img":"","footer-sml-layout":"","theme-transparent-header-meta":"","adv-header-id-meta":"","stick-header-meta":"","header-above-stick-meta":"","header-main-stick-meta":"","header-below-stick-meta":"","astra-migrate-meta-layouts":"default","ast-page-background-enabled":"default","ast-page-background-meta":{"desktop":{"background-color":"var(--ast-global-color-5)","background-image":"","background-repeat":"repeat","background-position":"center center","background-size":"auto","background-attachment":"scroll","background-type":"","background-media":"","overlay-type":"","overlay-color":"","overlay-opacity":"","overlay-gradient":""},"tablet":{"background-color":"","background-image":"","background-repeat":"repeat","background-position":"center center","background-size":"auto","background-attachment":"scroll","background-type":"","background-media":"","overlay-type":"","overlay-color":"","overlay-opacity":"","overlay-gradient":""},"mobile":{"background-color":"","background-image":"","background-repeat":"repeat","background-position":"center center","background-size":"auto","background-attachment":"scroll","background-type":"","background-media":"","overlay-type":"","overlay-color":"","overlay-opacity":"","overlay-gradient":""}},"ast-content-background-meta":{"desktop":{"background-color":"var(--ast-global-color-4)","background-image":"","background-repeat":"repeat","background-position":"center center","background-size":"auto","background-attachment":"scroll","background-type":"","background-media":"","overlay-type":"","overlay-color":"","overlay-opacity":"","overlay-gradient":""},"tablet":{"background-color":"var(--ast-global-color-4)","background-image":"","background-repeat":"repeat","background-position":"center center","background-size":"auto","background-attachment":"scroll","background-type":"","background-media":"","overlay-type":"","overlay-color":"","overlay-opacity":"","overlay-gradient":""},"mobile":{"background-color":"var(--ast-global-color-4)","background-image":"","background-repeat":"repeat","background-position":"center center","background-size":"auto","background-attachment":"scroll","background-type":"","background-media":"","overlay-type":"","overlay-color":"","overlay-opacity":"","overlay-gradient":""}},"footnotes":""},"class_list":["post-303","page","type-page","status-publish","hentry"],"post_mailing_queue_ids":[],"_links":{"self":[{"href":"https:\/\/agora.xtec.cat\/zerbaixpriorat\/wp-json\/wp\/v2\/pages\/303","targetHints":{"allow":["GET"]}}],"collection":[{"href":"https:\/\/agora.xtec.cat\/zerbaixpriorat\/wp-json\/wp\/v2\/pages"}],"about":[{"href":"https:\/\/agora.xtec.cat\/zerbaixpriorat\/wp-json\/wp\/v2\/types\/page"}],"author":[{"embeddable":true,"href":"https:\/\/agora.xtec.cat\/zerbaixpriorat\/wp-json\/wp\/v2\/users\/1"}],"replies":[{"embeddable":true,"href":"https:\/\/agora.xtec.cat\/zerbaixpriorat\/wp-json\/wp\/v2\/comments?post=303"}],"version-history":[{"count":3,"href":"https:\/\/agora.xtec.cat\/zerbaixpriorat\/wp-json\/wp\/v2\/pages\/303\/revisions"}],"predecessor-version":[{"id":638,"href":"https:\/\/agora.xtec.cat\/zerbaixpriorat\/wp-json\/wp\/v2\/pages\/303\/revisions\/638"}],"up":[{"embeddable":true,"href":"https:\/\/agora.xtec.cat\/zerbaixpriorat\/wp-json\/wp\/v2\/pages\/297"}],"wp:attachment":[{"href":"https:\/\/agora.xtec.cat\/zerbaixpriorat\/wp-json\/wp\/v2\/media?parent=303"}],"curies":[{"name":"wp","href":"https:\/\/api.w.org\/{rel}","templated":true}]}}