{"id":272,"date":"2015-07-20T13:10:37","date_gmt":"2015-07-20T12:10:37","guid":{"rendered":"http:\/\/agora.xtec.cat\/zerbaixpriorat\/?page_id=272"},"modified":"2017-09-25T21:03:57","modified_gmt":"2017-09-25T19:03:57","slug":"qui-som","status":"publish","type":"page","link":"https:\/\/agora.xtec.cat\/zerbaixpriorat\/escola-beta\/qui-som\/","title":{"rendered":"Qui som?"},"content":{"rendered":"<p>El terme municipal del Masroig, de 15,50\u00a0km\u00b2 d&#8217;extensi\u00f3, es troba al sector meridional i m\u00e9s baix de la comarca del Priorat, sobre un tur\u00f3 de 192 m d\u2019al\u00e7ada, al marge esquerre del darrer tram del riu Siurana.<\/p>\n<p>L&#8217;activitat principal de la poblaci\u00f3 \u00e9s l&#8217;agricultura. Les terres del Masroig produeixen vi, oli i ametlles d&#8217;una gran qualitat.<\/p>\n<p>Limita amb el Molar (NW), Bellmunt del Priorat (NE), Falset, Mar\u00e7\u00e0 (E), els Guiamets (S), i amb Garcia (W), que pertany a la comarca de la Ribera d&#8217;Ebre.<\/p>\n<p>El poble del Masroig \u00e9s l&#8217;\u00fanica entitat de poblaci\u00f3 que es troba dins el terme.<\/p>\n<p>El sector m\u00e9s elevat \u00e9s el de llevant, amb 341\u00a0m al tossal de Puig-roig i 305 a la Tosseta. El riu de Siurana, poc abans de la seva conflu\u00e8ncia amb l&#8217;Ebre, forma el l\u00edmit nord-occidental, i rep per l&#8217;esquerra diversos barrancs (d&#8217;en Pou, de la Vila i de la Raora).<\/p>\n<p>La carretera local T-734 comunica el poble amb el del Molar i la Figuera i amb la carretera N-420 de Reus a Falset, M\u00f3ra d&#8217;Ebre i Gandesa.<\/p>\n<p>La poblaci\u00f3 \u00e9s de probable origen isl\u00e0mic. El territori, per\u00f2, estigu\u00e9 habitat des de molt antic, ja que al tur\u00f3 del Puig-roig s&#8217;han trobat importants restes d&#8217;un assentament preib\u00e8ric. Tamb\u00e9 al coll de les Pinyeres, la millor talaia del curs del riu Siurana, hi hagu\u00e9 probablement fortificacions ib\u00e8riques, aprofitades m\u00e9s tard per civilitzacions posteriors, de les quals encara queden vestigis.<\/p>\n<p>Etimol\u00f2gicament, el nom del poble, podria venir de la uni\u00f3 dels mots Mas i Roig, fent refer\u00e8ncia al primer mas, encara que tamb\u00e9 podria derivar de &#8220;m\u00e0 roja&#8221;, ja que a l&#8217;escut hi ha una m\u00e0.<\/p>\n<p>La Festa Major d&#8217;hivern t\u00e9 lloc per Sant Sebasti\u00e0 i se celebra el dissabte m\u00e9s proper al dia 20 de gener i al voltant del 24 d&#8217;agost, t\u00e9 lloc la Festa Major d&#8217;estiu Sant Bartomeu<\/p>\n<p>&nbsp;<\/p>\n<p><img loading=\"lazy\" decoding=\"async\" class=\"alignnone size-full wp-image-694\" src=\"http:\/\/agora.xtec.cat\/zerbaixpriorat\/wp-content\/uploads\/usu962\/2015\/07\/sitmasroig.gif\" alt=\"sitmasroig\" width=\"193\" height=\"220\" \/><\/p>\n<p>&nbsp;<\/p>\n<p>&nbsp;<\/p>\n","protected":false},"excerpt":{"rendered":"<p>El terme municipal del Masroig, de 15,50\u00a0km\u00b2 d&#8217;extensi\u00f3, es troba al sector meridional i m\u00e9s baix de la comarca del Priorat, sobre un tur\u00f3 de 192 m d\u2019al\u00e7ada, al marge esquerre del darrer tram del riu Siurana. L&#8217;activitat principal de la poblaci\u00f3 \u00e9s l&#8217;agricultura. Les terres del Masroig produeixen vi, oli i ametlles d&#8217;una gran [&hellip;]<\/p>\n","protected":false},"author":1,"featured_media":0,"parent":266,"menu_order":10,"comment_status":"closed","ping_status":"closed","template":"page-templates\/side-menu.php","meta":{"_bbp_topic_count":0,"_bbp_reply_count":0,"_bbp_total_topic_count":0,"_bbp_total_reply_count":0,"_bbp_voice_count":0,"_bbp_anonymous_reply_count":0,"_bbp_topic_count_hidden":0,"_bbp_reply_count_hidden":0,"_bbp_forum_subforum_count":0,"site-sidebar-layout":"default","site-content-layout":"","ast-site-content-layout":"","site-content-style":"default","site-sidebar-style":"default","ast-global-header-display":"","ast-banner-title-visibility":"","ast-main-header-display":"","ast-hfb-above-header-display":"","ast-hfb-below-header-display":"","ast-hfb-mobile-header-display":"","site-post-title":"","ast-breadcrumbs-content":"","ast-featured-img":"","footer-sml-layout":"","theme-transparent-header-meta":"","adv-header-id-meta":"","stick-header-meta":"","header-above-stick-meta":"","header-main-stick-meta":"","header-below-stick-meta":"","astra-migrate-meta-layouts":"default","ast-page-background-enabled":"default","ast-page-background-meta":{"desktop":{"background-color":"var(--ast-global-color-5)","background-image":"","background-repeat":"repeat","background-position":"center center","background-size":"auto","background-attachment":"scroll","background-type":"","background-media":"","overlay-type":"","overlay-color":"","overlay-opacity":"","overlay-gradient":""},"tablet":{"background-color":"","background-image":"","background-repeat":"repeat","background-position":"center center","background-size":"auto","background-attachment":"scroll","background-type":"","background-media":"","overlay-type":"","overlay-color":"","overlay-opacity":"","overlay-gradient":""},"mobile":{"background-color":"","background-image":"","background-repeat":"repeat","background-position":"center center","background-size":"auto","background-attachment":"scroll","background-type":"","background-media":"","overlay-type":"","overlay-color":"","overlay-opacity":"","overlay-gradient":""}},"ast-content-background-meta":{"desktop":{"background-color":"var(--ast-global-color-4)","background-image":"","background-repeat":"repeat","background-position":"center center","background-size":"auto","background-attachment":"scroll","background-type":"","background-media":"","overlay-type":"","overlay-color":"","overlay-opacity":"","overlay-gradient":""},"tablet":{"background-color":"var(--ast-global-color-4)","background-image":"","background-repeat":"repeat","background-position":"center center","background-size":"auto","background-attachment":"scroll","background-type":"","background-media":"","overlay-type":"","overlay-color":"","overlay-opacity":"","overlay-gradient":""},"mobile":{"background-color":"var(--ast-global-color-4)","background-image":"","background-repeat":"repeat","background-position":"center center","background-size":"auto","background-attachment":"scroll","background-type":"","background-media":"","overlay-type":"","overlay-color":"","overlay-opacity":"","overlay-gradient":""}},"footnotes":""},"class_list":["post-272","page","type-page","status-publish","hentry"],"post_mailing_queue_ids":[],"_links":{"self":[{"href":"https:\/\/agora.xtec.cat\/zerbaixpriorat\/wp-json\/wp\/v2\/pages\/272","targetHints":{"allow":["GET"]}}],"collection":[{"href":"https:\/\/agora.xtec.cat\/zerbaixpriorat\/wp-json\/wp\/v2\/pages"}],"about":[{"href":"https:\/\/agora.xtec.cat\/zerbaixpriorat\/wp-json\/wp\/v2\/types\/page"}],"author":[{"embeddable":true,"href":"https:\/\/agora.xtec.cat\/zerbaixpriorat\/wp-json\/wp\/v2\/users\/1"}],"replies":[{"embeddable":true,"href":"https:\/\/agora.xtec.cat\/zerbaixpriorat\/wp-json\/wp\/v2\/comments?post=272"}],"version-history":[{"count":3,"href":"https:\/\/agora.xtec.cat\/zerbaixpriorat\/wp-json\/wp\/v2\/pages\/272\/revisions"}],"predecessor-version":[{"id":1310,"href":"https:\/\/agora.xtec.cat\/zerbaixpriorat\/wp-json\/wp\/v2\/pages\/272\/revisions\/1310"}],"up":[{"embeddable":true,"href":"https:\/\/agora.xtec.cat\/zerbaixpriorat\/wp-json\/wp\/v2\/pages\/266"}],"wp:attachment":[{"href":"https:\/\/agora.xtec.cat\/zerbaixpriorat\/wp-json\/wp\/v2\/media?parent=272"}],"curies":[{"name":"wp","href":"https:\/\/api.w.org\/{rel}","templated":true}]}}