{"id":8026,"date":"2022-10-17T12:19:07","date_gmt":"2022-10-17T10:19:07","guid":{"rendered":"https:\/\/agora.xtec.cat\/zerbaixcampsud\/?page_id=8026"},"modified":"2026-02-25T15:35:57","modified_gmt":"2026-02-25T14:35:57","slug":"recursos-digitals","status":"publish","type":"page","link":"https:\/\/agora.xtec.cat\/zerbaixcampsud\/recursos-digitals\/","title":{"rendered":"RECURSOS DIGITALS"},"content":{"rendered":"<table style=\"width: 84.8441%; border-collapse: collapse; border-style: solid; border-color: #000000; background-color: #d098e3;\">\n<tbody>\n<tr>\n<td style=\"width: 84.2547%; text-align: center;\" colspan=\"2\">\n<h4><span style=\"font-size: 18pt;\"><strong><span style=\"font-family: verdana, geneva, sans-serif;\">IMATGES<\/span><\/strong><\/span><\/h4>\n<\/td>\n<\/tr>\n<tr>\n<td style=\"width: 42.9824%;\" colspan=\"2\"><\/td>\n<\/tr>\n<tr>\n<td style=\"width: 42.9824%; border-style: solid; border-color: #000000; background-color: #fafafa;\">AMB LLIC\u00c8NCIA<\/td>\n<td style=\"width: 41.2723%; border-style: solid; border-color: #000000; background-color: #fafafa;\">SENSE LLIC\u00c8NCIA<\/td>\n<\/tr>\n<tr>\n<td style=\"width: 42.9824%; border-style: solid; border-color: #000000; background-color: #fafafa;\"><a style=\"color: #2795b6; font-size: 16px;\" href=\"https:\/\/www.flaticon.es\/\">Flaticon<\/a><\/td>\n<td style=\"width: 41.2723%; border-style: solid; border-color: #000000; background-color: #fafafa;\"><a style=\"color: #2795b6; font-size: 16px;\" href=\"https:\/\/commons.wikimedia.org\/wiki\/Main_Page?uselang=ca\">Wikimedia<\/a><\/td>\n<\/tr>\n<tr>\n<td style=\"width: 42.9824%; background-color: #fcfcfc; border-style: solid; border-color: #000000;\"><a style=\"color: #2795b6; font-size: 16px;\" href=\"https:\/\/www.freepik.es\/\">Freepik<\/a><\/td>\n<td style=\"width: 41.2723%; background-color: #fcfcfc; border-style: solid; border-color: #000000;\"><a style=\"color: #2795b6; font-size: 16px;\" href=\"http:\/\/recursostic.educacion.es\/bancoimagenes\/web\/\">Intef<\/a><\/td>\n<\/tr>\n<tr>\n<td style=\"width: 42.9824%; background-color: #fcfcfc; border-style: solid; border-color: #000000;\"><\/td>\n<td style=\"width: 41.2723%; background-color: #fcfcfc; border-style: solid; border-color: #000000;\"><span style=\"font-size: 12pt;\"><a href=\"https:\/\/www.pexels.com\/ca-es\/\">Pexels<\/a><\/span><\/td>\n<\/tr>\n<\/tbody>\n<\/table>\n<table style=\"border-collapse: collapse; width: 85.272%;\">\n<tbody>\n<tr>\n<td style=\"width: 44.2563%; border-style: solid; border-color: #000000; background-color: #6fde87; text-align: center; vertical-align: middle;\" colspan=\"2\">\n<h4>SONS i M\u00daSIQUES<\/h4>\n<\/td>\n<\/tr>\n<tr>\n<td style=\"width: 44.2563%; border-style: solid; border-color: #000000;\"><a href=\"https:\/\/xtec.gencat.cat\/ca\/recursos\/media\/radio\/biblioteca\/\">Biblioteca de sons (gencat)<\/a><\/td>\n<td style=\"width: 41.0162%; border-style: solid; border-color: #000000;\"><a href=\"https:\/\/www.jamendo.com\/?language=es\">Jamendo<\/a><\/td>\n<\/tr>\n<tr>\n<td style=\"width: 44.2563%; border-style: solid; border-color: #000000;\"><a href=\"https:\/\/freemusicarchive.org\/\">Freemusicarchive<\/a><\/td>\n<td style=\"width: 41.0162%; border-style: solid; border-color: #000000;\"><\/td>\n<\/tr>\n<\/tbody>\n<\/table>\n<p><a href=\"https:\/\/agora.xtec.cat\/zerbaixcampsud\/area-digital\/\"><span style=\"color: #cc99ff;\"><strong><span style=\"font-size: 18pt;\">\u00c0REA DIGITAL DEL PROFESSORAT<\/span><\/strong><\/span><\/a><\/p>\n","protected":false},"excerpt":{"rendered":"<p>IMATGES AMB LLIC\u00c8NCIA SENSE LLIC\u00c8NCIA Flaticon Wikimedia Freepik Intef Pexels SONS i M\u00daSIQUES Biblioteca de sons (gencat) Jamendo Freemusicarchive \u00c0REA DIGITAL DEL PROFESSORAT<\/p>\n","protected":false},"author":1,"featured_media":0,"parent":0,"menu_order":0,"comment_status":"closed","ping_status":"closed","template":"","meta":{"_bbp_topic_count":0,"_bbp_reply_count":0,"_bbp_total_topic_count":0,"_bbp_total_reply_count":0,"_bbp_voice_count":0,"_bbp_anonymous_reply_count":0,"_bbp_topic_count_hidden":0,"_bbp_reply_count_hidden":0,"_bbp_forum_subforum_count":0,"site-sidebar-layout":"default","site-content-layout":"","ast-site-content-layout":"default","site-content-style":"default","site-sidebar-style":"default","ast-global-header-display":"","ast-banner-title-visibility":"","ast-main-header-display":"","ast-hfb-above-header-display":"","ast-hfb-below-header-display":"","ast-hfb-mobile-header-display":"","site-post-title":"","ast-breadcrumbs-content":"","ast-featured-img":"","footer-sml-layout":"","theme-transparent-header-meta":"","adv-header-id-meta":"","stick-header-meta":"","header-above-stick-meta":"","header-main-stick-meta":"","header-below-stick-meta":"","astra-migrate-meta-layouts":"set","ast-page-background-enabled":"default","ast-page-background-meta":{"desktop":{"background-color":"var(--ast-global-color-4)","background-image":"","background-repeat":"repeat","background-position":"center center","background-size":"auto","background-attachment":"scroll","background-type":"","background-media":"","overlay-type":"","overlay-color":"","overlay-opacity":"","overlay-gradient":""},"tablet":{"background-color":"","background-image":"","background-repeat":"repeat","background-position":"center center","background-size":"auto","background-attachment":"scroll","background-type":"","background-media":"","overlay-type":"","overlay-color":"","overlay-opacity":"","overlay-gradient":""},"mobile":{"background-color":"","background-image":"","background-repeat":"repeat","background-position":"center center","background-size":"auto","background-attachment":"scroll","background-type":"","background-media":"","overlay-type":"","overlay-color":"","overlay-opacity":"","overlay-gradient":""}},"ast-content-background-meta":{"desktop":{"background-color":"var(--ast-global-color-5)","background-image":"","background-repeat":"repeat","background-position":"center center","background-size":"auto","background-attachment":"scroll","background-type":"","background-media":"","overlay-type":"","overlay-color":"","overlay-opacity":"","overlay-gradient":""},"tablet":{"background-color":"var(--ast-global-color-5)","background-image":"","background-repeat":"repeat","background-position":"center center","background-size":"auto","background-attachment":"scroll","background-type":"","background-media":"","overlay-type":"","overlay-color":"","overlay-opacity":"","overlay-gradient":""},"mobile":{"background-color":"var(--ast-global-color-5)","background-image":"","background-repeat":"repeat","background-position":"center center","background-size":"auto","background-attachment":"scroll","background-type":"","background-media":"","overlay-type":"","overlay-color":"","overlay-opacity":"","overlay-gradient":""}},"footnotes":""},"class_list":["post-8026","page","type-page","status-publish","hentry"],"post_mailing_queue_ids":[],"_links":{"self":[{"href":"https:\/\/agora.xtec.cat\/zerbaixcampsud\/wp-json\/wp\/v2\/pages\/8026","targetHints":{"allow":["GET"]}}],"collection":[{"href":"https:\/\/agora.xtec.cat\/zerbaixcampsud\/wp-json\/wp\/v2\/pages"}],"about":[{"href":"https:\/\/agora.xtec.cat\/zerbaixcampsud\/wp-json\/wp\/v2\/types\/page"}],"author":[{"embeddable":true,"href":"https:\/\/agora.xtec.cat\/zerbaixcampsud\/wp-json\/wp\/v2\/users\/1"}],"replies":[{"embeddable":true,"href":"https:\/\/agora.xtec.cat\/zerbaixcampsud\/wp-json\/wp\/v2\/comments?post=8026"}],"version-history":[{"count":6,"href":"https:\/\/agora.xtec.cat\/zerbaixcampsud\/wp-json\/wp\/v2\/pages\/8026\/revisions"}],"predecessor-version":[{"id":9785,"href":"https:\/\/agora.xtec.cat\/zerbaixcampsud\/wp-json\/wp\/v2\/pages\/8026\/revisions\/9785"}],"wp:attachment":[{"href":"https:\/\/agora.xtec.cat\/zerbaixcampsud\/wp-json\/wp\/v2\/media?parent=8026"}],"curies":[{"name":"wp","href":"https:\/\/api.w.org\/{rel}","templated":true}]}}