{"id":7678,"date":"2022-02-20T19:21:43","date_gmt":"2022-02-20T18:21:43","guid":{"rendered":"https:\/\/agora.xtec.cat\/zerbaixcampsud\/?page_id=7678"},"modified":"2022-02-20T19:43:56","modified_gmt":"2022-02-20T18:43:56","slug":"escola-font-de-larc","status":"publish","type":"page","link":"https:\/\/agora.xtec.cat\/zerbaixcampsud\/escola-font-de-larc\/","title":{"rendered":"Escola Font de l&#8217;Arc"},"content":{"rendered":"<p>A la nostra escola s\u2019hi pot estudiar\u00a0<strong>Educaci\u00f3 Infantil i Prim\u00e0ria<\/strong>.\u00a0Treballem per un ensenyament actiu, igualitari i integrador perqu\u00e8 el nostre objectiu \u00e9s formar nenes i nens aut\u00f2noms i cr\u00edtics.<\/p>\n<p>L\u2019escola\u00a0<strong>pertany a la Zona Escolar Rural Baix Camp Sud<\/strong>, integrada per les escoles de\u00a0 Duesaig\u00fces i Vilanova d\u2019Escornalbou. El fet de pert\u00e0nyer a la Z.E.R. ens permet compartir experi\u00e8ncies entre mestres, poder realitzar m\u00e9s sortides i compartir\u00a0<strong>especialistes\u00a0<\/strong>d\u2019angl\u00e8s,\u00a0 d\u2019educaci\u00f3 f\u00edsica i de m\u00fasica i d\u2019 educaci\u00f3 especial.<\/p>\n<p>Tenim\u00a0<strong>quatre aules<\/strong>, aix\u00f2 vol dir que en una mateixa classe hi ha\u00a0 m\u00e9s d\u2019un nivell. Aquest fet, segons el nostre punt de vista, \u00e9s enriquidor.\u00a0<strong>L\u2019ensenyament \u00e9s en catal\u00e0<\/strong>. A primer s\u2019introdueix el\u00a0<strong>castell\u00e0\u00a0<\/strong>com a segona llengua<strong>.<\/strong>\u00a0L<strong>\u2019angl\u00e8s<\/strong> s\u2019introdueix a P3 a nivell oral com a llengua estrangera.<\/p>\n<p>A l\u2019escola creiem que les\u00a0<strong>sortides\u00a0<\/strong>s\u00f3n importants, per aix\u00f2, en realitzem v\u00e0ries al llarg del curs, algunes amb les altres escoles de la ZER, per cicles, i d\u2019altres sols la nostra escola. Cada any anem de\u00a0<strong>col\u00f2nies<\/strong>.\u00a0Ens agrada celebrar les festes tradicionals: castanyada, Nadal, carnaval, Sant Jordi,\u2026<\/p>\n<p><strong>Treballem les naturals i les socials per projectes;\u00a0<\/strong>partim dels interessos dels nens i nenes, ho fem de forma activa tot donant import\u00e0ncia al treball per compet\u00e8ncies.<\/p>\n<p>Per a nosaltres l\u2019expressi\u00f3 oral, escrita, visual, pl\u00e0stica i corporal \u00e9s important, per aix\u00f2 programem activitats per\u00a0 treballar-la:\u00a0<strong>teatre, agrupaments flexibles d\u2019expressi\u00f3 escrita, tallers\u2026\u00a0<\/strong>una vegada a la setmana ens trobem per parlar i explicar-nos fets importants per a l\u2019alumnat o temes que han preparat.<\/p>\n<p>Els pares i mares (A.M.P.A.) organitzen\u00a0<strong>activitats extraescolars.<\/strong><\/p>\n<p>Tenim\u00a0<strong>servei de menjador escolar.<\/strong><\/p>\n","protected":false},"excerpt":{"rendered":"<p>A la nostra escola s\u2019hi pot estudiar\u00a0Educaci\u00f3 Infantil i Prim\u00e0ria.\u00a0Treballem per un ensenyament actiu, igualitari i integrador perqu\u00e8 el nostre objectiu \u00e9s formar nenes i nens aut\u00f2noms i cr\u00edtics. L\u2019escola\u00a0pertany a la Zona Escolar Rural Baix Camp Sud, integrada per les escoles de\u00a0 Duesaig\u00fces i Vilanova d\u2019Escornalbou. El fet de pert\u00e0nyer a la Z.E.R. ens [&hellip;]<\/p>\n","protected":false},"author":9,"featured_media":0,"parent":0,"menu_order":0,"comment_status":"closed","ping_status":"closed","template":"page-templates\/side-menu.php","meta":{"_bbp_topic_count":0,"_bbp_reply_count":0,"_bbp_total_topic_count":0,"_bbp_total_reply_count":0,"_bbp_voice_count":0,"_bbp_anonymous_reply_count":0,"_bbp_topic_count_hidden":0,"_bbp_reply_count_hidden":0,"_bbp_forum_subforum_count":0,"site-sidebar-layout":"default","site-content-layout":"","ast-site-content-layout":"","site-content-style":"default","site-sidebar-style":"default","ast-global-header-display":"","ast-banner-title-visibility":"","ast-main-header-display":"","ast-hfb-above-header-display":"","ast-hfb-below-header-display":"","ast-hfb-mobile-header-display":"","site-post-title":"","ast-breadcrumbs-content":"","ast-featured-img":"","footer-sml-layout":"","theme-transparent-header-meta":"","adv-header-id-meta":"","stick-header-meta":"","header-above-stick-meta":"","header-main-stick-meta":"","header-below-stick-meta":"","astra-migrate-meta-layouts":"default","ast-page-background-enabled":"default","ast-page-background-meta":{"desktop":{"background-color":"var(--ast-global-color-4)","background-image":"","background-repeat":"repeat","background-position":"center center","background-size":"auto","background-attachment":"scroll","background-type":"","background-media":"","overlay-type":"","overlay-color":"","overlay-opacity":"","overlay-gradient":""},"tablet":{"background-color":"","background-image":"","background-repeat":"repeat","background-position":"center center","background-size":"auto","background-attachment":"scroll","background-type":"","background-media":"","overlay-type":"","overlay-color":"","overlay-opacity":"","overlay-gradient":""},"mobile":{"background-color":"","background-image":"","background-repeat":"repeat","background-position":"center center","background-size":"auto","background-attachment":"scroll","background-type":"","background-media":"","overlay-type":"","overlay-color":"","overlay-opacity":"","overlay-gradient":""}},"ast-content-background-meta":{"desktop":{"background-color":"var(--ast-global-color-5)","background-image":"","background-repeat":"repeat","background-position":"center center","background-size":"auto","background-attachment":"scroll","background-type":"","background-media":"","overlay-type":"","overlay-color":"","overlay-opacity":"","overlay-gradient":""},"tablet":{"background-color":"var(--ast-global-color-5)","background-image":"","background-repeat":"repeat","background-position":"center center","background-size":"auto","background-attachment":"scroll","background-type":"","background-media":"","overlay-type":"","overlay-color":"","overlay-opacity":"","overlay-gradient":""},"mobile":{"background-color":"var(--ast-global-color-5)","background-image":"","background-repeat":"repeat","background-position":"center center","background-size":"auto","background-attachment":"scroll","background-type":"","background-media":"","overlay-type":"","overlay-color":"","overlay-opacity":"","overlay-gradient":""}},"footnotes":""},"class_list":["post-7678","page","type-page","status-publish","hentry"],"post_mailing_queue_ids":[],"_links":{"self":[{"href":"https:\/\/agora.xtec.cat\/zerbaixcampsud\/wp-json\/wp\/v2\/pages\/7678","targetHints":{"allow":["GET"]}}],"collection":[{"href":"https:\/\/agora.xtec.cat\/zerbaixcampsud\/wp-json\/wp\/v2\/pages"}],"about":[{"href":"https:\/\/agora.xtec.cat\/zerbaixcampsud\/wp-json\/wp\/v2\/types\/page"}],"author":[{"embeddable":true,"href":"https:\/\/agora.xtec.cat\/zerbaixcampsud\/wp-json\/wp\/v2\/users\/9"}],"replies":[{"embeddable":true,"href":"https:\/\/agora.xtec.cat\/zerbaixcampsud\/wp-json\/wp\/v2\/comments?post=7678"}],"version-history":[{"count":3,"href":"https:\/\/agora.xtec.cat\/zerbaixcampsud\/wp-json\/wp\/v2\/pages\/7678\/revisions"}],"predecessor-version":[{"id":7682,"href":"https:\/\/agora.xtec.cat\/zerbaixcampsud\/wp-json\/wp\/v2\/pages\/7678\/revisions\/7682"}],"wp:attachment":[{"href":"https:\/\/agora.xtec.cat\/zerbaixcampsud\/wp-json\/wp\/v2\/media?parent=7678"}],"curies":[{"name":"wp","href":"https:\/\/api.w.org\/{rel}","templated":true}]}}