{"id":4732,"date":"2019-06-05T15:40:12","date_gmt":"2019-06-05T13:40:12","guid":{"rendered":"http:\/\/agora.xtec.cat\/zerbaixcampsud\/?page_id=4732"},"modified":"2022-02-20T12:08:01","modified_gmt":"2022-02-20T11:08:01","slug":"junts-i-juntes-per-leducacio","status":"publish","type":"page","link":"https:\/\/agora.xtec.cat\/zerbaixcampsud\/zer-baix-camp-sud\/junts-i-juntes-per-leducacio\/","title":{"rendered":"Junts i juntes per l&#8217;Educaci\u00f3"},"content":{"rendered":"<p>De vegades, moltes fam\u00edlies ens veiem desbordades pel dia a dia (feina, casa, nens\/es, etc) i en molts moments necessitem un cop de m\u00e0 de qui ens envolta.<\/p>\n<p>D&#8217;aqu\u00ed que un savi proverbi afric\u00e0 digui que: &#8221; PER EDUCAR UN INFANT FA FALTA TOTA LA TRIBU&#8221;.<\/p>\n<p>Fam\u00edlia, escola i societat s\u00f3n els tres pilars b\u00e0sics d&#8217;aquesta tribu sobre els qu\u00e8 els nostres fills i filles creixeran i esdevindran persones del futur.<\/p>\n<p>Us compartim un enlla\u00e7 d&#8217;una web amb recursos i estrat\u00e8gies per fer front als dubtes, conflictes, dificultats que el repte d&#8217;educar ens planteja cada dia.<\/p>\n<p><a style=\"font-family: inherit; font-size: 1em;\" href=\"http:\/\/familiaiescola.gencat.cat\/ca\/\">http:\/\/familiaiescola.gencat.cat\/ca\/<\/a><\/p>\n","protected":false},"excerpt":{"rendered":"<p>De vegades, moltes fam\u00edlies ens veiem desbordades pel dia a dia (feina, casa, nens\/es, etc) i en molts moments necessitem un cop de m\u00e0 de qui ens envolta. D&#8217;aqu\u00ed que un savi proverbi afric\u00e0 digui que: &#8221; PER EDUCAR UN INFANT FA FALTA TOTA LA TRIBU&#8221;. Fam\u00edlia, escola i societat s\u00f3n els tres pilars b\u00e0sics [&hellip;]<\/p>\n","protected":false},"author":11,"featured_media":0,"parent":264,"menu_order":41,"comment_status":"closed","ping_status":"closed","template":"page-templates\/side-menu.php","meta":{"_bbp_topic_count":0,"_bbp_reply_count":0,"_bbp_total_topic_count":0,"_bbp_total_reply_count":0,"_bbp_voice_count":0,"_bbp_anonymous_reply_count":0,"_bbp_topic_count_hidden":0,"_bbp_reply_count_hidden":0,"_bbp_forum_subforum_count":0,"site-sidebar-layout":"default","site-content-layout":"","ast-site-content-layout":"","site-content-style":"default","site-sidebar-style":"default","ast-global-header-display":"","ast-banner-title-visibility":"","ast-main-header-display":"","ast-hfb-above-header-display":"","ast-hfb-below-header-display":"","ast-hfb-mobile-header-display":"","site-post-title":"","ast-breadcrumbs-content":"","ast-featured-img":"","footer-sml-layout":"","theme-transparent-header-meta":"","adv-header-id-meta":"","stick-header-meta":"","header-above-stick-meta":"","header-main-stick-meta":"","header-below-stick-meta":"","astra-migrate-meta-layouts":"default","ast-page-background-enabled":"default","ast-page-background-meta":{"desktop":{"background-color":"var(--ast-global-color-4)","background-image":"","background-repeat":"repeat","background-position":"center center","background-size":"auto","background-attachment":"scroll","background-type":"","background-media":"","overlay-type":"","overlay-color":"","overlay-opacity":"","overlay-gradient":""},"tablet":{"background-color":"","background-image":"","background-repeat":"repeat","background-position":"center center","background-size":"auto","background-attachment":"scroll","background-type":"","background-media":"","overlay-type":"","overlay-color":"","overlay-opacity":"","overlay-gradient":""},"mobile":{"background-color":"","background-image":"","background-repeat":"repeat","background-position":"center center","background-size":"auto","background-attachment":"scroll","background-type":"","background-media":"","overlay-type":"","overlay-color":"","overlay-opacity":"","overlay-gradient":""}},"ast-content-background-meta":{"desktop":{"background-color":"var(--ast-global-color-5)","background-image":"","background-repeat":"repeat","background-position":"center center","background-size":"auto","background-attachment":"scroll","background-type":"","background-media":"","overlay-type":"","overlay-color":"","overlay-opacity":"","overlay-gradient":""},"tablet":{"background-color":"var(--ast-global-color-5)","background-image":"","background-repeat":"repeat","background-position":"center center","background-size":"auto","background-attachment":"scroll","background-type":"","background-media":"","overlay-type":"","overlay-color":"","overlay-opacity":"","overlay-gradient":""},"mobile":{"background-color":"var(--ast-global-color-5)","background-image":"","background-repeat":"repeat","background-position":"center center","background-size":"auto","background-attachment":"scroll","background-type":"","background-media":"","overlay-type":"","overlay-color":"","overlay-opacity":"","overlay-gradient":""}},"footnotes":""},"class_list":["post-4732","page","type-page","status-publish","hentry"],"post_mailing_queue_ids":[],"_links":{"self":[{"href":"https:\/\/agora.xtec.cat\/zerbaixcampsud\/wp-json\/wp\/v2\/pages\/4732","targetHints":{"allow":["GET"]}}],"collection":[{"href":"https:\/\/agora.xtec.cat\/zerbaixcampsud\/wp-json\/wp\/v2\/pages"}],"about":[{"href":"https:\/\/agora.xtec.cat\/zerbaixcampsud\/wp-json\/wp\/v2\/types\/page"}],"author":[{"embeddable":true,"href":"https:\/\/agora.xtec.cat\/zerbaixcampsud\/wp-json\/wp\/v2\/users\/11"}],"replies":[{"embeddable":true,"href":"https:\/\/agora.xtec.cat\/zerbaixcampsud\/wp-json\/wp\/v2\/comments?post=4732"}],"version-history":[{"count":4,"href":"https:\/\/agora.xtec.cat\/zerbaixcampsud\/wp-json\/wp\/v2\/pages\/4732\/revisions"}],"predecessor-version":[{"id":7612,"href":"https:\/\/agora.xtec.cat\/zerbaixcampsud\/wp-json\/wp\/v2\/pages\/4732\/revisions\/7612"}],"up":[{"embeddable":true,"href":"https:\/\/agora.xtec.cat\/zerbaixcampsud\/wp-json\/wp\/v2\/pages\/264"}],"wp:attachment":[{"href":"https:\/\/agora.xtec.cat\/zerbaixcampsud\/wp-json\/wp\/v2\/media?parent=4732"}],"curies":[{"name":"wp","href":"https:\/\/api.w.org\/{rel}","templated":true}]}}