{"id":349,"date":"2015-07-21T15:43:29","date_gmt":"2015-07-21T14:43:29","guid":{"rendered":"http:\/\/agora.xtec.cat\/zerbaixcampsud\/?page_id=349"},"modified":"2022-02-20T12:56:12","modified_gmt":"2022-02-20T11:56:12","slug":"projecte-apadrina","status":"publish","type":"page","link":"https:\/\/agora.xtec.cat\/zerbaixcampsud\/projecte-apadrina\/","title":{"rendered":"Projecte &#8220;Apadrina&#8221;"},"content":{"rendered":"<p style=\"text-align: justify;\">Des del curs 2015\/16, l&#8217;alumnat m\u00e9s gran de la ZER est\u00e0 vinculat al projecte &#8220;APADRINEM EL NOSTRE PATRIMONI&#8221; i va triat l&#8217;estudi del<span style=\"color: #000000; background-color: #ffffff;\"> <span style=\"text-decoration: underline;\"><strong>Castell d&#8217;Escornalbou<\/strong><\/span>.<\/span><\/p>\n<p style=\"text-align: justify;\">El programa Apadrinem el nostre patrimoni es basa en la idea de l\u2019apadrinament d\u2019un element del patrimoni monumental, cultural immaterial o natural, per part d\u2019un centre educatiu. El centre educatiu\u00a0ha d&#8217;incloure l\u2019estudi d\u2019un element patrimonial del seu entorn en el seu Projecte Educatiu de Centre.<\/p>\n<p style=\"text-align: justify;\">El coneixement del patrimoni local \u00e9s important per fomentar la implicaci\u00f3 dels nens i nenes en el territori i la societat i per promoure l\u2019exercici d\u2019una ciutadania cr\u00edtica i responsable.<\/p>\n<p>El projecte des d\u2019un punt de vista pedag\u00f2gic, facilita que l\u2019alumnat assoleixi les compet\u00e8ncies b\u00e0siques del coneixement art\u00edstic, social, cultural, cient\u00edfic i hist\u00f2ric, en promoure la utilitzaci\u00f3, per part del professorat, d\u2019una metodologia activa, en la qual l\u2019alumne \u00e9s el protagonista del seu propi proc\u00e9s d\u2019aprenentatge.<\/p>\n<p><span style=\"text-decoration: underline; color: #ff6600;\"><span style=\"background-color: #ffffff;\"><strong>CURS 2015\/16<\/strong><\/span><\/span><\/p>\n<ol>\n<li><strong>TROBADA DE LA ZER AL CASTELL MONESTIR DE SANT MIQUEL D&#8217;ESCORNALBOU<\/strong><\/li>\n<\/ol>\n<p><a href=\"https:\/\/youtu.be\/KC4ED3D28UU\" target=\"_blank\" rel=\"noopener\"><strong><span style=\"color: #3366ff;\">IMATGES 1<\/span><\/strong><\/a><\/p>\n<p><a href=\"https:\/\/youtu.be\/UiatIg-GOUo\" target=\"_blank\" rel=\"noopener\"><strong><span style=\"color: #3366ff;\">IMATGES 2<\/span><\/strong><\/a><\/p>\n<ol>\n<li><strong>SETMANA CULTURAL<\/strong><\/li>\n<\/ol>\n<p><strong><span style=\"color: #3366ff;\">IMATGES<\/span><\/strong><\/p>\n<p><span style=\"text-decoration: underline; color: #ff6600;\"><strong>CURS 2016\/17<\/strong><\/span><\/p>\n<ol>\n<li><strong>TREBALLEM A L&#8217;ESCOLA<\/strong><\/li>\n<\/ol>\n<p><span style=\"color: #3366ff;\"><strong>\u00a0\u00a0\u00a0\u00a0\u00a0 RECERCA D&#8217;INFORMACI\u00d3<\/strong> <\/span><\/p>\n<p style=\"text-align: left;\"><span style=\"color: #3366ff;\"><strong><a style=\"color: #3366ff;\" href=\"https:\/\/drive.google.com\/file\/d\/0B1mVj8mkTh1vVHRrMDh0SFp4U1E\/view?usp=sharing\" target=\"_blank\" rel=\"noopener\">\u00a0\u00a0\u00a0\u00a0\u00a0 VIDA DE L&#8217;EDUARD TODA<\/a><\/strong><\/span><\/p>\n<p style=\"text-align: left;\"><span style=\"color: #3366ff;\"><a style=\"color: #3366ff;\" href=\"https:\/\/drive.google.com\/file\/d\/0B1mVj8mkTh1vZ3d0RzlhelpMLWc\/view?usp=sharing\" target=\"_blank\" rel=\"noopener\"><strong>\u00a0\u00a0\u00a0\u00a0\u00a0 PRESENTACI\u00d3 DE DIAPOSITIVES EDUARD TODA<\/strong><\/a><\/span><\/p>\n<p style=\"text-align: left;\"><span style=\"color: #3366ff;\"><a style=\"color: #3366ff;\" href=\"https:\/\/drive.google.com\/file\/d\/0B1mVj8mkTh1vc0VKemY3YTNLd0k\/view?usp=sharing\" target=\"_blank\" rel=\"noopener\"><strong>\u00a0\u00a0\u00a0\u00a0\u00a0 PRESENTACI\u00d3 DE DIAPOSITIVES EL CASTELL MO<\/strong><strong>NESTIR DE SANT MIQUEL D&#8217;ESCORNALBOU<\/strong><\/a><\/span><\/p>\n<p style=\"text-align: left;\"><strong>\u00a02. FEM UNA CONFER\u00c8NCIA OBERTA AL TOT EL POBLE<\/strong><\/p>\n<p style=\"text-align: left;\"><span style=\"color: #3366ff;\"><a style=\"color: #3366ff;\" href=\"https:\/\/drive.google.com\/file\/d\/0B1mVj8mkTh1vaG05R1Jrb2NxaDg\/view?usp=sharing\" target=\"_blank\" rel=\"noopener\"><strong>\u00a0\u00a0\u00a0\u00a0\u00a0 INFORMACI\u00d3<\/strong><\/a><\/span><\/p>\n<p style=\"text-align: left;\"><span style=\"color: #3366ff;\"><strong>\u00a0\u00a0\u00a0\u00a0<a href=\"https:\/\/youtu.be\/E73LP7tQYaA\" target=\"_blank\" rel=\"noopener\">\u00a0 V\u00cdDEO DE LA CONFER\u00c8NCIA PRIMERA PART<\/a><\/strong><\/span><\/p>\n<p style=\"text-align: left;\"><strong>\u00a0 \u00a0 \u00a0<a href=\"https:\/\/youtu.be\/bKi-KIZHPxE\" target=\"_blank\" rel=\"noopener\"><span style=\"color: #3366ff;\"> V\u00cdDEO DE LA CONFER\u00c8NCIA SEGONA PART<\/span><\/a><\/strong><\/p>\n<p style=\"text-align: left;\"><strong>3. VISITEM EL CASTELL<\/strong><\/p>\n<p style=\"text-align: left;\"><strong>4. FEM UN JOC DE PERSONATGES<\/strong><\/p>\n","protected":false},"excerpt":{"rendered":"<p>Des del curs 2015\/16, l&#8217;alumnat m\u00e9s gran de la ZER est\u00e0 vinculat al projecte &#8220;APADRINEM EL NOSTRE PATRIMONI&#8221; i va triat l&#8217;estudi del Castell d&#8217;Escornalbou. El programa Apadrinem el nostre patrimoni es basa en la idea de l\u2019apadrinament d\u2019un element del patrimoni monumental, cultural immaterial o natural, per part d\u2019un centre educatiu. El centre educatiu\u00a0ha [&hellip;]<\/p>\n","protected":false},"author":2,"featured_media":0,"parent":0,"menu_order":0,"comment_status":"closed","ping_status":"closed","template":"","meta":{"_bbp_topic_count":0,"_bbp_reply_count":0,"_bbp_total_topic_count":0,"_bbp_total_reply_count":0,"_bbp_voice_count":0,"_bbp_anonymous_reply_count":0,"_bbp_topic_count_hidden":0,"_bbp_reply_count_hidden":0,"_bbp_forum_subforum_count":0,"site-sidebar-layout":"default","site-content-layout":"","ast-site-content-layout":"","site-content-style":"default","site-sidebar-style":"default","ast-global-header-display":"","ast-banner-title-visibility":"","ast-main-header-display":"","ast-hfb-above-header-display":"","ast-hfb-below-header-display":"","ast-hfb-mobile-header-display":"","site-post-title":"","ast-breadcrumbs-content":"","ast-featured-img":"","footer-sml-layout":"","theme-transparent-header-meta":"","adv-header-id-meta":"","stick-header-meta":"","header-above-stick-meta":"","header-main-stick-meta":"","header-below-stick-meta":"","astra-migrate-meta-layouts":"default","ast-page-background-enabled":"default","ast-page-background-meta":{"desktop":{"background-color":"var(--ast-global-color-4)","background-image":"","background-repeat":"repeat","background-position":"center center","background-size":"auto","background-attachment":"scroll","background-type":"","background-media":"","overlay-type":"","overlay-color":"","overlay-opacity":"","overlay-gradient":""},"tablet":{"background-color":"","background-image":"","background-repeat":"repeat","background-position":"center center","background-size":"auto","background-attachment":"scroll","background-type":"","background-media":"","overlay-type":"","overlay-color":"","overlay-opacity":"","overlay-gradient":""},"mobile":{"background-color":"","background-image":"","background-repeat":"repeat","background-position":"center center","background-size":"auto","background-attachment":"scroll","background-type":"","background-media":"","overlay-type":"","overlay-color":"","overlay-opacity":"","overlay-gradient":""}},"ast-content-background-meta":{"desktop":{"background-color":"var(--ast-global-color-5)","background-image":"","background-repeat":"repeat","background-position":"center center","background-size":"auto","background-attachment":"scroll","background-type":"","background-media":"","overlay-type":"","overlay-color":"","overlay-opacity":"","overlay-gradient":""},"tablet":{"background-color":"var(--ast-global-color-5)","background-image":"","background-repeat":"repeat","background-position":"center center","background-size":"auto","background-attachment":"scroll","background-type":"","background-media":"","overlay-type":"","overlay-color":"","overlay-opacity":"","overlay-gradient":""},"mobile":{"background-color":"var(--ast-global-color-5)","background-image":"","background-repeat":"repeat","background-position":"center center","background-size":"auto","background-attachment":"scroll","background-type":"","background-media":"","overlay-type":"","overlay-color":"","overlay-opacity":"","overlay-gradient":""}},"footnotes":""},"class_list":["post-349","page","type-page","status-publish","hentry"],"post_mailing_queue_ids":[],"_links":{"self":[{"href":"https:\/\/agora.xtec.cat\/zerbaixcampsud\/wp-json\/wp\/v2\/pages\/349","targetHints":{"allow":["GET"]}}],"collection":[{"href":"https:\/\/agora.xtec.cat\/zerbaixcampsud\/wp-json\/wp\/v2\/pages"}],"about":[{"href":"https:\/\/agora.xtec.cat\/zerbaixcampsud\/wp-json\/wp\/v2\/types\/page"}],"author":[{"embeddable":true,"href":"https:\/\/agora.xtec.cat\/zerbaixcampsud\/wp-json\/wp\/v2\/users\/2"}],"replies":[{"embeddable":true,"href":"https:\/\/agora.xtec.cat\/zerbaixcampsud\/wp-json\/wp\/v2\/comments?post=349"}],"version-history":[{"count":6,"href":"https:\/\/agora.xtec.cat\/zerbaixcampsud\/wp-json\/wp\/v2\/pages\/349\/revisions"}],"predecessor-version":[{"id":7456,"href":"https:\/\/agora.xtec.cat\/zerbaixcampsud\/wp-json\/wp\/v2\/pages\/349\/revisions\/7456"}],"wp:attachment":[{"href":"https:\/\/agora.xtec.cat\/zerbaixcampsud\/wp-json\/wp\/v2\/media?parent=349"}],"curies":[{"name":"wp","href":"https:\/\/api.w.org\/{rel}","templated":true}]}}