{"id":317,"date":"2015-07-21T08:41:17","date_gmt":"2015-07-21T07:41:17","guid":{"rendered":"http:\/\/agora.xtec.cat\/zerbaixcampsud\/?page_id=317"},"modified":"2023-09-21T08:58:15","modified_gmt":"2023-09-21T06:58:15","slug":"projecte-educatiu","status":"publish","type":"page","link":"https:\/\/agora.xtec.cat\/zerbaixcampsud\/zer-baix-camp-sud\/projecte-educatiu\/","title":{"rendered":"Documentaci\u00f3"},"content":{"rendered":"<p><a href=\"https:\/\/drive.google.com\/file\/d\/1FKc7zISaChaGVJw1f4t8cdDEmIdYKmFD\/view?usp=sharing\" target=\"_blank\" rel=\"noopener noreferrer\">PEZ- Projecte Educatiu de la Zer<\/a><\/p>\n<p><a href=\"https:\/\/drive.google.com\/file\/d\/1E7IAfH7vymJR-hgn2cvLVyMCNsTA6O3P\/view?usp=share_link\">PLZ &#8211; Projecte Ling\u00fc\u00edstic de la Zer (23-02-2023)<\/a><\/p>\n<p><a href=\"https:\/\/drive.google.com\/file\/d\/1NRo9avFDxheMEeU-fSY7MrYNaELrDa-1\/view?usp=sharing\">CARTA DE COMPROM\u00cdS EDUCATIU<\/a><\/p>\n<p><a href=\"https:\/\/drive.google.com\/file\/d\/1YIsiiigpo_keUJXtdefcR4MKqz3rmcjG\/view?usp=sharing\" target=\"_blank\" rel=\"noopener noreferrer\">NOFC &#8211; Normes d&#8217;Organitzaci\u00f3 i Funcionament del Centre<\/a><\/p>\n<p><a href=\"https:\/\/drive.google.com\/file\/d\/15uI_PoV3AdYVMfVo_p8mHDIMMmMXum5y\/view?usp=sharing\">POCAT &#8211; Pla d&#8217;Organitzaci\u00f3 de Centre per Altes Temperatures (14-06-2023)<\/a><\/p>\n<p>&nbsp;<\/p>\n<p>&nbsp;<\/p>\n","protected":false},"excerpt":{"rendered":"<p>PEZ- Projecte Educatiu de la Zer PLZ &#8211; Projecte Ling\u00fc\u00edstic de la Zer (23-02-2023) CARTA DE COMPROM\u00cdS EDUCATIU NOFC &#8211; Normes d&#8217;Organitzaci\u00f3 i Funcionament del Centre POCAT &#8211; Pla d&#8217;Organitzaci\u00f3 de Centre per Altes Temperatures (14-06-2023) &nbsp; &nbsp;<\/p>\n","protected":false},"author":2,"featured_media":0,"parent":264,"menu_order":50,"comment_status":"closed","ping_status":"closed","template":"page-templates\/side-menu.php","meta":{"_bbp_topic_count":0,"_bbp_reply_count":0,"_bbp_total_topic_count":0,"_bbp_total_reply_count":0,"_bbp_voice_count":0,"_bbp_anonymous_reply_count":0,"_bbp_topic_count_hidden":0,"_bbp_reply_count_hidden":0,"_bbp_forum_subforum_count":0,"site-sidebar-layout":"default","site-content-layout":"","ast-site-content-layout":"","site-content-style":"default","site-sidebar-style":"default","ast-global-header-display":"","ast-banner-title-visibility":"","ast-main-header-display":"","ast-hfb-above-header-display":"","ast-hfb-below-header-display":"","ast-hfb-mobile-header-display":"","site-post-title":"","ast-breadcrumbs-content":"","ast-featured-img":"","footer-sml-layout":"","theme-transparent-header-meta":"","adv-header-id-meta":"","stick-header-meta":"","header-above-stick-meta":"","header-main-stick-meta":"","header-below-stick-meta":"","astra-migrate-meta-layouts":"default","ast-page-background-enabled":"default","ast-page-background-meta":{"desktop":{"background-color":"var(--ast-global-color-4)","background-image":"","background-repeat":"repeat","background-position":"center center","background-size":"auto","background-attachment":"scroll","background-type":"","background-media":"","overlay-type":"","overlay-color":"","overlay-opacity":"","overlay-gradient":""},"tablet":{"background-color":"","background-image":"","background-repeat":"repeat","background-position":"center center","background-size":"auto","background-attachment":"scroll","background-type":"","background-media":"","overlay-type":"","overlay-color":"","overlay-opacity":"","overlay-gradient":""},"mobile":{"background-color":"","background-image":"","background-repeat":"repeat","background-position":"center center","background-size":"auto","background-attachment":"scroll","background-type":"","background-media":"","overlay-type":"","overlay-color":"","overlay-opacity":"","overlay-gradient":""}},"ast-content-background-meta":{"desktop":{"background-color":"var(--ast-global-color-5)","background-image":"","background-repeat":"repeat","background-position":"center center","background-size":"auto","background-attachment":"scroll","background-type":"","background-media":"","overlay-type":"","overlay-color":"","overlay-opacity":"","overlay-gradient":""},"tablet":{"background-color":"var(--ast-global-color-5)","background-image":"","background-repeat":"repeat","background-position":"center center","background-size":"auto","background-attachment":"scroll","background-type":"","background-media":"","overlay-type":"","overlay-color":"","overlay-opacity":"","overlay-gradient":""},"mobile":{"background-color":"var(--ast-global-color-5)","background-image":"","background-repeat":"repeat","background-position":"center center","background-size":"auto","background-attachment":"scroll","background-type":"","background-media":"","overlay-type":"","overlay-color":"","overlay-opacity":"","overlay-gradient":""}},"footnotes":""},"class_list":["post-317","page","type-page","status-publish","hentry"],"post_mailing_queue_ids":[],"_links":{"self":[{"href":"https:\/\/agora.xtec.cat\/zerbaixcampsud\/wp-json\/wp\/v2\/pages\/317","targetHints":{"allow":["GET"]}}],"collection":[{"href":"https:\/\/agora.xtec.cat\/zerbaixcampsud\/wp-json\/wp\/v2\/pages"}],"about":[{"href":"https:\/\/agora.xtec.cat\/zerbaixcampsud\/wp-json\/wp\/v2\/types\/page"}],"author":[{"embeddable":true,"href":"https:\/\/agora.xtec.cat\/zerbaixcampsud\/wp-json\/wp\/v2\/users\/2"}],"replies":[{"embeddable":true,"href":"https:\/\/agora.xtec.cat\/zerbaixcampsud\/wp-json\/wp\/v2\/comments?post=317"}],"version-history":[{"count":5,"href":"https:\/\/agora.xtec.cat\/zerbaixcampsud\/wp-json\/wp\/v2\/pages\/317\/revisions"}],"predecessor-version":[{"id":8877,"href":"https:\/\/agora.xtec.cat\/zerbaixcampsud\/wp-json\/wp\/v2\/pages\/317\/revisions\/8877"}],"up":[{"embeddable":true,"href":"https:\/\/agora.xtec.cat\/zerbaixcampsud\/wp-json\/wp\/v2\/pages\/264"}],"wp:attachment":[{"href":"https:\/\/agora.xtec.cat\/zerbaixcampsud\/wp-json\/wp\/v2\/media?parent=317"}],"curies":[{"name":"wp","href":"https:\/\/api.w.org\/{rel}","templated":true}]}}