{"id":2846,"date":"2017-10-09T13:57:53","date_gmt":"2017-10-09T11:57:53","guid":{"rendered":"http:\/\/agora.xtec.cat\/zerbaixcampsud\/?page_id=2846"},"modified":"2022-02-20T18:33:52","modified_gmt":"2022-02-20T17:33:52","slug":"banc-del-temps-de-vilanova-descornalbou","status":"publish","type":"page","link":"https:\/\/agora.xtec.cat\/zerbaixcampsud\/e-verda\/banc-del-temps-de-vilanova-descornalbou\/","title":{"rendered":"Banc del temps de Vilanova d&#8217;Escornalbou"},"content":{"rendered":"<p>Des del curs 16\/17 que el Comit\u00e8 d&#8217;Escola Verda de l&#8217;escola estem pensant en posar en funcionament un <strong>Banc de Temps<\/strong>. I el curs 17\/18 va ser una realitat. Ja han comen\u00e7at els intercanvis de temps: costura, inform\u00e0tica, atenci\u00f3 als infants&#8230;<\/p>\n<p><strong>Per qu\u00e8 un banc del temps?<\/strong> Volem que l&#8217;escola sigui un espai de promoci\u00f3 de valors com la solidaritat, la cooperaci\u00f3, l&#8217;altruisme, la confian\u00e7a, el comprom\u00eds&#8230; Hem cregut que una manera de promoure&#8217;ls \u00e9s la participaci\u00f3 en aquesta activitat que permet de manera volunt\u00e0ria compartir coneixements, fer comunitat, crear amistats i xarxa en el poble.<\/p>\n<p><strong>Qu\u00e8 \u00e9s un banc de temps?<\/strong> El Banc del Temps \u00e9s un projecte que funciona sense \u00e0nim de lucre i t\u00e9 com a finalitat promoure l\u2019intercanvi de temps entre persones residents en el municipi de Vilanova d\u2019Escornalbou, per tal de donar, rebre i compartir habilitats, coneixements i serveis puntuals.<\/p>\n<p><em>\u00a0\u00a0\u00a0\u00a0\u00a0\u00a0\u00a0\u00a0\u00a0\u00a0\u00a0\u00a0\u00a0\u00a0\u00a0\u00a0\u00a0\u00a0\u00a0\u00a0\u00a0\u00a0\u00a0\u00a0\u00a0\u00a0\u00a0<a href=\"https:\/\/drive.google.com\/file\/d\/0ByWlYvetr-s9cE9kel9UM1dhWGc\/view?usp=sharing\" target=\"_blank\" rel=\"noopener noreferrer\"><span style=\"color: #ff6600;\"> Normativa del banc de temps de Vilanova d&#8217;Escornalbou<\/span> <\/a><\/em><\/p>\n<p><em>\u00a0\u00a0\u00a0\u00a0\u00a0\u00a0\u00a0\u00a0\u00a0\u00a0\u00a0\u00a0\u00a0\u00a0\u00a0\u00a0\u00a0\u00a0\u00a0\u00a0\u00a0\u00a0\u00a0\u00a0\u00a0\u00a0<span style=\"color: #ff6600;\">\u00a0 <a style=\"color: #ff6600;\" href=\"https:\/\/drive.google.com\/file\/d\/0ByWlYvetr-s9cHJjUDktWllpNDA\/view?usp=sharing\" target=\"_blank\" rel=\"noopener noreferrer\">D\u00edptic informatiu<\/a><\/span><\/em><\/p>\n<p><a href=\"https:\/\/drive.google.com\/file\/d\/0ByWlYvetr-s9ZjVCek56ZmVBTDA\/view?usp=sharing\" target=\"_blank\" rel=\"noopener noreferrer\">\u00a0\u00a0\u00a0\u00a0\u00a0\u00a0\u00a0\u00a0\u00a0\u00a0\u00a0\u00a0\u00a0\u00a0\u00a0\u00a0\u00a0\u00a0\u00a0\u00a0\u00a0\u00a0\u00a0\u00a0\u00a0\u00a0\u00a0 <span style=\"color: #ff6600;\"><em>D\u00edptic informatiu per imprimir<\/em><\/span><\/a><\/p>\n<p><strong>Com sumar-se a la iniciativa?<\/strong> Cal omplir aquesta <a href=\"https:\/\/drive.google.com\/file\/d\/0ByWlYvetr-s9d0doSWFVVVNWVkU\/view?usp=sharing\" target=\"_blank\" rel=\"noopener noreferrer\"><span style=\"color: #ff6600;\"><em>fitxa<\/em><\/span><\/a> i retornar-la presencialment a l&#8217;escola o a la llar de jubilats en els horaris que a sota s&#8217;exposen o per correu electr\u00f2nic a l&#8217;adre\u00e7a <a href=\"mailto:banctempsve@gmail.com\" target=\"_blank\" rel=\"noopener noreferrer\">banctempsve@gmail.com<\/a>.<\/p>\n<h3><span style=\"color: #99cc00;\">OFERTES ACTUALS DEL BANC DEL TEMPS:<\/span><\/h3>\n<h6><span style=\"color: #99cc00;\">&#8211; Assessorament energ\u00e8tic<\/span><\/h6>\n<p><strong><span style=\"color: #99cc00;\">&#8211; Costura<\/span><\/strong><\/p>\n<p><strong><span style=\"color: #99cc00;\">&#8211; Atenci\u00f3 als infants<\/span><\/strong><\/p>\n<p><strong><span style=\"color: #99cc00;\">&#8211; Visites a casa<\/span><\/strong><\/p>\n<p><strong><span style=\"color: #99cc00;\">&#8211; Realitzaci\u00f3 de trucades telef\u00f2niques<\/span><\/strong><\/p>\n<p><span style=\"color: #99cc00;\"><strong>&#8211; Ofim\u00e0tica: office, infografier, mac, pc, internet<\/strong><\/span><\/p>\n<p><span style=\"color: #99cc00;\"><strong>&#8211; Fotografia: composici\u00f3, edici\u00f3<\/strong><\/span><\/p>\n<p><span style=\"color: #99cc00;\"><strong>&#8211; Coaching<\/strong><\/span><\/p>\n<p><span style=\"color: #99cc00;\"><strong>&#8211; Cangur<\/strong><\/span><\/p>\n<p><span style=\"color: #99cc00;\"><strong>&#8211; Inform\u00e0tica per gent gran<\/strong><\/span><\/p>\n<p><strong><span style=\"color: #99cc00;\">&#8211; Gestions telem\u00e0tiques i aplicacions<\/span><\/strong><\/p>\n<h3><span style=\"color: #99cc00;\"><strong>DEMANDES ACTUALS AL BANC DE TEMPS<\/strong><\/span><\/h3>\n<p><span style=\"color: #99cc00;\"><strong>&#8211; Inform\u00e0tica<\/strong><\/span><\/p>\n<p><strong><span style=\"color: #99cc00;\">&#8211; Mec\u00e0nic de moto<\/span><\/strong><\/p>\n<p><span style=\"color: #99cc00;\"><strong>&#8211; Oficis: fusteria, paleteria<\/strong><\/span><\/p>\n<p><span style=\"color: #99cc00;\"><strong>&#8211; Classes d&#8217;angl\u00e8s<\/strong><\/span><\/p>\n<p><span style=\"color: #99cc00;\"><strong>&#8211; Costura<\/strong><\/span><\/p>\n<p><strong><span style=\"color: #99cc00;\">&#8211; Neteja de la llar<\/span><\/strong><\/p>\n<p>HORARI DEL BANC DEL TEMPS VE:<br \/>\nDivendres de 11:30 a 12:00 al local dels Jubilats<br \/>\nDilluns de 16:30 a 17:00 a l\u2019escola Font de l\u2019Arc<br \/>\nbanctempsve@gmail.com<\/p>\n<p><a href=\"http:\/\/agora.xtec.cat\/zerbaixcampsud\/wp-content\/uploads\/usu513\/2017\/10\/logo.jpg\"><img loading=\"lazy\" decoding=\"async\" class=\"alignnone size-full wp-image-2848\" src=\"http:\/\/agora.xtec.cat\/zerbaixcampsud\/wp-content\/uploads\/usu513\/2017\/10\/logo.jpg\" alt=\"\" width=\"504\" height=\"184\" srcset=\"https:\/\/agora.xtec.cat\/zerbaixcampsud\/wp-content\/uploads\/usu513\/2017\/10\/logo.jpg 504w, https:\/\/agora.xtec.cat\/zerbaixcampsud\/wp-content\/uploads\/usu513\/2017\/10\/logo-300x110.jpg 300w\" sizes=\"auto, (max-width: 504px) 100vw, 504px\" \/><\/a><\/p>\n<p>&nbsp;<\/p>\n","protected":false},"excerpt":{"rendered":"<p>Des del curs 16\/17 que el Comit\u00e8 d&#8217;Escola Verda de l&#8217;escola estem pensant en posar en funcionament un Banc de Temps. I el curs 17\/18 va ser una realitat. Ja han comen\u00e7at els intercanvis de temps: costura, inform\u00e0tica, atenci\u00f3 als infants&#8230; Per qu\u00e8 un banc del temps? Volem que l&#8217;escola sigui un espai de promoci\u00f3 [&hellip;]<\/p>\n","protected":false},"author":6,"featured_media":0,"parent":319,"menu_order":0,"comment_status":"closed","ping_status":"closed","template":"","meta":{"_bbp_topic_count":0,"_bbp_reply_count":0,"_bbp_total_topic_count":0,"_bbp_total_reply_count":0,"_bbp_voice_count":0,"_bbp_anonymous_reply_count":0,"_bbp_topic_count_hidden":0,"_bbp_reply_count_hidden":0,"_bbp_forum_subforum_count":0,"site-sidebar-layout":"default","site-content-layout":"","ast-site-content-layout":"","site-content-style":"default","site-sidebar-style":"default","ast-global-header-display":"","ast-banner-title-visibility":"","ast-main-header-display":"","ast-hfb-above-header-display":"","ast-hfb-below-header-display":"","ast-hfb-mobile-header-display":"","site-post-title":"","ast-breadcrumbs-content":"","ast-featured-img":"","footer-sml-layout":"","theme-transparent-header-meta":"","adv-header-id-meta":"","stick-header-meta":"","header-above-stick-meta":"","header-main-stick-meta":"","header-below-stick-meta":"","astra-migrate-meta-layouts":"default","ast-page-background-enabled":"default","ast-page-background-meta":{"desktop":{"background-color":"var(--ast-global-color-4)","background-image":"","background-repeat":"repeat","background-position":"center center","background-size":"auto","background-attachment":"scroll","background-type":"","background-media":"","overlay-type":"","overlay-color":"","overlay-opacity":"","overlay-gradient":""},"tablet":{"background-color":"","background-image":"","background-repeat":"repeat","background-position":"center center","background-size":"auto","background-attachment":"scroll","background-type":"","background-media":"","overlay-type":"","overlay-color":"","overlay-opacity":"","overlay-gradient":""},"mobile":{"background-color":"","background-image":"","background-repeat":"repeat","background-position":"center center","background-size":"auto","background-attachment":"scroll","background-type":"","background-media":"","overlay-type":"","overlay-color":"","overlay-opacity":"","overlay-gradient":""}},"ast-content-background-meta":{"desktop":{"background-color":"var(--ast-global-color-5)","background-image":"","background-repeat":"repeat","background-position":"center center","background-size":"auto","background-attachment":"scroll","background-type":"","background-media":"","overlay-type":"","overlay-color":"","overlay-opacity":"","overlay-gradient":""},"tablet":{"background-color":"var(--ast-global-color-5)","background-image":"","background-repeat":"repeat","background-position":"center center","background-size":"auto","background-attachment":"scroll","background-type":"","background-media":"","overlay-type":"","overlay-color":"","overlay-opacity":"","overlay-gradient":""},"mobile":{"background-color":"var(--ast-global-color-5)","background-image":"","background-repeat":"repeat","background-position":"center center","background-size":"auto","background-attachment":"scroll","background-type":"","background-media":"","overlay-type":"","overlay-color":"","overlay-opacity":"","overlay-gradient":""}},"footnotes":""},"class_list":["post-2846","page","type-page","status-publish","hentry"],"post_mailing_queue_ids":[],"_links":{"self":[{"href":"https:\/\/agora.xtec.cat\/zerbaixcampsud\/wp-json\/wp\/v2\/pages\/2846","targetHints":{"allow":["GET"]}}],"collection":[{"href":"https:\/\/agora.xtec.cat\/zerbaixcampsud\/wp-json\/wp\/v2\/pages"}],"about":[{"href":"https:\/\/agora.xtec.cat\/zerbaixcampsud\/wp-json\/wp\/v2\/types\/page"}],"author":[{"embeddable":true,"href":"https:\/\/agora.xtec.cat\/zerbaixcampsud\/wp-json\/wp\/v2\/users\/6"}],"replies":[{"embeddable":true,"href":"https:\/\/agora.xtec.cat\/zerbaixcampsud\/wp-json\/wp\/v2\/comments?post=2846"}],"version-history":[{"count":3,"href":"https:\/\/agora.xtec.cat\/zerbaixcampsud\/wp-json\/wp\/v2\/pages\/2846\/revisions"}],"predecessor-version":[{"id":4283,"href":"https:\/\/agora.xtec.cat\/zerbaixcampsud\/wp-json\/wp\/v2\/pages\/2846\/revisions\/4283"}],"up":[{"embeddable":true,"href":"https:\/\/agora.xtec.cat\/zerbaixcampsud\/wp-json\/wp\/v2\/pages\/319"}],"wp:attachment":[{"href":"https:\/\/agora.xtec.cat\/zerbaixcampsud\/wp-json\/wp\/v2\/media?parent=2846"}],"curies":[{"name":"wp","href":"https:\/\/api.w.org\/{rel}","templated":true}]}}