{"id":268,"date":"2015-07-20T13:09:24","date_gmt":"2015-07-20T12:09:24","guid":{"rendered":"http:\/\/agora.xtec.cat\/zerbaixcampsud\/?page_id=268"},"modified":"2023-11-20T19:38:26","modified_gmt":"2023-11-20T18:38:26","slug":"escolapuigmari","status":"publish","type":"page","link":"https:\/\/agora.xtec.cat\/zerbaixcampsud\/escolapuigmari\/","title":{"rendered":"Escola Puigmar\u00ed"},"content":{"rendered":"<p>La nostra escola est\u00e0 formada per un grup de mestres, pares, mares i alumnes que treballem per un ensenyament actiu, igualitari i integrador.\u00a0El nostre objectiu \u00e9s formar nenes i nens aut\u00f2noms i cr\u00edtics.<\/p>\n<p>A la nostra escola s\u2019hi pot estudiar\u00a0<strong>Educaci\u00f3 Infantil i Prim\u00e0ria<\/strong>.\u00a0Tenim\u00a0<strong>dues aules<\/strong>, aix\u00f2 vol dir que en una mateixa classe hi ha\u00a0 m\u00e9s d\u2019un nivell.\u00a0 Aquest fet, segons el nostre punt de vista, \u00e9s enriquidor.<\/p>\n<p>L\u2019ensenyament \u00e9s en<strong>\u00a0catal\u00e0<\/strong>. A primer s\u2019introdueix el\u00a0<strong>castell\u00e0\u00a0<\/strong>com a segona llengua i\u00a0<strong>l\u2019angl\u00e8s\u00a0<\/strong>s&#8217;inicia a nivell oral des de P3<\/p>\n<p>Creiem important aprofitar el nostre entorn proper en l&#8217;aprenentatge dels nostres infants. Sortides d&#8217;entorn, treballar conjuntament amb la comunitat educativa, fomentar situacions d&#8217;aprenentatge que potenci\u00efn la col\u00b7laboraci\u00f3 entre tots els nens i nenes,&#8230; s\u00f3n aspectes que creiem claus en el nostre dia a dia.<\/p>\n<p>Tel\u00e8fon direcci\u00f3: 662048368<\/p>\n<p>&nbsp;<\/p>\n","protected":false},"excerpt":{"rendered":"<p>La nostra escola est\u00e0 formada per un grup de mestres, pares, mares i alumnes que treballem per un ensenyament actiu, igualitari i integrador.\u00a0El nostre objectiu \u00e9s formar nenes i nens aut\u00f2noms i cr\u00edtics. A la nostra escola s\u2019hi pot estudiar\u00a0Educaci\u00f3 Infantil i Prim\u00e0ria.\u00a0Tenim\u00a0dues aules, aix\u00f2 vol dir que en una mateixa classe hi ha\u00a0 m\u00e9s [&hellip;]<\/p>\n","protected":false},"author":2,"featured_media":0,"parent":0,"menu_order":0,"comment_status":"closed","ping_status":"closed","template":"page-templates\/side-menu.php","meta":{"_bbp_topic_count":0,"_bbp_reply_count":0,"_bbp_total_topic_count":0,"_bbp_total_reply_count":0,"_bbp_voice_count":0,"_bbp_anonymous_reply_count":0,"_bbp_topic_count_hidden":0,"_bbp_reply_count_hidden":0,"_bbp_forum_subforum_count":0,"site-sidebar-layout":"default","site-content-layout":"","ast-site-content-layout":"","site-content-style":"default","site-sidebar-style":"default","ast-global-header-display":"","ast-banner-title-visibility":"","ast-main-header-display":"","ast-hfb-above-header-display":"","ast-hfb-below-header-display":"","ast-hfb-mobile-header-display":"","site-post-title":"","ast-breadcrumbs-content":"","ast-featured-img":"","footer-sml-layout":"","theme-transparent-header-meta":"","adv-header-id-meta":"","stick-header-meta":"","header-above-stick-meta":"","header-main-stick-meta":"","header-below-stick-meta":"","astra-migrate-meta-layouts":"default","ast-page-background-enabled":"default","ast-page-background-meta":{"desktop":{"background-color":"var(--ast-global-color-4)","background-image":"","background-repeat":"repeat","background-position":"center center","background-size":"auto","background-attachment":"scroll","background-type":"","background-media":"","overlay-type":"","overlay-color":"","overlay-opacity":"","overlay-gradient":""},"tablet":{"background-color":"","background-image":"","background-repeat":"repeat","background-position":"center center","background-size":"auto","background-attachment":"scroll","background-type":"","background-media":"","overlay-type":"","overlay-color":"","overlay-opacity":"","overlay-gradient":""},"mobile":{"background-color":"","background-image":"","background-repeat":"repeat","background-position":"center center","background-size":"auto","background-attachment":"scroll","background-type":"","background-media":"","overlay-type":"","overlay-color":"","overlay-opacity":"","overlay-gradient":""}},"ast-content-background-meta":{"desktop":{"background-color":"var(--ast-global-color-5)","background-image":"","background-repeat":"repeat","background-position":"center center","background-size":"auto","background-attachment":"scroll","background-type":"","background-media":"","overlay-type":"","overlay-color":"","overlay-opacity":"","overlay-gradient":""},"tablet":{"background-color":"var(--ast-global-color-5)","background-image":"","background-repeat":"repeat","background-position":"center center","background-size":"auto","background-attachment":"scroll","background-type":"","background-media":"","overlay-type":"","overlay-color":"","overlay-opacity":"","overlay-gradient":""},"mobile":{"background-color":"var(--ast-global-color-5)","background-image":"","background-repeat":"repeat","background-position":"center center","background-size":"auto","background-attachment":"scroll","background-type":"","background-media":"","overlay-type":"","overlay-color":"","overlay-opacity":"","overlay-gradient":""}},"footnotes":""},"class_list":["post-268","page","type-page","status-publish","hentry"],"post_mailing_queue_ids":[],"_links":{"self":[{"href":"https:\/\/agora.xtec.cat\/zerbaixcampsud\/wp-json\/wp\/v2\/pages\/268","targetHints":{"allow":["GET"]}}],"collection":[{"href":"https:\/\/agora.xtec.cat\/zerbaixcampsud\/wp-json\/wp\/v2\/pages"}],"about":[{"href":"https:\/\/agora.xtec.cat\/zerbaixcampsud\/wp-json\/wp\/v2\/types\/page"}],"author":[{"embeddable":true,"href":"https:\/\/agora.xtec.cat\/zerbaixcampsud\/wp-json\/wp\/v2\/users\/2"}],"replies":[{"embeddable":true,"href":"https:\/\/agora.xtec.cat\/zerbaixcampsud\/wp-json\/wp\/v2\/comments?post=268"}],"version-history":[{"count":4,"href":"https:\/\/agora.xtec.cat\/zerbaixcampsud\/wp-json\/wp\/v2\/pages\/268\/revisions"}],"predecessor-version":[{"id":8974,"href":"https:\/\/agora.xtec.cat\/zerbaixcampsud\/wp-json\/wp\/v2\/pages\/268\/revisions\/8974"}],"wp:attachment":[{"href":"https:\/\/agora.xtec.cat\/zerbaixcampsud\/wp-json\/wp\/v2\/media?parent=268"}],"curies":[{"name":"wp","href":"https:\/\/api.w.org\/{rel}","templated":true}]}}