{"id":264,"date":"2015-07-20T13:06:26","date_gmt":"2015-07-20T12:06:26","guid":{"rendered":"http:\/\/agora.xtec.cat\/zerbaixcampsud\/?page_id=264"},"modified":"2022-02-19T21:12:57","modified_gmt":"2022-02-19T20:12:57","slug":"zer-baix-camp-sud","status":"publish","type":"page","link":"https:\/\/agora.xtec.cat\/zerbaixcampsud\/zer-baix-camp-sud\/","title":{"rendered":"ZER Baix Camp Sud"},"content":{"rendered":"<p>La<strong> Zona Escolar Rural Baix Camp Sud <\/strong>est\u00e0 integrada per les escoles de Duesaig\u00fces i Vilanova d\u2019Escornalbou. Aquest fet ens permet:<\/p>\n<ul>\n<li>Compartir experi\u00e8ncies entre docents.<\/li>\n<li>Poder realitzar m\u00e9s sortides.<\/li>\n<li>Compartir <strong>especialistes d\u2019angl\u00e8s, educaci\u00f3 f\u00edsica, educaci\u00f3 especial i m\u00fasica<\/strong>.<\/li>\n<\/ul>\n<p>COM SOM?<\/p>\n<ul>\n<li><strong>L\u2019ensenyament \u00e9s en catal\u00e0<\/strong>. A primer s\u2019introdueix el <strong>castell\u00e0 com a segona llengua <\/strong>i a P3<strong> l\u2019angl\u00e8s com a llengua estrangera<\/strong>.<\/li>\n<li>Tenim <strong>cinc aules<\/strong>, \u00e9s a dir, que una mateixa classe hi ha m\u00e9s d\u2019un nivell. Aquest fet, segons el nostre punt de vista, \u00e9s enriquidor.<\/li>\n<li>Creiem que les <strong>sortides i participaci\u00f3 en projectes externs <\/strong>s\u00f3n importants, per aix\u00f2, realitzem <strong>col\u00f2nies, participem en projectes e-Twinnig, Tastet de ci\u00e8ncia, Fem coral&#8230;<\/strong><\/li>\n<li><strong>Treballem el medi natural i social per projectes; <\/strong>partim dels interessos dels nens i nenes, tot donant import\u00e0ncia al treball per compet\u00e8ncies.<\/li>\n<li>L\u2019expressi\u00f3 oral, escrita, visual, pl\u00e0stica o corporal \u00e9s important, per aix\u00f2 programem activitats per treballar-la: <strong>teatre, agrupaments flexibles, assemblees, tallers<\/strong>.<\/li>\n<li>Ens agrada celebrar les <strong>festes tradicionals<\/strong>: Castanyada, Nadal, Dijous Gras, Sant Jordi,&#8230;<\/li>\n<li>L\u2019AMPA i l\u2019Ajuntament organitzen <strong>a l\u2019escola<\/strong> <strong>activitats extraescolars en angl\u00e8s per a tots els nivells.<\/strong><\/li>\n<li>Tenim <strong>servei de menjador escolar.<\/strong><\/li>\n<li>Som<strong> Escola Verda.<\/strong><\/li>\n<li>Pensem que \u00e9s important la relaci\u00f3 <strong>amb l\u2019entorn<\/strong> i la col\u00b7laboraci\u00f3 amb les fam\u00edlies i entitats del poble.<\/li>\n<\/ul>\n<p>&nbsp;<\/p>\n","protected":false},"excerpt":{"rendered":"<p>La Zona Escolar Rural Baix Camp Sud est\u00e0 integrada per les escoles de Duesaig\u00fces i Vilanova d\u2019Escornalbou. Aquest fet ens permet: Compartir experi\u00e8ncies entre docents. Poder realitzar m\u00e9s sortides. Compartir especialistes d\u2019angl\u00e8s, educaci\u00f3 f\u00edsica, educaci\u00f3 especial i m\u00fasica. COM SOM? L\u2019ensenyament \u00e9s en catal\u00e0. A primer s\u2019introdueix el castell\u00e0 com a segona llengua i a [&hellip;]<\/p>\n","protected":false},"author":2,"featured_media":0,"parent":0,"menu_order":0,"comment_status":"closed","ping_status":"closed","template":"page-templates\/side-menu.php","meta":{"_bbp_topic_count":0,"_bbp_reply_count":0,"_bbp_total_topic_count":0,"_bbp_total_reply_count":0,"_bbp_voice_count":0,"_bbp_anonymous_reply_count":0,"_bbp_topic_count_hidden":0,"_bbp_reply_count_hidden":0,"_bbp_forum_subforum_count":0,"site-sidebar-layout":"default","site-content-layout":"","ast-site-content-layout":"","site-content-style":"default","site-sidebar-style":"default","ast-global-header-display":"","ast-banner-title-visibility":"","ast-main-header-display":"","ast-hfb-above-header-display":"","ast-hfb-below-header-display":"","ast-hfb-mobile-header-display":"","site-post-title":"","ast-breadcrumbs-content":"","ast-featured-img":"","footer-sml-layout":"","theme-transparent-header-meta":"","adv-header-id-meta":"","stick-header-meta":"","header-above-stick-meta":"","header-main-stick-meta":"","header-below-stick-meta":"","astra-migrate-meta-layouts":"default","ast-page-background-enabled":"default","ast-page-background-meta":{"desktop":{"background-color":"var(--ast-global-color-4)","background-image":"","background-repeat":"repeat","background-position":"center center","background-size":"auto","background-attachment":"scroll","background-type":"","background-media":"","overlay-type":"","overlay-color":"","overlay-opacity":"","overlay-gradient":""},"tablet":{"background-color":"","background-image":"","background-repeat":"repeat","background-position":"center center","background-size":"auto","background-attachment":"scroll","background-type":"","background-media":"","overlay-type":"","overlay-color":"","overlay-opacity":"","overlay-gradient":""},"mobile":{"background-color":"","background-image":"","background-repeat":"repeat","background-position":"center center","background-size":"auto","background-attachment":"scroll","background-type":"","background-media":"","overlay-type":"","overlay-color":"","overlay-opacity":"","overlay-gradient":""}},"ast-content-background-meta":{"desktop":{"background-color":"var(--ast-global-color-5)","background-image":"","background-repeat":"repeat","background-position":"center center","background-size":"auto","background-attachment":"scroll","background-type":"","background-media":"","overlay-type":"","overlay-color":"","overlay-opacity":"","overlay-gradient":""},"tablet":{"background-color":"var(--ast-global-color-5)","background-image":"","background-repeat":"repeat","background-position":"center center","background-size":"auto","background-attachment":"scroll","background-type":"","background-media":"","overlay-type":"","overlay-color":"","overlay-opacity":"","overlay-gradient":""},"mobile":{"background-color":"var(--ast-global-color-5)","background-image":"","background-repeat":"repeat","background-position":"center center","background-size":"auto","background-attachment":"scroll","background-type":"","background-media":"","overlay-type":"","overlay-color":"","overlay-opacity":"","overlay-gradient":""}},"footnotes":""},"class_list":["post-264","page","type-page","status-publish","hentry"],"post_mailing_queue_ids":[],"_links":{"self":[{"href":"https:\/\/agora.xtec.cat\/zerbaixcampsud\/wp-json\/wp\/v2\/pages\/264","targetHints":{"allow":["GET"]}}],"collection":[{"href":"https:\/\/agora.xtec.cat\/zerbaixcampsud\/wp-json\/wp\/v2\/pages"}],"about":[{"href":"https:\/\/agora.xtec.cat\/zerbaixcampsud\/wp-json\/wp\/v2\/types\/page"}],"author":[{"embeddable":true,"href":"https:\/\/agora.xtec.cat\/zerbaixcampsud\/wp-json\/wp\/v2\/users\/2"}],"replies":[{"embeddable":true,"href":"https:\/\/agora.xtec.cat\/zerbaixcampsud\/wp-json\/wp\/v2\/comments?post=264"}],"version-history":[{"count":5,"href":"https:\/\/agora.xtec.cat\/zerbaixcampsud\/wp-json\/wp\/v2\/pages\/264\/revisions"}],"predecessor-version":[{"id":7565,"href":"https:\/\/agora.xtec.cat\/zerbaixcampsud\/wp-json\/wp\/v2\/pages\/264\/revisions\/7565"}],"wp:attachment":[{"href":"https:\/\/agora.xtec.cat\/zerbaixcampsud\/wp-json\/wp\/v2\/media?parent=264"}],"curies":[{"name":"wp","href":"https:\/\/api.w.org\/{rel}","templated":true}]}}