{"id":261,"date":"2015-07-20T13:05:00","date_gmt":"2015-07-20T12:05:00","guid":{"rendered":"http:\/\/agora.xtec.cat\/zerbaixcampsud\/?page_id=261"},"modified":"2022-02-20T19:14:55","modified_gmt":"2022-02-20T18:14:55","slug":"qui-som","status":"publish","type":"page","link":"https:\/\/agora.xtec.cat\/zerbaixcampsud\/zer-baix-camp-sud\/qui-som\/","title":{"rendered":"Una mica d&#8217;hist\u00f2ria"},"content":{"rendered":"<p>La Zer Baix Camp Sud es va formar l\u2019any 1992 \u00a0amb sis pobles i les seves escoles que la formaven: Botarell, \u00a0Duesaig\u00fces, Pratdip, Riudecanyes, Vilanova d\u2019Escornalbou i Vinyols i els Arcs.<\/p>\n<p>Al 1998 Pratdip es va separar i es va \u00a0ajuntar a Vandell\u00f3s per formar la ZER Vandell\u00f3s-Pratdip. Anys m\u00e9s tard, el \u00a0fort creixement \u00a0de la poblaci\u00f3 dels \u00a0pobles \u00a0del \u00a0voltant \u00a0de \u00a0la \u00a0capital del \u00a0Baix Camp \u00a0va \u00a0fer \u00a0que \u00a0les \u00a0escoles Santa Caterina de Vinyols i els Arcs (2008); \u00a0l\u2019escola Sant Mateu de Riudecanyes (2009) i\u00a0 l\u2019escola \u00a0Mare de D\u00e9u \u00a0de \u00a0la \u00a0Candela de Botarell (2012), \u00a0deixessin de formar part de la nostra ZER.<\/p>\n<p>Actualment \u00a0la \u00a0ZER est\u00e0 \u00a0formada \u00a0per l\u2019escola \u00a0Puigmar\u00ed de Duesaig\u00fces i l\u2019escola Font de l\u2019Arc de Vilanova d\u2019Escornalbou.<\/p>\n<p><strong>L\u2019objectiu<\/strong>\u00a0de \u00a0la ZER \u00a0\u00e9s \u00a0compartir \u00a0recursos \u00a0i \u00a0afavorir \u00a0possibilitats. \u00a0 Treballar \u00a0diverses \u00a0escoles \u00a0que \u00a0 tenen \u00a0pocs \u00a0 mestres \u00a0 permet \u00a0 compartir \u00a0 idees, \u00a0 \u00a0recursos, \u00a0preocupacions, \u00a0com \u00a0passa \u00a0amb \u00a0els \u00a0mestres \u00a0 especialistes:\u00a0 \u00a0 de \u00a0m\u00fasica, \u00a0 angl\u00e8s, educaci\u00f3 \u00a0especial \u00a0i educaci\u00f3 f\u00edsica.\u00a0El \u00a0treball \u00a0en equip \u00a0permet \u00a0avan\u00e7ar \u00a0molt m\u00e9s a tothom.<\/p>\n<p>Fem \u00a0sortides, \u00a0excursions \u00a0i \u00a0col\u00f2nies \u00a0adequant-les \u00a0a les edats dels nens\/es i als diferents cicles per tal de fomentar les relacions entre el nostre alumnat.<\/p>\n<p>Per altra \u00a0banda, aquest \u00a0blog \u00a0ens \u00a0serveix \u00a0com \u00a0a\u00a0\u00a0recurs pedag\u00f2gic i per millorar la comunicaci\u00f3 i relaci\u00f3 de tota la \u00a0comunitat \u00a0educativa \u00a0a les \u00a0nostres \u00a0escoles. \u00a0En \u00a0el bloc s\u2019explicaran experi\u00e8ncies, viv\u00e8ncies, treballs, sortides \u00a0i \u00a0tot \u00a0el que puguem trobar interessant. \u00a0A m\u00e9s, \u00a0permet \u00a0als \u00a0nens i \u00a0nenes adquirir un major domini i compet\u00e8ncia digital.<\/p>\n<p>Finalment, \u00a0volem recordar a \u00a0totes les mestres i els mestres, els nens i nenes i les seves fam\u00edlies que al llarg de tots aquests anys han format part de la ZER, li han donat forma i car\u00e0cter.<\/p>\n<p>&nbsp;<\/p>\n\r\n\t<div class=\"slideshow_container slideshow_container_style-light\" style=\"height: 300px; \" data-slideshow-id=\"1850\" data-style-name=\"style-light\" data-style-version=\"2.3.1\" >\r\n\r\n\t\t\t\t\t<div class=\"slideshow_loading_icon\"><\/div>\r\n\t\t\r\n\t\t<div class=\"slideshow_content\" style=\"display: none;\">\r\n\r\n\t\t\t<div class=\"slideshow_view\">\r\n\t\t\t\t<div class=\"slideshow_slide slideshow_slide_image\">\r\n\t\t\t\t\t\t\t\t\t\t\t<img src=\"https:\/\/agora.xtec.cat\/zerbaixcampsud\/wp-content\/uploads\/usu513\/2016\/03\/IMG_0883.jpg\" alt=\"IMG_0883\" width=\"1500\" height=\"1125\" \/>\r\n\t\t\t\t\t\t\t\t\t\t<div class=\"slideshow_description_box slideshow_transparent\">\r\n\t\t\t\t\t\t<div class=\"slideshow_title\">IMG_0883<\/div>\t\t\t\t\t\t\t\t\t\t\t<\/div>\r\n\t\t\t\t<\/div>\r\n\r\n\t\t\t\t\t\t<div style=\"clear: both;\"><\/div><\/div><div class=\"slideshow_view\">\r\n\t\t\t\t<div class=\"slideshow_slide slideshow_slide_image\">\r\n\t\t\t\t\t\t\t\t\t\t\t<img src=\"https:\/\/agora.xtec.cat\/zerbaixcampsud\/wp-content\/uploads\/usu513\/2016\/03\/P1020943.jpg\" alt=\"P1020943\" width=\"1500\" height=\"1125\" \/>\r\n\t\t\t\t\t\t\t\t\t\t<div class=\"slideshow_description_box slideshow_transparent\">\r\n\t\t\t\t\t\t<div class=\"slideshow_title\">P1020943<\/div>\t\t\t\t\t\t\t\t\t\t\t<\/div>\r\n\t\t\t\t<\/div>\r\n\r\n\t\t\t\t\t\t<div style=\"clear: both;\"><\/div><\/div><div class=\"slideshow_view\">\r\n\t\t\t\t<div class=\"slideshow_slide slideshow_slide_image\">\r\n\t\t\t\t\t\t\t\t\t\t\t<img src=\"https:\/\/agora.xtec.cat\/zerbaixcampsud\/wp-content\/uploads\/usu513\/2016\/03\/P1030221.jpg\" alt=\"P1030221\" width=\"1500\" height=\"1125\" \/>\r\n\t\t\t\t\t\t\t\t\t\t<div class=\"slideshow_description_box slideshow_transparent\">\r\n\t\t\t\t\t\t<div class=\"slideshow_title\">P1030221<\/div>\t\t\t\t\t\t\t\t\t\t\t<\/div>\r\n\t\t\t\t<\/div>\r\n\r\n\t\t\t\t\t\t<div style=\"clear: both;\"><\/div><\/div><div class=\"slideshow_view\">\r\n\t\t\t\t<div class=\"slideshow_slide slideshow_slide_image\">\r\n\t\t\t\t\t\t\t\t\t\t\t<img src=\"https:\/\/agora.xtec.cat\/zerbaixcampsud\/wp-content\/uploads\/usu513\/2016\/03\/SAM_1350.jpg\" alt=\"SAMSUNG DIGITAL CAMERA\" width=\"1500\" height=\"1125\" \/>\r\n\t\t\t\t\t\t\t\t\t\t<div class=\"slideshow_description_box slideshow_transparent\">\r\n\t\t\t\t\t\t<div class=\"slideshow_title\">SAMSUNG DIGITAL CAMERA<\/div>\t\t\t\t\t\t\t\t\t\t\t<\/div>\r\n\t\t\t\t<\/div>\r\n\r\n\t\t\t\t\t\t<div style=\"clear: both;\"><\/div><\/div><div class=\"slideshow_view\">\r\n\t\t\t\t<div class=\"slideshow_slide slideshow_slide_image\">\r\n\t\t\t\t\t\t\t\t\t\t\t<img src=\"https:\/\/agora.xtec.cat\/zerbaixcampsud\/wp-content\/uploads\/usu513\/2016\/03\/IMG_1330.jpg\" alt=\"IMG_1330\" width=\"1500\" height=\"818\" \/>\r\n\t\t\t\t\t\t\t\t\t\t<div class=\"slideshow_description_box slideshow_transparent\">\r\n\t\t\t\t\t\t<div class=\"slideshow_title\">IMG_1330<\/div>\t\t\t\t\t\t\t\t\t\t\t<\/div>\r\n\t\t\t\t<\/div>\r\n\r\n\t\t\t\t\t\t<div style=\"clear: both;\"><\/div><\/div><div class=\"slideshow_view\">\r\n\t\t\t\t<div class=\"slideshow_slide slideshow_slide_image\">\r\n\t\t\t\t\t\t\t\t\t\t\t<img src=\"https:\/\/agora.xtec.cat\/zerbaixcampsud\/wp-content\/uploads\/usu513\/2016\/03\/IMG_0903.jpg\" alt=\"IMG_0903\" width=\"1500\" height=\"926\" \/>\r\n\t\t\t\t\t\t\t\t\t\t<div class=\"slideshow_description_box slideshow_transparent\">\r\n\t\t\t\t\t\t<div class=\"slideshow_title\">IMG_0903<\/div>\t\t\t\t\t\t\t\t\t\t\t<\/div>\r\n\t\t\t\t<\/div>\r\n\r\n\t\t\t\t\t\t<div style=\"clear: both;\"><\/div><\/div><div class=\"slideshow_view\">\r\n\t\t\t\t<div class=\"slideshow_slide slideshow_slide_image\">\r\n\t\t\t\t\t\t\t\t\t\t\t<img src=\"https:\/\/agora.xtec.cat\/zerbaixcampsud\/wp-content\/uploads\/usu513\/2016\/03\/P1020719.jpg\" alt=\"P1020719\" width=\"1500\" height=\"1125\" \/>\r\n\t\t\t\t\t\t\t\t\t\t<div class=\"slideshow_description_box slideshow_transparent\">\r\n\t\t\t\t\t\t<div class=\"slideshow_title\">P1020719<\/div>\t\t\t\t\t\t\t\t\t\t\t<\/div>\r\n\t\t\t\t<\/div>\r\n\r\n\t\t\t\t\t\t<div style=\"clear: both;\"><\/div><\/div><div class=\"slideshow_view\">\r\n\t\t\t\t<div class=\"slideshow_slide slideshow_slide_image\">\r\n\t\t\t\t\t\t\t\t\t\t\t<img src=\"https:\/\/agora.xtec.cat\/zerbaixcampsud\/wp-content\/uploads\/usu513\/2016\/03\/P1020917.jpg\" alt=\"P1020917\" width=\"1125\" height=\"1488\" \/>\r\n\t\t\t\t\t\t\t\t\t\t<div class=\"slideshow_description_box slideshow_transparent\">\r\n\t\t\t\t\t\t<div class=\"slideshow_title\">P1020917<\/div>\t\t\t\t\t\t\t\t\t\t\t<\/div>\r\n\t\t\t\t<\/div>\r\n\r\n\t\t\t\t\t\t<div style=\"clear: both;\"><\/div><\/div><div class=\"slideshow_view\">\r\n\t\t\t\t<div class=\"slideshow_slide slideshow_slide_image\">\r\n\t\t\t\t\t\t\t\t\t\t\t<img src=\"https:\/\/agora.xtec.cat\/zerbaixcampsud\/wp-content\/uploads\/usu513\/2016\/03\/P1030401.jpg\" alt=\"P1030401\" width=\"1500\" height=\"1125\" \/>\r\n\t\t\t\t\t\t\t\t\t\t<div class=\"slideshow_description_box slideshow_transparent\">\r\n\t\t\t\t\t\t<div class=\"slideshow_title\">P1030401<\/div>\t\t\t\t\t\t\t\t\t\t\t<\/div>\r\n\t\t\t\t<\/div>\r\n\r\n\t\t\t\t\t\t<div style=\"clear: both;\"><\/div><\/div><div class=\"slideshow_view\">\r\n\t\t\t\t<div class=\"slideshow_slide slideshow_slide_image\">\r\n\t\t\t\t\t\t\t\t\t\t\t<img src=\"https:\/\/agora.xtec.cat\/zerbaixcampsud\/wp-content\/uploads\/usu513\/2016\/03\/IMG_0897.jpg\" alt=\"IMG_0897\" width=\"1500\" height=\"1125\" \/>\r\n\t\t\t\t\t\t\t\t\t\t<div class=\"slideshow_description_box slideshow_transparent\">\r\n\t\t\t\t\t\t<div class=\"slideshow_title\">IMG_0897<\/div>\t\t\t\t\t\t\t\t\t\t\t<\/div>\r\n\t\t\t\t<\/div>\r\n\r\n\t\t\t\t\t\t<div style=\"clear: both;\"><\/div><\/div>\r\n\t\t<\/div>\r\n\r\n\t\t<div class=\"slideshow_controlPanel slideshow_transparent\" style=\"display: none;\"><ul><li class=\"slideshow_togglePlay\" data-play-text=\"Visualitza\" data-pause-text=\"Pausa\"><\/li><\/ul><\/div>\r\n\r\n\t\t<div class=\"slideshow_button slideshow_previous slideshow_transparent\" role=\"button\" data-previous-text=\"Anterior\" style=\"display: none;\"><\/div>\r\n\t\t<div class=\"slideshow_button slideshow_next slideshow_transparent\" role=\"button\" data-next-text=\"Seg\u00fcent\" style=\"display: none;\"><\/div>\r\n\r\n\t\t<div class=\"slideshow_pagination\" style=\"display: none;\" data-go-to-text=\"V\u00e9s a la diapositiva\"><div class=\"slideshow_pagination_center\"><\/div><\/div>\r\n\r\n\t\t<!-- WordPress Slideshow Version 2.3.1 -->\r\n\r\n\t\t\t<\/div>\r\n\r\n\n","protected":false},"excerpt":{"rendered":"<p>La Zer Baix Camp Sud es va formar l\u2019any 1992 \u00a0amb sis pobles i les seves escoles que la formaven: Botarell, \u00a0Duesaig\u00fces, Pratdip, Riudecanyes, Vilanova d\u2019Escornalbou i Vinyols i els Arcs. Al 1998 Pratdip es va separar i es va \u00a0ajuntar a Vandell\u00f3s per formar la ZER Vandell\u00f3s-Pratdip. Anys m\u00e9s tard, el \u00a0fort creixement \u00a0de [&hellip;]<\/p>\n","protected":false},"author":2,"featured_media":0,"parent":264,"menu_order":10,"comment_status":"closed","ping_status":"closed","template":"page-templates\/side-menu.php","meta":{"_bbp_topic_count":0,"_bbp_reply_count":0,"_bbp_total_topic_count":0,"_bbp_total_reply_count":0,"_bbp_voice_count":0,"_bbp_anonymous_reply_count":0,"_bbp_topic_count_hidden":0,"_bbp_reply_count_hidden":0,"_bbp_forum_subforum_count":0,"site-sidebar-layout":"default","site-content-layout":"","ast-site-content-layout":"","site-content-style":"default","site-sidebar-style":"default","ast-global-header-display":"","ast-banner-title-visibility":"","ast-main-header-display":"","ast-hfb-above-header-display":"","ast-hfb-below-header-display":"","ast-hfb-mobile-header-display":"","site-post-title":"","ast-breadcrumbs-content":"","ast-featured-img":"","footer-sml-layout":"","theme-transparent-header-meta":"","adv-header-id-meta":"","stick-header-meta":"","header-above-stick-meta":"","header-main-stick-meta":"","header-below-stick-meta":"","astra-migrate-meta-layouts":"default","ast-page-background-enabled":"default","ast-page-background-meta":{"desktop":{"background-color":"var(--ast-global-color-4)","background-image":"","background-repeat":"repeat","background-position":"center center","background-size":"auto","background-attachment":"scroll","background-type":"","background-media":"","overlay-type":"","overlay-color":"","overlay-opacity":"","overlay-gradient":""},"tablet":{"background-color":"","background-image":"","background-repeat":"repeat","background-position":"center center","background-size":"auto","background-attachment":"scroll","background-type":"","background-media":"","overlay-type":"","overlay-color":"","overlay-opacity":"","overlay-gradient":""},"mobile":{"background-color":"","background-image":"","background-repeat":"repeat","background-position":"center center","background-size":"auto","background-attachment":"scroll","background-type":"","background-media":"","overlay-type":"","overlay-color":"","overlay-opacity":"","overlay-gradient":""}},"ast-content-background-meta":{"desktop":{"background-color":"var(--ast-global-color-5)","background-image":"","background-repeat":"repeat","background-position":"center center","background-size":"auto","background-attachment":"scroll","background-type":"","background-media":"","overlay-type":"","overlay-color":"","overlay-opacity":"","overlay-gradient":""},"tablet":{"background-color":"var(--ast-global-color-5)","background-image":"","background-repeat":"repeat","background-position":"center center","background-size":"auto","background-attachment":"scroll","background-type":"","background-media":"","overlay-type":"","overlay-color":"","overlay-opacity":"","overlay-gradient":""},"mobile":{"background-color":"var(--ast-global-color-5)","background-image":"","background-repeat":"repeat","background-position":"center center","background-size":"auto","background-attachment":"scroll","background-type":"","background-media":"","overlay-type":"","overlay-color":"","overlay-opacity":"","overlay-gradient":""}},"footnotes":""},"class_list":["post-261","page","type-page","status-publish","hentry"],"post_mailing_queue_ids":[],"_links":{"self":[{"href":"https:\/\/agora.xtec.cat\/zerbaixcampsud\/wp-json\/wp\/v2\/pages\/261","targetHints":{"allow":["GET"]}}],"collection":[{"href":"https:\/\/agora.xtec.cat\/zerbaixcampsud\/wp-json\/wp\/v2\/pages"}],"about":[{"href":"https:\/\/agora.xtec.cat\/zerbaixcampsud\/wp-json\/wp\/v2\/types\/page"}],"author":[{"embeddable":true,"href":"https:\/\/agora.xtec.cat\/zerbaixcampsud\/wp-json\/wp\/v2\/users\/2"}],"replies":[{"embeddable":true,"href":"https:\/\/agora.xtec.cat\/zerbaixcampsud\/wp-json\/wp\/v2\/comments?post=261"}],"version-history":[{"count":4,"href":"https:\/\/agora.xtec.cat\/zerbaixcampsud\/wp-json\/wp\/v2\/pages\/261\/revisions"}],"predecessor-version":[{"id":7674,"href":"https:\/\/agora.xtec.cat\/zerbaixcampsud\/wp-json\/wp\/v2\/pages\/261\/revisions\/7674"}],"up":[{"embeddable":true,"href":"https:\/\/agora.xtec.cat\/zerbaixcampsud\/wp-json\/wp\/v2\/pages\/264"}],"wp:attachment":[{"href":"https:\/\/agora.xtec.cat\/zerbaixcampsud\/wp-json\/wp\/v2\/media?parent=261"}],"curies":[{"name":"wp","href":"https:\/\/api.w.org\/{rel}","templated":true}]}}