{"id":57,"date":"2014-09-17T17:01:07","date_gmt":"2014-09-17T17:01:07","guid":{"rendered":"http:\/\/agora.xtec.cat\/zerbaixbergueda\/?page_id=57"},"modified":"2025-03-19T10:24:27","modified_gmt":"2025-03-19T09:24:27","slug":"projecte-educatiu","status":"publish","type":"page","link":"https:\/\/agora.xtec.cat\/zerbaixbergueda\/zer\/projecte-educatiu\/","title":{"rendered":"PROJECTE EDUCATIU"},"content":{"rendered":"<p>D&#8217;acord amb la <a title=\"Article 91 LEC\" href=\"http:\/\/www20.gencat.cat\/portal\/site\/portaljuridic\/menuitem.d15a4e5dfb99396dc366ec10b0c0e1a0\/?vgnextoid=b85297b5a87d6210VgnVCM1000000b0c1e0aRCRD&amp;vgnextchannel=b85297b5a87d6210VgnVCM1000000b0c1e0aRCRD&amp;vgnextfmt=default&amp;action=fitxa&amp;portalId=1&amp;documentId=480169&amp;newLang=ca_ES#fragment-1182442\" target=\"_blank\" rel=\"noopener\">Llei d&#8217;Educaci\u00f3 de Catalunya<\/a>, el projecte educatiu incorpora el car\u00e0cter propi del centre.<\/p>\n<p>El claustre docent de la ZER volem treballar de forma coordinada a les nostres escoles per tal d\u2019aconseguir els seg\u00fcents principis educatius, amb els quals ens identifiquem:<\/p>\n<ol>\n<li><strong>Acollidora.<\/strong>\u00a0Volem que els infants assisteixin contents a l\u2019escola, s\u2019hi trobin c\u00f2modes i b\u00e9. Creem espais i moments agradables que permetin l\u2019atenci\u00f3 individual dels infants i de les fam\u00edlies.<\/li>\n<li><strong>Respectuosa amb la diversitat, equitativa i inclusiva.<\/strong>\u00a0Oferim agrupacions flexibles i obertes que faciliten la participaci\u00f3 i desenvolupament integral de tot l\u2019alumnat, independentment de les seves caracter\u00edstiques personals, f\u00edsiques o ps\u00edquiques.<\/li>\n<li><strong>Coeducadora.\u00a0<\/strong>Practiquem una educaci\u00f3 per a la igualtat sense discriminacions.<\/li>\n<li><strong>Competencial.<\/strong>\u00a0Ajudar a desenvolupar els coneixements, capacitats, habilitats i actituds, pretenem ajudar a l\u2019alumnat a saber aplicar aquests recursos personals en situacions reals i\/o noves.<\/li>\n<li><strong>Creativa.\u00a0<\/strong>Creem espais on sigui possible que els infants puguin concretar les propostes de treball des de la seva mirada, fugint dels models \u00fanics i preestablerts.<\/li>\n<li><strong>Democr\u00e0tica i per la pau.<\/strong>\u00a0Transmetem als alumnes uns valors b\u00e0sics de llibertat lligada a la participaci\u00f3, responsabilitat, solidaritat, gust pel treball ben fet i actitud de di\u00e0leg, i els convidem a participar en la millora de les relacions interpersonals i socials.<\/li>\n<li><strong>Participativa.<\/strong>\u00a0Vetllem per la participaci\u00f3 real del professorat, fam\u00edlies, alumnat i personal no docent en el funcionament de les escoles de la ZER.<\/li>\n<li><strong>Rural i oberta a l\u2019entorn (proper i del m\u00f3n).<\/strong>\u00a0Col\u00b7laborem i treballem conjuntament amb les fam\u00edlies, entitats i associacions del poble o comarca, per tal de potenciar conjuntament la participaci\u00f3 i implicaci\u00f3 dels nens\/es en la societat. Igualment, pel coneixement i respecte pel poble i la comunitat, els seus costums, la llengua i el patrimoni cultural i social.<\/li>\n<li><strong>Catalana i coneixedora d\u2019altres lleng\u00fces.<\/strong><\/li>\n<li><strong>Aconfessional<\/strong>. Ens manifestem aconfessionals i laics. Quan celebrem algunes festivitats que tenen un origen religi\u00f3s, nom\u00e9s posem l\u2019accent en els aspectes festius i culturals, no pas en les creences i en els actes lit\u00fargics.<\/li>\n<li><strong>Pluralista.<\/strong>\u00a0Respectem a tothom per igual.<\/li>\n<li><strong>Sostenible, ecol\u00f2gica i saludable.<\/strong>\u00a0Eduquem en el coneixement i respecte envers la natura, per tal de cuidar i incidir en l\u2019entorn m\u00e9s proper. Potenciem valors mediambientals i de sostenibilitat. Fomentem h\u00e0bits alimentaris i d\u2019activitat f\u00edsica saludables.<\/li>\n<li><strong>Solid\u00e0ria<\/strong>.\u00a0Col\u00b7laborem en iniciatives solid\u00e0ries per millorar les condicions de vida de les persones desafavorides socialment, de la nostra societat i d\u2019altres pa\u00efsos.<\/li>\n<li><strong>Oberta al coneixement i la innovaci\u00f3<\/strong>. Creiem en la import\u00e0ncia de la renovaci\u00f3 pedag\u00f2gica i la formaci\u00f3 permanent del professorat i aplicar-los a la vida escolar i a les necessitats de la societat actual.<\/li>\n<\/ol>\n","protected":false},"excerpt":{"rendered":"<p>D&#8217;acord amb la Llei d&#8217;Educaci\u00f3 de Catalunya, el projecte educatiu incorpora el car\u00e0cter propi del centre. El claustre docent de la ZER volem treballar de forma coordinada a les nostres escoles per tal d\u2019aconseguir els seg\u00fcents principis educatius, amb els quals ens identifiquem: Acollidora.\u00a0Volem que els infants assisteixin contents a l\u2019escola, s\u2019hi trobin c\u00f2modes i [&hellip;]<\/p>\n","protected":false},"author":1,"featured_media":0,"parent":19,"menu_order":30,"comment_status":"closed","ping_status":"closed","template":"","meta":{"site-sidebar-layout":"default","site-content-layout":"","ast-site-content-layout":"default","site-content-style":"default","site-sidebar-style":"default","ast-global-header-display":"","ast-banner-title-visibility":"","ast-main-header-display":"","ast-hfb-above-header-display":"","ast-hfb-below-header-display":"","ast-hfb-mobile-header-display":"","site-post-title":"","ast-breadcrumbs-content":"","ast-featured-img":"","footer-sml-layout":"","theme-transparent-header-meta":"","adv-header-id-meta":"","stick-header-meta":"","header-above-stick-meta":"","header-main-stick-meta":"","header-below-stick-meta":"","astra-migrate-meta-layouts":"set","ast-page-background-enabled":"default","ast-page-background-meta":{"desktop":{"background-color":"var(--ast-global-color-4)","background-image":"","background-repeat":"repeat","background-position":"center center","background-size":"auto","background-attachment":"scroll","background-type":"","background-media":"","overlay-type":"","overlay-color":"","overlay-opacity":"","overlay-gradient":""},"tablet":{"background-color":"","background-image":"","background-repeat":"repeat","background-position":"center center","background-size":"auto","background-attachment":"scroll","background-type":"","background-media":"","overlay-type":"","overlay-color":"","overlay-opacity":"","overlay-gradient":""},"mobile":{"background-color":"","background-image":"","background-repeat":"repeat","background-position":"center center","background-size":"auto","background-attachment":"scroll","background-type":"","background-media":"","overlay-type":"","overlay-color":"","overlay-opacity":"","overlay-gradient":""}},"ast-content-background-meta":{"desktop":{"background-color":"var(--ast-global-color-5)","background-image":"","background-repeat":"repeat","background-position":"center center","background-size":"auto","background-attachment":"scroll","background-type":"","background-media":"","overlay-type":"","overlay-color":"","overlay-opacity":"","overlay-gradient":""},"tablet":{"background-color":"var(--ast-global-color-5)","background-image":"","background-repeat":"repeat","background-position":"center center","background-size":"auto","background-attachment":"scroll","background-type":"","background-media":"","overlay-type":"","overlay-color":"","overlay-opacity":"","overlay-gradient":""},"mobile":{"background-color":"var(--ast-global-color-5)","background-image":"","background-repeat":"repeat","background-position":"center center","background-size":"auto","background-attachment":"scroll","background-type":"","background-media":"","overlay-type":"","overlay-color":"","overlay-opacity":"","overlay-gradient":""}},"footnotes":""},"class_list":["post-57","page","type-page","status-publish","hentry"],"post_mailing_queue_ids":[],"_links":{"self":[{"href":"https:\/\/agora.xtec.cat\/zerbaixbergueda\/wp-json\/wp\/v2\/pages\/57","targetHints":{"allow":["GET"]}}],"collection":[{"href":"https:\/\/agora.xtec.cat\/zerbaixbergueda\/wp-json\/wp\/v2\/pages"}],"about":[{"href":"https:\/\/agora.xtec.cat\/zerbaixbergueda\/wp-json\/wp\/v2\/types\/page"}],"author":[{"embeddable":true,"href":"https:\/\/agora.xtec.cat\/zerbaixbergueda\/wp-json\/wp\/v2\/users\/1"}],"replies":[{"embeddable":true,"href":"https:\/\/agora.xtec.cat\/zerbaixbergueda\/wp-json\/wp\/v2\/comments?post=57"}],"version-history":[{"count":2,"href":"https:\/\/agora.xtec.cat\/zerbaixbergueda\/wp-json\/wp\/v2\/pages\/57\/revisions"}],"predecessor-version":[{"id":844,"href":"https:\/\/agora.xtec.cat\/zerbaixbergueda\/wp-json\/wp\/v2\/pages\/57\/revisions\/844"}],"up":[{"embeddable":true,"href":"https:\/\/agora.xtec.cat\/zerbaixbergueda\/wp-json\/wp\/v2\/pages\/19"}],"wp:attachment":[{"href":"https:\/\/agora.xtec.cat\/zerbaixbergueda\/wp-json\/wp\/v2\/media?parent=57"}],"curies":[{"name":"wp","href":"https:\/\/api.w.org\/{rel}","templated":true}]}}