{"id":448,"date":"2015-07-24T15:50:21","date_gmt":"2015-07-24T14:50:21","guid":{"rendered":"http:\/\/agora.xtec.cat\/zerbaixbergueda\/?page_id=448"},"modified":"2025-11-17T16:22:18","modified_gmt":"2025-11-17T15:22:18","slug":"documents","status":"publish","type":"page","link":"https:\/\/agora.xtec.cat\/zerbaixbergueda\/zer\/documents\/","title":{"rendered":"DOCUMENTS"},"content":{"rendered":"<p>En aquesta secci\u00f3 podeu enlla\u00e7ar els documents m\u00e9s significatius relacionat amb les escoles de la ZER.<\/p>\n<p><a href=\"https:\/\/drive.google.com\/file\/d\/0B7R3XNfIY4XNRnpKcHVaVHZCYVBjb3IxdWFCY3RJalRjY0hN\/view?usp=sharing&amp;resourcekey=0-WJRzBcA_J2LGXo889RounA\">PROJECTE EDUCATIU DE ZER<\/a><\/p>\n<p><a href=\"https:\/\/drive.google.com\/file\/d\/1F8jzklKrKLlMtWSJiJYBp_HHoVLRjyg8\/view?usp=sharing\" target=\"_blank\" rel=\"noreferrer noopener\">NORMES D\u2019ORGANITZACI\u00d3 I FUNCIONAMENT DE ZER<\/a><\/p>\n<p><a href=\"https:\/\/agora.xtec.cat\/ceipolvan\/wp-content\/uploads\/usu865\/2019\/01\/PROJECTE-LINGUISTIC-ZER.pdf\">PROJECTE LING\u00dc\u00cdSTIC<\/a><\/p>\n<p><a href=\"https:\/\/drive.google.com\/file\/d\/1-22r2GUAxqf3ECHjxDVXI5B5SSai9eOB\/view?usp=drive_link\">PLA D\u2019ACCI\u00d3 TUTORIAL<\/a><\/p>\n<p><a href=\"https:\/\/drive.google.com\/file\/d\/1A7iwI9VWDV6R_iTUe49rlkPkze5Ex4i4\/view?usp=sharing\">PROJECTE CONVIV\u00c8NCIA<\/a><\/p>\n<p><a href=\"https:\/\/drive.google.com\/file\/d\/11ySa7zmtm_cEBX1V1m8wSkzQ9fDTCPwa\/view?usp=drive_link\">CARTA COMPROM\u00cdS EDUCATIU<\/a><\/p>\n","protected":false},"excerpt":{"rendered":"<p>En aquesta secci\u00f3 podeu enlla\u00e7ar els documents m\u00e9s significatius relacionat amb les escoles de la ZER. PROJECTE EDUCATIU DE ZER NORMES D\u2019ORGANITZACI\u00d3 I FUNCIONAMENT DE ZER PROJECTE LING\u00dc\u00cdSTIC PLA D\u2019ACCI\u00d3 TUTORIAL PROJECTE CONVIV\u00c8NCIA CARTA COMPROM\u00cdS EDUCATIU<\/p>\n","protected":false},"author":1,"featured_media":0,"parent":19,"menu_order":70,"comment_status":"closed","ping_status":"closed","template":"","meta":{"site-sidebar-layout":"default","site-content-layout":"","ast-site-content-layout":"default","site-content-style":"default","site-sidebar-style":"default","ast-global-header-display":"","ast-banner-title-visibility":"","ast-main-header-display":"","ast-hfb-above-header-display":"","ast-hfb-below-header-display":"","ast-hfb-mobile-header-display":"","site-post-title":"","ast-breadcrumbs-content":"","ast-featured-img":"","footer-sml-layout":"","theme-transparent-header-meta":"","adv-header-id-meta":"","stick-header-meta":"","header-above-stick-meta":"","header-main-stick-meta":"","header-below-stick-meta":"","astra-migrate-meta-layouts":"set","ast-page-background-enabled":"default","ast-page-background-meta":{"desktop":{"background-color":"var(--ast-global-color-4)","background-image":"","background-repeat":"repeat","background-position":"center center","background-size":"auto","background-attachment":"scroll","background-type":"","background-media":"","overlay-type":"","overlay-color":"","overlay-opacity":"","overlay-gradient":""},"tablet":{"background-color":"","background-image":"","background-repeat":"repeat","background-position":"center center","background-size":"auto","background-attachment":"scroll","background-type":"","background-media":"","overlay-type":"","overlay-color":"","overlay-opacity":"","overlay-gradient":""},"mobile":{"background-color":"","background-image":"","background-repeat":"repeat","background-position":"center center","background-size":"auto","background-attachment":"scroll","background-type":"","background-media":"","overlay-type":"","overlay-color":"","overlay-opacity":"","overlay-gradient":""}},"ast-content-background-meta":{"desktop":{"background-color":"var(--ast-global-color-5)","background-image":"","background-repeat":"repeat","background-position":"center center","background-size":"auto","background-attachment":"scroll","background-type":"","background-media":"","overlay-type":"","overlay-color":"","overlay-opacity":"","overlay-gradient":""},"tablet":{"background-color":"var(--ast-global-color-5)","background-image":"","background-repeat":"repeat","background-position":"center center","background-size":"auto","background-attachment":"scroll","background-type":"","background-media":"","overlay-type":"","overlay-color":"","overlay-opacity":"","overlay-gradient":""},"mobile":{"background-color":"var(--ast-global-color-5)","background-image":"","background-repeat":"repeat","background-position":"center center","background-size":"auto","background-attachment":"scroll","background-type":"","background-media":"","overlay-type":"","overlay-color":"","overlay-opacity":"","overlay-gradient":""}},"footnotes":""},"class_list":["post-448","page","type-page","status-publish","hentry"],"post_mailing_queue_ids":[],"_links":{"self":[{"href":"https:\/\/agora.xtec.cat\/zerbaixbergueda\/wp-json\/wp\/v2\/pages\/448","targetHints":{"allow":["GET"]}}],"collection":[{"href":"https:\/\/agora.xtec.cat\/zerbaixbergueda\/wp-json\/wp\/v2\/pages"}],"about":[{"href":"https:\/\/agora.xtec.cat\/zerbaixbergueda\/wp-json\/wp\/v2\/types\/page"}],"author":[{"embeddable":true,"href":"https:\/\/agora.xtec.cat\/zerbaixbergueda\/wp-json\/wp\/v2\/users\/1"}],"replies":[{"embeddable":true,"href":"https:\/\/agora.xtec.cat\/zerbaixbergueda\/wp-json\/wp\/v2\/comments?post=448"}],"version-history":[{"count":4,"href":"https:\/\/agora.xtec.cat\/zerbaixbergueda\/wp-json\/wp\/v2\/pages\/448\/revisions"}],"predecessor-version":[{"id":870,"href":"https:\/\/agora.xtec.cat\/zerbaixbergueda\/wp-json\/wp\/v2\/pages\/448\/revisions\/870"}],"up":[{"embeddable":true,"href":"https:\/\/agora.xtec.cat\/zerbaixbergueda\/wp-json\/wp\/v2\/pages\/19"}],"wp:attachment":[{"href":"https:\/\/agora.xtec.cat\/zerbaixbergueda\/wp-json\/wp\/v2\/media?parent=448"}],"curies":[{"name":"wp","href":"https:\/\/api.w.org\/{rel}","templated":true}]}}