{"id":63,"date":"2014-09-18T10:06:31","date_gmt":"2014-09-18T10:06:31","guid":{"rendered":"http:\/\/agora.xtec.cat\/zeratzavara\/?page_id=63"},"modified":"2022-09-27T09:29:59","modified_gmt":"2022-09-27T07:29:59","slug":"serveis","status":"publish","type":"page","link":"https:\/\/agora.xtec.cat\/zeratzavara\/zer\/serveis\/","title":{"rendered":"Escola de pares i mares"},"content":{"rendered":"<div style=\"text-align: left;\" align=\"justify\"><span style=\"color: #000000; font-size: large;\">Anualment es realitza una xerrada sobre temes diversos\u00a0 d\u2019inter\u00e8s per les fam\u00edlies de la ZER. Cada any es far\u00e0 en una escola de la ZER.<\/span><\/div>\n<div align=\"justify\"><\/div>\n<div style=\"text-align: center;\" align=\"justify\"><a href=\"https:\/\/agora.xtec.cat\/zeratzavara\/wp-content\/uploads\/usu1906\/2019\/02\/6-mar\u00e7-2019-redu\u00efda.jpg\"><img loading=\"lazy\" decoding=\"async\" class=\"alignleft wp-image-906 \" src=\"https:\/\/agora.xtec.cat\/zeratzavara\/wp-content\/uploads\/usu1906\/2019\/02\/6-mar\u00e7-2019-redu\u00efda-212x300.jpg\" alt=\"\" width=\"202\" height=\"286\" srcset=\"https:\/\/agora.xtec.cat\/zeratzavara\/wp-content\/uploads\/usu1906\/2019\/02\/6-mar\u00e7-2019-redu\u00efda-212x300.jpg 212w, https:\/\/agora.xtec.cat\/zeratzavara\/wp-content\/uploads\/usu1906\/2019\/02\/6-mar\u00e7-2019-redu\u00efda-768x1086.jpg 768w, https:\/\/agora.xtec.cat\/zeratzavara\/wp-content\/uploads\/usu1906\/2019\/02\/6-mar\u00e7-2019-redu\u00efda-724x1024.jpg 724w, https:\/\/agora.xtec.cat\/zeratzavara\/wp-content\/uploads\/usu1906\/2019\/02\/6-mar\u00e7-2019-redu\u00efda.jpg 794w\" sizes=\"auto, (max-width: 202px) 100vw, 202px\" \/><\/a><\/div>\n<p><a href=\"https:\/\/agora.xtec.cat\/zeratzavara\/wp-content\/uploads\/usu1906\/2018\/10\/ESCOLA-DE-PARES.jpg\"><img loading=\"lazy\" decoding=\"async\" class=\"wp-image-691 alignleft\" src=\"https:\/\/agora.xtec.cat\/zeratzavara\/wp-content\/uploads\/usu1906\/2018\/10\/ESCOLA-DE-PARES-211x300.jpg\" alt=\"\" width=\"201\" height=\"286\" srcset=\"https:\/\/agora.xtec.cat\/zeratzavara\/wp-content\/uploads\/usu1906\/2018\/10\/ESCOLA-DE-PARES-211x300.jpg 211w, https:\/\/agora.xtec.cat\/zeratzavara\/wp-content\/uploads\/usu1906\/2018\/10\/ESCOLA-DE-PARES.jpg 638w\" sizes=\"auto, (max-width: 201px) 100vw, 201px\" \/><\/a><a href=\"https:\/\/agora.xtec.cat\/zeratzavara\/wp-content\/uploads\/usu1906\/2018\/10\/VISI\u00d3-I-APRENENTATGE.jpg\"><img loading=\"lazy\" decoding=\"async\" class=\"alignleft wp-image-692 \" src=\"https:\/\/agora.xtec.cat\/zeratzavara\/wp-content\/uploads\/usu1906\/2018\/10\/VISI\u00d3-I-APRENENTATGE-210x300.jpg\" alt=\"\" width=\"197\" height=\"281\" srcset=\"https:\/\/agora.xtec.cat\/zeratzavara\/wp-content\/uploads\/usu1906\/2018\/10\/VISI\u00d3-I-APRENENTATGE-210x300.jpg 210w, https:\/\/agora.xtec.cat\/zeratzavara\/wp-content\/uploads\/usu1906\/2018\/10\/VISI\u00d3-I-APRENENTATGE.jpg 638w\" sizes=\"auto, (max-width: 197px) 100vw, 197px\" \/><\/a><\/p>\n<p><a href=\"https:\/\/agora.xtec.cat\/zeratzavara\/wp-content\/uploads\/usu1906\/2019\/12\/Cartell-xerrada-Vine-a-jugar.jpg\"><img loading=\"lazy\" decoding=\"async\" class=\"wp-image-1110 alignleft\" src=\"https:\/\/agora.xtec.cat\/zeratzavara\/wp-content\/uploads\/usu1906\/2019\/12\/Cartell-xerrada-Vine-a-jugar-724x1024.jpg\" alt=\"\" width=\"182\" height=\"257\" srcset=\"https:\/\/agora.xtec.cat\/zeratzavara\/wp-content\/uploads\/usu1906\/2019\/12\/Cartell-xerrada-Vine-a-jugar-724x1024.jpg 724w, https:\/\/agora.xtec.cat\/zeratzavara\/wp-content\/uploads\/usu1906\/2019\/12\/Cartell-xerrada-Vine-a-jugar-212x300.jpg 212w, https:\/\/agora.xtec.cat\/zeratzavara\/wp-content\/uploads\/usu1906\/2019\/12\/Cartell-xerrada-Vine-a-jugar-768x1086.jpg 768w, https:\/\/agora.xtec.cat\/zeratzavara\/wp-content\/uploads\/usu1906\/2019\/12\/Cartell-xerrada-Vine-a-jugar.jpg 1587w\" sizes=\"auto, (max-width: 182px) 100vw, 182px\" \/><\/a><\/p>\n<p><a href=\"https:\/\/agora.xtec.cat\/zeratzavara\/wp-content\/uploads\/usu1906\/2022\/09\/Xerrada-families-ZER-2022-23.jpg\"><img loading=\"lazy\" decoding=\"async\" class=\"wp-image-1946 alignleft\" src=\"https:\/\/agora.xtec.cat\/zeratzavara\/wp-content\/uploads\/usu1906\/2022\/09\/Xerrada-families-ZER-2022-23-724x1024.jpg\" alt=\"\" width=\"179\" height=\"253\" srcset=\"https:\/\/agora.xtec.cat\/zeratzavara\/wp-content\/uploads\/usu1906\/2022\/09\/Xerrada-families-ZER-2022-23-724x1024.jpg 724w, https:\/\/agora.xtec.cat\/zeratzavara\/wp-content\/uploads\/usu1906\/2022\/09\/Xerrada-families-ZER-2022-23-212x300.jpg 212w, https:\/\/agora.xtec.cat\/zeratzavara\/wp-content\/uploads\/usu1906\/2022\/09\/Xerrada-families-ZER-2022-23-768x1086.jpg 768w, https:\/\/agora.xtec.cat\/zeratzavara\/wp-content\/uploads\/usu1906\/2022\/09\/Xerrada-families-ZER-2022-23-1086x1536.jpg 1086w, https:\/\/agora.xtec.cat\/zeratzavara\/wp-content\/uploads\/usu1906\/2022\/09\/Xerrada-families-ZER-2022-23.jpg 1414w\" sizes=\"auto, (max-width: 179px) 100vw, 179px\" \/><\/a><\/p>\n<p>&nbsp;<\/p>\n","protected":false},"excerpt":{"rendered":"<p>Anualment es realitza una xerrada sobre temes diversos\u00a0 d\u2019inter\u00e8s per les fam\u00edlies de la ZER. Cada any es far\u00e0 en una escola de la ZER.<\/p>\n<p><a href=\"https:\/\/agora.xtec.cat\/zeratzavara\/wp-content\/uploads\/usu1906\/2019\/02\/6-mar\u00e7-2019-redu\u00efda.jpg\"><\/a><br \/>\n<a href=\"https:\/\/agora.xtec.cat\/zeratzavara\/wp-content\/uploads\/usu1906\/2018\/10\/ESCOLA-DE-PARES.jpg\"><\/a><a href=\"https:\/\/agora.xtec.cat\/zeratzavara\/wp-content\/uploads\/usu1906\/2018\/10\/VISI\u00d3-I-APRENENTATGE.jpg\"><\/a><br \/>\n<a href=\"https:\/\/agora.xtec.cat\/zeratzavara\/wp-content\/uploads\/usu1906\/2019\/12\/Cartell-xerrada-Vine-a-jugar.jpg\"><\/a><br \/>\n<a href=\"https:\/\/agora.xtec.cat\/zeratzavara\/wp-content\/uploads\/usu1906\/2022\/09\/Xerrada-families-ZER-2022-23.jpg\"><\/a><br \/>\n&nbsp;<\/p>\n","protected":false},"author":1,"featured_media":0,"parent":19,"menu_order":80,"comment_status":"closed","ping_status":"closed","template":"page-templates\/side-menu.php","meta":{"_bbp_topic_count":0,"_bbp_reply_count":0,"_bbp_total_topic_count":0,"_bbp_total_reply_count":0,"_bbp_voice_count":0,"_bbp_anonymous_reply_count":0,"_bbp_topic_count_hidden":0,"_bbp_reply_count_hidden":0,"_bbp_forum_subforum_count":0,"footnotes":""},"class_list":["post-63","page","type-page","status-publish","hentry"],"post_mailing_queue_ids":[],"_links":{"self":[{"href":"https:\/\/agora.xtec.cat\/zeratzavara\/wp-json\/wp\/v2\/pages\/63","targetHints":{"allow":["GET"]}}],"collection":[{"href":"https:\/\/agora.xtec.cat\/zeratzavara\/wp-json\/wp\/v2\/pages"}],"about":[{"href":"https:\/\/agora.xtec.cat\/zeratzavara\/wp-json\/wp\/v2\/types\/page"}],"author":[{"embeddable":true,"href":"https:\/\/agora.xtec.cat\/zeratzavara\/wp-json\/wp\/v2\/users\/1"}],"replies":[{"embeddable":true,"href":"https:\/\/agora.xtec.cat\/zeratzavara\/wp-json\/wp\/v2\/comments?post=63"}],"version-history":[{"count":4,"href":"https:\/\/agora.xtec.cat\/zeratzavara\/wp-json\/wp\/v2\/pages\/63\/revisions"}],"predecessor-version":[{"id":1961,"href":"https:\/\/agora.xtec.cat\/zeratzavara\/wp-json\/wp\/v2\/pages\/63\/revisions\/1961"}],"up":[{"embeddable":true,"href":"https:\/\/agora.xtec.cat\/zeratzavara\/wp-json\/wp\/v2\/pages\/19"}],"wp:attachment":[{"href":"https:\/\/agora.xtec.cat\/zeratzavara\/wp-json\/wp\/v2\/media?parent=63"}],"curies":[{"name":"wp","href":"https:\/\/api.w.org\/{rel}","templated":true}]}}