{"id":448,"date":"2015-07-24T15:50:21","date_gmt":"2015-07-24T14:50:21","guid":{"rendered":"http:\/\/agora.xtec.cat\/zeratzavara\/?page_id=448"},"modified":"2020-10-23T09:32:18","modified_gmt":"2020-10-23T07:32:18","slug":"documents","status":"publish","type":"page","link":"https:\/\/agora.xtec.cat\/zeratzavara\/zer\/documents\/","title":{"rendered":"Documents de ZER"},"content":{"rendered":"<p>En aquesta secci\u00f3 podeu enlla\u00e7ar els documents m\u00e9s significatius relacionat amb les escoles de la ZER.<\/p>\n<ul>\n<li><a href=\"http:\/\/agora.xtec.cat\/zeratzavara\/docs\/\">PGA (Programaci\u00f3 General Anual)<\/a><\/li>\n<li><a href=\"https:\/\/agora.xtec.cat\/zeratzavara\/docs\/\" target=\"_blank\" rel=\"noopener noreferrer\">NOFZ (Normes d&#8217;Organitzaci\u00f3 i funcionament de ZER)<\/a><\/li>\n<li><a href=\"http:\/\/agora.xtec.cat\/zeratzavara\/docs\/\">PEZ (Projecte Educatiu de ZER)<\/a><\/li>\n<li><a href=\"http:\/\/agora.xtec.cat\/zeratzavara\/docs\/\">Projecte direcci\u00f3<\/a><\/li>\n<li><a href=\"http:\/\/agora.xtec.cat\/zeratzavara\/docs\/\">Carta de comprom\u00eds<\/a><\/li>\n<li><a href=\"https:\/\/agora.xtec.cat\/zeratzavara\/docs\/\">PLC (Projecte Ling\u00fc\u00edstic de Centre)<\/a><\/li>\n<li><a href=\"https:\/\/agora.xtec.cat\/zeratzavara\/docs\/\">POC (Pla d&#8217;Organtizaci\u00f3 de Centre)<\/a><\/li>\n<\/ul>\n","protected":false},"excerpt":{"rendered":"<p>En aquesta secci\u00f3 podeu enlla\u00e7ar els documents m\u00e9s significatius relacionat amb les escoles de la ZER.<\/p>\n<ul>\n<li><a href=\"http:\/\/agora.xtec.cat\/zeratzavara\/docs\/\">PGA (Programaci\u00f3 General Anual)<\/a><\/li>\n<li><a href=\"https:\/\/agora.xtec.cat\/zeratzavara\/docs\/\" target=\"_blank\" rel=\"noopener noreferrer\">NOFZ (Normes d&#8217;Organitzaci\u00f3 i funcionament de ZER)<\/a><\/li>\n<li><a href=\"http:\/\/agora.xtec.cat\/zeratzavara\/docs\/\">PEZ (Projecte Educatiu de ZER)<\/a><\/li>\n<li><a href=\"http:\/\/agora.xtec.cat\/zeratzavara\/docs\/\">Projecte direcci\u00f3<\/a><\/li>\n<li><a href=\"http:\/\/agora.xtec.cat\/zeratzavara\/docs\/\">Carta de comprom\u00eds<\/a><\/li>\n<li><a href=\"https:\/\/agora.xtec.cat\/zeratzavara\/docs\/\">PLC (Projecte Ling\u00fc\u00edstic de Centre)<\/a><\/li>\n<li><a&hellip;  <a href=\"https:\/\/agora.xtec.cat\/zeratzavara\/zer\/documents\/\" title=\"Read Documents de ZER\">Llegeix m\u00e9s\u00bb<\/a><br \/>\n","protected":false},"author":1,"featured_media":0,"parent":19,"menu_order":70,"comment_status":"closed","ping_status":"closed","template":"page-templates\/side-menu.php","meta":{"_bbp_topic_count":0,"_bbp_reply_count":0,"_bbp_total_topic_count":0,"_bbp_total_reply_count":0,"_bbp_voice_count":0,"_bbp_anonymous_reply_count":0,"_bbp_topic_count_hidden":0,"_bbp_reply_count_hidden":0,"_bbp_forum_subforum_count":0,"footnotes":""},"class_list":["post-448","page","type-page","status-publish","hentry"],"post_mailing_queue_ids":[],"_links":{"self":[{"href":"https:\/\/agora.xtec.cat\/zeratzavara\/wp-json\/wp\/v2\/pages\/448","targetHints":{"allow":["GET"]}}],"collection":[{"href":"https:\/\/agora.xtec.cat\/zeratzavara\/wp-json\/wp\/v2\/pages"}],"about":[{"href":"https:\/\/agora.xtec.cat\/zeratzavara\/wp-json\/wp\/v2\/types\/page"}],"author":[{"embeddable":true,"href":"https:\/\/agora.xtec.cat\/zeratzavara\/wp-json\/wp\/v2\/users\/1"}],"replies":[{"embeddable":true,"href":"https:\/\/agora.xtec.cat\/zeratzavara\/wp-json\/wp\/v2\/comments?post=448"}],"version-history":[{"count":4,"href":"https:\/\/agora.xtec.cat\/zeratzavara\/wp-json\/wp\/v2\/pages\/448\/revisions"}],"predecessor-version":[{"id":1524,"href":"https:\/\/agora.xtec.cat\/zeratzavara\/wp-json\/wp\/v2\/pages\/448\/revisions\/1524"}],"up":[{"embeddable":true,"href":"https:\/\/agora.xtec.cat\/zeratzavara\/wp-json\/wp\/v2\/pages\/19"}],"wp:attachment":[{"href":"https:\/\/agora.xtec.cat\/zeratzavara\/wp-json\/wp\/v2\/media?parent=448"}],"curies":[{"name":"wp","href":"https:\/\/api.w.org\/{rel}","templated":true}]}}