{"id":440,"date":"2015-07-24T15:31:14","date_gmt":"2015-07-24T14:31:14","guid":{"rendered":"http:\/\/agora.xtec.cat\/zeratzavara\/?page_id=440"},"modified":"2023-10-30T13:58:22","modified_gmt":"2023-10-30T12:58:22","slug":"ampa","status":"publish","type":"page","link":"https:\/\/agora.xtec.cat\/zeratzavara\/zer\/ampa\/","title":{"rendered":"AFA"},"content":{"rendered":"<p>AFA Escola La Barquera d&#8217;Ali\u00f3 &#8211; <strong>ampabarqueraalio@gmail.com<\/strong><\/p>\n<p>AFA Escola Sant Jaume de Br\u00e0fim &#8211;<strong>\u00a0ampa.brafim@gmail.com\u00a0<\/strong><\/p>\n<p>AFA Escola Manuel de Castellv\u00ed i Feliu &#8211; <strong>ampa.vilabella@gmail.com<\/strong><\/p>\n<h6>L\u2019AFA \u00e9s l\u2019entitat que agrupa a les fam\u00edlies d\u2019alumnes de l\u2019Escola per a la defensa dels seus interessos en tot all\u00f2 que fa refer\u00e8ncia a l\u2019educaci\u00f3 dels nens i nenes i col\u00b7labora en el funcionament del centre.<\/h6>\n<p>\u00c9s una entitat constitu\u00efda com associaci\u00f3 sense \u00e0nim de lucre. Est\u00e0 regulada per uns estatuts i s\u2019organitza a trav\u00e9s de: La Junta Directiva i l\u2019Assemblea General.<br \/>\nL&#8217;objectiu fonamental de l&#8217;AFA \u00e9s contribuir a la millora de la qualitat de l&#8217;ensenyament que reben els nostres fills i filles.<\/p>\n<p><a href=\"http:\/\/agora.xtec.cat\/zeratzavara\/wp-content\/uploads\/usu1906\/2014\/09\/ampa.png\"><img loading=\"lazy\" decoding=\"async\" class=\" size-medium wp-image-185 aligncenter\" src=\"http:\/\/agora.xtec.cat\/zeratzavara\/wp-content\/uploads\/usu1906\/2014\/09\/ampa-300x120.png\" alt=\"ampa\" width=\"300\" height=\"120\" srcset=\"https:\/\/agora.xtec.cat\/zeratzavara\/wp-content\/uploads\/usu1906\/2014\/09\/ampa-300x120.png 300w, https:\/\/agora.xtec.cat\/zeratzavara\/wp-content\/uploads\/usu1906\/2014\/09\/ampa.png 315w\" sizes=\"auto, (max-width: 300px) 100vw, 300px\" \/><\/a><\/p>\n<p>Algunes de les tasques que es fan s\u00f3n:<\/p>\n<ul>\n<li>Promoure la participaci\u00f3 de pares i mares dels alumnes: Castanyada, Xocolatada per Nadal, Jocs Florals, Festa Setmana Cultural, Colla Gegantera, et\u00e7.<\/li>\n<li>Promoure la representaci\u00f3 i la participaci\u00f3 dels pares i mares dels alumnes en el Consell Escolar.<\/li>\n<li>Col\u00b7labora en les activitats educatives, organitza i gestiona les activitats extraescolars i el menjador de l\u2019Escola.<\/li>\n<li>Venda de roba i llibres de text.<\/li>\n<li>Col\u00b7labora en el Projecte per a la Reutilitzaci\u00f3 i Socialitzaci\u00f3 de llibres.<\/li>\n<li>Ajuda al finan\u00e7ament d\u2019aquelles activitats o equipaments que el centre necessita: Festa de l\u2019Escola, Biblioteca d\u2019Angl\u00e8s, samarretes per als Jocs Esportius i Fem dansa, l\u2019autocar per participar a la Cant\u00e0nia, un mirall per fer ball, projecte de rob\u00f2tica, etc.<\/li>\n<\/ul>\n<h6>Qui \u00e9s de l\u2019AFA?<\/h6>\n<p>L\u2019Associaci\u00f3 est\u00e0 formada per les fam\u00edlies que s\u2019han inscrit com a s\u00f2cies. A m\u00e9s, hi ha els vocals que formen diferents grups de treball.<\/p>\n<p>&nbsp;<\/p>\n<p>Per a m\u00e9s informaci\u00f3 podeu visitar el lloc web\u00a0<a href=\"http:\/\/familiaiescola.gencat.cat\/ca\/escolaritat\/participacio-compromis\/participacio-coresponsabilitzacio\/participacio-funcionament-centre\/ampa\/\">Associacions de fam\u00edlies de alumnes (AFA)<\/a><\/p>\n","protected":false},"excerpt":{"rendered":"<p>AFA Escola La Barquera d&#8217;Ali\u00f3 &#8211; ampabarqueraalio@gmail.com<br \/>\nAFA Escola Sant Jaume de Br\u00e0fim &#8211;\u00a0ampa.brafim@gmail.com\u00a0<br \/>\nAFA Escola Manuel de Castellv\u00ed i Feliu &#8211; ampa.vilabella@gmail.com<br \/>\nL\u2019AFA \u00e9s l\u2019entitat que agrupa a les fam\u00edlies d\u2019alumnes de l\u2019Escola per a la defensa dels seus interessos en tot all\u00f2 que fa refer\u00e8ncia a&hellip;  <a href=\"https:\/\/agora.xtec.cat\/zeratzavara\/zer\/ampa\/\" title=\"Read AFA\">Llegeix m\u00e9s\u00bb<\/a><\/p>\n","protected":false},"author":1,"featured_media":0,"parent":19,"menu_order":90,"comment_status":"closed","ping_status":"closed","template":"page-templates\/side-menu.php","meta":{"_bbp_topic_count":0,"_bbp_reply_count":0,"_bbp_total_topic_count":0,"_bbp_total_reply_count":0,"_bbp_voice_count":0,"_bbp_anonymous_reply_count":0,"_bbp_topic_count_hidden":0,"_bbp_reply_count_hidden":0,"_bbp_forum_subforum_count":0,"footnotes":""},"class_list":["post-440","page","type-page","status-publish","hentry"],"post_mailing_queue_ids":[],"_links":{"self":[{"href":"https:\/\/agora.xtec.cat\/zeratzavara\/wp-json\/wp\/v2\/pages\/440","targetHints":{"allow":["GET"]}}],"collection":[{"href":"https:\/\/agora.xtec.cat\/zeratzavara\/wp-json\/wp\/v2\/pages"}],"about":[{"href":"https:\/\/agora.xtec.cat\/zeratzavara\/wp-json\/wp\/v2\/types\/page"}],"author":[{"embeddable":true,"href":"https:\/\/agora.xtec.cat\/zeratzavara\/wp-json\/wp\/v2\/users\/1"}],"replies":[{"embeddable":true,"href":"https:\/\/agora.xtec.cat\/zeratzavara\/wp-json\/wp\/v2\/comments?post=440"}],"version-history":[{"count":7,"href":"https:\/\/agora.xtec.cat\/zeratzavara\/wp-json\/wp\/v2\/pages\/440\/revisions"}],"predecessor-version":[{"id":2307,"href":"https:\/\/agora.xtec.cat\/zeratzavara\/wp-json\/wp\/v2\/pages\/440\/revisions\/2307"}],"up":[{"embeddable":true,"href":"https:\/\/agora.xtec.cat\/zeratzavara\/wp-json\/wp\/v2\/pages\/19"}],"wp:attachment":[{"href":"https:\/\/agora.xtec.cat\/zeratzavara\/wp-json\/wp\/v2\/media?parent=440"}],"curies":[{"name":"wp","href":"https:\/\/api.w.org\/{rel}","templated":true}]}}