{"id":297,"date":"2015-07-20T13:42:10","date_gmt":"2015-07-20T12:42:10","guid":{"rendered":"http:\/\/agora.xtec.cat\/zeratzavara\/?page_id=297"},"modified":"2023-07-05T13:22:52","modified_gmt":"2023-07-05T11:22:52","slug":"que-fem","status":"publish","type":"page","link":"https:\/\/agora.xtec.cat\/zeratzavara\/zer\/que-fem\/","title":{"rendered":"Qu\u00e8 fem"},"content":{"rendered":"<h6>Les tres escoles que formen la ZER Atzavara treballen coordinadament amb tot i per tot.<\/h6>\n<div align=\"justify\">\n<h6 align=\"justify\">Cal destacar, especialment, els grups de treball per elaborar les activitats comunes encap\u00e7alats pels coordinadors.<\/h6>\n<h6 align=\"justify\">Les activitats comunes a les quals ens refer\u00edem anteriorment s\u00f3n:<\/h6>\n<h6 align=\"justify\">Sortides: Es programa una sortida al trimestre agrupades per una banda Ed. Infantil\/CI i, per l\u2019altra, CM\/CS, tot i que, sempre en sorgeixen d\u2019altres com teatre, audicions musicals, programes d\u2019educaci\u00f3 vial, visita a la comarca, etc.<\/h6>\n<h6 align=\"justify\">Trobada liter\u00e0ria de la ZER: A partir del curs escolar 2013-14 vam comen\u00e7ar a realitzar una trobada liter\u00e0ria de ZER on hi participaran tots els alumnes.<\/h6>\n<\/div>\n<div align=\"justify\"><span style=\"color: #000000; font-size: large;\"><a href=\"https:\/\/agora.xtec.cat\/zeratzavara\/wp-content\/uploads\/usu1906\/2023\/07\/Portada-diptic-nou-1.jpg\"><img loading=\"lazy\" decoding=\"async\" class=\"alignnone  wp-image-2228\" src=\"https:\/\/agora.xtec.cat\/zeratzavara\/wp-content\/uploads\/usu1906\/2023\/07\/Portada-diptic-nou-1-1024x791.jpg\" alt=\"\" width=\"457\" height=\"353\" srcset=\"https:\/\/agora.xtec.cat\/zeratzavara\/wp-content\/uploads\/usu1906\/2023\/07\/Portada-diptic-nou-1-1024x791.jpg 1024w, https:\/\/agora.xtec.cat\/zeratzavara\/wp-content\/uploads\/usu1906\/2023\/07\/Portada-diptic-nou-1-300x232.jpg 300w, https:\/\/agora.xtec.cat\/zeratzavara\/wp-content\/uploads\/usu1906\/2023\/07\/Portada-diptic-nou-1-768x593.jpg 768w, https:\/\/agora.xtec.cat\/zeratzavara\/wp-content\/uploads\/usu1906\/2023\/07\/Portada-diptic-nou-1-1536x1187.jpg 1536w, https:\/\/agora.xtec.cat\/zeratzavara\/wp-content\/uploads\/usu1906\/2023\/07\/Portada-diptic-nou-1.jpg 2000w\" sizes=\"auto, (max-width: 457px) 100vw, 457px\" \/><\/a><a href=\"https:\/\/agora.xtec.cat\/zeratzavara\/wp-content\/uploads\/usu1906\/2021\/03\/Interior2.jpg\"><img loading=\"lazy\" decoding=\"async\" class=\"wp-image-1618 alignleft\" src=\"https:\/\/agora.xtec.cat\/zeratzavara\/wp-content\/uploads\/usu1906\/2021\/03\/Interior2-1024x791.jpg\" alt=\"\" width=\"454\" height=\"351\" srcset=\"https:\/\/agora.xtec.cat\/zeratzavara\/wp-content\/uploads\/usu1906\/2021\/03\/Interior2-1024x791.jpg 1024w, https:\/\/agora.xtec.cat\/zeratzavara\/wp-content\/uploads\/usu1906\/2021\/03\/Interior2-300x232.jpg 300w, https:\/\/agora.xtec.cat\/zeratzavara\/wp-content\/uploads\/usu1906\/2021\/03\/Interior2-768x593.jpg 768w, https:\/\/agora.xtec.cat\/zeratzavara\/wp-content\/uploads\/usu1906\/2021\/03\/Interior2.jpg 2000w\" sizes=\"auto, (max-width: 454px) 100vw, 454px\" \/><\/a><\/span><\/div>\n<div align=\"justify\"><\/div>\n<p>&nbsp;<\/p>\n<p><iframe loading=\"lazy\" title=\"Projecte de direcci\u00f3 ZER Atzavara 2020-2024 (resum)\" width=\"500\" height=\"281\" src=\"https:\/\/www.youtube.com\/embed\/NWQPkBxKddw?start=54&#038;feature=oembed\" frameborder=\"0\" allow=\"accelerometer; autoplay; clipboard-write; encrypted-media; gyroscope; picture-in-picture; web-share\" referrerpolicy=\"strict-origin-when-cross-origin\" allowfullscreen><\/iframe><\/p>\n<p><iframe loading=\"lazy\" title=\"Projecte Educatiu ZER Atzavara\" width=\"500\" height=\"281\" src=\"https:\/\/www.youtube.com\/embed\/XamfOSymVEw?feature=oembed\" frameborder=\"0\" allow=\"accelerometer; autoplay; clipboard-write; encrypted-media; gyroscope; picture-in-picture; web-share\" referrerpolicy=\"strict-origin-when-cross-origin\" allowfullscreen><\/iframe><\/p>\n","protected":false},"excerpt":{"rendered":"<p>Les tres escoles que formen la ZER Atzavara treballen coordinadament amb tot i per tot.<\/p>\n<p>Cal destacar, especialment, els grups de treball per elaborar les activitats comunes encap\u00e7alats pels coordinadors.<br \/>\nLes activitats comunes a les quals ens refer\u00edem anteriorment s\u00f3n:<br \/>\nSortides: Es programa una sortida al trimestre agrupades&hellip;  <a href=\"https:\/\/agora.xtec.cat\/zeratzavara\/zer\/que-fem\/\" title=\"Read Qu\u00e8 fem\">Llegeix m\u00e9s\u00bb<\/a><\/p>\n","protected":false},"author":1,"featured_media":0,"parent":19,"menu_order":40,"comment_status":"closed","ping_status":"closed","template":"page-templates\/side-menu.php","meta":{"_bbp_topic_count":0,"_bbp_reply_count":0,"_bbp_total_topic_count":0,"_bbp_total_reply_count":0,"_bbp_voice_count":0,"_bbp_anonymous_reply_count":0,"_bbp_topic_count_hidden":0,"_bbp_reply_count_hidden":0,"_bbp_forum_subforum_count":0,"footnotes":""},"class_list":["post-297","page","type-page","status-publish","hentry"],"post_mailing_queue_ids":[],"_links":{"self":[{"href":"https:\/\/agora.xtec.cat\/zeratzavara\/wp-json\/wp\/v2\/pages\/297","targetHints":{"allow":["GET"]}}],"collection":[{"href":"https:\/\/agora.xtec.cat\/zeratzavara\/wp-json\/wp\/v2\/pages"}],"about":[{"href":"https:\/\/agora.xtec.cat\/zeratzavara\/wp-json\/wp\/v2\/types\/page"}],"author":[{"embeddable":true,"href":"https:\/\/agora.xtec.cat\/zeratzavara\/wp-json\/wp\/v2\/users\/1"}],"replies":[{"embeddable":true,"href":"https:\/\/agora.xtec.cat\/zeratzavara\/wp-json\/wp\/v2\/comments?post=297"}],"version-history":[{"count":3,"href":"https:\/\/agora.xtec.cat\/zeratzavara\/wp-json\/wp\/v2\/pages\/297\/revisions"}],"predecessor-version":[{"id":2229,"href":"https:\/\/agora.xtec.cat\/zeratzavara\/wp-json\/wp\/v2\/pages\/297\/revisions\/2229"}],"up":[{"embeddable":true,"href":"https:\/\/agora.xtec.cat\/zeratzavara\/wp-json\/wp\/v2\/pages\/19"}],"wp:attachment":[{"href":"https:\/\/agora.xtec.cat\/zeratzavara\/wp-json\/wp\/v2\/media?parent=297"}],"curies":[{"name":"wp","href":"https:\/\/api.w.org\/{rel}","templated":true}]}}