{"id":258,"date":"2015-07-20T12:40:06","date_gmt":"2015-07-20T11:40:06","guid":{"rendered":"http:\/\/agora.xtec.cat\/zeratzavara\/?page_id=258"},"modified":"2023-07-05T13:28:11","modified_gmt":"2023-07-05T11:28:11","slug":"qui-som","status":"publish","type":"page","link":"https:\/\/agora.xtec.cat\/zeratzavara\/zer\/qui-som\/","title":{"rendered":"Qui som"},"content":{"rendered":"<p>La ZER \u201cAtzavara\u201d est\u00e0 ubicada en un \u00e0mbit rural dins la comarca de l\u2019Alt Camp. Es va constituir legalment el curs 1989-90, tot i que, quatre anys abans ja es reunien peri\u00f2dicament amb el suport del CRP de Valls amb l\u2019objectiu de millorar la qualitat de l\u2019ensenyament en unes escoles petites situades en el medi rural, fomentant la col\u00b7laboraci\u00f3 pel seu millor funcionament. Aix\u00ed doncs, i a partir d\u2019aquest treball com\u00fa, es van poder observar caracter\u00edstiques especials pel nombre d\u2019unitats i per la continu\u00eftat dels mestres i es decidiren a elaborar un projecte per a la seva constituci\u00f3 definitiva com a Zona Escolar Rural.<\/p>\n<p>La ZER \u201cAtzavara\u201d la formen tres escoles p\u00fabliques que depenen del Departament d\u2019Educaci\u00f3 de la Generalitat de Catalunya. Acullen des de l\u2019Educaci\u00f3 Infantil (3 anys) fins a 6\u00e8 de Prim\u00e0ria. Les esmentades escoles s\u00f3n:<\/p>\n<h5><a href=\"https:\/\/agora.xtec.cat\/esc-labarquera\/\">E<\/a><a href=\"https:\/\/agora.xtec.cat\/esc-labarquera\/\">scola<\/a><a href=\"https:\/\/agora.xtec.cat\/esc-labarquera\/\"> La Barquera d&#8217;Ali\u00f3<\/a><\/h5>\n<h5><a href=\"https:\/\/agora.xtec.cat\/ceipsantjaumebrafim\/\">Escola Sant Jaume de Br\u00e0fim<\/a><\/h5>\n<h5><a href=\"https:\/\/escolavilabella.wordpress.com\/\">Escola Manuel de Castellv\u00ed i Feliu de Vilabella\u00a0<\/a>(Seu de la Zer Atzavara)<\/h5>\n<h5><\/h5>\n<p>El curs 2008-09 es va segregar de la ZER Atzavara l&#8217;escola Joan Plana de Puigpelat.<\/p>\n<p>El curs 2022-2023 es va segregar de la ZER Atzavara l&#8217;escola Sant Sebasti\u00e0 de Nulles.<\/p>\n<p>Les zones escolars rurals (ZER) s\u00f3n institucions escolars de car\u00e0cter p\u00fablic formades per l\u2019agrupaci\u00f3 de centres d&#8217;educaci\u00f3 infantil i prim\u00e0ria que es constitueixen amb la finalitat d\u2019oferir el servei d\u2019ensenyament en condicions de major qualitat en zones de baixa demografia escolar.<\/p>\n<blockquote><p>L\u2019Escola Rural, l\u2019escola de les tres \u201cP\u201d: Petita, de Poble i P\u00fablica, \u00e9s una escola arrelada al territori, que d\u00f3na vida al municipi, que a vegades n\u2019\u00e9s el pal de paller i\/o dinamitzadora d\u2019una part de la vida que el poble genera, que aglutina activitats, persones, i que \u00e9s motiu de trobada i aprenentatge<\/p><\/blockquote>\n<p>La zona escolar rural t\u00e9 consideraci\u00f3 de centre educatiu \u00fanic amb les caracter\u00edstiques i els efectes que es determinen en el <a href=\"http:\/\/dogc.gencat.cat\/ca\/pdogc_canals_interns\/pdogc_resultats_fitxa\/?documentId=545262&amp;language=ca_ES&amp;action=fitxa\" target=\"_blank\" rel=\"noopener noreferrer\">Decret 102\/2010, de 3 d\u2019agost d\u2019autonomia dels centres educatius<\/a>, sense perjudici de respectar la identitat jur\u00eddica de cadascuna de les escoles que la integren.<\/p>\n<p>Cada ZER t\u00e9 un projecte educatiu per a tots els centres que la integren i les mateixes normes d\u2019organitzaci\u00f3 i funcionament i la mateixa programaci\u00f3 general anual, que ha de respectar la singularitat de cadascuna de les escoles.<\/p>\n","protected":false},"excerpt":{"rendered":"<p>La ZER \u201cAtzavara\u201d est\u00e0 ubicada en un \u00e0mbit rural dins la comarca de l\u2019Alt Camp. Es va constituir legalment el curs 1989-90, tot i que, quatre anys abans ja es reunien peri\u00f2dicament amb el suport del CRP de Valls amb l\u2019objectiu de millorar la qualitat&hellip;  <a href=\"https:\/\/agora.xtec.cat\/zeratzavara\/zer\/qui-som\/\" title=\"Read Qui som\">Llegeix m\u00e9s\u00bb<\/a><\/p>\n","protected":false},"author":1,"featured_media":0,"parent":19,"menu_order":0,"comment_status":"closed","ping_status":"closed","template":"page-templates\/side-menu.php","meta":{"_bbp_topic_count":0,"_bbp_reply_count":0,"_bbp_total_topic_count":0,"_bbp_total_reply_count":0,"_bbp_voice_count":0,"_bbp_anonymous_reply_count":0,"_bbp_topic_count_hidden":0,"_bbp_reply_count_hidden":0,"_bbp_forum_subforum_count":0,"footnotes":""},"class_list":["post-258","page","type-page","status-publish","hentry"],"post_mailing_queue_ids":[],"_links":{"self":[{"href":"https:\/\/agora.xtec.cat\/zeratzavara\/wp-json\/wp\/v2\/pages\/258","targetHints":{"allow":["GET"]}}],"collection":[{"href":"https:\/\/agora.xtec.cat\/zeratzavara\/wp-json\/wp\/v2\/pages"}],"about":[{"href":"https:\/\/agora.xtec.cat\/zeratzavara\/wp-json\/wp\/v2\/types\/page"}],"author":[{"embeddable":true,"href":"https:\/\/agora.xtec.cat\/zeratzavara\/wp-json\/wp\/v2\/users\/1"}],"replies":[{"embeddable":true,"href":"https:\/\/agora.xtec.cat\/zeratzavara\/wp-json\/wp\/v2\/comments?post=258"}],"version-history":[{"count":4,"href":"https:\/\/agora.xtec.cat\/zeratzavara\/wp-json\/wp\/v2\/pages\/258\/revisions"}],"predecessor-version":[{"id":2233,"href":"https:\/\/agora.xtec.cat\/zeratzavara\/wp-json\/wp\/v2\/pages\/258\/revisions\/2233"}],"up":[{"embeddable":true,"href":"https:\/\/agora.xtec.cat\/zeratzavara\/wp-json\/wp\/v2\/pages\/19"}],"wp:attachment":[{"href":"https:\/\/agora.xtec.cat\/zeratzavara\/wp-json\/wp\/v2\/media?parent=258"}],"curies":[{"name":"wp","href":"https:\/\/api.w.org\/{rel}","templated":true}]}}