{"id":19,"date":"2014-09-17T14:56:56","date_gmt":"2014-09-17T14:56:56","guid":{"rendered":"http:\/\/agora.xtec.cat\/zeratzavara\/?page_id=19"},"modified":"2019-11-28T09:35:57","modified_gmt":"2019-11-28T08:35:57","slug":"zer","status":"publish","type":"page","link":"https:\/\/agora.xtec.cat\/zeratzavara\/zer\/","title":{"rendered":"ZER"},"content":{"rendered":"<p>La ZER Atzavara est\u00e0 situada en un \u00e0mbit rural a la comarca de l&#8217;Alt Camp, pertanyent a la prov\u00edncia de Tarragona, al sud-est de Catalunya.<\/p>\n<p><a href=\"https:\/\/agora.xtec.cat\/zeratzavara\/wp-content\/uploads\/usu1906\/2018\/11\/mapa-2.png\"><img loading=\"lazy\" decoding=\"async\" class=\"alignnone size-full wp-image-881\" src=\"https:\/\/agora.xtec.cat\/zeratzavara\/wp-content\/uploads\/usu1906\/2018\/11\/mapa-2.png\" alt=\"\" width=\"233\" height=\"219\" \/><\/a><a href=\"https:\/\/agora.xtec.cat\/zeratzavara\/wp-content\/uploads\/usu1906\/2018\/11\/mapa.png\"><img loading=\"lazy\" decoding=\"async\" class=\"alignnone size-full wp-image-882\" src=\"https:\/\/agora.xtec.cat\/zeratzavara\/wp-content\/uploads\/usu1906\/2018\/11\/mapa.png\" alt=\"\" width=\"263\" height=\"185\" \/><\/a><\/p>\n<p><span style=\"font-family: inherit; font-size: 1em;\">La ZER consta de quatre municipis situats no gaire allunyats entre ells: Ali\u00f3, Br\u00e0fim, Nulles i Vilabella, la seu de les quals \u00e9s Nulles.<\/span><\/p>\n<p style=\"text-align: center;\"><span style=\"font-family: inherit; font-size: 1em;\"><a href=\"https:\/\/agora.xtec.cat\/zeratzavara\/wp-content\/uploads\/usu1906\/2018\/11\/mapa-alt-camp.jpg\"><img loading=\"lazy\" decoding=\"async\" class=\"alignnone wp-image-883\" src=\"https:\/\/agora.xtec.cat\/zeratzavara\/wp-content\/uploads\/usu1906\/2018\/11\/mapa-alt-camp.jpg\" alt=\"\" width=\"294\" height=\"252\" srcset=\"https:\/\/agora.xtec.cat\/zeratzavara\/wp-content\/uploads\/usu1906\/2018\/11\/mapa-alt-camp.jpg 560w, https:\/\/agora.xtec.cat\/zeratzavara\/wp-content\/uploads\/usu1906\/2018\/11\/mapa-alt-camp-300x257.jpg 300w\" sizes=\"auto, (max-width: 294px) 100vw, 294px\" \/><\/a><\/span><\/p>\n<p style=\"text-align: left;\"><span style=\"font-family: inherit; font-size: 1em;\">La ZER Atzavara est\u00e0 situada en una zona rural de l&#8217;Alt Camp. S\u00f3n quatre pobles ben comunicats i prop de la capital de la comarca, la ciutat de Valls. S\u00f3n pobles de carrers estrets i casetes baixes, envoltats de camps de conreu i que tenen poca poblaci\u00f3.<\/span><br \/>\nLa ZER Atzavara es va constituir legalment el curs 1989-90, tot i que, quatre anys abans els\/les mestres ja es reunien peri\u00f2dicament amb el suport del CRP de Valls amb l\u2019objectiu de millorar la qualitat de l\u2019ensenyament en unes escoles petites situades en el medi rural, fomentant la col\u00b7laboraci\u00f3 pel seu millor funcionament. Aix\u00ed doncs, i a partir d\u2019aquest treball com\u00fa, es van poder observar caracter\u00edstiques especials pel nombre d\u2019unitats i per la continu\u00eftat dels mestres i es decidiren a elaborar un projecte per a la seva constituci\u00f3 definitiva com a Zona Escolar Rural.<\/p>\n<p>La ZER Atzavara la formen quatre escoles p\u00fabliques que depenen del Departament d\u2019Educaci\u00f3 de la Generalitat de Catalunya. Acullen des de l\u2019Educaci\u00f3 Infantil (3-6 anys) fins a 6\u00e8 de Prim\u00e0ria (6-12 anys).<\/p>\n<p>Les escoles de la ZER Atzavara estan totes situades en pobles amb pocs habitants i amb activitats econ\u00f2miques de l&#8217;\u00e0mbit rural com l&#8217;agricultura i la ramaderia.<\/p>\n<p>Les escoles s\u00f3n petites i amb poques aules, que s&#8217;han anat remodelant i ampliant al llarg dels anys donat l&#8217;augment del n\u00famero d&#8217;alumnes.<\/p>\n","protected":false},"excerpt":{"rendered":"<p>La ZER Atzavara est\u00e0 situada en un \u00e0mbit rural a la comarca de l&#8217;Alt Camp, pertanyent a la prov\u00edncia de Tarragona, al sud-est de Catalunya.<br \/>\n<a href=\"https:\/\/agora.xtec.cat\/zeratzavara\/wp-content\/uploads\/usu1906\/2018\/11\/mapa-2.png\"><\/a><a href=\"https:\/\/agora.xtec.cat\/zeratzavara\/wp-content\/uploads\/usu1906\/2018\/11\/mapa.png\"><\/a><br \/>\nLa ZER consta de quatre municipis situats no gaire allunyats entre ells: Ali\u00f3, Br\u00e0fim, Nulles i Vilabella, la seu&hellip;  <a href=\"https:\/\/agora.xtec.cat\/zeratzavara\/zer\/\" title=\"Read ZER\">Llegeix m\u00e9s\u00bb<\/a><\/p>\n","protected":false},"author":1,"featured_media":0,"parent":0,"menu_order":0,"comment_status":"closed","ping_status":"closed","template":"page-templates\/side-menu.php","meta":{"_bbp_topic_count":0,"_bbp_reply_count":0,"_bbp_total_topic_count":0,"_bbp_total_reply_count":0,"_bbp_voice_count":0,"_bbp_anonymous_reply_count":0,"_bbp_topic_count_hidden":0,"_bbp_reply_count_hidden":0,"_bbp_forum_subforum_count":0,"footnotes":""},"class_list":["post-19","page","type-page","status-publish","hentry"],"post_mailing_queue_ids":[],"_links":{"self":[{"href":"https:\/\/agora.xtec.cat\/zeratzavara\/wp-json\/wp\/v2\/pages\/19","targetHints":{"allow":["GET"]}}],"collection":[{"href":"https:\/\/agora.xtec.cat\/zeratzavara\/wp-json\/wp\/v2\/pages"}],"about":[{"href":"https:\/\/agora.xtec.cat\/zeratzavara\/wp-json\/wp\/v2\/types\/page"}],"author":[{"embeddable":true,"href":"https:\/\/agora.xtec.cat\/zeratzavara\/wp-json\/wp\/v2\/users\/1"}],"replies":[{"embeddable":true,"href":"https:\/\/agora.xtec.cat\/zeratzavara\/wp-json\/wp\/v2\/comments?post=19"}],"version-history":[{"count":3,"href":"https:\/\/agora.xtec.cat\/zeratzavara\/wp-json\/wp\/v2\/pages\/19\/revisions"}],"predecessor-version":[{"id":1083,"href":"https:\/\/agora.xtec.cat\/zeratzavara\/wp-json\/wp\/v2\/pages\/19\/revisions\/1083"}],"wp:attachment":[{"href":"https:\/\/agora.xtec.cat\/zeratzavara\/wp-json\/wp\/v2\/media?parent=19"}],"curies":[{"name":"wp","href":"https:\/\/api.w.org\/{rel}","templated":true}]}}