{"id":1597,"date":"2021-02-23T11:05:19","date_gmt":"2021-02-23T10:05:19","guid":{"rendered":"http:\/\/agora.xtec.cat\/zeratzavara\/?page_id=1597"},"modified":"2023-04-21T08:41:50","modified_gmt":"2023-04-21T06:41:50","slug":"preinscripcio-2021-2022","status":"publish","type":"page","link":"https:\/\/agora.xtec.cat\/zeratzavara\/preinscripcio-2021-2022\/","title":{"rendered":"Preinscripci\u00f3 2023-24"},"content":{"rendered":"<p><a href=\"https:\/\/preinscripcio.gencat.cat\/ca\/inici\/\" target=\"_blank\" rel=\"noopener\"><img loading=\"lazy\" decoding=\"async\" class=\"alignleft wp-image-2014 \" src=\"https:\/\/agora.xtec.cat\/zeratzavara\/wp-content\/uploads\/usu1906\/2023\/02\/Screenshot_1-214x300.jpg\" alt=\"\" width=\"164\" height=\"230\" srcset=\"https:\/\/agora.xtec.cat\/zeratzavara\/wp-content\/uploads\/usu1906\/2023\/02\/Screenshot_1-214x300.jpg 214w, https:\/\/agora.xtec.cat\/zeratzavara\/wp-content\/uploads\/usu1906\/2023\/02\/Screenshot_1.jpg 351w\" sizes=\"auto, (max-width: 164px) 100vw, 164px\" \/><\/a><\/p>\n<h5><a href=\"https:\/\/preinscripcio.gencat.cat\/ca\/estudis\/primaria\/inici\/\" target=\"_blank\" rel=\"noopener\"><img loading=\"lazy\" decoding=\"async\" class=\" wp-image-2030 alignleft\" src=\"https:\/\/agora.xtec.cat\/zeratzavara\/wp-content\/uploads\/usu1906\/2023\/02\/Banner_PreinscripcioEscolar-555x431-1-300x233.jpg\" alt=\"\" width=\"272\" height=\"211\" srcset=\"https:\/\/agora.xtec.cat\/zeratzavara\/wp-content\/uploads\/usu1906\/2023\/02\/Banner_PreinscripcioEscolar-555x431-1-300x233.jpg 300w, https:\/\/agora.xtec.cat\/zeratzavara\/wp-content\/uploads\/usu1906\/2023\/02\/Banner_PreinscripcioEscolar-555x431-1.jpg 555w\" sizes=\"auto, (max-width: 272px) 100vw, 272px\" \/><\/a><\/h5>\n<h6>Accediu a la guia de la preinscripci\u00f3 curs 2023-24 clicant el seg\u00fcent enlla\u00e7:<a href=\"https:\/\/drive.google.com\/file\/d\/1ELtLQOcyaCacX0GMqQkt90YN4xlxmxEz\/view?usp=sharing\" target=\"_blank\" rel=\"noopener\"> Guia de la preinscripci\u00f3<\/a><\/h6>\n<h6 class=\"NG-menu__title\">Com s&#8217;ha d&#8217;emplenar la sol\u00b7licitud de preinscripci\u00f3 escolar?<\/h6>\n<p><a href=\"https:\/\/educacio.gencat.cat\/ca\/inici\/nota-premsa\/20220224-com-emplenar-sollicitud\" target=\"_blank\" rel=\"noopener\"><img loading=\"lazy\" decoding=\"async\" class=\"size-full wp-image-2048 alignleft\" src=\"https:\/\/agora.xtec.cat\/zeratzavara\/wp-content\/uploads\/usu1906\/2023\/02\/Screenshot_2.jpg\" alt=\"\" width=\"158\" height=\"161\" \/><\/a><\/p>\n<p>&nbsp;<\/p>\n<p>&nbsp;<\/p>\n<p>&nbsp;<\/p>\n<p>&nbsp;<\/p>\n<p><span class=\"gmail_default\">Les fam\u00edlies haureu de fer el proc\u00e9s de preinscripci\u00f3 de manera telem\u00e0tica al web <a href=\"http:\/\/preinscripcio.gencat.cat\/\" target=\"_blank\" rel=\"noopener noreferrer\" data-saferedirecturl=\"https:\/\/www.google.com\/url?q=http:\/\/preinscripcio.gencat.cat&amp;source=gmail&amp;ust=1614410621282000&amp;usg=AFQjCNHib02Ei5UOb3ZPsYE_u5GszPp31g\">preinscripcio.gencat.cat<\/a>.\u00a0 m\u00e9s informaci\u00f3<a href=\"https:\/\/preinscripcio.gencat.cat\/ca\/estudis\/primaria\/inici\/\" target=\"_blank\" rel=\"noopener\"> https:\/\/preinscripcio.gencat.cat\/ca\/estudis\/primaria\/inici\/<\/a><\/span><\/p>\n<p>Podeu fer la consulta de l\u2019<span class=\"il\">oferta<\/span> inicial de places al seg\u00fcent enlla\u00e7\u00a0 <a href=\"http:\/\/mapaescolar.gencat.cat\/\" target=\"_blank\" rel=\"noopener\">Mapa escolar de la preinscripci\u00f3 curs 2023-24. <\/a>Pestanya preinscripci\u00f3 curs 2023-24, cercar per codi de centre 43000226 Escola La Barquera Ali\u00f3, 43000652 Escola Sant Jaume de Br\u00e0fim, 43001796 Escola Sant Sebasti\u00e0 de Nulles, 43005637 Escola Manuel de Castellv\u00ed i Feliu de Vilabella<\/p>\n<p><strong>NOT\u00cdCIES<\/strong><\/p>\n<div class=\"gmail_default\">\n<p>Seguint el calendari de la preinscripci\u00f3 per al curs 2023-24\u00a0 avui divendres 21 d&#8217;abril es publica la llista de sol\u00b7licituds amb la puntuaci\u00f3 provisional.<\/p>\n<p>Les fam\u00edlies podeu accedir a la consulta individual, accedint a <a href=\"https:\/\/preinscripcio.gencat.cat\/ca\/estudis\/primaria\/preinscriute\/seguiment-sollicitud\/llista-sollicituds-puntuacio\/\">Consulta la llista de sol\u00b7licituds amb la puntuaci\u00f3 provisional<\/a>, amb el DNI, NIE o passaport de la persona que va presentar la sol\u00b7licitud i el seu codi, a la web preinscripcio.gencat.cat.<\/p>\n<p>Recordeu que, tamb\u00e9, a partir d\u2019avui es poden presentar reclamacions. Es pot fer des de la mateixa consulta individual o des de l\u2019opci\u00f3 \u201cFes el seguiment de la teva sol\u00b7licitud\u201d de la web preinscripcio.gencat.cat. A m\u00e9s, teniu a la vostra disposici\u00f3 aquest v\u00eddeo tutorial\u00a0<a href=\"https:\/\/preinscripcio.gencat.cat\/ca\/estudis\/primaria\/ajuda\/pindoles-multimedia\/\">Com presentar una reclamaci\u00f3 contra la llista amb la puntuaci\u00f3 provisional<\/a>.<\/p>\n<p>Les reclamacions a la llista de sol\u00b7licituds\u00a0amb\u00a0la puntuaci\u00f3\u00a0provisional\u00a0es poden presentar\u00a0<b>del 21 al 27 d&#8217;abril<\/b>.<\/p>\n<\/div>\n<div class=\"gmail_default\"><\/div>\n<table>\n<tbody>\n<tr>\n<td style=\"width: 517px;\" colspan=\"2\">\n<h5><strong>Calendari preinscripci\u00f3 i matr\u00edcula pel curs 2023-24<\/strong><\/h5>\n<\/td>\n<\/tr>\n<tr>\n<td style=\"width: 361px;\">\n<h6><strong>Tr\u00e0mit<\/strong><\/h6>\n<\/td>\n<td style=\"width: 154px;\">\n<h6><strong>Dates<\/strong><\/h6>\n<\/td>\n<\/tr>\n<tr>\n<td style=\"width: 361px;\">Publicaci\u00f3 oferta inicial de places<\/td>\n<td style=\"width: 154px;\">3 de mar\u00e7<\/td>\n<\/tr>\n<tr>\n<td style=\"width: 361px;\"><strong>Presentaci\u00f3 sol\u00b7licituds Educaci\u00f3 Infantil i Prim\u00e0ria<\/strong><\/td>\n<td style=\"width: 154px;\"><strong>Del 6 al 20 de mar\u00e7<\/strong><\/td>\n<\/tr>\n<tr>\n<td style=\"width: 361px;\">Presentaci\u00f3 documentaci\u00f3 acreditativa<\/td>\n<td style=\"width: 154px;\">21 i 22 de mar\u00e7<\/td>\n<\/tr>\n<tr>\n<td style=\"width: 361px;\"><strong>Llistat de sol\u00b7licituds amb puntuaci\u00f3 provisional<\/strong><\/td>\n<td style=\"width: 154px;\"><strong>21 d&#8217;abril<\/strong><\/td>\n<\/tr>\n<tr>\n<td style=\"width: 361px;\"><strong>Presentaci\u00f3 de reclamacions per\u00a0a la llista amb la puntuaci\u00f3 provisional<\/strong><\/td>\n<td style=\"width: 154px;\"><strong>Del 21\u00a0al 27\u00a0d&#8217;abril<\/strong><\/td>\n<\/tr>\n<tr>\n<td style=\"width: 361px;\"><strong>Llistat sol\u00b7licituds amb puntuaci\u00f3 definitiva<\/strong><\/td>\n<td style=\"width: 154px;\"><strong>3 de maig<\/strong><\/td>\n<\/tr>\n<tr>\n<td style=\"width: 361px;\">Sorteig per resoldre sol\u00b7licituds empatades<\/td>\n<td style=\"width: 154px;\">9 de maig<\/td>\n<\/tr>\n<tr>\n<td style=\"width: 361px;\">Llistat ordenat definitiu de sol\u00b7licituds<\/td>\n<td style=\"width: 154px;\">11 de maig<\/td>\n<\/tr>\n<tr>\n<td style=\"width: 361px;\">Publicaci\u00f3 oferta final de places escolars<\/td>\n<td style=\"width: 154px;\">9 de juny<\/td>\n<\/tr>\n<tr>\n<td style=\"width: 361px;\"><strong>Llistat d\u2019alumnes admesos i llista d\u2019espera<\/strong><\/td>\n<td style=\"width: 154px;\">12 de juny<\/td>\n<\/tr>\n<tr>\n<td style=\"width: 361px;\"><b>Matriculaci\u00f3 alumnat adm\u00e8s a Prim\u00e0ria i 1r d\u2019ESO<\/b><\/td>\n<td style=\"width: 154px;\">Del 20 al 28 de juny<\/td>\n<\/tr>\n<\/tbody>\n<\/table>\n<p>Documentaci\u00f3 per poder realitzar el\u00a0<strong>tr\u00e0mit de la<\/strong>\u00a0<strong>preinscripci\u00f3.\u00a0<\/strong><a href=\"https:\/\/preinscripcio.gencat.cat\/ca\/estudis\/infantil-3-6\/informat\/prepara-documentacio\/\" target=\"_blank\" rel=\"noopener noreferrer\">Prement aqu\u00ed<\/a>\u00a0podeu consultar la web del Departament sobre la documentaci\u00f3.<\/p>\n<ul>\n<li><strong>Documentaci\u00f3 gen\u00e8rica:<\/strong>\n<ul>\n<li>Formulari de sol\u00b7licitud.<\/li>\n<li>Llibre de Fam\u00edlia o altres documents relatius de filiaci\u00f3.<\/li>\n<li>DNI del pare, mare o tutor\/a legal de l\u2019alumne.<\/li>\n<li>DNI de l\u2019alumne major de 14 anys, o si t\u00e9 DNI encara que sigui menor de 14 anys.<\/li>\n<\/ul>\n<\/li>\n<li><strong>Documentaci\u00f3 espec\u00edfica<\/strong>\u00a0(en cas que es vulguin acreditar m\u00e9s\u00a0<em>punts\u00a0<\/em>pels criteris generals d\u2019admissi\u00f3):\n<ul>\n<li>C\u00f2pia del contracte laboral o del certificat em\u00e8s per l\u2019empresa, en cas d\u2019al\u00b7legar l\u2019adre\u00e7a del lloc de treball d\u2019un dels tutors.<\/li>\n<li>Original i fotoc\u00f2pia del certificat de disminuci\u00f3\/discapacitat d\u2019algun membre de la fam\u00edlia.<\/li>\n<li>Resoluci\u00f3 de la renda garantida de ciutadania.<\/li>\n<li>Fam\u00edlia nombrosa o monoparental i fotoc\u00f2pia del carnet de fam\u00edlia nombrosa o monoparental.<\/li>\n<\/ul>\n<\/li>\n<\/ul>\n<p>&nbsp;<\/p>\n","protected":false},"excerpt":{"rendered":"<p><a href=\"https:\/\/preinscripcio.gencat.cat\/ca\/inici\/\" target=\"_blank\" rel=\"noopener\"><\/a><br \/>\n<a href=\"https:\/\/preinscripcio.gencat.cat\/ca\/estudis\/primaria\/inici\/\" target=\"_blank\" rel=\"noopener\"><\/a><br \/>\nAccediu a la guia de la preinscripci\u00f3 curs 2023-24 clicant el seg\u00fcent enlla\u00e7:<a href=\"https:\/\/drive.google.com\/file\/d\/1ELtLQOcyaCacX0GMqQkt90YN4xlxmxEz\/view?usp=sharing\" target=\"_blank\" rel=\"noopener\"> Guia de la preinscripci\u00f3<\/a><br \/>\nCom s&#8217;ha d&#8217;emplenar la sol\u00b7licitud de preinscripci\u00f3 escolar?<br \/>\n<a href=\"https:\/\/educacio.gencat.cat\/ca\/inici\/nota-premsa\/20220224-com-emplenar-sollicitud\" target=\"_blank\" rel=\"noopener\"><\/a><br \/>\n&nbsp;<br \/>\n&nbsp;<br \/>\n&nbsp;<br \/>\n&nbsp;<br \/>\nLes fam\u00edlies haureu de fer el proc\u00e9s de preinscripci\u00f3 de&hellip;  <a href=\"https:\/\/agora.xtec.cat\/zeratzavara\/preinscripcio-2021-2022\/\" title=\"Read Preinscripci\u00f3 2023-24\">Llegeix m\u00e9s\u00bb<\/a><\/p>\n","protected":false},"author":1,"featured_media":0,"parent":0,"menu_order":0,"comment_status":"closed","ping_status":"closed","template":"","meta":{"_bbp_topic_count":0,"_bbp_reply_count":0,"_bbp_total_topic_count":0,"_bbp_total_reply_count":0,"_bbp_voice_count":0,"_bbp_anonymous_reply_count":0,"_bbp_topic_count_hidden":0,"_bbp_reply_count_hidden":0,"_bbp_forum_subforum_count":0,"footnotes":""},"class_list":["post-1597","page","type-page","status-publish","hentry"],"post_mailing_queue_ids":[],"_links":{"self":[{"href":"https:\/\/agora.xtec.cat\/zeratzavara\/wp-json\/wp\/v2\/pages\/1597","targetHints":{"allow":["GET"]}}],"collection":[{"href":"https:\/\/agora.xtec.cat\/zeratzavara\/wp-json\/wp\/v2\/pages"}],"about":[{"href":"https:\/\/agora.xtec.cat\/zeratzavara\/wp-json\/wp\/v2\/types\/page"}],"author":[{"embeddable":true,"href":"https:\/\/agora.xtec.cat\/zeratzavara\/wp-json\/wp\/v2\/users\/1"}],"replies":[{"embeddable":true,"href":"https:\/\/agora.xtec.cat\/zeratzavara\/wp-json\/wp\/v2\/comments?post=1597"}],"version-history":[{"count":3,"href":"https:\/\/agora.xtec.cat\/zeratzavara\/wp-json\/wp\/v2\/pages\/1597\/revisions"}],"predecessor-version":[{"id":2171,"href":"https:\/\/agora.xtec.cat\/zeratzavara\/wp-json\/wp\/v2\/pages\/1597\/revisions\/2171"}],"wp:attachment":[{"href":"https:\/\/agora.xtec.cat\/zeratzavara\/wp-json\/wp\/v2\/media?parent=1597"}],"curies":[{"name":"wp","href":"https:\/\/api.w.org\/{rel}","templated":true}]}}