{"id":1297,"date":"2020-03-20T11:06:38","date_gmt":"2020-03-20T10:06:38","guid":{"rendered":"http:\/\/agora.xtec.cat\/zeratzavara\/?page_id=1297"},"modified":"2023-07-05T13:26:12","modified_gmt":"2023-07-05T11:26:12","slug":"escoles-zer-atzavara","status":"publish","type":"page","link":"https:\/\/agora.xtec.cat\/zeratzavara\/inici\/escoles-zer-atzavara\/","title":{"rendered":"Escoles ZER Atzavara"},"content":{"rendered":"<p>La ZER \u201cAtzavara\u201d la formen tres escoles p\u00fabliques que depenen del Departament d\u2019Educaci\u00f3 de la Generalitat de Catalunya. Acullen des de l\u2019Educaci\u00f3 Infantil (3 anys) fins a 6\u00e8 de Prim\u00e0ria. Les esmentades escoles s\u00f3n:<\/p>\n<h5>Escola\u00a0La Barquera d\u2019Ali\u00f3<\/h5>\n<h5>Escola Sant Jaume de Br\u00e0fim<\/h5>\n<h5>Escola Manuel de Castellv\u00ed i Feliu de Vilabella (Seu de la ZER Atzavara)<\/h5>\n","protected":false},"excerpt":{"rendered":"<p>La ZER \u201cAtzavara\u201d la formen tres escoles p\u00fabliques que depenen del Departament d\u2019Educaci\u00f3 de la Generalitat de Catalunya. Acullen des de l\u2019Educaci\u00f3 Infantil (3 anys) fins a 6\u00e8 de Prim\u00e0ria. Les esmentades escoles s\u00f3n:<br \/>\nEscola\u00a0La Barquera d\u2019Ali\u00f3<br \/>\nEscola Sant Jaume de Br\u00e0fim<br \/>\nEscola Manuel de Castellv\u00ed i Feliu&hellip;  <a href=\"https:\/\/agora.xtec.cat\/zeratzavara\/inici\/escoles-zer-atzavara\/\" title=\"Read Escoles ZER Atzavara\">Llegeix m\u00e9s\u00bb<\/a><\/p>\n","protected":false},"author":1,"featured_media":0,"parent":7,"menu_order":0,"comment_status":"closed","ping_status":"closed","template":"page-templates\/side-menu.php","meta":{"_bbp_topic_count":0,"_bbp_reply_count":0,"_bbp_total_topic_count":0,"_bbp_total_reply_count":0,"_bbp_voice_count":0,"_bbp_anonymous_reply_count":0,"_bbp_topic_count_hidden":0,"_bbp_reply_count_hidden":0,"_bbp_forum_subforum_count":0,"footnotes":""},"class_list":["post-1297","page","type-page","status-publish","hentry"],"post_mailing_queue_ids":[],"_links":{"self":[{"href":"https:\/\/agora.xtec.cat\/zeratzavara\/wp-json\/wp\/v2\/pages\/1297","targetHints":{"allow":["GET"]}}],"collection":[{"href":"https:\/\/agora.xtec.cat\/zeratzavara\/wp-json\/wp\/v2\/pages"}],"about":[{"href":"https:\/\/agora.xtec.cat\/zeratzavara\/wp-json\/wp\/v2\/types\/page"}],"author":[{"embeddable":true,"href":"https:\/\/agora.xtec.cat\/zeratzavara\/wp-json\/wp\/v2\/users\/1"}],"replies":[{"embeddable":true,"href":"https:\/\/agora.xtec.cat\/zeratzavara\/wp-json\/wp\/v2\/comments?post=1297"}],"version-history":[{"count":3,"href":"https:\/\/agora.xtec.cat\/zeratzavara\/wp-json\/wp\/v2\/pages\/1297\/revisions"}],"predecessor-version":[{"id":2232,"href":"https:\/\/agora.xtec.cat\/zeratzavara\/wp-json\/wp\/v2\/pages\/1297\/revisions\/2232"}],"up":[{"embeddable":true,"href":"https:\/\/agora.xtec.cat\/zeratzavara\/wp-json\/wp\/v2\/pages\/7"}],"wp:attachment":[{"href":"https:\/\/agora.xtec.cat\/zeratzavara\/wp-json\/wp\/v2\/media?parent=1297"}],"curies":[{"name":"wp","href":"https:\/\/api.w.org\/{rel}","templated":true}]}}