{"id":765,"date":"2022-04-26T15:45:28","date_gmt":"2022-04-26T13:45:28","guid":{"rendered":"https:\/\/agora.xtec.cat\/zerargelaga\/?page_id=765"},"modified":"2025-04-30T13:49:12","modified_gmt":"2025-04-30T11:49:12","slug":"avaluacio-i-millora","status":"publish","type":"page","link":"https:\/\/agora.xtec.cat\/zerargelaga\/estrategia-digital-de-centre\/part-estrategica\/avaluacio-i-millora\/","title":{"rendered":"Avaluaci\u00f3 i millora"},"content":{"rendered":"<p>L\u2019avaluaci\u00f3 de l\u2019Estrat\u00e8gia Digital del Centre la far\u00e0 peri\u00f2dicament la Comissi\u00f3 d\u2019EDC. Per fer-ho s\u2019han establert uns indicadors d\u2019assoliment per les diferents activitats, aix\u00ed com tamb\u00e9 pels objectius. En funci\u00f3 dels resultats de les avaluacions que realitzem caldr\u00e0 pensar estrat\u00e8gies de millora.<\/p>\n<p>&nbsp;<\/p>\n<p><iframe style=\"width: 100%; height: 600px; border: 0;\" src=\"https:\/\/docs.google.com\/spreadsheets\/d\/e\/2PACX-1vQYBm2QbI-sd7IZAJkP_9X1XXg-Qjrg65YLsSyt5vCaRyTS0w7-jo9cYAv7fabKZTFbBN6-XkqtuAxz\/pubhtml?id=FOLDER-ID#grid\"><\/iframe><\/p>\n","protected":false},"excerpt":{"rendered":"<p>L\u2019avaluaci\u00f3 de l\u2019Estrat\u00e8gia Digital del Centre la far\u00e0 peri\u00f2dicament la Comissi\u00f3 d\u2019EDC. Per fer-ho s\u2019han establert uns indicadors d\u2019assoliment per les diferents activitats, aix\u00ed com tamb\u00e9 pels objectius. En funci\u00f3 dels resultats de les avaluacions que realitzem caldr\u00e0 pensar estrat\u00e8gies de millora.<br \/>\n&nbsp;<\/p>\n","protected":false},"author":1,"featured_media":0,"parent":744,"menu_order":4,"comment_status":"closed","ping_status":"closed","template":"page-templates\/side-menu.php","meta":{"_bbp_topic_count":0,"_bbp_reply_count":0,"_bbp_total_topic_count":0,"_bbp_total_reply_count":0,"_bbp_voice_count":0,"_bbp_anonymous_reply_count":0,"_bbp_topic_count_hidden":0,"_bbp_reply_count_hidden":0,"_bbp_forum_subforum_count":0,"footnotes":""},"class_list":["post-765","page","type-page","status-publish","hentry"],"post_mailing_queue_ids":[],"_links":{"self":[{"href":"https:\/\/agora.xtec.cat\/zerargelaga\/wp-json\/wp\/v2\/pages\/765","targetHints":{"allow":["GET"]}}],"collection":[{"href":"https:\/\/agora.xtec.cat\/zerargelaga\/wp-json\/wp\/v2\/pages"}],"about":[{"href":"https:\/\/agora.xtec.cat\/zerargelaga\/wp-json\/wp\/v2\/types\/page"}],"author":[{"embeddable":true,"href":"https:\/\/agora.xtec.cat\/zerargelaga\/wp-json\/wp\/v2\/users\/1"}],"replies":[{"embeddable":true,"href":"https:\/\/agora.xtec.cat\/zerargelaga\/wp-json\/wp\/v2\/comments?post=765"}],"version-history":[{"count":3,"href":"https:\/\/agora.xtec.cat\/zerargelaga\/wp-json\/wp\/v2\/pages\/765\/revisions"}],"predecessor-version":[{"id":870,"href":"https:\/\/agora.xtec.cat\/zerargelaga\/wp-json\/wp\/v2\/pages\/765\/revisions\/870"}],"up":[{"embeddable":true,"href":"https:\/\/agora.xtec.cat\/zerargelaga\/wp-json\/wp\/v2\/pages\/744"}],"wp:attachment":[{"href":"https:\/\/agora.xtec.cat\/zerargelaga\/wp-json\/wp\/v2\/media?parent=765"}],"curies":[{"name":"wp","href":"https:\/\/api.w.org\/{rel}","templated":true}]}}