{"id":763,"date":"2022-04-26T15:45:03","date_gmt":"2022-04-26T13:45:03","guid":{"rendered":"https:\/\/agora.xtec.cat\/zerargelaga\/?page_id=763"},"modified":"2023-03-10T10:49:58","modified_gmt":"2023-03-10T09:49:58","slug":"planificacio-i-seguiment","status":"publish","type":"page","link":"https:\/\/agora.xtec.cat\/zerargelaga\/estrategia-digital-de-centre\/part-estrategica\/planificacio-i-seguiment\/","title":{"rendered":"Planificaci\u00f3 i seguiment"},"content":{"rendered":"<p>La planificaci\u00f3 dels objectius \u00e9s la seg\u00fcent:<\/p>\n<p><a href=\"https:\/\/agora.xtec.cat\/zerargelaga\/wp-content\/uploads\/usu1086\/2023\/03\/CRONOGRAMA-actualitzacio.png\"><img loading=\"lazy\" decoding=\"async\" class=\"alignnone wp-image-836 size-large\" src=\"https:\/\/agora.xtec.cat\/zerargelaga\/wp-content\/uploads\/usu1086\/2023\/03\/CRONOGRAMA-actualitzacio-1024x454.png\" alt=\"\" width=\"1024\" height=\"454\" srcset=\"https:\/\/agora.xtec.cat\/zerargelaga\/wp-content\/uploads\/usu1086\/2023\/03\/CRONOGRAMA-actualitzacio-1024x454.png 1024w, https:\/\/agora.xtec.cat\/zerargelaga\/wp-content\/uploads\/usu1086\/2023\/03\/CRONOGRAMA-actualitzacio-300x133.png 300w, https:\/\/agora.xtec.cat\/zerargelaga\/wp-content\/uploads\/usu1086\/2023\/03\/CRONOGRAMA-actualitzacio-768x341.png 768w, https:\/\/agora.xtec.cat\/zerargelaga\/wp-content\/uploads\/usu1086\/2023\/03\/CRONOGRAMA-actualitzacio.png 1530w\" sizes=\"auto, (max-width: 1024px) 100vw, 1024px\" \/><\/a><\/p>\n","protected":false},"excerpt":{"rendered":"<p>La planificaci\u00f3 dels objectius \u00e9s la seg\u00fcent:<br \/>\n<a href=\"https:\/\/agora.xtec.cat\/zerargelaga\/wp-content\/uploads\/usu1086\/2023\/03\/CRONOGRAMA-actualitzacio.png\"><\/a><\/p>\n","protected":false},"author":1,"featured_media":0,"parent":744,"menu_order":3,"comment_status":"closed","ping_status":"closed","template":"page-templates\/side-menu.php","meta":{"_bbp_topic_count":0,"_bbp_reply_count":0,"_bbp_total_topic_count":0,"_bbp_total_reply_count":0,"_bbp_voice_count":0,"_bbp_anonymous_reply_count":0,"_bbp_topic_count_hidden":0,"_bbp_reply_count_hidden":0,"_bbp_forum_subforum_count":0,"footnotes":""},"class_list":["post-763","page","type-page","status-publish","hentry"],"post_mailing_queue_ids":[],"_links":{"self":[{"href":"https:\/\/agora.xtec.cat\/zerargelaga\/wp-json\/wp\/v2\/pages\/763","targetHints":{"allow":["GET"]}}],"collection":[{"href":"https:\/\/agora.xtec.cat\/zerargelaga\/wp-json\/wp\/v2\/pages"}],"about":[{"href":"https:\/\/agora.xtec.cat\/zerargelaga\/wp-json\/wp\/v2\/types\/page"}],"author":[{"embeddable":true,"href":"https:\/\/agora.xtec.cat\/zerargelaga\/wp-json\/wp\/v2\/users\/1"}],"replies":[{"embeddable":true,"href":"https:\/\/agora.xtec.cat\/zerargelaga\/wp-json\/wp\/v2\/comments?post=763"}],"version-history":[{"count":3,"href":"https:\/\/agora.xtec.cat\/zerargelaga\/wp-json\/wp\/v2\/pages\/763\/revisions"}],"predecessor-version":[{"id":837,"href":"https:\/\/agora.xtec.cat\/zerargelaga\/wp-json\/wp\/v2\/pages\/763\/revisions\/837"}],"up":[{"embeddable":true,"href":"https:\/\/agora.xtec.cat\/zerargelaga\/wp-json\/wp\/v2\/pages\/744"}],"wp:attachment":[{"href":"https:\/\/agora.xtec.cat\/zerargelaga\/wp-json\/wp\/v2\/media?parent=763"}],"curies":[{"name":"wp","href":"https:\/\/api.w.org\/{rel}","templated":true}]}}