{"id":761,"date":"2022-04-26T15:44:40","date_gmt":"2022-04-26T13:44:40","guid":{"rendered":"https:\/\/agora.xtec.cat\/zerargelaga\/?page_id=761"},"modified":"2026-02-10T12:23:48","modified_gmt":"2026-02-10T11:23:48","slug":"objectius","status":"publish","type":"page","link":"https:\/\/agora.xtec.cat\/zerargelaga\/estrategia-digital-de-centre\/part-estrategica\/objectius\/","title":{"rendered":"Objectius"},"content":{"rendered":"<p>S&#8217;han considerat els seg\u00fcents objectius:<\/p>\n<table style=\"border-collapse: collapse; width: 100%; height: 176px;\">\n<tbody>\n<tr style=\"height: 48px;\">\n<td style=\"width: 8.72553%; text-align: center; height: 48px;\"><strong>Objectiu 1<\/strong><\/td>\n<td style=\"width: 91.2745%; height: 48px;\">Potenciar el desenvolupament progressiu de la compet\u00e8ncia digital de tot l\u2019alumnat, integrant-hi el pensament computacional i l\u2019\u00fas de la rob\u00f2tica educativa de forma transversal i adaptada als diferents nivells del ZER.<\/td>\n<\/tr>\n<tr style=\"height: 48px;\">\n<td style=\"width: 8.72553%; text-align: center; height: 48px;\"><strong>Objectiu 2<\/strong><\/td>\n<td style=\"width: 91.2745%; height: 48px;\">Consolidar una cultura de formaci\u00f3 col\u00b7laborativa, promovent espais de coordinaci\u00f3, intercanvi i pr\u00e0ctica entre docents de la ZER per compartir eines digitals, metodologies actives i recursos de rob\u00f2tica i pensament computacional.<\/td>\n<\/tr>\n<tr style=\"height: 48px;\">\n<td style=\"width: 8.72553%; text-align: center; height: 48px;\"><strong>Objectiu 3<\/strong><\/td>\n<td style=\"width: 91.2745%; height: 48px;\"><span data-sheets-root=\"1\">Crear una aula de rob\u00f2tica i espai maker com a entorn compartit de cada centre de la ZER (o a cada centre si \u00e9s possible), equipada amb materials adequats per fomentar la creativitat, la programaci\u00f3 i la construcci\u00f3 tecnol\u00f2gica.<\/span><\/td>\n<\/tr>\n<tr style=\"height: 32px;\">\n<td style=\"width: 8.72553%; text-align: center; height: 32px;\"><strong>Objectiu 4<\/strong><\/td>\n<td style=\"width: 91.2745%; height: 32px;\"><span data-sheets-root=\"1\">Organitzar, inventariar i garantir el bon manteniment del material tecnol\u00f2gic i de rob\u00f2tica, establint uns protocols comuns de distribuci\u00f3, \u00fas i emmagatzematge ordenat entre les escoles del ZER.<\/span><\/td>\n<\/tr>\n<\/tbody>\n<\/table>\n<p>&nbsp;<\/p>\n","protected":false},"excerpt":{"rendered":"<p>S&#8217;han considerat els seg\u00fcents objectius:<\/p>\n<p>Objectiu 1<br \/>\nPotenciar el desenvolupament progressiu de la compet\u00e8ncia digital de tot l\u2019alumnat, integrant-hi el pensament computacional i l\u2019\u00fas de la rob\u00f2tica educativa de forma transversal i adaptada als diferents nivells del ZER.<\/p>\n<p>Objectiu 2<br \/>\nConsolidar una cultura de formaci\u00f3 col\u00b7laborativa, promovent espais de&hellip;  <a href=\"https:\/\/agora.xtec.cat\/zerargelaga\/estrategia-digital-de-centre\/part-estrategica\/objectius\/\" title=\"Read Objectius\">Llegeix m\u00e9s\u00bb<\/a><\/p>\n","protected":false},"author":1,"featured_media":0,"parent":744,"menu_order":2,"comment_status":"closed","ping_status":"closed","template":"page-templates\/side-menu.php","meta":{"_bbp_topic_count":0,"_bbp_reply_count":0,"_bbp_total_topic_count":0,"_bbp_total_reply_count":0,"_bbp_voice_count":0,"_bbp_anonymous_reply_count":0,"_bbp_topic_count_hidden":0,"_bbp_reply_count_hidden":0,"_bbp_forum_subforum_count":0,"footnotes":""},"class_list":["post-761","page","type-page","status-publish","hentry"],"post_mailing_queue_ids":[],"_links":{"self":[{"href":"https:\/\/agora.xtec.cat\/zerargelaga\/wp-json\/wp\/v2\/pages\/761","targetHints":{"allow":["GET"]}}],"collection":[{"href":"https:\/\/agora.xtec.cat\/zerargelaga\/wp-json\/wp\/v2\/pages"}],"about":[{"href":"https:\/\/agora.xtec.cat\/zerargelaga\/wp-json\/wp\/v2\/types\/page"}],"author":[{"embeddable":true,"href":"https:\/\/agora.xtec.cat\/zerargelaga\/wp-json\/wp\/v2\/users\/1"}],"replies":[{"embeddable":true,"href":"https:\/\/agora.xtec.cat\/zerargelaga\/wp-json\/wp\/v2\/comments?post=761"}],"version-history":[{"count":6,"href":"https:\/\/agora.xtec.cat\/zerargelaga\/wp-json\/wp\/v2\/pages\/761\/revisions"}],"predecessor-version":[{"id":917,"href":"https:\/\/agora.xtec.cat\/zerargelaga\/wp-json\/wp\/v2\/pages\/761\/revisions\/917"}],"up":[{"embeddable":true,"href":"https:\/\/agora.xtec.cat\/zerargelaga\/wp-json\/wp\/v2\/pages\/744"}],"wp:attachment":[{"href":"https:\/\/agora.xtec.cat\/zerargelaga\/wp-json\/wp\/v2\/media?parent=761"}],"curies":[{"name":"wp","href":"https:\/\/api.w.org\/{rel}","templated":true}]}}