{"id":21029,"date":"2025-08-28T17:43:59","date_gmt":"2025-08-28T15:43:59","guid":{"rendered":"https:\/\/agora.xtec.cat\/zeraltsegria\/?page_id=21029"},"modified":"2025-09-29T16:21:23","modified_gmt":"2025-09-29T14:21:23","slug":"el-roser","status":"publish","type":"page","link":"https:\/\/agora.xtec.cat\/zeraltsegria\/el-roser\/","title":{"rendered":"EL ROSER"},"content":{"rendered":"\n<figure class=\"wp-block-image size-full\"><a href=\"https:\/\/agora.xtec.cat\/zeraltsegria\/wp-content\/uploads\/usu461\/2025\/08\/torresserona-2.jpg\"><img loading=\"lazy\" decoding=\"async\" width=\"1024\" height=\"768\" src=\"https:\/\/agora.xtec.cat\/zeraltsegria\/wp-content\/uploads\/usu461\/2025\/08\/torresserona-2.jpg\" alt=\"\" class=\"wp-image-21030\" srcset=\"https:\/\/agora.xtec.cat\/zeraltsegria\/wp-content\/uploads\/usu461\/2025\/08\/torresserona-2.jpg 1024w, https:\/\/agora.xtec.cat\/zeraltsegria\/wp-content\/uploads\/usu461\/2025\/08\/torresserona-2-300x225.jpg 300w, https:\/\/agora.xtec.cat\/zeraltsegria\/wp-content\/uploads\/usu461\/2025\/08\/torresserona-2-768x576.jpg 768w\" sizes=\"auto, (max-width: 1024px) 100vw, 1024px\" \/><\/a><\/figure>\n\n\n\n<p>L\u2019Escola El Roser, situada al poble de Torre-Serona, \u00e9s un centre petit, acollidor i amb un fort sentiment de comunitat. Com a membre de la ZER Alt Segri\u00e0, compartim un projecte com\u00fa amb altres escoles del territori, per\u00f2 mantenim alhora la nostra pr\u00f2pia identitat i din\u00e0mica educativa.<\/p>\n\n\n\n<p>A l\u2019escola, treballem amb infants d\u2019I3 a 6\u00e8 de prim\u00e0ria en aules internivell, fet que permet un ambient d\u2019aprenentatge enriquidor i cooperatiu. La proximitat entre alumnat i mestres facilita una atenci\u00f3 individualitzada i una educaci\u00f3 basada en el respecte, l\u2019empatia i la confian\u00e7a.<\/p>\n\n\n\n<p>El nostre equip docent aposta per una educaci\u00f3 activa, significativa i arrelada a l\u2019entorn. El vincle amb les fam\u00edlies i amb el poble \u00e9s un dels nostres punts forts: constru\u00efm l\u2019escola entre tots i totes, amb il\u00b7lusi\u00f3, comprom\u00eds i ganes de fer cr\u00e9ixer els infants com a persones lliures i felices.<\/p>\n\n\n\n<p><\/p>\n","protected":false},"excerpt":{"rendered":"<p>L\u2019Escola El Roser, situada al poble de Torre-Serona, \u00e9s un centre petit, acollidor i amb un fort sentiment de comunitat. Com a membre de la ZER Alt Segri\u00e0, compartim un projecte com\u00fa amb altres escoles del territori, per\u00f2 mantenim alhora la nostra pr\u00f2pia identitat i din\u00e0mica educativa. A l\u2019escola, treballem amb infants d\u2019I3 a 6\u00e8 [&hellip;]<\/p>\n","protected":false},"author":67,"featured_media":0,"parent":0,"menu_order":0,"comment_status":"closed","ping_status":"close","template":"","meta":{"_bbp_topic_count":0,"_bbp_reply_count":0,"_bbp_total_topic_count":0,"_bbp_total_reply_count":0,"_bbp_voice_count":0,"_bbp_anonymous_reply_count":0,"_bbp_topic_count_hidden":0,"_bbp_reply_count_hidden":0,"_bbp_forum_subforum_count":0,"site-sidebar-layout":"default","site-content-layout":"","ast-site-content-layout":"default","site-content-style":"default","site-sidebar-style":"default","ast-global-header-display":"","ast-banner-title-visibility":"","ast-main-header-display":"","ast-hfb-above-header-display":"","ast-hfb-below-header-display":"","ast-hfb-mobile-header-display":"","site-post-title":"","ast-breadcrumbs-content":"","ast-featured-img":"","footer-sml-layout":"","theme-transparent-header-meta":"","adv-header-id-meta":"","stick-header-meta":"","header-above-stick-meta":"","header-main-stick-meta":"","header-below-stick-meta":"","astra-migrate-meta-layouts":"set","ast-page-background-enabled":"default","ast-page-background-meta":{"desktop":{"background-color":"var(--ast-global-color-4)","background-image":"","background-repeat":"repeat","background-position":"center center","background-size":"auto","background-attachment":"scroll","background-type":"","background-media":"","overlay-type":"","overlay-color":"","overlay-opacity":"","overlay-gradient":""},"tablet":{"background-color":"","background-image":"","background-repeat":"repeat","background-position":"center center","background-size":"auto","background-attachment":"scroll","background-type":"","background-media":"","overlay-type":"","overlay-color":"","overlay-opacity":"","overlay-gradient":""},"mobile":{"background-color":"","background-image":"","background-repeat":"repeat","background-position":"center center","background-size":"auto","background-attachment":"scroll","background-type":"","background-media":"","overlay-type":"","overlay-color":"","overlay-opacity":"","overlay-gradient":""}},"ast-content-background-meta":{"desktop":{"background-color":"var(--ast-global-color-5)","background-image":"","background-repeat":"repeat","background-position":"center center","background-size":"auto","background-attachment":"scroll","background-type":"","background-media":"","overlay-type":"","overlay-color":"","overlay-opacity":"","overlay-gradient":""},"tablet":{"background-color":"var(--ast-global-color-5)","background-image":"","background-repeat":"repeat","background-position":"center center","background-size":"auto","background-attachment":"scroll","background-type":"","background-media":"","overlay-type":"","overlay-color":"","overlay-opacity":"","overlay-gradient":""},"mobile":{"background-color":"var(--ast-global-color-5)","background-image":"","background-repeat":"repeat","background-position":"center center","background-size":"auto","background-attachment":"scroll","background-type":"","background-media":"","overlay-type":"","overlay-color":"","overlay-opacity":"","overlay-gradient":""}},"footnotes":""},"class_list":["post-21029","page","type-page","status-publish","hentry"],"post_mailing_queue_ids":[],"_links":{"self":[{"href":"https:\/\/agora.xtec.cat\/zeraltsegria\/wp-json\/wp\/v2\/pages\/21029","targetHints":{"allow":["GET"]}}],"collection":[{"href":"https:\/\/agora.xtec.cat\/zeraltsegria\/wp-json\/wp\/v2\/pages"}],"about":[{"href":"https:\/\/agora.xtec.cat\/zeraltsegria\/wp-json\/wp\/v2\/types\/page"}],"author":[{"embeddable":true,"href":"https:\/\/agora.xtec.cat\/zeraltsegria\/wp-json\/wp\/v2\/users\/67"}],"replies":[{"embeddable":true,"href":"https:\/\/agora.xtec.cat\/zeraltsegria\/wp-json\/wp\/v2\/comments?post=21029"}],"version-history":[{"count":2,"href":"https:\/\/agora.xtec.cat\/zeraltsegria\/wp-json\/wp\/v2\/pages\/21029\/revisions"}],"predecessor-version":[{"id":21093,"href":"https:\/\/agora.xtec.cat\/zeraltsegria\/wp-json\/wp\/v2\/pages\/21029\/revisions\/21093"}],"wp:attachment":[{"href":"https:\/\/agora.xtec.cat\/zeraltsegria\/wp-json\/wp\/v2\/media?parent=21029"}],"curies":[{"name":"wp","href":"https:\/\/api.w.org\/{rel}","templated":true}]}}