{"id":7,"date":"2014-09-12T10:14:31","date_gmt":"2014-09-12T10:14:31","guid":{"rendered":"http:\/\/agora.xtec.cat\/zeraltpallarssobira\/?page_id=7"},"modified":"2026-05-08T10:52:45","modified_gmt":"2026-05-08T08:52:45","slug":"inici","status":"publish","type":"page","link":"https:\/\/agora.xtec.cat\/zeraltpallarssobira\/","title":{"rendered":"PREINSCRIPCI\u00d3 1r CICLE D&#8217;EDUCACI\u00d3 INFANTIL"},"content":{"rendered":"\n<p>Benvolgudes fam\u00edlies,<br>Us informem que s&#8217;ha obert el per\u00edode de preinscripci\u00f3 al 1r cicle d&#8217;educaci\u00f3 infantil, a l&#8217;Escola de Llavors\u00ed, l&#8217;Escola els Minairons i l&#8217;Escola de T\u00edrvia. <\/p>\n\n\n\n<p>Per tal d&#8217;iniciar el proc\u00e9s de preinscripci\u00f3, podeu posar-vos en contacte amb les respectives escoles. <\/p>\n\n\n\n<figure class=\"wp-block-image size-large\"><a href=\"https:\/\/agora.xtec.cat\/zeraltpallarssobira\/wp-content\/uploads\/usu501\/2026\/05\/cartell-preinscripcio-llar-dinfants-32-x-20-cm-14.8-x-21-cm-14.8-x-21-cm-14.8-x-14.8-cm-10.8-x-10.8-cm.png\"><img loading=\"lazy\" decoding=\"async\" width=\"1024\" height=\"1024\" src=\"https:\/\/agora.xtec.cat\/zeraltpallarssobira\/wp-content\/uploads\/usu501\/2026\/05\/cartell-preinscripcio-llar-dinfants-32-x-20-cm-14.8-x-21-cm-14.8-x-21-cm-14.8-x-14.8-cm-10.8-x-10.8-cm-1024x1024.png\" alt=\"\" class=\"wp-image-2021\" srcset=\"https:\/\/agora.xtec.cat\/zeraltpallarssobira\/wp-content\/uploads\/usu501\/2026\/05\/cartell-preinscripcio-llar-dinfants-32-x-20-cm-14.8-x-21-cm-14.8-x-21-cm-14.8-x-14.8-cm-10.8-x-10.8-cm-1024x1024.png 1024w, https:\/\/agora.xtec.cat\/zeraltpallarssobira\/wp-content\/uploads\/usu501\/2026\/05\/cartell-preinscripcio-llar-dinfants-32-x-20-cm-14.8-x-21-cm-14.8-x-21-cm-14.8-x-14.8-cm-10.8-x-10.8-cm-300x300.png 300w, https:\/\/agora.xtec.cat\/zeraltpallarssobira\/wp-content\/uploads\/usu501\/2026\/05\/cartell-preinscripcio-llar-dinfants-32-x-20-cm-14.8-x-21-cm-14.8-x-21-cm-14.8-x-14.8-cm-10.8-x-10.8-cm-150x150.png 150w, https:\/\/agora.xtec.cat\/zeraltpallarssobira\/wp-content\/uploads\/usu501\/2026\/05\/cartell-preinscripcio-llar-dinfants-32-x-20-cm-14.8-x-21-cm-14.8-x-21-cm-14.8-x-14.8-cm-10.8-x-10.8-cm-768x768.png 768w, https:\/\/agora.xtec.cat\/zeraltpallarssobira\/wp-content\/uploads\/usu501\/2026\/05\/cartell-preinscripcio-llar-dinfants-32-x-20-cm-14.8-x-21-cm-14.8-x-21-cm-14.8-x-14.8-cm-10.8-x-10.8-cm.png 1276w\" sizes=\"auto, (max-width: 1024px) 100vw, 1024px\" \/><\/a><\/figure>\n","protected":false},"excerpt":{"rendered":"<p>Benvolgudes fam\u00edlies,Us informem que s&#8217;ha obert el per\u00edode de preinscripci\u00f3 al 1r cicle d&#8217;educaci\u00f3 infantil, a l&#8217;Escola de Llavors\u00ed, l&#8217;Escola [&hellip;]<\/p>\n","protected":false},"author":1,"featured_media":0,"parent":0,"menu_order":0,"comment_status":"closed","ping_status":"closed","template":"","meta":{"_bbp_topic_count":0,"_bbp_reply_count":0,"_bbp_total_topic_count":0,"_bbp_total_reply_count":0,"_bbp_voice_count":0,"_bbp_anonymous_reply_count":0,"_bbp_topic_count_hidden":0,"_bbp_reply_count_hidden":0,"_bbp_forum_subforum_count":0,"site-sidebar-layout":"default","site-content-layout":"","ast-site-content-layout":"default","site-content-style":"default","site-sidebar-style":"default","ast-global-header-display":"","ast-banner-title-visibility":"","ast-main-header-display":"","ast-hfb-above-header-display":"","ast-hfb-below-header-display":"","ast-hfb-mobile-header-display":"","site-post-title":"","ast-breadcrumbs-content":"","ast-featured-img":"","footer-sml-layout":"","theme-transparent-header-meta":"","adv-header-id-meta":"","stick-header-meta":"","header-above-stick-meta":"","header-main-stick-meta":"","header-below-stick-meta":"","astra-migrate-meta-layouts":"set","ast-page-background-enabled":"default","ast-page-background-meta":{"desktop":{"background-color":"var(--ast-global-color-4)","background-image":"","background-repeat":"repeat","background-position":"center center","background-size":"auto","background-attachment":"scroll","background-type":"","background-media":"","overlay-type":"","overlay-color":"","overlay-opacity":"","overlay-gradient":""},"tablet":{"background-color":"","background-image":"","background-repeat":"repeat","background-position":"center center","background-size":"auto","background-attachment":"scroll","background-type":"","background-media":"","overlay-type":"","overlay-color":"","overlay-opacity":"","overlay-gradient":""},"mobile":{"background-color":"","background-image":"","background-repeat":"repeat","background-position":"center center","background-size":"auto","background-attachment":"scroll","background-type":"","background-media":"","overlay-type":"","overlay-color":"","overlay-opacity":"","overlay-gradient":""}},"ast-content-background-meta":{"desktop":{"background-color":"var(--ast-global-color-5)","background-image":"","background-repeat":"repeat","background-position":"center center","background-size":"auto","background-attachment":"scroll","background-type":"","background-media":"","overlay-type":"","overlay-color":"","overlay-opacity":"","overlay-gradient":""},"tablet":{"background-color":"var(--ast-global-color-5)","background-image":"","background-repeat":"repeat","background-position":"center center","background-size":"auto","background-attachment":"scroll","background-type":"","background-media":"","overlay-type":"","overlay-color":"","overlay-opacity":"","overlay-gradient":""},"mobile":{"background-color":"var(--ast-global-color-5)","background-image":"","background-repeat":"repeat","background-position":"center center","background-size":"auto","background-attachment":"scroll","background-type":"","background-media":"","overlay-type":"","overlay-color":"","overlay-opacity":"","overlay-gradient":""}},"footnotes":""},"class_list":["post-7","page","type-page","status-publish","hentry"],"post_mailing_queue_ids":[],"_links":{"self":[{"href":"https:\/\/agora.xtec.cat\/zeraltpallarssobira\/wp-json\/wp\/v2\/pages\/7","targetHints":{"allow":["GET"]}}],"collection":[{"href":"https:\/\/agora.xtec.cat\/zeraltpallarssobira\/wp-json\/wp\/v2\/pages"}],"about":[{"href":"https:\/\/agora.xtec.cat\/zeraltpallarssobira\/wp-json\/wp\/v2\/types\/page"}],"author":[{"embeddable":true,"href":"https:\/\/agora.xtec.cat\/zeraltpallarssobira\/wp-json\/wp\/v2\/users\/1"}],"replies":[{"embeddable":true,"href":"https:\/\/agora.xtec.cat\/zeraltpallarssobira\/wp-json\/wp\/v2\/comments?post=7"}],"version-history":[{"count":5,"href":"https:\/\/agora.xtec.cat\/zeraltpallarssobira\/wp-json\/wp\/v2\/pages\/7\/revisions"}],"predecessor-version":[{"id":2022,"href":"https:\/\/agora.xtec.cat\/zeraltpallarssobira\/wp-json\/wp\/v2\/pages\/7\/revisions\/2022"}],"wp:attachment":[{"href":"https:\/\/agora.xtec.cat\/zeraltpallarssobira\/wp-json\/wp\/v2\/media?parent=7"}],"curies":[{"name":"wp","href":"https:\/\/api.w.org\/{rel}","templated":true}]}}