{"id":258,"date":"2015-07-20T12:40:06","date_gmt":"2015-07-20T11:40:06","guid":{"rendered":"http:\/\/agora.xtec.cat\/zeraltpallarssobira\/?page_id=258"},"modified":"2025-11-21T10:50:45","modified_gmt":"2025-11-21T09:50:45","slug":"qui-som","status":"publish","type":"page","link":"https:\/\/agora.xtec.cat\/zeraltpallarssobira\/zer\/qui-som\/","title":{"rendered":"Presentaci\u00f3"},"content":{"rendered":"<p style=\"text-align: justify;\">La ZER Alt Pallars va ser creada el curs 1990-91, per tal de pal\u00b7liar l\u2019a\u00efllament de l\u2019escola rural i d\u2019aconseguir una unificaci\u00f3 i coordinaci\u00f3 entre els alumnes i mestres dels centres d\u2019Espot, La Closa d\u2019Esterri d\u2019\u00c0neu, Alins , Ribera de Card\u00f3s, T\u00edrvia, Llavors\u00ed i Rialp.<\/p>\n<p style=\"text-align: justify;\">El juny de 1995 es tanca l&#8217;escola d&#8217;Espot i m\u00e9s endavant, a finals de juny del 2003, l\u2019escola la Closa d\u2019Esterri d\u2019\u00c0neu deixa de formar-ne part i la ZER queda amb la mateixa composici\u00f3 que a l\u2019actualitat : Escola d\u2019Alins , Escola de Llavors\u00ed , Escola Els Minairons de Ribera de Card\u00f3s, Escola Montsent de Pallars de Rialp i Escola de T\u00edrvia.<\/p>\n<p style=\"text-align: justify;\">La nostra ZER \u00e9s gran en quant a alumnat i al llarg de la seva hist\u00f2ria ha oscil\u00b7lat entre 130 i 160 alumnes, amb un \u00edndex baix de nouvinguts en l\u2019actualitat, per\u00f2 alguns cursos ha estat bastant important aquest alumnat.\u00a0L\u2019absentisme \u00e9s poc significatiu. Els nens i les nenes s\u00f3n del poble o municipi en els que es troben ubicades les escoles.<\/p>\n<p style=\"text-align: justify;\">\nEn acabar Prim\u00e0ria, els alumnes de la ZER poden escollir el INS Morell\u00f3 d\u2019 Esterri d\u2019\u00c0neu o l\u2019IES Hug Roger III de Sort.<\/p>\n","protected":false},"excerpt":{"rendered":"<p>La ZER Alt Pallars va ser creada el curs 1990-91, per tal de pal\u00b7liar l\u2019a\u00efllament de l\u2019escola rural i d\u2019aconseguir [&hellip;]<\/p>\n","protected":false},"author":1,"featured_media":0,"parent":19,"menu_order":0,"comment_status":"closed","ping_status":"closed","template":"","meta":{"_bbp_topic_count":0,"_bbp_reply_count":0,"_bbp_total_topic_count":0,"_bbp_total_reply_count":0,"_bbp_voice_count":0,"_bbp_anonymous_reply_count":0,"_bbp_topic_count_hidden":0,"_bbp_reply_count_hidden":0,"_bbp_forum_subforum_count":0,"site-sidebar-layout":"default","site-content-layout":"","ast-site-content-layout":"default","site-content-style":"default","site-sidebar-style":"default","ast-global-header-display":"","ast-banner-title-visibility":"","ast-main-header-display":"","ast-hfb-above-header-display":"","ast-hfb-below-header-display":"","ast-hfb-mobile-header-display":"","site-post-title":"","ast-breadcrumbs-content":"","ast-featured-img":"","footer-sml-layout":"","theme-transparent-header-meta":"","adv-header-id-meta":"","stick-header-meta":"","header-above-stick-meta":"","header-main-stick-meta":"","header-below-stick-meta":"","astra-migrate-meta-layouts":"set","ast-page-background-enabled":"default","ast-page-background-meta":{"desktop":{"background-color":"var(--ast-global-color-4)","background-image":"","background-repeat":"repeat","background-position":"center center","background-size":"auto","background-attachment":"scroll","background-type":"","background-media":"","overlay-type":"","overlay-color":"","overlay-opacity":"","overlay-gradient":""},"tablet":{"background-color":"","background-image":"","background-repeat":"repeat","background-position":"center center","background-size":"auto","background-attachment":"scroll","background-type":"","background-media":"","overlay-type":"","overlay-color":"","overlay-opacity":"","overlay-gradient":""},"mobile":{"background-color":"","background-image":"","background-repeat":"repeat","background-position":"center center","background-size":"auto","background-attachment":"scroll","background-type":"","background-media":"","overlay-type":"","overlay-color":"","overlay-opacity":"","overlay-gradient":""}},"ast-content-background-meta":{"desktop":{"background-color":"var(--ast-global-color-5)","background-image":"","background-repeat":"repeat","background-position":"center center","background-size":"auto","background-attachment":"scroll","background-type":"","background-media":"","overlay-type":"","overlay-color":"","overlay-opacity":"","overlay-gradient":""},"tablet":{"background-color":"var(--ast-global-color-5)","background-image":"","background-repeat":"repeat","background-position":"center center","background-size":"auto","background-attachment":"scroll","background-type":"","background-media":"","overlay-type":"","overlay-color":"","overlay-opacity":"","overlay-gradient":""},"mobile":{"background-color":"var(--ast-global-color-5)","background-image":"","background-repeat":"repeat","background-position":"center center","background-size":"auto","background-attachment":"scroll","background-type":"","background-media":"","overlay-type":"","overlay-color":"","overlay-opacity":"","overlay-gradient":""}},"footnotes":""},"class_list":["post-258","page","type-page","status-publish","hentry"],"post_mailing_queue_ids":[],"_links":{"self":[{"href":"https:\/\/agora.xtec.cat\/zeraltpallarssobira\/wp-json\/wp\/v2\/pages\/258","targetHints":{"allow":["GET"]}}],"collection":[{"href":"https:\/\/agora.xtec.cat\/zeraltpallarssobira\/wp-json\/wp\/v2\/pages"}],"about":[{"href":"https:\/\/agora.xtec.cat\/zeraltpallarssobira\/wp-json\/wp\/v2\/types\/page"}],"author":[{"embeddable":true,"href":"https:\/\/agora.xtec.cat\/zeraltpallarssobira\/wp-json\/wp\/v2\/users\/1"}],"replies":[{"embeddable":true,"href":"https:\/\/agora.xtec.cat\/zeraltpallarssobira\/wp-json\/wp\/v2\/comments?post=258"}],"version-history":[{"count":4,"href":"https:\/\/agora.xtec.cat\/zeraltpallarssobira\/wp-json\/wp\/v2\/pages\/258\/revisions"}],"predecessor-version":[{"id":1901,"href":"https:\/\/agora.xtec.cat\/zeraltpallarssobira\/wp-json\/wp\/v2\/pages\/258\/revisions\/1901"}],"up":[{"embeddable":true,"href":"https:\/\/agora.xtec.cat\/zeraltpallarssobira\/wp-json\/wp\/v2\/pages\/19"}],"wp:attachment":[{"href":"https:\/\/agora.xtec.cat\/zeraltpallarssobira\/wp-json\/wp\/v2\/media?parent=258"}],"curies":[{"name":"wp","href":"https:\/\/api.w.org\/{rel}","templated":true}]}}