{"id":3141,"date":"2026-02-25T12:26:14","date_gmt":"2026-02-25T11:26:14","guid":{"rendered":"https:\/\/agora.xtec.cat\/zeraltbergueda\/?page_id=3141"},"modified":"2026-03-05T11:50:28","modified_gmt":"2026-03-05T10:50:28","slug":"serveis-zer","status":"publish","type":"page","link":"https:\/\/agora.xtec.cat\/zeraltbergueda\/serveis-zer\/","title":{"rendered":"AFA \/ AMPA"},"content":{"rendered":"\n<p>L\u2019AFA, Associaci\u00f3 de Fam\u00edlies d\u2019Alumnes, \u00e9s la forma m\u00e9s efectiva que tenen totes les fam\u00edlies d\u2019agrupar-se i organitzar-se dins del Centre Escolar. L\u2019AFA \u00e9s una entitat sense afany de lucre, reconeguda legalment al registre d\u2019associacions i les seves funcions estan regulades per un decret de la Generalitat de Catalunya. Des de l\u2019AFA, es pot desenvolupar una plataforma oberta a la participaci\u00f3 i reivindicaci\u00f3 de tots els aspectes referents a l\u2019educaci\u00f3, per tal d\u2019aconseguir, juntament amb els i mestres, la millor formaci\u00f3 dels nostres fills i filles, basada en els principis propis d\u2019una societat democr\u00e0tica.<\/p>\n\n\n\n<p><strong><mark style=\"background-color:rgba(0, 0, 0, 0)\" class=\"has-inline-color has-ast-global-color-1-color\">AMPA Escola l&#8217;Albiol<\/mark><\/strong><\/p>\n\n\n\n<p class=\"has-text-align-left\">Contacte: <\/p>\n\n\n\n<p><strong><mark style=\"background-color:rgba(0, 0, 0, 0)\" class=\"has-inline-color has-ast-global-color-1-color\">AMPA Escola Pedraforca<\/mark><\/strong><\/p>\n\n\n\n<p class=\"has-text-align-left\">Contacte:<\/p>\n\n\n\n<p><strong><mark style=\"background-color:rgba(0, 0, 0, 0)\" class=\"has-inline-color has-ast-global-color-1-color\">AMPA Escola Santa Margarida<\/mark><\/strong><\/p>\n\n\n\n<p class=\"has-text-align-left\">Contacte:<\/p>\n\n\n\n<p><mark style=\"background-color:rgba(0, 0, 0, 0)\" class=\"has-inline-color has-ast-global-color-1-color\"><strong>AFA Escola Serrat Voltor<\/strong><\/mark><\/p>\n\n\n\n<p class=\"has-text-align-left\">Contacte: ampaserratvoltor@gmail.com<\/p>\n\n\n\n<p><mark style=\"background-color:rgba(0, 0, 0, 0)\" class=\"has-inline-color has-ast-global-color-2-color\"><strong>SERVEIS GESTIONATS PER L\u2019AFA<\/strong><br><\/mark>&#8211; Extraescolars.<\/p>\n","protected":false},"excerpt":{"rendered":"<p>L\u2019AFA, Associaci\u00f3 de Fam\u00edlies d\u2019Alumnes, \u00e9s la forma m\u00e9s efectiva que tenen totes les fam\u00edlies d\u2019agrupar-se i organitzar-se dins del Centre Escolar. L\u2019AFA \u00e9s una entitat sense afany de lucre, reconeguda legalment al registre d\u2019associacions i les seves funcions estan regulades per un decret de la Generalitat de Catalunya. Des de l\u2019AFA, es pot desenvolupar [&hellip;]<\/p>\n","protected":false},"author":1,"featured_media":0,"parent":0,"menu_order":0,"comment_status":"closed","ping_status":"close","template":"","meta":{"_bbp_topic_count":0,"_bbp_reply_count":0,"_bbp_total_topic_count":0,"_bbp_total_reply_count":0,"_bbp_voice_count":0,"_bbp_anonymous_reply_count":0,"_bbp_topic_count_hidden":0,"_bbp_reply_count_hidden":0,"_bbp_forum_subforum_count":0,"site-sidebar-layout":"default","site-content-layout":"","ast-site-content-layout":"default","site-content-style":"default","site-sidebar-style":"default","ast-global-header-display":"","ast-banner-title-visibility":"","ast-main-header-display":"","ast-hfb-above-header-display":"","ast-hfb-below-header-display":"","ast-hfb-mobile-header-display":"","site-post-title":"","ast-breadcrumbs-content":"","ast-featured-img":"","footer-sml-layout":"","theme-transparent-header-meta":"","adv-header-id-meta":"","stick-header-meta":"","header-above-stick-meta":"","header-main-stick-meta":"","header-below-stick-meta":"","astra-migrate-meta-layouts":"set","ast-page-background-enabled":"default","ast-page-background-meta":{"desktop":{"background-color":"var(--ast-global-color-4)","background-image":"","background-repeat":"repeat","background-position":"center center","background-size":"auto","background-attachment":"scroll","background-type":"","background-media":"","overlay-type":"","overlay-color":"","overlay-opacity":"","overlay-gradient":""},"tablet":{"background-color":"","background-image":"","background-repeat":"repeat","background-position":"center center","background-size":"auto","background-attachment":"scroll","background-type":"","background-media":"","overlay-type":"","overlay-color":"","overlay-opacity":"","overlay-gradient":""},"mobile":{"background-color":"","background-image":"","background-repeat":"repeat","background-position":"center center","background-size":"auto","background-attachment":"scroll","background-type":"","background-media":"","overlay-type":"","overlay-color":"","overlay-opacity":"","overlay-gradient":""}},"ast-content-background-meta":{"desktop":{"background-color":"var(--ast-global-color-5)","background-image":"","background-repeat":"repeat","background-position":"center center","background-size":"auto","background-attachment":"scroll","background-type":"","background-media":"","overlay-type":"","overlay-color":"","overlay-opacity":"","overlay-gradient":""},"tablet":{"background-color":"var(--ast-global-color-5)","background-image":"","background-repeat":"repeat","background-position":"center center","background-size":"auto","background-attachment":"scroll","background-type":"","background-media":"","overlay-type":"","overlay-color":"","overlay-opacity":"","overlay-gradient":""},"mobile":{"background-color":"var(--ast-global-color-5)","background-image":"","background-repeat":"repeat","background-position":"center center","background-size":"auto","background-attachment":"scroll","background-type":"","background-media":"","overlay-type":"","overlay-color":"","overlay-opacity":"","overlay-gradient":""}},"footnotes":""},"class_list":["post-3141","page","type-page","status-publish","hentry"],"post_mailing_queue_ids":[],"_links":{"self":[{"href":"https:\/\/agora.xtec.cat\/zeraltbergueda\/wp-json\/wp\/v2\/pages\/3141","targetHints":{"allow":["GET"]}}],"collection":[{"href":"https:\/\/agora.xtec.cat\/zeraltbergueda\/wp-json\/wp\/v2\/pages"}],"about":[{"href":"https:\/\/agora.xtec.cat\/zeraltbergueda\/wp-json\/wp\/v2\/types\/page"}],"author":[{"embeddable":true,"href":"https:\/\/agora.xtec.cat\/zeraltbergueda\/wp-json\/wp\/v2\/users\/1"}],"replies":[{"embeddable":true,"href":"https:\/\/agora.xtec.cat\/zeraltbergueda\/wp-json\/wp\/v2\/comments?post=3141"}],"version-history":[{"count":6,"href":"https:\/\/agora.xtec.cat\/zeraltbergueda\/wp-json\/wp\/v2\/pages\/3141\/revisions"}],"predecessor-version":[{"id":3322,"href":"https:\/\/agora.xtec.cat\/zeraltbergueda\/wp-json\/wp\/v2\/pages\/3141\/revisions\/3322"}],"wp:attachment":[{"href":"https:\/\/agora.xtec.cat\/zeraltbergueda\/wp-json\/wp\/v2\/media?parent=3141"}],"curies":[{"name":"wp","href":"https:\/\/api.w.org\/{rel}","templated":true}]}}