{"id":3079,"date":"2026-02-24T15:19:25","date_gmt":"2026-02-24T14:19:25","guid":{"rendered":"https:\/\/agora.xtec.cat\/zeraltbergueda\/?page_id=3079"},"modified":"2026-02-25T13:16:08","modified_gmt":"2026-02-25T12:16:08","slug":"equip-docent","status":"publish","type":"page","link":"https:\/\/agora.xtec.cat\/zeraltbergueda\/equip-docent\/","title":{"rendered":"Equip docent"},"content":{"rendered":"\n<p><strong><mark style=\"background-color:rgba(0, 0, 0, 0)\" class=\"has-inline-color has-ast-global-color-0-color\">Equip directiu de ZER<\/mark><\/strong><\/p>\n\n\n\n<figure class=\"wp-block-table\"><table class=\"has-fixed-layout\"><tbody><tr><td>Director<\/td><td>Marc Corominas Armengou \/ a8056811@xtec.cat<\/td><\/tr><tr><td>Secret\u00e0ria<\/td><td>Eva Corominas Armengou <\/td><\/tr><tr><td>Cap d\u2019estudis<\/td><td>\u00a0Anna Canals Casals\u00a0<\/td><\/tr><\/tbody><\/table><\/figure>\n\n\n\n<p><strong><mark style=\"background-color:rgba(0, 0, 0, 0)\" class=\"has-inline-color has-ast-global-color-1-color\">Escola l&#8217;Albiol<\/mark><\/strong><\/p>\n\n\n\n<figure class=\"wp-block-table\"><table class=\"has-fixed-layout\"><tbody><tr><td>Directora \/ Mestra de Prim\u00e0ria<\/td><td>M. \u00c0ngels Armengou Barald\u00e9s \/ a8018017@xtec.cat<\/td><\/tr><tr><td>Mestra d&#8217;Infantil<\/td><td>Marta Casals Bou<\/td><\/tr><tr><td>Mestra d&#8217;Infantil<\/td><td>Alba Lozano Aguayo<\/td><\/tr><tr><td>Llar d&#8217;infants<\/td><td>Alba Gusach Bars<\/td><\/tr><\/tbody><\/table><\/figure>\n\n\n\n<p><strong><mark style=\"background-color:rgba(0, 0, 0, 0)\" class=\"has-inline-color has-ast-global-color-1-color\">Escola Pedraforca<\/mark><\/strong><\/p>\n\n\n\n<figure class=\"wp-block-table\"><table class=\"has-fixed-layout\"><tbody><tr><td>Directora \/ Mestra d&#8217;Infantil<\/td><td>Pilar Sol\u00e9 Solanellas \/ a8078841@xtec.cat<\/td><\/tr><tr><td>Llar d&#8217;infants<\/td><td>Alba G\u00e1lvez Cidoncha<\/td><\/tr><\/tbody><\/table><\/figure>\n\n\n\n<p><strong><mark style=\"background-color:rgba(0, 0, 0, 0)\" class=\"has-inline-color has-ast-global-color-1-color\">Escola Santa Margarida<\/mark><\/strong><\/p>\n\n\n\n<figure class=\"wp-block-table\"><table class=\"has-fixed-layout\"><tbody><tr><td>Directora \/ Mestra d&#8217;Infantil <\/td><td>Carla Pautas Santib\u00e1\u00f1ez \/c5001709@xtec.cat<\/td><\/tr><tr><td>Mestra de Prim\u00e0ria<\/td><td>Violant Gonz\u00e1lez Par\u00eds<\/td><\/tr><tr><td>Llar d&#8217;infants<\/td><td>Catalina Mart\u00ednez Lucas<\/td><\/tr><\/tbody><\/table><\/figure>\n\n\n\n<p><mark style=\"background-color:rgba(0, 0, 0, 0)\" class=\"has-inline-color has-ast-global-color-1-color\"><strong>Escola Serrat Voltor<\/strong><\/mark><\/p>\n\n\n\n<figure class=\"wp-block-table\"><table class=\"has-fixed-layout\"><tbody><tr><td>Directora \/ Mestra de Prim\u00e0ria<\/td><td>N\u00faria Casals Rotllan \/ a8030728@xtec.cat<\/td><\/tr><tr><td>Mestra de Prim\u00e0ria<\/td><td>J\u00falia Noguera Riera<\/td><\/tr><tr><td>Mestra d&#8217;Infantil<\/td><td>Queralt Vinyes Ripoll<\/td><\/tr><tr><td>Llar d&#8217;infants<\/td><td>S\u00f2nia Gonz\u00e1lez Codina<\/td><\/tr><\/tbody><\/table><\/figure>\n\n\n\n<p><strong><mark style=\"background-color:rgba(0, 0, 0, 0)\" class=\"has-inline-color has-ast-global-color-1-color\">Mestres especialistes<\/mark><\/strong><\/p>\n\n\n\n<figure class=\"wp-block-table\"><table class=\"has-fixed-layout\"><tbody><tr><td>Educaci\u00f3 F\u00edsica<\/td><td>Marc Corominas Armengou<\/td><\/tr><tr><td>Angl\u00e8s<\/td><td>Eva Corominas Armengou<\/td><\/tr><tr><td>M\u00fasica<\/td><td>\u00a0Anna Canals Casals<\/td><\/tr><tr><td>Educaci\u00f3 Especial<\/td><td>M\u00f3nica Pons Puig<\/td><\/tr><\/tbody><\/table><\/figure>\n\n\n\n<p><\/p>\n","protected":false},"excerpt":{"rendered":"<p>Equip directiu de ZER Director Marc Corominas Armengou \/ a8056811@xtec.cat Secret\u00e0ria Eva Corominas Armengou Cap d\u2019estudis \u00a0Anna Canals Casals\u00a0 Escola l&#8217;Albiol Directora \/ Mestra de Prim\u00e0ria M. \u00c0ngels Armengou Barald\u00e9s \/ a8018017@xtec.cat Mestra d&#8217;Infantil Marta Casals Bou Mestra d&#8217;Infantil Alba Lozano Aguayo Llar d&#8217;infants Alba Gusach Bars Escola Pedraforca Directora \/ Mestra d&#8217;Infantil Pilar Sol\u00e9 [&hellip;]<\/p>\n","protected":false},"author":1,"featured_media":0,"parent":0,"menu_order":0,"comment_status":"closed","ping_status":"close","template":"","meta":{"_bbp_topic_count":0,"_bbp_reply_count":0,"_bbp_total_topic_count":0,"_bbp_total_reply_count":0,"_bbp_voice_count":0,"_bbp_anonymous_reply_count":0,"_bbp_topic_count_hidden":0,"_bbp_reply_count_hidden":0,"_bbp_forum_subforum_count":0,"site-sidebar-layout":"default","site-content-layout":"","ast-site-content-layout":"default","site-content-style":"default","site-sidebar-style":"default","ast-global-header-display":"","ast-banner-title-visibility":"","ast-main-header-display":"","ast-hfb-above-header-display":"","ast-hfb-below-header-display":"","ast-hfb-mobile-header-display":"","site-post-title":"","ast-breadcrumbs-content":"","ast-featured-img":"","footer-sml-layout":"","theme-transparent-header-meta":"","adv-header-id-meta":"","stick-header-meta":"","header-above-stick-meta":"","header-main-stick-meta":"","header-below-stick-meta":"","astra-migrate-meta-layouts":"set","ast-page-background-enabled":"default","ast-page-background-meta":{"desktop":{"background-color":"var(--ast-global-color-4)","background-image":"","background-repeat":"repeat","background-position":"center center","background-size":"auto","background-attachment":"scroll","background-type":"","background-media":"","overlay-type":"","overlay-color":"","overlay-opacity":"","overlay-gradient":""},"tablet":{"background-color":"","background-image":"","background-repeat":"repeat","background-position":"center center","background-size":"auto","background-attachment":"scroll","background-type":"","background-media":"","overlay-type":"","overlay-color":"","overlay-opacity":"","overlay-gradient":""},"mobile":{"background-color":"","background-image":"","background-repeat":"repeat","background-position":"center center","background-size":"auto","background-attachment":"scroll","background-type":"","background-media":"","overlay-type":"","overlay-color":"","overlay-opacity":"","overlay-gradient":""}},"ast-content-background-meta":{"desktop":{"background-color":"var(--ast-global-color-5)","background-image":"","background-repeat":"repeat","background-position":"center center","background-size":"auto","background-attachment":"scroll","background-type":"","background-media":"","overlay-type":"","overlay-color":"","overlay-opacity":"","overlay-gradient":""},"tablet":{"background-color":"var(--ast-global-color-5)","background-image":"","background-repeat":"repeat","background-position":"center center","background-size":"auto","background-attachment":"scroll","background-type":"","background-media":"","overlay-type":"","overlay-color":"","overlay-opacity":"","overlay-gradient":""},"mobile":{"background-color":"var(--ast-global-color-5)","background-image":"","background-repeat":"repeat","background-position":"center center","background-size":"auto","background-attachment":"scroll","background-type":"","background-media":"","overlay-type":"","overlay-color":"","overlay-opacity":"","overlay-gradient":""}},"footnotes":""},"class_list":["post-3079","page","type-page","status-publish","hentry"],"post_mailing_queue_ids":[],"_links":{"self":[{"href":"https:\/\/agora.xtec.cat\/zeraltbergueda\/wp-json\/wp\/v2\/pages\/3079","targetHints":{"allow":["GET"]}}],"collection":[{"href":"https:\/\/agora.xtec.cat\/zeraltbergueda\/wp-json\/wp\/v2\/pages"}],"about":[{"href":"https:\/\/agora.xtec.cat\/zeraltbergueda\/wp-json\/wp\/v2\/types\/page"}],"author":[{"embeddable":true,"href":"https:\/\/agora.xtec.cat\/zeraltbergueda\/wp-json\/wp\/v2\/users\/1"}],"replies":[{"embeddable":true,"href":"https:\/\/agora.xtec.cat\/zeraltbergueda\/wp-json\/wp\/v2\/comments?post=3079"}],"version-history":[{"count":3,"href":"https:\/\/agora.xtec.cat\/zeraltbergueda\/wp-json\/wp\/v2\/pages\/3079\/revisions"}],"predecessor-version":[{"id":3160,"href":"https:\/\/agora.xtec.cat\/zeraltbergueda\/wp-json\/wp\/v2\/pages\/3079\/revisions\/3160"}],"wp:attachment":[{"href":"https:\/\/agora.xtec.cat\/zeraltbergueda\/wp-json\/wp\/v2\/media?parent=3079"}],"curies":[{"name":"wp","href":"https:\/\/api.w.org\/{rel}","templated":true}]}}