{"id":3055,"date":"2026-02-24T13:54:36","date_gmt":"2026-02-24T12:54:36","guid":{"rendered":"https:\/\/agora.xtec.cat\/zeraltbergueda\/?page_id=3055"},"modified":"2026-02-24T14:03:12","modified_gmt":"2026-02-24T13:03:12","slug":"qui-som-10","status":"publish","type":"page","link":"https:\/\/agora.xtec.cat\/zeraltbergueda\/qui-som-10\/","title":{"rendered":"Qui som?"},"content":{"rendered":"\n<p>La ZER Alt Bergued\u00e0 est\u00e0 formada per quatre escoles petites, de poble i p\u00fabliques: L\u2019escola L&#8217;Albiol de&nbsp;<strong>Sant Juli\u00e0 de Cerdanyola<\/strong>, l\u2019escola Pedraforca de<strong> Saldes, <\/strong>l&#8217;escola Santa Margarida de <strong>G\u00f3sol<\/strong> i l&#8217;escola Serrat Voltor de <strong>Vallcebre.<\/strong><\/p>\n\n\n\n<p><\/p>\n\n\n","protected":false},"excerpt":{"rendered":"<p>La ZER Alt Bergued\u00e0 est\u00e0 formada per quatre escoles petites, de poble i p\u00fabliques: L\u2019escola L&#8217;Albiol de&nbsp;Sant Juli\u00e0 de Cerdanyola, l\u2019escola Pedraforca de Saldes, l&#8217;escola Santa Margarida de G\u00f3sol i l&#8217;escola Serrat Voltor de Vallcebre.<\/p>\n","protected":false},"author":1,"featured_media":0,"parent":0,"menu_order":0,"comment_status":"closed","ping_status":"close","template":"","meta":{"_bbp_topic_count":0,"_bbp_reply_count":0,"_bbp_total_topic_count":0,"_bbp_total_reply_count":0,"_bbp_voice_count":0,"_bbp_anonymous_reply_count":0,"_bbp_topic_count_hidden":0,"_bbp_reply_count_hidden":0,"_bbp_forum_subforum_count":0,"site-sidebar-layout":"default","site-content-layout":"","ast-site-content-layout":"default","site-content-style":"default","site-sidebar-style":"default","ast-global-header-display":"","ast-banner-title-visibility":"","ast-main-header-display":"","ast-hfb-above-header-display":"","ast-hfb-below-header-display":"","ast-hfb-mobile-header-display":"","site-post-title":"","ast-breadcrumbs-content":"","ast-featured-img":"","footer-sml-layout":"","theme-transparent-header-meta":"","adv-header-id-meta":"","stick-header-meta":"","header-above-stick-meta":"","header-main-stick-meta":"","header-below-stick-meta":"","astra-migrate-meta-layouts":"set","ast-page-background-enabled":"default","ast-page-background-meta":{"desktop":{"background-color":"var(--ast-global-color-4)","background-image":"","background-repeat":"repeat","background-position":"center center","background-size":"auto","background-attachment":"scroll","background-type":"","background-media":"","overlay-type":"","overlay-color":"","overlay-opacity":"","overlay-gradient":""},"tablet":{"background-color":"","background-image":"","background-repeat":"repeat","background-position":"center center","background-size":"auto","background-attachment":"scroll","background-type":"","background-media":"","overlay-type":"","overlay-color":"","overlay-opacity":"","overlay-gradient":""},"mobile":{"background-color":"","background-image":"","background-repeat":"repeat","background-position":"center center","background-size":"auto","background-attachment":"scroll","background-type":"","background-media":"","overlay-type":"","overlay-color":"","overlay-opacity":"","overlay-gradient":""}},"ast-content-background-meta":{"desktop":{"background-color":"var(--ast-global-color-5)","background-image":"","background-repeat":"repeat","background-position":"center center","background-size":"auto","background-attachment":"scroll","background-type":"","background-media":"","overlay-type":"","overlay-color":"","overlay-opacity":"","overlay-gradient":""},"tablet":{"background-color":"var(--ast-global-color-5)","background-image":"","background-repeat":"repeat","background-position":"center center","background-size":"auto","background-attachment":"scroll","background-type":"","background-media":"","overlay-type":"","overlay-color":"","overlay-opacity":"","overlay-gradient":""},"mobile":{"background-color":"var(--ast-global-color-5)","background-image":"","background-repeat":"repeat","background-position":"center center","background-size":"auto","background-attachment":"scroll","background-type":"","background-media":"","overlay-type":"","overlay-color":"","overlay-opacity":"","overlay-gradient":""}},"footnotes":""},"class_list":["post-3055","page","type-page","status-publish","hentry"],"post_mailing_queue_ids":[],"_links":{"self":[{"href":"https:\/\/agora.xtec.cat\/zeraltbergueda\/wp-json\/wp\/v2\/pages\/3055","targetHints":{"allow":["GET"]}}],"collection":[{"href":"https:\/\/agora.xtec.cat\/zeraltbergueda\/wp-json\/wp\/v2\/pages"}],"about":[{"href":"https:\/\/agora.xtec.cat\/zeraltbergueda\/wp-json\/wp\/v2\/types\/page"}],"author":[{"embeddable":true,"href":"https:\/\/agora.xtec.cat\/zeraltbergueda\/wp-json\/wp\/v2\/users\/1"}],"replies":[{"embeddable":true,"href":"https:\/\/agora.xtec.cat\/zeraltbergueda\/wp-json\/wp\/v2\/comments?post=3055"}],"version-history":[{"count":2,"href":"https:\/\/agora.xtec.cat\/zeraltbergueda\/wp-json\/wp\/v2\/pages\/3055\/revisions"}],"predecessor-version":[{"id":3057,"href":"https:\/\/agora.xtec.cat\/zeraltbergueda\/wp-json\/wp\/v2\/pages\/3055\/revisions\/3057"}],"wp:attachment":[{"href":"https:\/\/agora.xtec.cat\/zeraltbergueda\/wp-json\/wp\/v2\/media?parent=3055"}],"curies":[{"name":"wp","href":"https:\/\/api.w.org\/{rel}","templated":true}]}}