{"id":272,"date":"2015-07-20T13:10:37","date_gmt":"2015-07-20T12:10:37","guid":{"rendered":"http:\/\/agora.xtec.cat\/zeraltbergueda\/?page_id=272"},"modified":"2026-03-04T16:12:25","modified_gmt":"2026-03-04T15:12:25","slug":"qui-som","status":"publish","type":"page","link":"https:\/\/agora.xtec.cat\/zeraltbergueda\/escola-beta\/qui-som\/","title":{"rendered":"Qui som?"},"content":{"rendered":"<p style=\"text-align: justify;\">L&#8217;Escola Santa Margarida\u00a0som una escola petita i unit\u00e0ria. Ens trobem a G\u00f3sol i formem part de la\u00a0ZER Alt Bergued\u00e0, juntament amb l&#8217;escola Serrat Voltor de Vallcebre, l&#8217;escola Pedraforca de Saldes i l&#8217;escola l&#8217;Albiol de Sant Juli\u00e0 de Cerdanyola, amb qui compartim mestres itinerants, projectes, sortides i moltes ganes d&#8217;aprendre i passar-ho b\u00e9!<\/p>\n<p style=\"text-align: justify;\">A l\u2019escola, s\u2019imparteix Ensenyament d&#8217;educaci\u00f3 Infantil (I1 a I5) i educaci\u00f3 Prim\u00e0ria (P1 a P6).<br \/>\nS\u2019ofereix servei de Menjador escolar tots els dies lectius, amb servei de cuinera i monitora. Els aliments es cuinen a les mateixes instal\u00b7lacions. Tamb\u00e9 disposem de gimn\u00e0s, biblioteca, dues aules, dos patis i un hort.<\/p>\n<p style=\"text-align: justify;\">L&#8217;ensenyament secundari s&#8217;imparteix a l&#8217;INS Alt Bergued\u00e0, al municipi de Bag\u00e0. Hi ha un servei de transport escolar des de G\u00f3sol fins a l&#8217;institut.<\/p>\n<p><a href=\"https:\/\/agora.xtec.cat\/zeraltbergueda\/wp-content\/uploads\/usu2196\/2026\/03\/gosol3-1.jpg\"><img loading=\"lazy\" decoding=\"async\" class=\"alignnone size-large wp-image-3209\" src=\"https:\/\/agora.xtec.cat\/zeraltbergueda\/wp-content\/uploads\/usu2196\/2026\/03\/gosol3-1-1024x542.jpg\" alt=\"\" width=\"1024\" height=\"542\" srcset=\"https:\/\/agora.xtec.cat\/zeraltbergueda\/wp-content\/uploads\/usu2196\/2026\/03\/gosol3-1-1024x542.jpg 1024w, https:\/\/agora.xtec.cat\/zeraltbergueda\/wp-content\/uploads\/usu2196\/2026\/03\/gosol3-1-300x159.jpg 300w, https:\/\/agora.xtec.cat\/zeraltbergueda\/wp-content\/uploads\/usu2196\/2026\/03\/gosol3-1-768x407.jpg 768w, https:\/\/agora.xtec.cat\/zeraltbergueda\/wp-content\/uploads\/usu2196\/2026\/03\/gosol3-1.jpg 1303w\" sizes=\"auto, (max-width: 1024px) 100vw, 1024px\" \/><\/a><\/p>\n","protected":false},"excerpt":{"rendered":"<p>L&#8217;Escola Santa Margarida\u00a0som una escola petita i unit\u00e0ria. Ens trobem a G\u00f3sol i formem part de la\u00a0ZER Alt Bergued\u00e0, juntament amb l&#8217;escola Serrat Voltor de Vallcebre, l&#8217;escola Pedraforca de Saldes i l&#8217;escola l&#8217;Albiol de Sant Juli\u00e0 de Cerdanyola, amb qui compartim mestres itinerants, projectes, sortides i moltes ganes d&#8217;aprendre i passar-ho b\u00e9! A l\u2019escola, s\u2019imparteix [&hellip;]<\/p>\n","protected":false},"author":1,"featured_media":0,"parent":266,"menu_order":10,"comment_status":"closed","ping_status":"closed","template":"","meta":{"_bbp_topic_count":0,"_bbp_reply_count":0,"_bbp_total_topic_count":0,"_bbp_total_reply_count":0,"_bbp_voice_count":0,"_bbp_anonymous_reply_count":0,"_bbp_topic_count_hidden":0,"_bbp_reply_count_hidden":0,"_bbp_forum_subforum_count":0,"site-sidebar-layout":"default","site-content-layout":"","ast-site-content-layout":"default","site-content-style":"default","site-sidebar-style":"default","ast-global-header-display":"","ast-banner-title-visibility":"","ast-main-header-display":"","ast-hfb-above-header-display":"","ast-hfb-below-header-display":"","ast-hfb-mobile-header-display":"","site-post-title":"","ast-breadcrumbs-content":"","ast-featured-img":"","footer-sml-layout":"","theme-transparent-header-meta":"","adv-header-id-meta":"","stick-header-meta":"","header-above-stick-meta":"","header-main-stick-meta":"","header-below-stick-meta":"","astra-migrate-meta-layouts":"set","ast-page-background-enabled":"default","ast-page-background-meta":{"desktop":{"background-color":"var(--ast-global-color-4)","background-image":"","background-repeat":"repeat","background-position":"center center","background-size":"auto","background-attachment":"scroll","background-type":"","background-media":"","overlay-type":"","overlay-color":"","overlay-opacity":"","overlay-gradient":""},"tablet":{"background-color":"","background-image":"","background-repeat":"repeat","background-position":"center center","background-size":"auto","background-attachment":"scroll","background-type":"","background-media":"","overlay-type":"","overlay-color":"","overlay-opacity":"","overlay-gradient":""},"mobile":{"background-color":"","background-image":"","background-repeat":"repeat","background-position":"center center","background-size":"auto","background-attachment":"scroll","background-type":"","background-media":"","overlay-type":"","overlay-color":"","overlay-opacity":"","overlay-gradient":""}},"ast-content-background-meta":{"desktop":{"background-color":"var(--ast-global-color-5)","background-image":"","background-repeat":"repeat","background-position":"center center","background-size":"auto","background-attachment":"scroll","background-type":"","background-media":"","overlay-type":"","overlay-color":"","overlay-opacity":"","overlay-gradient":""},"tablet":{"background-color":"var(--ast-global-color-5)","background-image":"","background-repeat":"repeat","background-position":"center center","background-size":"auto","background-attachment":"scroll","background-type":"","background-media":"","overlay-type":"","overlay-color":"","overlay-opacity":"","overlay-gradient":""},"mobile":{"background-color":"var(--ast-global-color-5)","background-image":"","background-repeat":"repeat","background-position":"center center","background-size":"auto","background-attachment":"scroll","background-type":"","background-media":"","overlay-type":"","overlay-color":"","overlay-opacity":"","overlay-gradient":""}},"footnotes":""},"class_list":["post-272","page","type-page","status-publish","hentry"],"post_mailing_queue_ids":[],"_links":{"self":[{"href":"https:\/\/agora.xtec.cat\/zeraltbergueda\/wp-json\/wp\/v2\/pages\/272","targetHints":{"allow":["GET"]}}],"collection":[{"href":"https:\/\/agora.xtec.cat\/zeraltbergueda\/wp-json\/wp\/v2\/pages"}],"about":[{"href":"https:\/\/agora.xtec.cat\/zeraltbergueda\/wp-json\/wp\/v2\/types\/page"}],"author":[{"embeddable":true,"href":"https:\/\/agora.xtec.cat\/zeraltbergueda\/wp-json\/wp\/v2\/users\/1"}],"replies":[{"embeddable":true,"href":"https:\/\/agora.xtec.cat\/zeraltbergueda\/wp-json\/wp\/v2\/comments?post=272"}],"version-history":[{"count":6,"href":"https:\/\/agora.xtec.cat\/zeraltbergueda\/wp-json\/wp\/v2\/pages\/272\/revisions"}],"predecessor-version":[{"id":3257,"href":"https:\/\/agora.xtec.cat\/zeraltbergueda\/wp-json\/wp\/v2\/pages\/272\/revisions\/3257"}],"up":[{"embeddable":true,"href":"https:\/\/agora.xtec.cat\/zeraltbergueda\/wp-json\/wp\/v2\/pages\/266"}],"wp:attachment":[{"href":"https:\/\/agora.xtec.cat\/zeraltbergueda\/wp-json\/wp\/v2\/media?parent=272"}],"curies":[{"name":"wp","href":"https:\/\/api.w.org\/{rel}","templated":true}]}}