{"id":261,"date":"2015-07-20T13:05:00","date_gmt":"2015-07-20T12:05:00","guid":{"rendered":"http:\/\/agora.xtec.cat\/zeraltbergueda\/?page_id=261"},"modified":"2026-03-04T09:03:09","modified_gmt":"2026-03-04T08:03:09","slug":"qui-som","status":"publish","type":"page","link":"https:\/\/agora.xtec.cat\/zeraltbergueda\/escola-alfa\/qui-som\/","title":{"rendered":"Qui som?"},"content":{"rendered":"<p>L\u2019escola l&#8217;Albiol, \u00e9s una escola p\u00fablica i unit\u00e0ria. Els nens i nenes d\u2019Educaci\u00f3 Infantil i Prim\u00e0ria comparteixen aula i activitats.<\/p>\n<p>Formem part de la ZER Alt Bergued\u00e0 , amb les escoles Santa Margarida, Serrat Voltor i Pedraforca, amb les que compartim mestres itinerant d\u2019Educaci\u00f3 F\u00edsica, Angl\u00e8s, M\u00fasica i Educaci\u00f3 especial. Tamb\u00e9 hi compartim activitats, sortides, col\u00f2nies&#8230;<\/p>\n<p>La nostra escola es troba a Sant Juli\u00e0 de Cerdanyola, municipi de la comarca del Bergued\u00e0. El nostre poble \u00a0est\u00e0 situat al Prepirineu, a l\u2019Alt Bergued\u00e0, \u00a0a \u00a0una altitud de 954m i una extensi\u00f3 de 12,8 km\u2082.<\/p>\n<p>Tot i que els or\u00edgens de Sant Juli\u00e0 de Cerdanyola es remunten al segle XIV, va ser considerat un barri de Guardiola de Bergued\u00e0 fins que el 1993 se&#8217;n va segregar. Des de llavors, l&#8217;Ajuntament ocupa un local al nucli del poble.<\/p>\n<p>Les empremtes de l&#8217;explotaci\u00f3 minera del carb\u00f3, el profit econ\u00f2mic del bosc i l&#8217;arribada del ferrocarril encara s\u00f3n visibles a\u00a0<a href=\"http:\/\/www.catalunya.com\/-2-1-496390\">Sant Juli\u00e0 de Cerdanyola<\/a>. El moment de m\u00e0xim esplendor va arribar amb aquesta empenta econ\u00f2mica a finals del segle XIX, per\u00f2 aix\u00f2 no ha esborrat un\u00a0<strong>entorn natural<\/strong>\u00a0que es nota a flor de pell.<\/p>\n<p>El paisatge i la peculiaritat d&#8217;algunes\u00a0<strong>festes tradicionals<\/strong>, en especial la\u00a0<a href=\"http:\/\/www.catalunya.com\/-1-3-508217\">Fia-Faia<\/a>, una de les m\u00e9s antigues de la comarca, donen a aquesta vila un car\u00e0cter especial i la diferencien dels seus ve\u00efns m\u00e9s propers.<\/p>\n<p><a href=\"https:\/\/agora.xtec.cat\/zeraltbergueda\/wp-content\/uploads\/usu2196\/2026\/03\/st-julia.png\"><img loading=\"lazy\" decoding=\"async\" class=\"alignnone size-large wp-image-3174\" src=\"https:\/\/agora.xtec.cat\/zeraltbergueda\/wp-content\/uploads\/usu2196\/2026\/03\/st-julia-1024x465.png\" alt=\"\" width=\"1024\" height=\"465\" srcset=\"https:\/\/agora.xtec.cat\/zeraltbergueda\/wp-content\/uploads\/usu2196\/2026\/03\/st-julia-1024x465.png 1024w, https:\/\/agora.xtec.cat\/zeraltbergueda\/wp-content\/uploads\/usu2196\/2026\/03\/st-julia-300x136.png 300w, https:\/\/agora.xtec.cat\/zeraltbergueda\/wp-content\/uploads\/usu2196\/2026\/03\/st-julia-768x348.png 768w, https:\/\/agora.xtec.cat\/zeraltbergueda\/wp-content\/uploads\/usu2196\/2026\/03\/st-julia.png 1100w\" sizes=\"auto, (max-width: 1024px) 100vw, 1024px\" \/><\/a><\/p>\n","protected":false},"excerpt":{"rendered":"<p>L\u2019escola l&#8217;Albiol, \u00e9s una escola p\u00fablica i unit\u00e0ria. Els nens i nenes d\u2019Educaci\u00f3 Infantil i Prim\u00e0ria comparteixen aula i activitats. Formem part de la ZER Alt Bergued\u00e0 , amb les escoles Santa Margarida, Serrat Voltor i Pedraforca, amb les que compartim mestres itinerant d\u2019Educaci\u00f3 F\u00edsica, Angl\u00e8s, M\u00fasica i Educaci\u00f3 especial. Tamb\u00e9 hi compartim activitats, sortides, [&hellip;]<\/p>\n","protected":false},"author":1,"featured_media":0,"parent":264,"menu_order":10,"comment_status":"closed","ping_status":"closed","template":"","meta":{"_bbp_topic_count":0,"_bbp_reply_count":0,"_bbp_total_topic_count":0,"_bbp_total_reply_count":0,"_bbp_voice_count":0,"_bbp_anonymous_reply_count":0,"_bbp_topic_count_hidden":0,"_bbp_reply_count_hidden":0,"_bbp_forum_subforum_count":0,"site-sidebar-layout":"default","site-content-layout":"","ast-site-content-layout":"default","site-content-style":"default","site-sidebar-style":"default","ast-global-header-display":"","ast-banner-title-visibility":"","ast-main-header-display":"","ast-hfb-above-header-display":"","ast-hfb-below-header-display":"","ast-hfb-mobile-header-display":"","site-post-title":"","ast-breadcrumbs-content":"","ast-featured-img":"","footer-sml-layout":"","theme-transparent-header-meta":"","adv-header-id-meta":"","stick-header-meta":"","header-above-stick-meta":"","header-main-stick-meta":"","header-below-stick-meta":"","astra-migrate-meta-layouts":"set","ast-page-background-enabled":"default","ast-page-background-meta":{"desktop":{"background-color":"var(--ast-global-color-4)","background-image":"","background-repeat":"repeat","background-position":"center center","background-size":"auto","background-attachment":"scroll","background-type":"","background-media":"","overlay-type":"","overlay-color":"","overlay-opacity":"","overlay-gradient":""},"tablet":{"background-color":"","background-image":"","background-repeat":"repeat","background-position":"center center","background-size":"auto","background-attachment":"scroll","background-type":"","background-media":"","overlay-type":"","overlay-color":"","overlay-opacity":"","overlay-gradient":""},"mobile":{"background-color":"","background-image":"","background-repeat":"repeat","background-position":"center center","background-size":"auto","background-attachment":"scroll","background-type":"","background-media":"","overlay-type":"","overlay-color":"","overlay-opacity":"","overlay-gradient":""}},"ast-content-background-meta":{"desktop":{"background-color":"var(--ast-global-color-5)","background-image":"","background-repeat":"repeat","background-position":"center center","background-size":"auto","background-attachment":"scroll","background-type":"","background-media":"","overlay-type":"","overlay-color":"","overlay-opacity":"","overlay-gradient":""},"tablet":{"background-color":"var(--ast-global-color-5)","background-image":"","background-repeat":"repeat","background-position":"center center","background-size":"auto","background-attachment":"scroll","background-type":"","background-media":"","overlay-type":"","overlay-color":"","overlay-opacity":"","overlay-gradient":""},"mobile":{"background-color":"var(--ast-global-color-5)","background-image":"","background-repeat":"repeat","background-position":"center center","background-size":"auto","background-attachment":"scroll","background-type":"","background-media":"","overlay-type":"","overlay-color":"","overlay-opacity":"","overlay-gradient":""}},"footnotes":""},"class_list":["post-261","page","type-page","status-publish","hentry"],"post_mailing_queue_ids":[],"_links":{"self":[{"href":"https:\/\/agora.xtec.cat\/zeraltbergueda\/wp-json\/wp\/v2\/pages\/261","targetHints":{"allow":["GET"]}}],"collection":[{"href":"https:\/\/agora.xtec.cat\/zeraltbergueda\/wp-json\/wp\/v2\/pages"}],"about":[{"href":"https:\/\/agora.xtec.cat\/zeraltbergueda\/wp-json\/wp\/v2\/types\/page"}],"author":[{"embeddable":true,"href":"https:\/\/agora.xtec.cat\/zeraltbergueda\/wp-json\/wp\/v2\/users\/1"}],"replies":[{"embeddable":true,"href":"https:\/\/agora.xtec.cat\/zeraltbergueda\/wp-json\/wp\/v2\/comments?post=261"}],"version-history":[{"count":6,"href":"https:\/\/agora.xtec.cat\/zeraltbergueda\/wp-json\/wp\/v2\/pages\/261\/revisions"}],"predecessor-version":[{"id":3176,"href":"https:\/\/agora.xtec.cat\/zeraltbergueda\/wp-json\/wp\/v2\/pages\/261\/revisions\/3176"}],"up":[{"embeddable":true,"href":"https:\/\/agora.xtec.cat\/zeraltbergueda\/wp-json\/wp\/v2\/pages\/264"}],"wp:attachment":[{"href":"https:\/\/agora.xtec.cat\/zeraltbergueda\/wp-json\/wp\/v2\/media?parent=261"}],"curies":[{"name":"wp","href":"https:\/\/api.w.org\/{rel}","templated":true}]}}