{"id":3880,"date":"2025-04-10T12:06:54","date_gmt":"2025-04-10T10:06:54","guid":{"rendered":"https:\/\/agora.xtec.cat\/zeralta\/?page_id=3880"},"modified":"2025-04-10T12:06:54","modified_gmt":"2025-04-10T10:06:54","slug":"30-anys-de-zer","status":"publish","type":"page","link":"https:\/\/agora.xtec.cat\/zeralta\/zer\/30-anys-de-zer\/","title":{"rendered":"30 anys de ZER"},"content":{"rendered":"\n<div class=\"wp-block-columns is-layout-flex wp-container-core-columns-is-layout-1 wp-block-columns-is-layout-flex\">\n<div class=\"wp-block-column is-layout-flow wp-block-column-is-layout-flow\" style=\"flex-basis:33.33%\">\n<figure class=\"wp-block-image size-full\"><a href=\"https:\/\/agora.xtec.cat\/zeralta\/wp-content\/uploads\/usu1021\/2025\/03\/aniversari.jpg\"><img loading=\"lazy\" decoding=\"async\" width=\"612\" height=\"490\" src=\"https:\/\/agora.xtec.cat\/zeralta\/wp-content\/uploads\/usu1021\/2025\/03\/aniversari.jpg\" alt=\"\" class=\"wp-image-3835\" srcset=\"https:\/\/agora.xtec.cat\/zeralta\/wp-content\/uploads\/usu1021\/2025\/03\/aniversari.jpg 612w, https:\/\/agora.xtec.cat\/zeralta\/wp-content\/uploads\/usu1021\/2025\/03\/aniversari-300x240.jpg 300w\" sizes=\"auto, (max-width: 612px) 100vw, 612px\" \/><\/a><figcaption class=\"wp-element-caption\">Per molts anys! Happy Birthday ! Urte askotarako!<\/figcaption><\/figure>\n<\/div>\n\n\n\n<div class=\"wp-block-column is-layout-flow wp-block-column-is-layout-flow\" style=\"flex-basis:66.66%\">\n<p><\/p>\n\n\n\n<p>Aques curs 2024-25, la Zer Alta Ribagor\u00e7a fa 30 anys! \u00c9s per aix\u00f2 que s&#8217;han organitzat una s\u00e8rie d&#8217;actes per a celebrar el nostre aniversari. <\/p>\n\n\n\n<p>Un d&#8217;ells ser\u00e0 la representaci\u00f3 d&#8217;una obra de teatre el dia 4 de juny al nou pavell\u00f3 municipal de Barruera. <\/p>\n\n\n\n<p>&#8220;Bunji, la petita coala&#8221;, escollida per les fam\u00edlies de l&#8217;escola, \u00e9s un espectacle de teatre i titelles ambientat dins la fauna australiana que ens parla de la riquesa de la diversitat, el respecte  i l&#8217;amor cap a la natura i la innoc\u00e8ncia dels m\u00e9s petits. <\/p>\n<\/div>\n<\/div>\n\n\n\n<p><\/p>\n","protected":false},"excerpt":{"rendered":"<p>Aques curs 2024-25, la Zer Alta Ribagor\u00e7a fa 30 anys! \u00c9s per aix\u00f2 que s&#8217;han organitzat una s\u00e8rie d&#8217;actes per [&hellip;]<\/p>\n","protected":false},"author":1,"featured_media":3835,"parent":19,"menu_order":6,"comment_status":"closed","ping_status":"close","template":"","meta":{"_bbp_topic_count":0,"_bbp_reply_count":0,"_bbp_total_topic_count":0,"_bbp_total_reply_count":0,"_bbp_voice_count":0,"_bbp_anonymous_reply_count":0,"_bbp_topic_count_hidden":0,"_bbp_reply_count_hidden":0,"_bbp_forum_subforum_count":0,"site-sidebar-layout":"default","site-content-layout":"","ast-site-content-layout":"default","site-content-style":"default","site-sidebar-style":"default","ast-global-header-display":"","ast-banner-title-visibility":"","ast-main-header-display":"","ast-hfb-above-header-display":"","ast-hfb-below-header-display":"","ast-hfb-mobile-header-display":"","site-post-title":"","ast-breadcrumbs-content":"","ast-featured-img":"","footer-sml-layout":"","theme-transparent-header-meta":"","adv-header-id-meta":"","stick-header-meta":"","header-above-stick-meta":"","header-main-stick-meta":"","header-below-stick-meta":"","astra-migrate-meta-layouts":"set","ast-page-background-enabled":"default","ast-page-background-meta":{"desktop":{"background-color":"var(--ast-global-color-4)","background-image":"","background-repeat":"repeat","background-position":"center center","background-size":"auto","background-attachment":"scroll","background-type":"","background-media":"","overlay-type":"","overlay-color":"","overlay-opacity":"","overlay-gradient":""},"tablet":{"background-color":"","background-image":"","background-repeat":"repeat","background-position":"center center","background-size":"auto","background-attachment":"scroll","background-type":"","background-media":"","overlay-type":"","overlay-color":"","overlay-opacity":"","overlay-gradient":""},"mobile":{"background-color":"","background-image":"","background-repeat":"repeat","background-position":"center center","background-size":"auto","background-attachment":"scroll","background-type":"","background-media":"","overlay-type":"","overlay-color":"","overlay-opacity":"","overlay-gradient":""}},"ast-content-background-meta":{"desktop":{"background-color":"var(--ast-global-color-5)","background-image":"","background-repeat":"repeat","background-position":"center center","background-size":"auto","background-attachment":"scroll","background-type":"","background-media":"","overlay-type":"","overlay-color":"","overlay-opacity":"","overlay-gradient":""},"tablet":{"background-color":"var(--ast-global-color-5)","background-image":"","background-repeat":"repeat","background-position":"center center","background-size":"auto","background-attachment":"scroll","background-type":"","background-media":"","overlay-type":"","overlay-color":"","overlay-opacity":"","overlay-gradient":""},"mobile":{"background-color":"var(--ast-global-color-5)","background-image":"","background-repeat":"repeat","background-position":"center center","background-size":"auto","background-attachment":"scroll","background-type":"","background-media":"","overlay-type":"","overlay-color":"","overlay-opacity":"","overlay-gradient":""}},"footnotes":""},"class_list":["post-3880","page","type-page","status-publish","has-post-thumbnail","hentry"],"post_mailing_queue_ids":[],"_links":{"self":[{"href":"https:\/\/agora.xtec.cat\/zeralta\/wp-json\/wp\/v2\/pages\/3880","targetHints":{"allow":["GET"]}}],"collection":[{"href":"https:\/\/agora.xtec.cat\/zeralta\/wp-json\/wp\/v2\/pages"}],"about":[{"href":"https:\/\/agora.xtec.cat\/zeralta\/wp-json\/wp\/v2\/types\/page"}],"author":[{"embeddable":true,"href":"https:\/\/agora.xtec.cat\/zeralta\/wp-json\/wp\/v2\/users\/1"}],"replies":[{"embeddable":true,"href":"https:\/\/agora.xtec.cat\/zeralta\/wp-json\/wp\/v2\/comments?post=3880"}],"version-history":[{"count":1,"href":"https:\/\/agora.xtec.cat\/zeralta\/wp-json\/wp\/v2\/pages\/3880\/revisions"}],"predecessor-version":[{"id":3881,"href":"https:\/\/agora.xtec.cat\/zeralta\/wp-json\/wp\/v2\/pages\/3880\/revisions\/3881"}],"up":[{"embeddable":true,"href":"https:\/\/agora.xtec.cat\/zeralta\/wp-json\/wp\/v2\/pages\/19"}],"wp:featuredmedia":[{"embeddable":true,"href":"https:\/\/agora.xtec.cat\/zeralta\/wp-json\/wp\/v2\/media\/3835"}],"wp:attachment":[{"href":"https:\/\/agora.xtec.cat\/zeralta\/wp-json\/wp\/v2\/media?parent=3880"}],"curies":[{"name":"wp","href":"https:\/\/api.w.org\/{rel}","templated":true}]}}