{"id":3261,"date":"2022-06-01T15:39:56","date_gmt":"2022-06-01T13:39:56","guid":{"rendered":"https:\/\/agora.xtec.cat\/zeralta\/?page_id=3261"},"modified":"2024-06-06T10:48:13","modified_gmt":"2024-06-06T08:48:13","slug":"estrategia","status":"publish","type":"page","link":"https:\/\/agora.xtec.cat\/zeralta\/zer\/estrategia-digital-de-centre-edc\/estrategia\/","title":{"rendered":"Estrat\u00e8gia"},"content":{"rendered":"<p><strong><a href=\"https:\/\/agora.xtec.cat\/zeralta\/wp-content\/uploads\/usu1021\/2022\/06\/Nodes-EDC_page-0002.jpg\"><img loading=\"lazy\" decoding=\"async\" class=\"alignnone wp-image-3274\" src=\"https:\/\/agora.xtec.cat\/zeralta\/wp-content\/uploads\/usu1021\/2022\/06\/Nodes-EDC_page-0002-1024x724.jpg\" alt=\"\" width=\"619\" height=\"438\" srcset=\"https:\/\/agora.xtec.cat\/zeralta\/wp-content\/uploads\/usu1021\/2022\/06\/Nodes-EDC_page-0002-1024x724.jpg 1024w, https:\/\/agora.xtec.cat\/zeralta\/wp-content\/uploads\/usu1021\/2022\/06\/Nodes-EDC_page-0002-300x212.jpg 300w, https:\/\/agora.xtec.cat\/zeralta\/wp-content\/uploads\/usu1021\/2022\/06\/Nodes-EDC_page-0002-768x543.jpg 768w, https:\/\/agora.xtec.cat\/zeralta\/wp-content\/uploads\/usu1021\/2022\/06\/Nodes-EDC_page-0002-1536x1086.jpg 1536w, https:\/\/agora.xtec.cat\/zeralta\/wp-content\/uploads\/usu1021\/2022\/06\/Nodes-EDC_page-0002.jpg 1755w\" sizes=\"auto, (max-width: 619px) 100vw, 619px\" \/><\/a><\/strong><\/p>\n<p><strong>1. Diagnosi: <\/strong>Hem utilitzat l&#8217;eina <em>Selfie<\/em> i <em>Selfie for teachers<\/em>, aix\u00ed com hem realitzat enquestes a les fam\u00edlies. Un cop analitzat cada instrument, hem diagnosticat els seg\u00fcents aspectes a millorar:<\/p>\n<ul>\n<li>Connectivitat i equipament: necessitat d&#8217;actualitzaci\u00f3 i ampliar r\u00e0tio alumne\/ dispositiu.<\/li>\n<li>Seguretat digital (protecci\u00f3 de dades i drets d&#8217;autor).<\/li>\n<li>Avaluaci\u00f3: feedbak i autoregulaci\u00f3<\/li>\n<li>Visites al Nodes del centre per part de les fam\u00edlies<\/li>\n<li>\u00das del Google Classroom com entorn virtual d&#8217;aprenentatge (EVA).<\/li>\n<\/ul>\n<p><strong>2. Objectius i planificaci\u00f3 d&#8217;actuacions (3)<\/strong><\/p>\n<table style=\"border-collapse: collapse; width: 100%; height: 537px;\">\n<tbody>\n<tr style=\"height: 32px;\">\n<td style=\"width: 50%; height: 32px;\"><strong>OBJECTIUS<\/strong><\/td>\n<td style=\"width: 50%; height: 32px;\"><strong>ACTIVITATS<\/strong><\/td>\n<\/tr>\n<tr style=\"height: 32px;\">\n<td style=\"width: 50%; height: 32px;\">\n<ul>\n<li>Millorar la compet\u00e8ncia digital docent i de l&#8217;alumnat.<\/li>\n<\/ul>\n<\/td>\n<td style=\"width: 50%; height: 32px;\" data-sheets-value=\"{&quot;1&quot;:2,&quot;2&quot;:&quot;FIC&quot;}\">\n<ol>\n<li>FIC<\/li>\n<li>Seq\u00fcenciaci\u00f3 de la CDA<\/li>\n<li>Recull de bones pr\u00e0ctiques. Claustre i Unitat Compartida<\/li>\n<li><span data-sheets-value=\"{&quot;1&quot;:2,&quot;2&quot;:&quot;Creaci\u00f3 articles\/not\u00edcies. Representaci\u00f3 equitativa dels centres. &quot;}\" data-sheets-userformat=\"{&quot;2&quot;:515,&quot;3&quot;:{&quot;1&quot;:0},&quot;4&quot;:{&quot;1&quot;:2,&quot;2&quot;:16750848},&quot;12&quot;:0}\">Creaci\u00f3 articles\/not\u00edcies.\u00a0<\/span><\/li>\n<\/ol>\n<\/td>\n<\/tr>\n<tr style=\"height: 13px;\">\n<td style=\"width: 50%; height: 13px;\">\n<ul>\n<li>Impulsar eines d&#8217;avaluaci\u00f3 digital per a propulsar el feedbak i l&#8217;autoregulaci\u00f3.<\/li>\n<\/ul>\n<\/td>\n<td style=\"width: 50%; height: 13px;\" data-sheets-value=\"{&quot;1&quot;:2,&quot;2&quot;:&quot;FIC. Incloure sessi\u00f3 Feedback M1\\nFIC. Incloure sessi\u00f3 M3\\nFIC. Incloure kudi r\u00fabriques digitals M4&quot;}\">\n<ol>\n<li>FIC. Incloure sessi\u00f3 Feedback M1<br \/>\nFIC. Incloure sessi\u00f3 M3<br \/>\nFIC. Incloure kudi r\u00fabriques digitals M4<\/li>\n<li>Recull de bones pr\u00e0ctiques. Claustre i Unitat Compartida<\/li>\n<\/ol>\n<\/td>\n<\/tr>\n<tr style=\"height: 32px;\">\n<td style=\"width: 50%; height: 32px;\">\n<ul>\n<li>Desenvolupar la Cultura Digital del centre per a millorar l&#8217;acolliment digital<\/li>\n<\/ul>\n<\/td>\n<td style=\"width: 50%;\" data-sheets-value=\"{&quot;1&quot;:2,&quot;2&quot;:&quot;Crear correu coorporatiu.&quot;}\">\n<ol>\n<li>Crear correu corporatiu.<\/li>\n<li>Creaci\u00f3 Infografia Xarrada Ciberseguretat dels Mossos.<\/li>\n<\/ol>\n<\/td>\n<\/tr>\n<tr style=\"height: 32px;\">\n<td style=\"width: 50%; height: 32px;\">\n<ul>\n<li>Potenciar l&#8217;\u00fas del Nodes per a millorar les interaccions que en fan les fam\u00edlies.<\/li>\n<\/ul>\n<\/td>\n<td style=\"width: 50%;\" data-sheets-value=\"{&quot;1&quot;:2,&quot;2&quot;:&quot;Creaci\u00f3 Infografia Xarrada Ciberseguretat dels Mossos: 9\/12&quot;}\">\n<ol>\n<li>Creaci\u00f3 not\u00edcies. Representaci\u00f3 equitativa dels centres.<\/li>\n<\/ol>\n<\/td>\n<\/tr>\n<tr style=\"height: 32px;\">\n<td style=\"width: 50%; height: 32px;\">\n<ul>\n<li>Implementar l&#8217;\u00fas del Google Classroom com entorn virtual d&#8217;aprenentatge (EVA) unificat de centre<\/li>\n<\/ul>\n<\/td>\n<td style=\"width: 50%;\" data-sheets-value=\"{&quot;1&quot;:2,&quot;2&quot;:&quot;FIC. &quot;}\">\n<ol>\n<li>FIC.<\/li>\n<li>Crear correu corporatiu.<\/li>\n<\/ol>\n<\/td>\n<\/tr>\n<tr style=\"height: 32px;\">\n<td style=\"width: 50%; height: 32px;\">\n<ul>\n<li>Promoure la seguretat digital (protecci\u00f3 de dades i drets d&#8217;autor) per millorar la CDA i CDD.<\/li>\n<\/ul>\n<\/td>\n<td style=\"width: 50%;\" data-sheets-value=\"{&quot;1&quot;:2,&quot;2&quot;:&quot;Crear correu coorporatiu.&quot;}\">\n<ol>\n<li>Xarrada Ciberseguretat dels Mossos.<\/li>\n<\/ol>\n<\/td>\n<\/tr>\n<\/tbody>\n<\/table>\n<p><strong>3. Avaluaci\u00f3\u00a0<\/strong><\/p>\n<p><a href=\"https:\/\/agora.xtec.cat\/zeralta\/wp-content\/uploads\/usu1021\/2024\/06\/avaluacio.jpg\"><img loading=\"lazy\" decoding=\"async\" class=\"alignnone  wp-image-3687\" src=\"https:\/\/agora.xtec.cat\/zeralta\/wp-content\/uploads\/usu1021\/2024\/06\/avaluacio.jpg\" alt=\"\" width=\"561\" height=\"315\" srcset=\"https:\/\/agora.xtec.cat\/zeralta\/wp-content\/uploads\/usu1021\/2024\/06\/avaluacio.jpg 512w, https:\/\/agora.xtec.cat\/zeralta\/wp-content\/uploads\/usu1021\/2024\/06\/avaluacio-300x169.jpg 300w\" sizes=\"auto, (max-width: 561px) 100vw, 561px\" \/><\/a><\/p>\n","protected":false},"excerpt":{"rendered":"<p>1. Diagnosi: Hem utilitzat l&#8217;eina Selfie i Selfie for teachers, aix\u00ed com hem realitzat enquestes a les fam\u00edlies. Un cop [&hellip;]<\/p>\n","protected":false},"author":1,"featured_media":0,"parent":3258,"menu_order":0,"comment_status":"closed","ping_status":"closed","template":"","meta":{"_bbp_topic_count":0,"_bbp_reply_count":0,"_bbp_total_topic_count":0,"_bbp_total_reply_count":0,"_bbp_voice_count":0,"_bbp_anonymous_reply_count":0,"_bbp_topic_count_hidden":0,"_bbp_reply_count_hidden":0,"_bbp_forum_subforum_count":0,"site-sidebar-layout":"default","site-content-layout":"","ast-site-content-layout":"","site-content-style":"default","site-sidebar-style":"default","ast-global-header-display":"","ast-banner-title-visibility":"","ast-main-header-display":"","ast-hfb-above-header-display":"","ast-hfb-below-header-display":"","ast-hfb-mobile-header-display":"","site-post-title":"","ast-breadcrumbs-content":"","ast-featured-img":"","footer-sml-layout":"","theme-transparent-header-meta":"","adv-header-id-meta":"","stick-header-meta":"","header-above-stick-meta":"","header-main-stick-meta":"","header-below-stick-meta":"","astra-migrate-meta-layouts":"default","ast-page-background-enabled":"default","ast-page-background-meta":{"desktop":{"background-color":"var(--ast-global-color-4)","background-image":"","background-repeat":"repeat","background-position":"center center","background-size":"auto","background-attachment":"scroll","background-type":"","background-media":"","overlay-type":"","overlay-color":"","overlay-opacity":"","overlay-gradient":""},"tablet":{"background-color":"","background-image":"","background-repeat":"repeat","background-position":"center center","background-size":"auto","background-attachment":"scroll","background-type":"","background-media":"","overlay-type":"","overlay-color":"","overlay-opacity":"","overlay-gradient":""},"mobile":{"background-color":"","background-image":"","background-repeat":"repeat","background-position":"center center","background-size":"auto","background-attachment":"scroll","background-type":"","background-media":"","overlay-type":"","overlay-color":"","overlay-opacity":"","overlay-gradient":""}},"ast-content-background-meta":{"desktop":{"background-color":"var(--ast-global-color-5)","background-image":"","background-repeat":"repeat","background-position":"center center","background-size":"auto","background-attachment":"scroll","background-type":"","background-media":"","overlay-type":"","overlay-color":"","overlay-opacity":"","overlay-gradient":""},"tablet":{"background-color":"var(--ast-global-color-5)","background-image":"","background-repeat":"repeat","background-position":"center center","background-size":"auto","background-attachment":"scroll","background-type":"","background-media":"","overlay-type":"","overlay-color":"","overlay-opacity":"","overlay-gradient":""},"mobile":{"background-color":"var(--ast-global-color-5)","background-image":"","background-repeat":"repeat","background-position":"center center","background-size":"auto","background-attachment":"scroll","background-type":"","background-media":"","overlay-type":"","overlay-color":"","overlay-opacity":"","overlay-gradient":""}},"footnotes":""},"class_list":["post-3261","page","type-page","status-publish","hentry"],"post_mailing_queue_ids":[],"_links":{"self":[{"href":"https:\/\/agora.xtec.cat\/zeralta\/wp-json\/wp\/v2\/pages\/3261","targetHints":{"allow":["GET"]}}],"collection":[{"href":"https:\/\/agora.xtec.cat\/zeralta\/wp-json\/wp\/v2\/pages"}],"about":[{"href":"https:\/\/agora.xtec.cat\/zeralta\/wp-json\/wp\/v2\/types\/page"}],"author":[{"embeddable":true,"href":"https:\/\/agora.xtec.cat\/zeralta\/wp-json\/wp\/v2\/users\/1"}],"replies":[{"embeddable":true,"href":"https:\/\/agora.xtec.cat\/zeralta\/wp-json\/wp\/v2\/comments?post=3261"}],"version-history":[{"count":4,"href":"https:\/\/agora.xtec.cat\/zeralta\/wp-json\/wp\/v2\/pages\/3261\/revisions"}],"predecessor-version":[{"id":3688,"href":"https:\/\/agora.xtec.cat\/zeralta\/wp-json\/wp\/v2\/pages\/3261\/revisions\/3688"}],"up":[{"embeddable":true,"href":"https:\/\/agora.xtec.cat\/zeralta\/wp-json\/wp\/v2\/pages\/3258"}],"wp:attachment":[{"href":"https:\/\/agora.xtec.cat\/zeralta\/wp-json\/wp\/v2\/media?parent=3261"}],"curies":[{"name":"wp","href":"https:\/\/api.w.org\/{rel}","templated":true}]}}