{"id":428,"date":"2015-06-13T08:16:06","date_gmt":"2015-06-13T07:16:06","guid":{"rendered":"http:\/\/agora.xtec.cat\/zer-solsones\/?page_id=428"},"modified":"2025-11-17T10:34:52","modified_gmt":"2025-11-17T09:34:52","slug":"alumnes-de-la-zer-2","status":"publish","type":"page","link":"https:\/\/agora.xtec.cat\/zer-solsones\/lescola\/alumnes-de-la-zer-2\/","title":{"rendered":"Alumnes de la ZER"},"content":{"rendered":"<p>A la ZER el Solson\u00e8s, som 132 infants des d&#8217;I1 fins a 6\u00e8, repartits entre 7 escoles del territori.<\/p>\n<ul>\n<li>33 infants a l&#8217;Escola d&#8217;Aiguadora<\/li>\n<li>13 a l&#8217;Escola d&#8217;Ard\u00e8vol<\/li>\n<li>14 a l&#8217;Escola de Freixinet<\/li>\n<li>11 a l&#8217;Escola de La Coma<\/li>\n<li>18 a l&#8217;Escola de Lladurs<\/li>\n<li>34 a l&#8217;Escola de Llobera<\/li>\n<li>9 a l&#8217;Escola de Sant Climen\u00e7<\/li>\n<\/ul>\n","protected":false},"excerpt":{"rendered":"<p>A la ZER el Solson\u00e8s, som 132 infants des d&#8217;I1 fins a 6\u00e8, repartits entre 7 escoles del territori. 33 infants a l&#8217;Escola d&#8217;Aiguadora 13 a l&#8217;Escola d&#8217;Ard\u00e8vol 14 a l&#8217;Escola de Freixinet 11 a l&#8217;Escola de La Coma 18 a l&#8217;Escola de Lladurs 34 a l&#8217;Escola de Llobera 9 a l&#8217;Escola de Sant Climen\u00e7<\/p>\n","protected":false},"author":1,"featured_media":0,"parent":22,"menu_order":10,"comment_status":"closed","ping_status":"closed","template":"page-templates\/side-menu.php","meta":{"_bbp_topic_count":0,"_bbp_reply_count":0,"_bbp_total_topic_count":0,"_bbp_total_reply_count":0,"_bbp_voice_count":0,"_bbp_anonymous_reply_count":0,"_bbp_topic_count_hidden":0,"_bbp_reply_count_hidden":0,"_bbp_forum_subforum_count":0,"site-sidebar-layout":"default","site-content-layout":"","ast-site-content-layout":"","site-content-style":"default","site-sidebar-style":"default","ast-global-header-display":"","ast-banner-title-visibility":"","ast-main-header-display":"","ast-hfb-above-header-display":"","ast-hfb-below-header-display":"","ast-hfb-mobile-header-display":"","site-post-title":"","ast-breadcrumbs-content":"","ast-featured-img":"","footer-sml-layout":"","theme-transparent-header-meta":"","adv-header-id-meta":"","stick-header-meta":"","header-above-stick-meta":"","header-main-stick-meta":"","header-below-stick-meta":"","astra-migrate-meta-layouts":"default","ast-page-background-enabled":"default","ast-page-background-meta":{"desktop":{"background-color":"var(--ast-global-color-4)","background-image":"","background-repeat":"repeat","background-position":"center center","background-size":"auto","background-attachment":"scroll","background-type":"","background-media":"","overlay-type":"","overlay-color":"","overlay-opacity":"","overlay-gradient":""},"tablet":{"background-color":"","background-image":"","background-repeat":"repeat","background-position":"center center","background-size":"auto","background-attachment":"scroll","background-type":"","background-media":"","overlay-type":"","overlay-color":"","overlay-opacity":"","overlay-gradient":""},"mobile":{"background-color":"","background-image":"","background-repeat":"repeat","background-position":"center center","background-size":"auto","background-attachment":"scroll","background-type":"","background-media":"","overlay-type":"","overlay-color":"","overlay-opacity":"","overlay-gradient":""}},"ast-content-background-meta":{"desktop":{"background-color":"var(--ast-global-color-5)","background-image":"","background-repeat":"repeat","background-position":"center center","background-size":"auto","background-attachment":"scroll","background-type":"","background-media":"","overlay-type":"","overlay-color":"","overlay-opacity":"","overlay-gradient":""},"tablet":{"background-color":"var(--ast-global-color-5)","background-image":"","background-repeat":"repeat","background-position":"center center","background-size":"auto","background-attachment":"scroll","background-type":"","background-media":"","overlay-type":"","overlay-color":"","overlay-opacity":"","overlay-gradient":""},"mobile":{"background-color":"var(--ast-global-color-5)","background-image":"","background-repeat":"repeat","background-position":"center center","background-size":"auto","background-attachment":"scroll","background-type":"","background-media":"","overlay-type":"","overlay-color":"","overlay-opacity":"","overlay-gradient":""}},"footnotes":""},"class_list":["post-428","page","type-page","status-publish","hentry"],"post_mailing_queue_ids":[],"_links":{"self":[{"href":"https:\/\/agora.xtec.cat\/zer-solsones\/wp-json\/wp\/v2\/pages\/428","targetHints":{"allow":["GET"]}}],"collection":[{"href":"https:\/\/agora.xtec.cat\/zer-solsones\/wp-json\/wp\/v2\/pages"}],"about":[{"href":"https:\/\/agora.xtec.cat\/zer-solsones\/wp-json\/wp\/v2\/types\/page"}],"author":[{"embeddable":true,"href":"https:\/\/agora.xtec.cat\/zer-solsones\/wp-json\/wp\/v2\/users\/1"}],"replies":[{"embeddable":true,"href":"https:\/\/agora.xtec.cat\/zer-solsones\/wp-json\/wp\/v2\/comments?post=428"}],"version-history":[{"count":7,"href":"https:\/\/agora.xtec.cat\/zer-solsones\/wp-json\/wp\/v2\/pages\/428\/revisions"}],"predecessor-version":[{"id":13005,"href":"https:\/\/agora.xtec.cat\/zer-solsones\/wp-json\/wp\/v2\/pages\/428\/revisions\/13005"}],"up":[{"embeddable":true,"href":"https:\/\/agora.xtec.cat\/zer-solsones\/wp-json\/wp\/v2\/pages\/22"}],"wp:attachment":[{"href":"https:\/\/agora.xtec.cat\/zer-solsones\/wp-json\/wp\/v2\/media?parent=428"}],"curies":[{"name":"wp","href":"https:\/\/api.w.org\/{rel}","templated":true}]}}