{"id":28,"date":"2014-09-18T12:29:35","date_gmt":"2014-09-18T12:29:35","guid":{"rendered":"http:\/\/agora.xtec.cat\/zer-solsones\/\/?page_id=28"},"modified":"2026-03-17T12:54:18","modified_gmt":"2026-03-17T11:54:18","slug":"consell-escolar","status":"publish","type":"page","link":"https:\/\/agora.xtec.cat\/zer-solsones\/lescola\/consell-escolar\/","title":{"rendered":"Consell escolar"},"content":{"rendered":"<p style=\"color: #01192f;\"><span style=\"font-family: verdana, arial, helvetica, sans-serif; font-size: medium;\">El Consell Escolar de la ZER El Solson\u00e8s est\u00e0 constitu\u00eft per:<img loading=\"lazy\" decoding=\"async\" class=\"alignright wp-image-207\" src=\"http:\/\/agora.xtec.cat\/zer-solsones\/wp-content\/uploads\/usu317\/2014\/10\/organitzacio1.jpg\" alt=\"organitzacio1\" width=\"125\" height=\"94\" \/><\/span><\/p>\n<ul style=\"color: #01192f;\">\n<li style=\"color: #000000;\"><span style=\"font-family: verdana, arial, helvetica, sans-serif; font-size: medium;\">La Directora de la ZER, que en ser\u00e0 la presidenta<\/span><\/li>\n<li style=\"color: #000000;\"><span style=\"font-family: verdana, arial, helvetica, sans-serif; font-size: medium;\">La Cap d&#8217;Estudis de la ZER<\/span><\/li>\n<li style=\"color: #000000;\"><span style=\"font-family: verdana, arial, helvetica, sans-serif; font-size: medium;\">Els directors\/es de les escoles de la ZER<\/span><\/li>\n<li><span style=\"font-family: verdana, arial, helvetica, sans-serif; font-size: medium;\">5 representants del claustre docent<\/span><\/li>\n<li style=\"color: #000000;\"><span style=\"font-family: verdana, arial, helvetica, sans-serif; font-size: medium;\">Un representant de fam\u00edlies de cada escola<\/span><\/li>\n<li style=\"color: #000000;\"><span style=\"font-family: verdana, arial, helvetica, sans-serif; font-size: medium;\">Un regidor\/a o representant dels ajuntaments de cada municipi<\/span><\/li>\n<li style=\"color: #000000;\"><span style=\"font-family: verdana, arial, helvetica, sans-serif; font-size: medium;\">La secret\u00e0ria de l&#8217;Equip Directiu, que actua de secret\u00e0ria amb veu i sense vot<\/span><br \/>\n<hr size=\"2\" width=\"100%\" \/>\n<\/li>\n<\/ul>\n<p lang=\"ca-ES\" align=\"JUSTIFY\">\n","protected":false},"excerpt":{"rendered":"<p>El Consell Escolar de la ZER El Solson\u00e8s est\u00e0 constitu\u00eft per: La Directora de la ZER, que en ser\u00e0 la presidenta La Cap d&#8217;Estudis de la ZER Els directors\/es de les escoles de la ZER 5 representants del claustre docent Un representant de fam\u00edlies de cada escola Un regidor\/a o representant dels ajuntaments de cada [&hellip;]<\/p>\n","protected":false},"author":2,"featured_media":0,"parent":22,"menu_order":7,"comment_status":"closed","ping_status":"closed","template":"","meta":{"_bbp_topic_count":0,"_bbp_reply_count":0,"_bbp_total_topic_count":0,"_bbp_total_reply_count":0,"_bbp_voice_count":0,"_bbp_anonymous_reply_count":0,"_bbp_topic_count_hidden":0,"_bbp_reply_count_hidden":0,"_bbp_forum_subforum_count":0,"site-sidebar-layout":"default","site-content-layout":"","ast-site-content-layout":"default","site-content-style":"default","site-sidebar-style":"default","ast-global-header-display":"","ast-banner-title-visibility":"","ast-main-header-display":"","ast-hfb-above-header-display":"","ast-hfb-below-header-display":"","ast-hfb-mobile-header-display":"","site-post-title":"","ast-breadcrumbs-content":"","ast-featured-img":"","footer-sml-layout":"","theme-transparent-header-meta":"","adv-header-id-meta":"","stick-header-meta":"","header-above-stick-meta":"","header-main-stick-meta":"","header-below-stick-meta":"","astra-migrate-meta-layouts":"set","ast-page-background-enabled":"default","ast-page-background-meta":{"desktop":{"background-color":"var(--ast-global-color-4)","background-image":"","background-repeat":"repeat","background-position":"center center","background-size":"auto","background-attachment":"scroll","background-type":"","background-media":"","overlay-type":"","overlay-color":"","overlay-opacity":"","overlay-gradient":""},"tablet":{"background-color":"","background-image":"","background-repeat":"repeat","background-position":"center center","background-size":"auto","background-attachment":"scroll","background-type":"","background-media":"","overlay-type":"","overlay-color":"","overlay-opacity":"","overlay-gradient":""},"mobile":{"background-color":"","background-image":"","background-repeat":"repeat","background-position":"center center","background-size":"auto","background-attachment":"scroll","background-type":"","background-media":"","overlay-type":"","overlay-color":"","overlay-opacity":"","overlay-gradient":""}},"ast-content-background-meta":{"desktop":{"background-color":"var(--ast-global-color-5)","background-image":"","background-repeat":"repeat","background-position":"center center","background-size":"auto","background-attachment":"scroll","background-type":"","background-media":"","overlay-type":"","overlay-color":"","overlay-opacity":"","overlay-gradient":""},"tablet":{"background-color":"var(--ast-global-color-5)","background-image":"","background-repeat":"repeat","background-position":"center center","background-size":"auto","background-attachment":"scroll","background-type":"","background-media":"","overlay-type":"","overlay-color":"","overlay-opacity":"","overlay-gradient":""},"mobile":{"background-color":"var(--ast-global-color-5)","background-image":"","background-repeat":"repeat","background-position":"center center","background-size":"auto","background-attachment":"scroll","background-type":"","background-media":"","overlay-type":"","overlay-color":"","overlay-opacity":"","overlay-gradient":""}},"footnotes":""},"class_list":["post-28","page","type-page","status-publish","hentry"],"post_mailing_queue_ids":[],"_links":{"self":[{"href":"https:\/\/agora.xtec.cat\/zer-solsones\/wp-json\/wp\/v2\/pages\/28","targetHints":{"allow":["GET"]}}],"collection":[{"href":"https:\/\/agora.xtec.cat\/zer-solsones\/wp-json\/wp\/v2\/pages"}],"about":[{"href":"https:\/\/agora.xtec.cat\/zer-solsones\/wp-json\/wp\/v2\/types\/page"}],"author":[{"embeddable":true,"href":"https:\/\/agora.xtec.cat\/zer-solsones\/wp-json\/wp\/v2\/users\/2"}],"replies":[{"embeddable":true,"href":"https:\/\/agora.xtec.cat\/zer-solsones\/wp-json\/wp\/v2\/comments?post=28"}],"version-history":[{"count":6,"href":"https:\/\/agora.xtec.cat\/zer-solsones\/wp-json\/wp\/v2\/pages\/28\/revisions"}],"predecessor-version":[{"id":13371,"href":"https:\/\/agora.xtec.cat\/zer-solsones\/wp-json\/wp\/v2\/pages\/28\/revisions\/13371"}],"up":[{"embeddable":true,"href":"https:\/\/agora.xtec.cat\/zer-solsones\/wp-json\/wp\/v2\/pages\/22"}],"wp:attachment":[{"href":"https:\/\/agora.xtec.cat\/zer-solsones\/wp-json\/wp\/v2\/media?parent=28"}],"curies":[{"name":"wp","href":"https:\/\/api.w.org\/{rel}","templated":true}]}}