{"id":26,"date":"2014-09-18T12:24:32","date_gmt":"2014-09-18T12:24:32","guid":{"rendered":"http:\/\/agora.xtec.cat\/zer-solsones\/\/?page_id=26"},"modified":"2026-03-17T12:53:15","modified_gmt":"2026-03-17T11:53:15","slug":"historia","status":"publish","type":"page","link":"https:\/\/agora.xtec.cat\/zer-solsones\/lescola\/historia\/","title":{"rendered":"Hist\u00f2ria"},"content":{"rendered":"<p align=\"justify\"><span class=\"Estilo7\"><img loading=\"lazy\" decoding=\"async\" class=\"alignright wp-image-207\" src=\"http:\/\/agora.xtec.cat\/zer-solsones\/wp-content\/uploads\/usu317\/2014\/10\/organitzacio1.jpg\" alt=\"organitzacio1\" width=\"125\" height=\"94\" \/><\/span>La Zona Escolar Rural del Solson\u00e8s est\u00e0 formada per set escoles: Aiguadora de Nav\u00e8s, La Coma, Lladurs, Ard\u00e8vol, Freixinet, Llobera i St. Climen\u00e7.<\/p>\n<p align=\"justify\">Totes les escoles formen part de la comarca del Solson\u00e8s.<\/p>\n<p align=\"justify\">Aquestes escoles estan integrades a la ZER des del 1989, llevat de La Coma que s\u2019hi va integrar el curs 1992-93, \u00e9ssent aix\u00ed una de les quinze primeres ZERs constitu\u00efdes de Catalunya.<\/p>\n<p align=\"justify\">La seu administrativa de la ZER i el lloc de trobada habitual del claustre \u00e9s als SE del Solson\u00e8s, a Solsona.<\/p>\n<p align=\"justify\">El Solson\u00e8s \u00e9s una comarca amb grans difer\u00e8ncies geogr\u00e0fiques internes. Aix\u00ed podem parlar de la part nord com una zona muntanyenca pertanyent al Pre-Pirineu, i una part sud molt m\u00e9s plana.<\/p>\n<p align=\"justify\">Totes les escoles estan situades en un \u00e0mbit rural, caracteritzat majorit\u00e0riament per un medi de cases a\u00efllades, amb una demografia en retroc\u00e9s i una majoria de fam\u00edlies dedicades exclusivament o en part a l\u2019agricultura i la ramaderia. La major part de serveis estan ubicats a la capital de comarca.<\/p>\n","protected":false},"excerpt":{"rendered":"<p>La Zona Escolar Rural del Solson\u00e8s est\u00e0 formada per set escoles: Aiguadora de Nav\u00e8s, La Coma, Lladurs, Ard\u00e8vol, Freixinet, Llobera i St. Climen\u00e7. Totes les escoles formen part de la comarca del Solson\u00e8s. Aquestes escoles estan integrades a la ZER des del 1989, llevat de La Coma que s\u2019hi va integrar el curs 1992-93, \u00e9ssent [&hellip;]<\/p>\n","protected":false},"author":2,"featured_media":0,"parent":22,"menu_order":2,"comment_status":"closed","ping_status":"closed","template":"","meta":{"_bbp_topic_count":0,"_bbp_reply_count":0,"_bbp_total_topic_count":0,"_bbp_total_reply_count":0,"_bbp_voice_count":0,"_bbp_anonymous_reply_count":0,"_bbp_topic_count_hidden":0,"_bbp_reply_count_hidden":0,"_bbp_forum_subforum_count":0,"site-sidebar-layout":"default","site-content-layout":"","ast-site-content-layout":"default","site-content-style":"default","site-sidebar-style":"default","ast-global-header-display":"","ast-banner-title-visibility":"","ast-main-header-display":"","ast-hfb-above-header-display":"","ast-hfb-below-header-display":"","ast-hfb-mobile-header-display":"","site-post-title":"","ast-breadcrumbs-content":"","ast-featured-img":"","footer-sml-layout":"","theme-transparent-header-meta":"","adv-header-id-meta":"","stick-header-meta":"","header-above-stick-meta":"","header-main-stick-meta":"","header-below-stick-meta":"","astra-migrate-meta-layouts":"set","ast-page-background-enabled":"default","ast-page-background-meta":{"desktop":{"background-color":"var(--ast-global-color-4)","background-image":"","background-repeat":"repeat","background-position":"center center","background-size":"auto","background-attachment":"scroll","background-type":"","background-media":"","overlay-type":"","overlay-color":"","overlay-opacity":"","overlay-gradient":""},"tablet":{"background-color":"","background-image":"","background-repeat":"repeat","background-position":"center center","background-size":"auto","background-attachment":"scroll","background-type":"","background-media":"","overlay-type":"","overlay-color":"","overlay-opacity":"","overlay-gradient":""},"mobile":{"background-color":"","background-image":"","background-repeat":"repeat","background-position":"center center","background-size":"auto","background-attachment":"scroll","background-type":"","background-media":"","overlay-type":"","overlay-color":"","overlay-opacity":"","overlay-gradient":""}},"ast-content-background-meta":{"desktop":{"background-color":"var(--ast-global-color-5)","background-image":"","background-repeat":"repeat","background-position":"center center","background-size":"auto","background-attachment":"scroll","background-type":"","background-media":"","overlay-type":"","overlay-color":"","overlay-opacity":"","overlay-gradient":""},"tablet":{"background-color":"var(--ast-global-color-5)","background-image":"","background-repeat":"repeat","background-position":"center center","background-size":"auto","background-attachment":"scroll","background-type":"","background-media":"","overlay-type":"","overlay-color":"","overlay-opacity":"","overlay-gradient":""},"mobile":{"background-color":"var(--ast-global-color-5)","background-image":"","background-repeat":"repeat","background-position":"center center","background-size":"auto","background-attachment":"scroll","background-type":"","background-media":"","overlay-type":"","overlay-color":"","overlay-opacity":"","overlay-gradient":""}},"footnotes":""},"class_list":["post-26","page","type-page","status-publish","hentry"],"post_mailing_queue_ids":[],"_links":{"self":[{"href":"https:\/\/agora.xtec.cat\/zer-solsones\/wp-json\/wp\/v2\/pages\/26","targetHints":{"allow":["GET"]}}],"collection":[{"href":"https:\/\/agora.xtec.cat\/zer-solsones\/wp-json\/wp\/v2\/pages"}],"about":[{"href":"https:\/\/agora.xtec.cat\/zer-solsones\/wp-json\/wp\/v2\/types\/page"}],"author":[{"embeddable":true,"href":"https:\/\/agora.xtec.cat\/zer-solsones\/wp-json\/wp\/v2\/users\/2"}],"replies":[{"embeddable":true,"href":"https:\/\/agora.xtec.cat\/zer-solsones\/wp-json\/wp\/v2\/comments?post=26"}],"version-history":[{"count":4,"href":"https:\/\/agora.xtec.cat\/zer-solsones\/wp-json\/wp\/v2\/pages\/26\/revisions"}],"predecessor-version":[{"id":13370,"href":"https:\/\/agora.xtec.cat\/zer-solsones\/wp-json\/wp\/v2\/pages\/26\/revisions\/13370"}],"up":[{"embeddable":true,"href":"https:\/\/agora.xtec.cat\/zer-solsones\/wp-json\/wp\/v2\/pages\/22"}],"wp:attachment":[{"href":"https:\/\/agora.xtec.cat\/zer-solsones\/wp-json\/wp\/v2\/media?parent=26"}],"curies":[{"name":"wp","href":"https:\/\/api.w.org\/{rel}","templated":true}]}}